{"id":9132,"date":"2024-08-21T10:53:56","date_gmt":"2024-08-21T10:53:56","guid":{"rendered":"https:\/\/aiviouvapes.com\/?page_id=9132"},"modified":"2024-12-03T13:01:14","modified_gmt":"2024-12-03T05:01:14","slug":"buy-vapes-in-netherlands-with-ideal","status":"publish","type":"page","link":"https:\/\/aiviouvapes.com\/fr\/buy-vapes-in-netherlands-with-ideal\/","title":{"rendered":"Acheter des Vapes aux Pays-Bas avec iDEAL"},"content":{"rendered":"<p><strong>iDEAL : le moyen de paiement privil\u00e9gi\u00e9 aux Pays-Bas pour des transactions s\u00fbres et rapides<\/strong><\/p>\n<p>iDEAL est un mode de paiement en ligne tr\u00e8s populaire aux Pays-Bas, qui permet aux consommateurs d&#039;effectuer des paiements s\u00e9curis\u00e9s et en temps r\u00e9el directement via leur propre banque. Parfaitement int\u00e9gr\u00e9 \u00e0 l&#039;environnement bancaire en ligne des banques n\u00e9erlandaises, iDEAL offre une exp\u00e9rience simplifi\u00e9e, transf\u00e9rant des fonds du compte du consommateur vers celui du commer\u00e7ant en toute simplicit\u00e9. Voici un aper\u00e7u de ce qui rend iDEAL si efficace :<\/p>\n<ol>\n<li><strong>Facilit\u00e9 d'utilisation<\/strong>:Les paiements sont effectu\u00e9s via l&#039;application bancaire mobile ou le site bancaire en ligne de la banque du consommateur, ce qui en fait un processus familier et simple.<\/li>\n<li><strong>Confirmation en temps r\u00e9el<\/strong>:Les consommateurs re\u00e7oivent une confirmation de paiement imm\u00e9diate, ce qui renforce la confiance et acc\u00e9l\u00e8re les d\u00e9lais de transaction.<\/li>\n<li><strong>Paiements irr\u00e9vocables<\/strong>:Une fois qu&#039;une transaction iDEAL est approuv\u00e9e, elle ne peut pas \u00eatre annul\u00e9e, ce qui garantit que les fonds sont transf\u00e9r\u00e9s en toute s\u00e9curit\u00e9 et trait\u00e9s instantan\u00e9ment.<\/li>\n<li><strong>Polyvalence<\/strong>:iDEAL prend en charge divers sc\u00e9narios de paiement, notamment les paiements directs en ligne, les paiements via des liens dans des e-mails ou des messages, et m\u00eame les transactions via les codes QR iDEAL pour les environnements physiques et num\u00e9riques.<\/li>\n<\/ol>\n<p>Gr\u00e2ce \u00e0 son infrastructure s\u00e9curis\u00e9e et \u00e0 sa commodit\u00e9, iDEAL est devenu le moyen de paiement le plus fiable pour les consommateurs n\u00e9erlandais, soutenu par les principales banques de consommation du pays.<\/p>\n<hr \/>\n<h2>Avantages de l&#039;utilisation d&#039;iDEAL pour acheter des vapes jetables chez AiviouVapes<\/h2>\n<p>L&#039;achat de vapes jetables aux Pays-Bas avec iDEAL pr\u00e9sente plusieurs avantages, am\u00e9liorant \u00e0 la fois la s\u00e9curit\u00e9 et la commodit\u00e9 pour nos clients :<\/p>\n<ol>\n<li><strong>S\u00e9curit\u00e9 renforc\u00e9e<\/strong>:iDEAL utilise les normes de s\u00e9curit\u00e9 \u00e9lev\u00e9es des services bancaires sur Internet et mobiles, garantissant que votre transaction est prot\u00e9g\u00e9e contre la fraude et les acc\u00e8s non autoris\u00e9s.<\/li>\n<li><strong>Commodit\u00e9<\/strong>:iDEAL permet des virements bancaires directs, \u00e9liminant ainsi le recours aux cartes de cr\u00e9dit ou aux services de paiement tiers. Il suffit d&#039;acc\u00e9der \u00e0 votre banque en ligne.<\/li>\n<li><strong>Traitement imm\u00e9diat<\/strong>:Les paiements sont trait\u00e9s instantan\u00e9ment, il n&#039;y a donc aucun d\u00e9lai d&#039;attente pour que les fonds soient d\u00e9bloqu\u00e9s. Cela signifie que vos produits de vapotage sont rapidement pr\u00e9par\u00e9s pour l&#039;exp\u00e9dition.<\/li>\n<li><strong>Acceptation g\u00e9n\u00e9ralis\u00e9e<\/strong>:iDEAL est accept\u00e9 par la plupart des plateformes de commerce \u00e9lectronique n\u00e9erlandaises, y compris AiviouVapes, ce qui en fait un mode de paiement universellement reconnu aux Pays-Bas.<\/li>\n<\/ol>\n<hr \/>\n<h3>Guide \u00e9tape par \u00e9tape pour acheter des vapes jetables avec iDEAL<\/h3>\n<p><strong>Comment finaliser votre achat avec iDEAL\u00a0:<\/strong><\/p>\n<ol>\n<li><strong>Choisissez vos produits<\/strong>: Parcourez notre large s\u00e9lection de vapes jetables et s\u00e9lectionnez les articles que vous souhaitez acheter.<\/li>\n<li><strong>Acc\u00e9der \u00e0 la caisse<\/strong>:Apr\u00e8s avoir finalis\u00e9 vos s\u00e9lections, passez \u00e0 la page de paiement.<\/li>\n<li><strong>S\u00e9lectionnez iDEAL comme mode de paiement<\/strong>:Sur la page des options de paiement, choisissez iDEAL.<\/li>\n<li><strong>S\u00e9lectionnez votre banque<\/strong>:Vous serez redirig\u00e9 vers le portail de paiement iDEAL, o\u00f9 vous pourrez choisir votre banque dans la liste des banques n\u00e9erlandaises participantes.<\/li>\n<li><strong>Compl\u00e9ter le paiement<\/strong>:Vous serez redirig\u00e9 vers l&#039;environnement bancaire en ligne de votre banque. Connectez-vous, confirmez le paiement et le montant sera d\u00e9bit\u00e9 directement de votre compte avec confirmation instantan\u00e9e.<\/li>\n<li><strong>Confirmation de commande<\/strong>:Une fois le paiement effectu\u00e9, vous recevrez une confirmation de commande de la part d&#039;AiviouVapes, et vos vapes jetables seront pr\u00e9par\u00e9es pour l&#039;exp\u00e9dition.<\/li>\n<\/ol>\n<p>En choisissant iDEAL, vous optez pour une exp\u00e9rience de transaction s\u00e9curis\u00e9e, fiable et efficace.<\/p>\n<hr \/>\n<h3>Pourquoi acheter vos vapes chez AiviouVapes ?<\/h3>\n<p>Chez AiviouVapes, nous nous engageons \u00e0 offrir des produits de haute qualit\u00e9 et une exp\u00e9rience d&#039;achat fluide. Voici pourquoi nous sommes le premier choix pour les achats de vape aux Pays-Bas\u00a0:<\/p>\n<ul>\n<li><strong>S\u00e9lection \u00e9tendue<\/strong>:Nous proposons une gamme diversifi\u00e9e de vapes jetables haut de gamme pour tous les go\u00fbts.<\/li>\n<li><strong>Traitement s\u00e9curis\u00e9 des paiements<\/strong>:Notre int\u00e9gration avec iDEAL garantit que vos informations de paiement sont s\u00e9curis\u00e9es et prot\u00e9g\u00e9es.<\/li>\n<li><strong>Assistance client exceptionnelle<\/strong>:Notre \u00e9quipe d&#039;assistance amicale est l\u00e0 pour vous aider \u00e0 r\u00e9pondre \u00e0 toutes vos questions ou pr\u00e9occupations tout au long de votre exp\u00e9rience d&#039;achat.<\/li>\n<li><strong>Informations transparentes<\/strong>:Nous fournissons des d\u00e9tails clairs sur les m\u00e9thodes de paiement, l&#039;exp\u00e9dition et les taxes, afin que vous ayez tout ce dont vous avez besoin pour un achat \u00e9clair\u00e9.<\/li>\n<\/ul>\n<p>D\u00e9couvrez notre collection et profitez de la commodit\u00e9 d&#039;acheter vos vapes jetables pr\u00e9f\u00e9r\u00e9es avec iDEAL, le mode de paiement de confiance aux Pays-Bas.<\/p>\n<p>D\u00e9couvrez les vapes ici :<\/p>\n<p><a href=\"https:\/\/aiviouvapes.com\/fr\/shop\/\">https:\/\/aiviouvapes.com\/shop\/<\/a><\/p>","protected":false},"excerpt":{"rendered":"<p>iDEAL: The Preferred Payment Method in the Netherlands for Secure and Quick Transactions iDEAL is a highly popular online payment method in the Netherlands, allowing consumers to make secure, real-time payments directly through their own bank. Seamlessly integrated with the online banking environment of Dutch banks, iDEAL offers a streamlined experience, transferring funds from the [&#8230;]\n","protected":false},"author":1,"featured_media":0,"parent":0,"menu_order":0,"comment_status":"closed","ping_status":"closed","template":"page-blank-title-center.php","meta":{"footnotes":""},"class_list":["post-9132","page","type-page","status-publish","hentry"],"jetpack_sharing_enabled":true,"_links":{"self":[{"href":"https:\/\/aiviouvapes.com\/fr\/wp-json\/wp\/v2\/pages\/9132","targetHints":{"allow":["GET"]}}],"collection":[{"href":"https:\/\/aiviouvapes.com\/fr\/wp-json\/wp\/v2\/pages"}],"about":[{"href":"https:\/\/aiviouvapes.com\/fr\/wp-json\/wp\/v2\/types\/page"}],"author":[{"embeddable":true,"href":"https:\/\/aiviouvapes.com\/fr\/wp-json\/wp\/v2\/users\/1"}],"replies":[{"embeddable":true,"href":"https:\/\/aiviouvapes.com\/fr\/wp-json\/wp\/v2\/comments?post=9132"}],"version-history":[{"count":0,"href":"https:\/\/aiviouvapes.com\/fr\/wp-json\/wp\/v2\/pages\/9132\/revisions"}],"wp:attachment":[{"href":"https:\/\/aiviouvapes.com\/fr\/wp-json\/wp\/v2\/media?parent=9132"}],"curies":[{"name":"wp","href":"https:\/\/api.w.org\/{rel}","templated":true}]}}