{"id":9129,"date":"2024-08-21T10:53:20","date_gmt":"2024-08-21T10:53:20","guid":{"rendered":"https:\/\/aiviouvapes.com\/?page_id=9129"},"modified":"2024-12-18T18:35:29","modified_gmt":"2024-12-18T10:35:29","slug":"buy-vapes-with-credit-card","status":"publish","type":"page","link":"https:\/\/aiviouvapes.com\/fr\/buy-vapes-with-credit-card\/","title":{"rendered":"Acheter des vapes avec une carte de cr\u00e9dit"},"content":{"rendered":"<p>Bienvenue chez Aiviou Vape, votre destination de confiance pour des produits de vapotage de qualit\u00e9 sup\u00e9rieure. Nous sommes heureux d'annoncer que nous acceptons d\u00e9sormais les paiements par carte de cr\u00e9dit, ce qui rend plus facile que jamais l'achat de tous vos produits essentiels pour le vapotage !<\/p>\n<p><strong>Transactions s\u00e9curis\u00e9es :<\/strong> Faites vos achats en toute tranquillit\u00e9 : notre site utilise la technologie de paiement avanc\u00e9e 3D Secure pour prot\u00e9ger vos informations. Nous nous engageons \u00e0 prot\u00e9ger votre vie priv\u00e9e, en veillant \u00e0 ce que chaque transaction soit enti\u00e8rement s\u00e9curis\u00e9e.<\/p>\n<p><strong>Options de paiement :<\/strong> Nous acceptons un large \u00e9ventail de cartes de cr\u00e9dit, notamment Visa, MasterCard et Maestro, ce qui permet \u00e0 nos clients de passer rapidement et facilement \u00e0 la caisse.<\/p>\n<p><strong>Informations importantes :<\/strong> Veuillez noter qu'en raison de la r\u00e9glementation de l'UE en mati\u00e8re de TVA, les paiements par carte de cr\u00e9dit incluront un suppl\u00e9ment de 20% de TVA. En outre, pour se conformer \u00e0 cette r\u00e9glementation, la valeur totale d'une commande pay\u00e9e par carte de cr\u00e9dit ne doit pas d\u00e9passer $600 USD ou \u20ac600 EUR.<\/p>\n<p><strong>Autres m\u00e9thodes de paiement :<\/strong> Si vous souhaitez \u00e9viter les frais de TVA ou les limitations de commande pour les paiements par carte de cr\u00e9dit, nous vous recommandons d'envisager les virements SEPA, les virements IBAN ou les paiements en crypto-monnaies. Ces options offrent une plus grande flexibilit\u00e9, en particulier pour les transactions plus importantes.<\/p>\n<p>Chez AiviouVape, nous nous effor\u00e7ons d'offrir \u00e0 tous nos clients une exp\u00e9rience d'achat fluide et s\u00e9curis\u00e9e. Parcourez notre vaste gamme de produits de vapotage et achetez en toute confiance !<\/p>\n<p>Si vous avez des questions ou si vous avez besoin d'aide, notre \u00e9quipe du service client\u00e8le est l\u00e0 pour vous aider. N'h\u00e9sitez pas \u00e0 nous contacter !<\/p>\n<p><img data-recalc-dims=\"1\" loading=\"lazy\" decoding=\"async\" title=\"Acheter des vapes avec une carte de cr\u00e9dit\" class=\"alignnone wp-image-9208 size-full\" src=\"https:\/\/i0.wp.com\/aiviouvapes.com\/wp-content\/uploads\/2024\/08\/card.jpeg?resize=272%2C185&#038;ssl=1\" alt=\"Acheter des vapes avec une carte de cr\u00e9dit\" width=\"272\" height=\"185\" srcset=\"https:\/\/i0.wp.com\/aiviouvapes.com\/wp-content\/uploads\/2024\/08\/card.jpeg?w=272&amp;ssl=1 272w, https:\/\/i0.wp.com\/aiviouvapes.com\/wp-content\/uploads\/2024\/08\/card.jpeg?resize=18%2C12&amp;ssl=1 18w\" sizes=\"auto, (max-width: 272px) 100vw, 272px\" \/><\/p>\n<div class=\"row align-middle\"  id=\"row-173355868\">\n\n\t<div id=\"col-1434025551\" class=\"col small-12 large-12\"  >\n\t\t\t\t<div class=\"col-inner text-center\"  >\n\t\t\t\n\t\t\t\n<a href=\"https:\/\/aiviouvapes.com\/fr\/shop\/\" class=\"button primary is-shade is-larger box-shadow-4 box-shadow-5-hover\" style=\"border-radius:10px;\">\n\t\t<span>Achetez maintenant<\/span>\n\t<\/a>\n\n\t\t<\/div>\n\t\t\t\t\n<style>\n#col-1434025551 > .col-inner {\n  padding: 20px 0px 0px 0px;\n}\n<\/style>\n\t<\/div>\n\n\t\n<\/div>","protected":false},"excerpt":{"rendered":"<p>Welcome to Aiviou Vape, your trusted destination for top-quality vaping products. We\u2019re pleased to announce that we now accept credit card payments, making it easier than ever to shop for all your vaping essentials! Secure Transactions: Shop with peace of mind\u2014our site uses advanced 3D Secure payment technology to protect your information. We are committed [&#8230;]\n","protected":false},"author":1,"featured_media":0,"parent":0,"menu_order":0,"comment_status":"closed","ping_status":"closed","template":"page-blank-title-center.php","meta":{"footnotes":""},"class_list":["post-9129","page","type-page","status-publish","hentry"],"jetpack_sharing_enabled":true,"_links":{"self":[{"href":"https:\/\/aiviouvapes.com\/fr\/wp-json\/wp\/v2\/pages\/9129","targetHints":{"allow":["GET"]}}],"collection":[{"href":"https:\/\/aiviouvapes.com\/fr\/wp-json\/wp\/v2\/pages"}],"about":[{"href":"https:\/\/aiviouvapes.com\/fr\/wp-json\/wp\/v2\/types\/page"}],"author":[{"embeddable":true,"href":"https:\/\/aiviouvapes.com\/fr\/wp-json\/wp\/v2\/users\/1"}],"replies":[{"embeddable":true,"href":"https:\/\/aiviouvapes.com\/fr\/wp-json\/wp\/v2\/comments?post=9129"}],"version-history":[{"count":0,"href":"https:\/\/aiviouvapes.com\/fr\/wp-json\/wp\/v2\/pages\/9129\/revisions"}],"wp:attachment":[{"href":"https:\/\/aiviouvapes.com\/fr\/wp-json\/wp\/v2\/media?parent=9129"}],"curies":[{"name":"wp","href":"https:\/\/api.w.org\/{rel}","templated":true}]}}