{"id":9127,"date":"2024-08-21T10:52:51","date_gmt":"2024-08-21T10:52:51","guid":{"rendered":"https:\/\/aiviouvapes.com\/?page_id=9127"},"modified":"2024-12-18T18:35:26","modified_gmt":"2024-12-18T10:35:26","slug":"buy-vapes-with-sepa-qr-code","status":"publish","type":"page","link":"https:\/\/aiviouvapes.com\/fr\/buy-vapes-with-sepa-qr-code\/","title":{"rendered":"Acheter des vapes avec le code QR SEPA"},"content":{"rendered":"<h2>Comment utiliser un code QR SEPA pour payer avec votre application bancaire les achats de produits de vapotage ?<\/h2>\n<p>Payer avec un code QR SEPA est un moyen rapide et pratique de transf\u00e9rer des fonds au sein de l'espace unique de paiement en euros (SEPA). Voici un guide \u00e9tape par \u00e9tape pour vous aider \u00e0 utiliser l'application de votre banque afin de scanner et d'effectuer des paiements via un code QR SEPA.<\/p>\n<h3>Guide \u00e9tape par \u00e9tape<\/h3>\n<ol>\n<li><strong>Ouvrez votre application bancaire<\/strong>\n<ul>\n<li>Ouvrez votre application de banque mobile sur votre smartphone et assurez-vous d'\u00eatre connect\u00e9 \u00e0 votre compte.<\/li>\n<\/ul>\n<\/li>\n<li><strong>Acc\u00e9der \u00e0 la section des transferts ou des paiements<\/strong>\n<ul>\n<li>Trouvez la section permettant d'effectuer des paiements ou des transferts - elle peut \u00eatre intitul\u00e9e \"Transfert\", \"Paiements\" ou autre.<\/li>\n<\/ul>\n<\/li>\n<li><strong>Localiser le scanner de code QR<\/strong>\n<ul>\n<li>Dans la section paiement, trouvez l'option scanner de code QR, souvent affich\u00e9e sous la forme d'un appareil photo ou d'une ic\u00f4ne de code QR.<\/li>\n<li>Certaines applications bancaires disposent \u00e9galement d'un bouton \"Scan\" facilement accessible sur l'\u00e9cran d'accueil ou dans la section des paiements pour un acc\u00e8s rapide.<\/li>\n<\/ul>\n<\/li>\n<li><strong>Scanner le code QR SEPA<\/strong>\n<ul>\n<li>Placez l'appareil photo de votre t\u00e9l\u00e9phone devant le code QR SEPA figurant sur la facture ou la page de paiement.<\/li>\n<li>Alignez le code QR dans le cadre pour capturer les d\u00e9tails avec pr\u00e9cision.<\/li>\n<\/ul>\n<\/li>\n<li><strong>V\u00e9rifier les d\u00e9tails du paiement<\/strong>\n<ul>\n<li>Apr\u00e8s avoir \u00e9t\u00e9 scann\u00e9e, l'application remplit automatiquement le formulaire de paiement avec les d\u00e9tails du code QR.<\/li>\n<li>Il comprend des informations essentielles telles que le num\u00e9ro IBAN et le nom du destinataire, ce qui r\u00e9duit le risque d'erreurs.<\/li>\n<\/ul>\n<\/li>\n<li><strong>Confirmer le paiement<\/strong>\n<ul>\n<li>V\u00e9rifier l'exactitude des d\u00e9tails.<\/li>\n<li>S\u00e9lectionnez le compte ou la carte que vous souhaitez utiliser pour cette transaction.<\/li>\n<li>Confirmez le paiement en suivant les \u00e9tapes d'authentification de l'application, par exemple en saisissant votre code PIN, votre empreinte digitale ou votre reconnaissance faciale.<\/li>\n<\/ul>\n<\/li>\n<\/ol>\n<p><img data-recalc-dims=\"1\" loading=\"lazy\" decoding=\"async\" title=\"Acheter des vapes avec le code QR SEPA\" class=\"alignnone wp-image-9198 size-full\" src=\"https:\/\/i0.wp.com\/aiviouvapes.com\/wp-content\/uploads\/2024\/08\/qr-code-payment-online-shopping-260nw-704697319-e1724305335194.webp?resize=390%2C260&#038;ssl=1\" alt=\"Acheter des vapes avec le code QR SEPA\" width=\"390\" height=\"260\" srcset=\"https:\/\/i0.wp.com\/aiviouvapes.com\/wp-content\/uploads\/2024\/08\/qr-code-payment-online-shopping-260nw-704697319-e1724305335194.webp?w=390&amp;ssl=1 390w, https:\/\/i0.wp.com\/aiviouvapes.com\/wp-content\/uploads\/2024\/08\/qr-code-payment-online-shopping-260nw-704697319-e1724305335194.webp?resize=300%2C200&amp;ssl=1 300w, https:\/\/i0.wp.com\/aiviouvapes.com\/wp-content\/uploads\/2024\/08\/qr-code-payment-online-shopping-260nw-704697319-e1724305335194.webp?resize=18%2C12&amp;ssl=1 18w\" sizes=\"auto, (max-width: 390px) 100vw, 390px\" \/><\/p>\n<h3>Conseils suppl\u00e9mentaires<\/h3>\n<ul>\n<li><strong>Utilisation d'images de codes QR<\/strong>\n<ul>\n<li>Si vous recevez un code QR sous forme d'image (par exemple, par courrier \u00e9lectronique), certaines applications bancaires vous permettent de t\u00e9l\u00e9charger l'image au lieu de la scanner directement. V\u00e9rifiez si l'option \"T\u00e9l\u00e9charger\" est disponible dans la fonction de num\u00e9risation du code QR.<\/li>\n<\/ul>\n<\/li>\n<li><strong>Mesures de s\u00e9curit\u00e9<\/strong>\n<ul>\n<li>Assurez-vous que votre application bancaire est \u00e0 jour et utilisez une connexion Internet s\u00e9curis\u00e9e pour \u00e9viter toute fraude potentielle.<\/li>\n<\/ul>\n<\/li>\n<\/ul>\n<h3>Avantages de l'utilisation des codes QR SEPA<\/h3>\n<ul>\n<li><strong>Vitesse :<\/strong> Les codes QR simplifient le processus de paiement, en minimisant les erreurs de saisie des donn\u00e9es.<\/li>\n<li><strong>Facilit\u00e9 d'utilisation :<\/strong> Effectuez rapidement des paiements pour des biens, des services, des factures ou d'autres transferts par simple balayage.<\/li>\n<li><strong>Multi-fonctionnalit\u00e9 :<\/strong> Les codes QR SEPA permettent d'effectuer un large \u00e9ventail de transactions, du paiement des factures de services publics \u00e0 celui des frais administratifs.<\/li>\n<\/ul>\n<h3>Pour conclure<\/h3>\n<p>En suivant ces \u00e9tapes, l'utilisation des codes QR SEPA avec votre application bancaire est simple et efficace. Cette m\u00e9thode de paiement vous permet non seulement de gagner du temps, mais aussi d'am\u00e9liorer la s\u00e9curit\u00e9 et la pr\u00e9cision des transactions. Profitez de l'exp\u00e9rience transparente des paiements s\u00e9curis\u00e9s dans le cadre du SEPA.<\/p>\n<p>Pour obtenir la liste des banques europ\u00e9ennes qui acceptent les paiements par code QR dans le cadre du SEPA, consultez le site web du Conseil europ\u00e9en des paiements.<\/p>\n<p><strong>AiviouVapes propose d\u00e9sormais le paiement par code QR SEPA, offrant un nouveau niveau de commodit\u00e9 aux clients qui ach\u00e8tent des vapes jetables.<\/strong><\/p>\n<div class=\"row align-middle\"  id=\"row-1579134449\">\n\n\t<div id=\"col-1599166226\" class=\"col small-12 large-12\"  >\n\t\t\t\t<div class=\"col-inner text-center\"  >\n\t\t\t\n\t\t\t\n<a href=\"https:\/\/aiviouvapes.com\/fr\/shop\/\" class=\"button primary is-shade is-larger box-shadow-4 box-shadow-5-hover\" style=\"border-radius:10px;\">\n\t\t<span>Achetez maintenant<\/span>\n\t<\/a>\n\n\t\t<\/div>\n\t\t\t\t\n<style>\n#col-1599166226 > .col-inner {\n  padding: 20px 0px 0px 0px;\n}\n<\/style>\n\t<\/div>\n\n\t\n<\/div>","protected":false},"excerpt":{"rendered":"<p>How to Use a SEPA QR Code to Pay with Your Banking App for Vape Purchases Paying with a SEPA QR code is a fast and convenient way to transfer funds within the Single Euro Payments Area (SEPA). Here\u2019s a step-by-step guide to help you use your bank app to scan and make payments via [&#8230;]\n","protected":false},"author":1,"featured_media":0,"parent":0,"menu_order":0,"comment_status":"closed","ping_status":"closed","template":"page-blank-title-center.php","meta":{"footnotes":""},"class_list":["post-9127","page","type-page","status-publish","hentry"],"jetpack_sharing_enabled":true,"_links":{"self":[{"href":"https:\/\/aiviouvapes.com\/fr\/wp-json\/wp\/v2\/pages\/9127","targetHints":{"allow":["GET"]}}],"collection":[{"href":"https:\/\/aiviouvapes.com\/fr\/wp-json\/wp\/v2\/pages"}],"about":[{"href":"https:\/\/aiviouvapes.com\/fr\/wp-json\/wp\/v2\/types\/page"}],"author":[{"embeddable":true,"href":"https:\/\/aiviouvapes.com\/fr\/wp-json\/wp\/v2\/users\/1"}],"replies":[{"embeddable":true,"href":"https:\/\/aiviouvapes.com\/fr\/wp-json\/wp\/v2\/comments?post=9127"}],"version-history":[{"count":0,"href":"https:\/\/aiviouvapes.com\/fr\/wp-json\/wp\/v2\/pages\/9127\/revisions"}],"wp:attachment":[{"href":"https:\/\/aiviouvapes.com\/fr\/wp-json\/wp\/v2\/media?parent=9127"}],"curies":[{"name":"wp","href":"https:\/\/api.w.org\/{rel}","templated":true}]}}