{"id":9124,"date":"2024-08-21T10:52:08","date_gmt":"2024-08-21T10:52:08","guid":{"rendered":"https:\/\/aiviouvapes.com\/?page_id=9124"},"modified":"2024-11-30T12:03:45","modified_gmt":"2024-11-30T04:03:45","slug":"buy-vapes-in-europe-with-paypal","status":"publish","type":"page","link":"https:\/\/aiviouvapes.com\/fr\/buy-vapes-in-europe-with-paypal\/","title":{"rendered":"Acheter des Vapes en Europe avec Paypal"},"content":{"rendered":"<p>La gestion des transactions entre le vapotage et PayPal a repr\u00e9sent\u00e9 un d\u00e9fi unique pour les entreprises comme pour les consommateurs. En raison des politiques de PayPal sur les cigarettes \u00e9lectroniques et les produits connexes, de nombreuses transactions dans ce secteur sont soumises aux m\u00eames restrictions que celles li\u00e9es au tabac, ce qui entra\u00eene des limitations de compte et des paiements bloqu\u00e9s.<\/p>\n<p>Chez AiviouVapes, nous avons r\u00e9ussi \u00e0 trouver un moyen de fonctionner dans ces contraintes. Contrairement \u00e0 beaucoup d&#039;autres dans l&#039;industrie, <strong>nous avons obtenu l&#039;approbation pr\u00e9alable de PayPal pour traiter les ventes de cigarettes \u00e9lectroniques en Europe<\/strong>, nous permettant d&#039;offrir une exp\u00e9rience d&#039;achat fluide et ininterrompue \u00e0 nos clients.<\/p>\n<p>L&#039;approbation pr\u00e9alable de PayPal couvre une gamme de produits, notamment les cigarettes \u00e9lectroniques et certaines alternatives sans tabac. Cette autorisation nous permet de proposer PayPal comme moyen de paiement pratique et s\u00e9curis\u00e9, offrant \u00e0 nos clients la familiarit\u00e9 et la simplicit\u00e9 qu&#039;ils pr\u00e9f\u00e8rent.<\/p>\n<p>Bien que les restrictions g\u00e9n\u00e9rales impos\u00e9es par PayPal sur les transactions par cigarette \u00e9lectronique restent une source de d\u00e9bat, nos clients peuvent utiliser PayPal en toute confiance sur notre site sans interruption. Cela est particuli\u00e8rement avantageux pour ceux qui appr\u00e9cient la s\u00e9curit\u00e9 et la simplicit\u00e9 qu&#039;offre PayPal par rapport aux autres options de paiement.<\/p>\n<p>Nous aimerions cependant souligner une nouvelle consid\u00e9ration. <strong>En raison de la r\u00e9glementation fiscale<\/strong>Les achats PayPal pour les cigarettes \u00e9lectroniques d&#039;AiviouVapes sont <strong>plafonn\u00e9 \u00e0 200 euros<\/strong> par commande et sont soumis \u00e0 une <strong>20% TVA taxe \u00e0 la consommation<\/strong>Ces exigences fiscales peuvent avoir un impact sur votre choix de mode de paiement. <strong>Pour \u00e9viter cette limite et cette charge fiscale, nous vous recommandons d&#039;explorer les virements SEPA, les virements bancaires IBAN ou les paiements en crypto-monnaie<\/strong>, qui offrent une plus grande flexibilit\u00e9 pour les achats de plus grande valeur.<\/p>\n<p>Cette limite de d\u00e9penses et les consid\u00e9rations fiscales sont des facteurs importants lors du choix de votre mode de paiement pr\u00e9f\u00e9r\u00e9. Chez AiviouVapes, nous nous engageons \u00e0 faire preuve de transparence et \u00e0 proposer des options de paiement flexibles afin que vous puissiez profiter d&#039;une exp\u00e9rience d&#039;achat \u00e9clair\u00e9e et pratique.<\/p>\n<p>Explorez la large s\u00e9lection de saveurs d&#039;e-liquides d&#039;AiviouVapes en toute confiance, sachant que vous pouvez choisir parmi plusieurs options de paiement en fonction de vos pr\u00e9f\u00e9rences et de vos besoins.<\/p>\n<p>En incluant ces points, nous visons \u00e0 vous donner une compr\u00e9hension compl\u00e8te des limitations de PayPal et des facteurs li\u00e9s aux taxes lors de l&#039;achat de cigarettes \u00e9lectroniques chez AiviouVapes, vous aidant \u00e0 faire le meilleur choix de paiement pour votre situation.<\/p>\n<div class=\"row align-middle\"  id=\"row-1423438425\">\n\n\t<div id=\"col-624954510\" class=\"col small-12 large-12\"  >\n\t\t\t\t<div class=\"col-inner text-center\"  >\n\t\t\t\n\t\t\t\n<a href=\"https:\/\/aiviouvapes.com\/fr\/shop\/\" class=\"button primary is-shade is-larger box-shadow-4 box-shadow-5-hover\" style=\"border-radius:10px;\">\n\t\t<span>Achetez maintenant<\/span>\n\t<\/a>\n\n\t\t<\/div>\n\t\t\t\t\n<style>\n#col-624954510 > .col-inner {\n  padding: 20px 0px 0px 0px;\n}\n<\/style>\n\t<\/div>\n\n\t\n<\/div>","protected":false},"excerpt":{"rendered":"<p>Navigating the intersection between vaping and PayPal has presented unique challenges for businesses and consumers alike. Due to PayPal&#8217;s policies on e-cigarettes and related products, many transactions in this industry face the same restrictions as tobacco, resulting in account limitations and blocked payments. At AiviouVapes, we\u2019ve successfully found a way to operate within these constraints. [&#8230;]\n","protected":false},"author":1,"featured_media":0,"parent":0,"menu_order":0,"comment_status":"closed","ping_status":"closed","template":"page-blank-title-center.php","meta":{"footnotes":""},"class_list":["post-9124","page","type-page","status-publish","hentry"],"jetpack_sharing_enabled":true,"_links":{"self":[{"href":"https:\/\/aiviouvapes.com\/fr\/wp-json\/wp\/v2\/pages\/9124","targetHints":{"allow":["GET"]}}],"collection":[{"href":"https:\/\/aiviouvapes.com\/fr\/wp-json\/wp\/v2\/pages"}],"about":[{"href":"https:\/\/aiviouvapes.com\/fr\/wp-json\/wp\/v2\/types\/page"}],"author":[{"embeddable":true,"href":"https:\/\/aiviouvapes.com\/fr\/wp-json\/wp\/v2\/users\/1"}],"replies":[{"embeddable":true,"href":"https:\/\/aiviouvapes.com\/fr\/wp-json\/wp\/v2\/comments?post=9124"}],"version-history":[{"count":0,"href":"https:\/\/aiviouvapes.com\/fr\/wp-json\/wp\/v2\/pages\/9124\/revisions"}],"wp:attachment":[{"href":"https:\/\/aiviouvapes.com\/fr\/wp-json\/wp\/v2\/media?parent=9124"}],"curies":[{"name":"wp","href":"https:\/\/api.w.org\/{rel}","templated":true}]}}