{"id":9121,"date":"2024-08-21T10:51:22","date_gmt":"2024-08-21T10:51:22","guid":{"rendered":"https:\/\/aiviouvapes.com\/?page_id=9121"},"modified":"2024-12-02T07:55:27","modified_gmt":"2024-12-01T23:55:27","slug":"age-policy","status":"publish","type":"page","link":"https:\/\/aiviouvapes.com\/fr\/age-policy\/","title":{"rendered":"Politique de l'\u00e2ge"},"content":{"rendered":"<p>V\u00e9rification de l'\u00e2ge \u00e0 <a href=\"https:\/\/AiviouVapes.com\/\" rel=\"noopener\">AiviouVapes<\/a><\/p>\n<p>**\u00c2ge l\u00e9gal requis pour fumer\u00a0:** Tous les clients doivent \u00eatre \u00e2g\u00e9s de 21 ans ou plus pour acheter des produits sur notre site, conform\u00e9ment \u00e0 l&#039;\u00e2ge l\u00e9gal pour fumer aux \u00c9tats-Unis pour les cigarettes \u00e9lectroniques et les articles connexes. Visitez <a href=\"https:\/\/AiviouVapes.com\/\" rel=\"noopener\">AiviouVapes<\/a> pour des achats conformes et responsables.<\/p>\n<p>**Importance d&#039;une repr\u00e9sentation pr\u00e9cise de l&#039;\u00e2ge\u00a0:** La falsification des informations sur l&#039;\u00e2ge pour acheter nos produits est non seulement contraire \u00e0 notre politique, mais \u00e9galement ill\u00e9gale. De telles actions peuvent entra\u00eener de graves cons\u00e9quences juridiques.<\/p>\n<p>**Interdiction des achats par procuration pour les mineurs\u00a0:** Acheter tout <a href=\"https:\/\/AiviouVapes.com\/\" rel=\"noopener\">produits de vapotage<\/a> L&#039;utilisation de nos produits par des mineurs est strictement interdite et peut entra\u00eener des sanctions p\u00e9nales. Nous nous engageons \u00e0 emp\u00eacher tout acc\u00e8s non autoris\u00e9 \u00e0 nos produits.<\/p>\n<p>**Processus de v\u00e9rification de l&#039;\u00e2ge rigoureux\u00a0:** Pour r\u00e9pondre aux exigences l\u00e9gales et prot\u00e9ger les jeunes, nous utilisons un syst\u00e8me rigoureux de v\u00e9rification de l&#039;\u00e2ge. Les clients sont tenus de fournir des informations personnelles (nom, adresse, date de naissance et les quatre derniers chiffres de leur num\u00e9ro de s\u00e9curit\u00e9 sociale) que nous v\u00e9rifions par rapport aux registres publics. Si la v\u00e9rification \u00e9choue ou si vous ne pouvez pas fournir vos informations de s\u00e9curit\u00e9 sociale, nous pouvons demander une pi\u00e8ce d&#039;identit\u00e9 d\u00e9livr\u00e9e par le gouvernement.<\/p>\n<p>**Droit de refuser le service\u00a0:** Nous nous r\u00e9servons le droit d\u2019annuler ou de refuser des commandes si la v\u00e9rification n\u2019est pas effectu\u00e9e avec succ\u00e8s ou si une pi\u00e8ce d\u2019identit\u00e9 appropri\u00e9e n\u2019est pas fournie en temps opportun.<\/p>\n<p>**D\u00e9vouement \u00e0 la pr\u00e9vention aupr\u00e8s des jeunes\u00a0:** La pr\u00e9vention de la vente aux mineurs est l\u2019une de nos plus grandes priorit\u00e9s. Notre syst\u00e8me de v\u00e9rification de l\u2019\u00e2ge souligne notre engagement \u00e0 maintenir un environnement de vapotage responsable.<\/p>\n<p>**Refus ou limitation de service\u00a0:** En tant que vendeur en ligne, nous nous r\u00e9servons le droit de refuser le service dans certains cas. Si un client estime que son acc\u00e8s a \u00e9t\u00e9 injustement restreint, il est encourag\u00e9 \u00e0 contacter notre service client pour obtenir de l&#039;aide.<\/p>\n<p>**Avis de restriction d&#039;\u00e2ge\u00a0:** le site Web d&#039;Aiviou Vape pr\u00e9sente une clause de non-responsabilit\u00e9 claire, soulignant l&#039;exigence selon laquelle les clients am\u00e9ricains doivent avoir au moins 21 ans pour acheter des produits de cigarettes \u00e9lectroniques.<\/p>\n<p>Au <a href=\"https:\/\/AiviouVapes.com\/\" rel=\"noopener\">AiviouVapes<\/a>, nous accordons la priorit\u00e9 \u00e0 la s\u00e9curit\u00e9 et au bien-\u00eatre de nos clients en appliquant une v\u00e9rification rigoureuse de l&#039;\u00e2ge. Nos mesures refl\u00e8tent notre d\u00e9vouement envers une communaut\u00e9 de vapoteurs s\u00fbre et conforme, offrant aux clients une tranquillit\u00e9 d&#039;esprit lors de leurs achats chez nous.<\/p>\n<p>L&#039;engagement de notre entreprise \u00e0 garantir que seules les personnes l\u00e9galement autoris\u00e9es peuvent acheter nos produits renforce l&#039;importance de pratiques de vapotage responsables. Nous reconnaissons qu&#039;une v\u00e9rification efficace de l&#039;\u00e2ge est essentielle pour emp\u00eacher l&#039;acc\u00e8s des mineurs, et nous avons mis en place un syst\u00e8me complet pour assumer cette responsabilit\u00e9.<\/p>\n<p>Notre processus requiert des informations sp\u00e9cifiques (nom, adresse, date de naissance et les quatre derniers chiffres du num\u00e9ro de s\u00e9curit\u00e9 sociale) que nous validons par rapport \u00e0 des dossiers fiables pour confirmer l&#039;\u00e2ge. Si un client ne peut pas fournir ses informations de s\u00e9curit\u00e9 sociale, nous lui proposons la possibilit\u00e9 de t\u00e9l\u00e9charger une pi\u00e8ce d&#039;identit\u00e9 officielle comme mesure de v\u00e9rification suppl\u00e9mentaire.<\/p>\n<p>**Cons\u00e9quences d&#039;une fausse d\u00e9claration d&#039;\u00e2ge\u00a0:** Il est ill\u00e9gal de fausser l&#039;\u00e2ge lors de l&#039;achat de nos produits et cela entra\u00eene de graves r\u00e9percussions juridiques. De plus, l&#039;achat pour les mineurs est strictement interdit et est \u00e9galement puni par la loi. Nous prenons ces normes au s\u00e9rieux et pouvons refuser toute commande si l&#039;identification ne peut pas \u00eatre rapidement v\u00e9rifi\u00e9e.<\/p>\n<p>Aiviou Vape s&#039;engage \u00e0 pr\u00e9venir les ventes aux mineurs. Notre protocole de v\u00e9rification de l&#039;\u00e2ge est au c\u0153ur de notre mission de promotion d&#039;achats responsables et s\u00fbrs au sein de la communaut\u00e9 du vapotage.<\/p>\n<p>Si un client subit une restriction de service qu&#039;il estime \u00eatre une erreur, il peut contacter notre \u00e9quipe de support client. Nous privil\u00e9gions une communication transparente et nous effor\u00e7ons de r\u00e9soudre tout probl\u00e8me de mani\u00e8re \u00e9quitable.<\/p>\n<p>Notre site affiche bien en \u00e9vidence un avertissement concernant l&#039;\u00e2ge requis pour l&#039;achat de cigarettes \u00e9lectroniques, rappelant \u00e0 tous les utilisateurs l&#039;obligation l\u00e9gale d&#039;avoir 21 ans aux \u00c9tats-Unis.<\/p>\n<p>Choisir Aiviou Vape, c&#039;est s\u00e9lectionner une entreprise qui valorise l&#039;int\u00e9grit\u00e9, la conformit\u00e9 l\u00e9gale et la s\u00e9curit\u00e9 des clients. Notre engagement envers des politiques d&#039;\u00e2ge responsable n&#039;est pas seulement proc\u00e9dural ; c&#039;est un reflet fondamental de nos valeurs et de notre d\u00e9vouement \u00e0 cr\u00e9er une exp\u00e9rience d&#039;achat s\u00fbre et digne de confiance. Faites confiance \u00e0 Aiviou Vape pour un acc\u00e8s s\u00e9curis\u00e9 et responsable \u00e0 des produits de vapotage de qualit\u00e9.<\/p>\n<div class=\"row align-middle\"  id=\"row-71060805\">\n\n\t<div id=\"col-610250687\" class=\"col small-12 large-12\"  >\n\t\t\t\t<div class=\"col-inner text-center\"  >\n\t\t\t\n\t\t\t\n<a href=\"https:\/\/aiviouvapes.com\/fr\/shop\/\" class=\"button primary is-shade is-larger box-shadow-4 box-shadow-5-hover\" style=\"border-radius:10px;\">\n\t\t<span>Achetez maintenant<\/span>\n\t<\/a>\n\n\t\t<\/div>\n\t\t\t\t\n<style>\n#col-610250687 > .col-inner {\n  padding: 20px 0px 0px 0px;\n}\n<\/style>\n\t<\/div>\n\n\t\n<\/div>","protected":false},"excerpt":{"rendered":"<p>Age Verification at AiviouVapes **Legal Smoking Age Requirement:** All customers must be 21 or older to purchase products on our site, aligning with the U.S. legal smoking age for e-cigarettes and related items. Visit AiviouVapes for compliant and responsible purchases. **Importance of Accurate Age Representation:** Falsifying age information to buy our products is not only [&#8230;]\n","protected":false},"author":1,"featured_media":0,"parent":0,"menu_order":0,"comment_status":"closed","ping_status":"closed","template":"page-blank-title-center.php","meta":{"footnotes":""},"class_list":["post-9121","page","type-page","status-publish","hentry"],"jetpack_sharing_enabled":true,"_links":{"self":[{"href":"https:\/\/aiviouvapes.com\/fr\/wp-json\/wp\/v2\/pages\/9121","targetHints":{"allow":["GET"]}}],"collection":[{"href":"https:\/\/aiviouvapes.com\/fr\/wp-json\/wp\/v2\/pages"}],"about":[{"href":"https:\/\/aiviouvapes.com\/fr\/wp-json\/wp\/v2\/types\/page"}],"author":[{"embeddable":true,"href":"https:\/\/aiviouvapes.com\/fr\/wp-json\/wp\/v2\/users\/1"}],"replies":[{"embeddable":true,"href":"https:\/\/aiviouvapes.com\/fr\/wp-json\/wp\/v2\/comments?post=9121"}],"version-history":[{"count":0,"href":"https:\/\/aiviouvapes.com\/fr\/wp-json\/wp\/v2\/pages\/9121\/revisions"}],"wp:attachment":[{"href":"https:\/\/aiviouvapes.com\/fr\/wp-json\/wp\/v2\/media?parent=9121"}],"curies":[{"name":"wp","href":"https:\/\/api.w.org\/{rel}","templated":true}]}}