{"id":9111,"date":"2024-08-21T10:48:05","date_gmt":"2024-08-21T10:48:05","guid":{"rendered":"https:\/\/aiviouvapes.com\/?page_id=9111"},"modified":"2024-11-30T20:28:47","modified_gmt":"2024-11-30T12:28:47","slug":"shipping-policy","status":"publish","type":"page","link":"https:\/\/aiviouvapes.com\/fr\/shipping-policy\/","title":{"rendered":"Politique d'exp\u00e9dition"},"content":{"rendered":"<div id=\"text-438316734\" class=\"text\">\n\t\t\n<header class=\"entry-header text-center\"><\/header>\n<p><strong>Politique d'exp\u00e9dition<\/strong><\/p>\n<p>1. Les commandes sont trait\u00e9es et exp\u00e9di\u00e9es dans un d\u00e9lai de 1 \u00e0 3 jours ouvrables. Les d\u00e9lais d'exp\u00e9dition sont g\u00e9n\u00e9ralement compris entre 7 et 15 jours ouvrables. Veuillez noter que nous n'exp\u00e9dions pas les commandes le week-end.<\/p>\n<p>2. Une fois votre commande exp\u00e9di\u00e9e, nous vous enverrons par courrier \u00e9lectronique les informations de suivi. Vous pouvez suivre votre envoi en utilisant le num\u00e9ro de suivi fourni sur le site web suivant :<\/p>\n<p><a href=\"https:\/\/www.17track.net\/en\" target=\"_blank\" rel=\"nofollow noopener\">https:\/\/www.17track.net\/en<\/a><\/p>\n<p>Veuillez compter 1 \u00e0 2 jours apr\u00e8s l'exp\u00e9dition pour que les mises \u00e0 jour du suivi apparaissent sur le site web.<\/p>\n<p>3. Vous avez la possibilit\u00e9 d'annuler une commande ou de modifier l'adresse de livraison \u00e0 tout moment avant l'exp\u00e9dition des produits. Cependant, une fois que la commande a \u00e9t\u00e9 exp\u00e9di\u00e9e, nous ne pouvons pas proc\u00e9der \u00e0 des remboursements ou \u00e0 des changements d'adresse.<\/p>\n<p>4.les pays avec lesquels nous pouvons exp\u00e9dier\u00a0<strong>DDP<\/strong>\u00a0(<strong>Droits de douane pay\u00e9s<\/strong>) M\u00e9thode, il ne vous demande pas de faire le d\u00e9douanement et il n'y a pas de droits de douane pour vous.<\/p>\n<ul>\n<li>\u00c9tats-Unis - UPS Express (sauf Alaska et Hawa\u00ef)<\/li>\n<li>UK - Local DPD Express<\/li>\n<li>Europe - UPS Express\/ DPD Express\/ DHL Express<\/li>\n<\/ul>\n<p>Listes des pays de la m\u00e9thode DDP Europe : Allemagne, Belgique, Luxembourg, Pays-Bas, R\u00e9publique tch\u00e8que, Pologne, Croatie, Slovaquie, Slov\u00e9nie, Finlande, Danemark, Su\u00e8de, Autriche, France, Italie, Hongrie, Bulgarie, Lituanie, Estonie, Lettonie, Gr\u00e8ce, Irlande, Portugal, Espagne.<\/p>\n<p><strong>D\u00e9lais d'exp\u00e9dition pour certains pays :<\/strong><\/p>\n<table style=\"height: 810px;\" width=\"518\">\n<thead>\n<tr>\n<th>PAYS<\/th>\n<th>M\u00c9THODE D'EXP\u00c9DITION<\/th>\n<th>D\u00c9LAI D'EXP\u00c9DITION<\/th>\n<\/tr>\n<\/thead>\n<tbody>\n<tr>\n<td>\u00c9TATS-UNIS<\/td>\n<td>Local UPS Ground<\/td>\n<td>10-15 jours<\/td>\n<\/tr>\n<tr>\n<td>ROYAUME-UNI<\/td>\n<td>Local DPD Express<\/td>\n<td>7-12 jours<\/td>\n<\/tr>\n<tr>\n<td>Allemagne<\/td>\n<td>UPS\/DPD\/DHL Allemagne<\/td>\n<td>8-13 jours<\/td>\n<\/tr>\n<tr>\n<td>France<\/td>\n<td>UPS\/DPD\/DHL Allemagne<\/td>\n<td>8-13 jours<\/td>\n<\/tr>\n<tr>\n<td>Belgique<\/td>\n<td>UPS\/DPD\/DHL Allemagne<\/td>\n<td>8-13 jours<\/td>\n<\/tr>\n<tr>\n<td>Luxembourg<\/td>\n<td>UPS\/DPD\/DHL Allemagne<\/td>\n<td>8-13 jours<\/td>\n<\/tr>\n<tr>\n<td>Pays-Bas<\/td>\n<td>UPS\/DPD\/DHL Allemagne<\/td>\n<td>8-13 jours<\/td>\n<\/tr>\n<tr>\n<td>R\u00e9publique tch\u00e8que<\/td>\n<td>UPS\/DPD\/DHL Allemagne<\/td>\n<td>8-13 jours<\/td>\n<\/tr>\n<tr>\n<td>Pologne<\/td>\n<td>UPS\/DPD\/DHL Allemagne<\/td>\n<td>8-13 jours<\/td>\n<\/tr>\n<tr>\n<td>Croatie<\/td>\n<td>UPS\/DPD\/DHL Allemagne<\/td>\n<td>8-13 jours<\/td>\n<\/tr>\n<tr>\n<td>Slovaquie<\/td>\n<td>UPS\/DPD\/DHL Allemagne<\/td>\n<td>8-13 jours<\/td>\n<\/tr>\n<tr>\n<td>Slov\u00e9nie<\/td>\n<td>UPS\/DPD\/DHL Allemagne<\/td>\n<td>8-13 jours<\/td>\n<\/tr>\n<tr>\n<td>Finlande<\/td>\n<td>UPS\/DPD\/DHL Allemagne<\/td>\n<td>8-13 jours<\/td>\n<\/tr>\n<tr>\n<td>Danemark<\/td>\n<td>UPS\/DPD\/DHL Allemagne<\/td>\n<td>8-13 jours<\/td>\n<\/tr>\n<tr>\n<td>Su\u00e8de<\/td>\n<td>UPS\/DPD\/DHL Allemagne<\/td>\n<td>8-13 jours<\/td>\n<\/tr>\n<tr>\n<td>Autriche<\/td>\n<td>UPS\/DPD\/DHL Allemagne<\/td>\n<td>8-13 jours<\/td>\n<\/tr>\n<tr>\n<td>Italie<\/td>\n<td>UPS\/DPD\/DHL Allemagne<\/td>\n<td>8-13 jours<\/td>\n<\/tr>\n<tr>\n<td>Hongrie<\/td>\n<td>UPS\/DPD\/DHL Allemagne<\/td>\n<td>8-13 jours<\/td>\n<\/tr>\n<tr>\n<td>Lituanie<\/td>\n<td>UPS\/DPD\/DHL Allemagne<\/td>\n<td>8-13 jours<\/td>\n<\/tr>\n<tr>\n<td>Estonie<\/td>\n<td>UPS\/DPD\/DHL Allemagne<\/td>\n<td>8-13 jours<\/td>\n<\/tr>\n<tr>\n<td>Lettonie<\/td>\n<td>UPS\/DPD\/DHL Allemagne<\/td>\n<td>8-13 jours<\/td>\n<\/tr>\n<tr>\n<td>Gr\u00e8ce<\/td>\n<td>UPS\/DPD\/DHL Allemagne<\/td>\n<td>8-13 jours<\/td>\n<\/tr>\n<tr>\n<td>Irlande<\/td>\n<td>UPS\/DPD\/DHL Allemagne<\/td>\n<td>8-13 jours<\/td>\n<\/tr>\n<tr>\n<td>Portugal<\/td>\n<td>UPS\/DPD\/DHL Allemagne<\/td>\n<td>8-13 jours<\/td>\n<\/tr>\n<tr>\n<td>Espagne<\/td>\n<td>UPS\/DPD\/DHL Allemagne<\/td>\n<td>8-13 jours<\/td>\n<\/tr>\n<tr>\n<td>EAU (Duba\u00ef)<\/td>\n<td>Ligne sp\u00e9cialis\u00e9e de Duba\u00ef<\/td>\n<td>12-18 jours<\/td>\n<\/tr>\n<tr>\n<td>Afrique du Sud<\/td>\n<td>Ligne d\u00e9di\u00e9e \u00e0 l'Afrique du Sud<\/td>\n<td>15-25 jours<\/td>\n<\/tr>\n<tr>\n<td>Vietnam<\/td>\n<td>Ligne d\u00e9di\u00e9e au Vietnam<\/td>\n<td>3-5 jours<\/td>\n<\/tr>\n<tr>\n<td>Malaisie occidentale<\/td>\n<td>Ligne sp\u00e9cialis\u00e9e en Malaisie<\/td>\n<td>4-8 jours<\/td>\n<\/tr>\n<\/tbody>\n<\/table>\n<\/div>\n<\/div>\n<\/div>\n<\/div>\n<div id=\"col-429512057\" class=\"col medium-6 small-12 large-6\"><\/div>\n<\/div>\n<\/div>\n\t\t\n<style>\n#text-438316734 {\n  text-align: left;\n}\n<\/style>\n\t<\/div>\n\t\n<div class=\"row align-middle\"  id=\"row-7621897\">\n\n\t<div id=\"col-122041538\" class=\"col small-12 large-12\"  >\n\t\t\t\t<div class=\"col-inner text-center\"  >\n\t\t\t\n\t\t\t\n<a href=\"https:\/\/aiviouvapes.com\/fr\/shop\/\" class=\"button primary is-shade is-larger box-shadow-4 box-shadow-5-hover\" style=\"border-radius:10px;\">\n\t\t<span>Achetez maintenant<\/span>\n\t<\/a>\n\n\t\t<\/div>\n\t\t\t\t\n<style>\n#col-122041538 > .col-inner {\n  padding: 20px 0px 0px 0px;\n}\n<\/style>\n\t<\/div>\n\n\t\n<\/div>","protected":false},"excerpt":{"rendered":"","protected":false},"author":1,"featured_media":0,"parent":0,"menu_order":0,"comment_status":"closed","ping_status":"closed","template":"page-blank-title-center.php","meta":{"footnotes":""},"class_list":["post-9111","page","type-page","status-publish","hentry"],"jetpack_sharing_enabled":true,"_links":{"self":[{"href":"https:\/\/aiviouvapes.com\/fr\/wp-json\/wp\/v2\/pages\/9111","targetHints":{"allow":["GET"]}}],"collection":[{"href":"https:\/\/aiviouvapes.com\/fr\/wp-json\/wp\/v2\/pages"}],"about":[{"href":"https:\/\/aiviouvapes.com\/fr\/wp-json\/wp\/v2\/types\/page"}],"author":[{"embeddable":true,"href":"https:\/\/aiviouvapes.com\/fr\/wp-json\/wp\/v2\/users\/1"}],"replies":[{"embeddable":true,"href":"https:\/\/aiviouvapes.com\/fr\/wp-json\/wp\/v2\/comments?post=9111"}],"version-history":[{"count":0,"href":"https:\/\/aiviouvapes.com\/fr\/wp-json\/wp\/v2\/pages\/9111\/revisions"}],"wp:attachment":[{"href":"https:\/\/aiviouvapes.com\/fr\/wp-json\/wp\/v2\/media?parent=9111"}],"curies":[{"name":"wp","href":"https:\/\/api.w.org\/{rel}","templated":true}]}}