{"id":9102,"date":"2024-08-21T10:43:42","date_gmt":"2024-08-21T10:43:42","guid":{"rendered":"https:\/\/aiviouvapes.com\/?page_id=9102"},"modified":"2024-12-18T18:35:34","modified_gmt":"2024-12-18T10:35:34","slug":"how-to-order","status":"publish","type":"page","link":"https:\/\/aiviouvapes.com\/fr\/how-to-order\/","title":{"rendered":"Comment commander"},"content":{"rendered":"<header class=\"entry-header text-center\">\n<h1 class=\"entry-title\">Comment acheter des Vapes sur AIVIOU VAPES (avec photos)<\/h1>\n<\/header>\n<div class=\"entry-content\">\n<p>Bienvenue chez AIVIOU VAPES ! Suivez ces \u00e9tapes simples pour acheter vos vapes jetables pr\u00e9f\u00e9r\u00e9es dans notre magasin en ligne.<\/p>\n<h2>\u00c9tape 1 : Parcourir notre collection<\/h2>\n<ol>\n<li><strong>Visitez notre page d'accueil<\/strong>: Aller \u00e0\u00a0<a href=\"https:\/\/aiviouvapes.com\/fr\/\" rel=\"noreferrer\">AIVIOUVAPES.com<\/a>.<\/li>\n<li><strong>Naviguer vers les produits<\/strong>: Cliquez sur le bouton \"<a class=\"nav-top-link\" href=\"https:\/\/aiviouvapes.com\/fr\/shop\/\" aria-expanded=\"false\">BOUTIQUE<\/a>\"en haut de la page.<a href=\"https:\/\/i0.wp.com\/aiviouvapes.com\/wp-content\/uploads\/2024\/08\/shop.jpg?ssl=1\"><img data-recalc-dims=\"1\" loading=\"lazy\" decoding=\"async\" title=\"Comment commander\" class=\"alignnone size-full wp-image-9276\" src=\"https:\/\/i0.wp.com\/aiviouvapes.com\/wp-content\/uploads\/2024\/08\/shop.jpg?resize=1020%2C749&#038;ssl=1\" alt=\"Comment commander\" width=\"1020\" height=\"749\" srcset=\"https:\/\/i0.wp.com\/aiviouvapes.com\/wp-content\/uploads\/2024\/08\/shop.jpg?w=1121&amp;ssl=1 1121w, https:\/\/i0.wp.com\/aiviouvapes.com\/wp-content\/uploads\/2024\/08\/shop.jpg?resize=300%2C220&amp;ssl=1 300w, https:\/\/i0.wp.com\/aiviouvapes.com\/wp-content\/uploads\/2024\/08\/shop.jpg?resize=1024%2C752&amp;ssl=1 1024w, https:\/\/i0.wp.com\/aiviouvapes.com\/wp-content\/uploads\/2024\/08\/shop.jpg?resize=768%2C564&amp;ssl=1 768w, https:\/\/i0.wp.com\/aiviouvapes.com\/wp-content\/uploads\/2024\/08\/shop.jpg?resize=16%2C12&amp;ssl=1 16w, https:\/\/i0.wp.com\/aiviouvapes.com\/wp-content\/uploads\/2024\/08\/shop.jpg?resize=800%2C587&amp;ssl=1 800w\" sizes=\"auto, (max-width: 1020px) 100vw, 1020px\" \/><\/a><\/li>\n<\/ol>\n<h2>\u00c9tape 2 : S\u00e9lectionnez votre Vape<\/h2>\n<ol>\n<li><strong>Choisir un Vapeur<\/strong>: S\u00e9lectionnez l'option <b>vape<\/b> qui vous int\u00e9ressent.<\/li>\n<li><strong>Voir les produits<\/strong>: Parcourez les produits disponibles. Cliquez sur l'image ou le titre d'un produit pour obtenir plus de d\u00e9tails.<\/li>\n<\/ol>\n<p><a href=\"https:\/\/i0.wp.com\/aiviouvapes.com\/wp-content\/uploads\/2024\/08\/select_product.jpg?ssl=1\"><img data-recalc-dims=\"1\" loading=\"lazy\" decoding=\"async\" title=\"Comment commander\" class=\"alignnone size-full wp-image-9275\" src=\"https:\/\/i0.wp.com\/aiviouvapes.com\/wp-content\/uploads\/2024\/08\/select_product.jpg?resize=1020%2C426&#038;ssl=1\" alt=\"Comment commander\" width=\"1020\" height=\"426\" data-wp-editing=\"1\" srcset=\"https:\/\/i0.wp.com\/aiviouvapes.com\/wp-content\/uploads\/2024\/08\/select_product.jpg?w=1916&amp;ssl=1 1916w, https:\/\/i0.wp.com\/aiviouvapes.com\/wp-content\/uploads\/2024\/08\/select_product.jpg?resize=300%2C125&amp;ssl=1 300w, https:\/\/i0.wp.com\/aiviouvapes.com\/wp-content\/uploads\/2024\/08\/select_product.jpg?resize=1024%2C428&amp;ssl=1 1024w, https:\/\/i0.wp.com\/aiviouvapes.com\/wp-content\/uploads\/2024\/08\/select_product.jpg?resize=768%2C321&amp;ssl=1 768w, https:\/\/i0.wp.com\/aiviouvapes.com\/wp-content\/uploads\/2024\/08\/select_product.jpg?resize=1536%2C641&amp;ssl=1 1536w, https:\/\/i0.wp.com\/aiviouvapes.com\/wp-content\/uploads\/2024\/08\/select_product.jpg?resize=18%2C8&amp;ssl=1 18w, https:\/\/i0.wp.com\/aiviouvapes.com\/wp-content\/uploads\/2024\/08\/select_product.jpg?resize=800%2C334&amp;ssl=1 800w\" sizes=\"auto, (max-width: 1020px) 100vw, 1020px\" \/><\/a><\/p>\n<h2>\u00c9tape 3 : S\u00e9lectionner les d\u00e9tails du produit<\/h2>\n<ol>\n<li><strong>Lire les d\u00e9tails<\/strong>: Sur la page du produit, consultez la description, v\u00e9rifiez le prix et lisez les avis des clients.<\/li>\n<li><strong>Choisir la quantit\u00e9<\/strong>: S\u00e9lectionnez la quantit\u00e9 que vous souhaitez acheter.<\/li>\n<li><strong>Ajouter au panier<\/strong>: Cliquez sur le bouton \"Ajouter au panier\" pour ajouter l'article \u00e0 votre panier.<\/li>\n<\/ol>\n<p><a href=\"https:\/\/i0.wp.com\/aiviouvapes.com\/wp-content\/uploads\/2024\/08\/product_detail.png?ssl=1\"><img data-recalc-dims=\"1\" loading=\"lazy\" decoding=\"async\" title=\"Comment commander\" class=\"alignnone size-full wp-image-9274\" src=\"https:\/\/i0.wp.com\/aiviouvapes.com\/wp-content\/uploads\/2024\/08\/product_detail.png?resize=1020%2C619&#038;ssl=1\" alt=\"Comment commander\" width=\"1020\" height=\"619\" srcset=\"https:\/\/i0.wp.com\/aiviouvapes.com\/wp-content\/uploads\/2024\/08\/product_detail.png?w=1527&amp;ssl=1 1527w, https:\/\/i0.wp.com\/aiviouvapes.com\/wp-content\/uploads\/2024\/08\/product_detail.png?resize=300%2C182&amp;ssl=1 300w, https:\/\/i0.wp.com\/aiviouvapes.com\/wp-content\/uploads\/2024\/08\/product_detail.png?resize=1024%2C622&amp;ssl=1 1024w, https:\/\/i0.wp.com\/aiviouvapes.com\/wp-content\/uploads\/2024\/08\/product_detail.png?resize=768%2C466&amp;ssl=1 768w, https:\/\/i0.wp.com\/aiviouvapes.com\/wp-content\/uploads\/2024\/08\/product_detail.png?resize=18%2C12&amp;ssl=1 18w, https:\/\/i0.wp.com\/aiviouvapes.com\/wp-content\/uploads\/2024\/08\/product_detail.png?resize=800%2C486&amp;ssl=1 800w\" sizes=\"auto, (max-width: 1020px) 100vw, 1020px\" \/><\/a><\/p>\n<\/div>\n<h2>\u00c9tape 4 : Examinez votre panier<\/h2>\n<ol>\n<li><strong>Voir le panier<\/strong>: Cliquez sur l'ic\u00f4ne du panier d'achat en haut \u00e0 droite de la page pour visualiser votre panier.<\/li>\n<li><strong>Points d'examen<\/strong>: Assurez-vous que tous les articles et toutes les quantit\u00e9s sont corrects.<\/li>\n<li><strong>Passer \u00e0 la caisse<\/strong>: Cliquez sur le bouton \"Proceed to Checkout\" pour passer \u00e0 l'\u00e9tape suivante.<\/li>\n<\/ol>\n<p><a href=\"https:\/\/i0.wp.com\/aiviouvapes.com\/wp-content\/uploads\/2024\/08\/cart.png?ssl=1\"><img data-recalc-dims=\"1\" loading=\"lazy\" decoding=\"async\" title=\"Comment commander\" class=\"alignnone size-full wp-image-9272\" src=\"https:\/\/i0.wp.com\/aiviouvapes.com\/wp-content\/uploads\/2024\/08\/cart.png?resize=1020%2C383&#038;ssl=1\" alt=\"Comment commander\" width=\"1020\" height=\"383\" srcset=\"https:\/\/i0.wp.com\/aiviouvapes.com\/wp-content\/uploads\/2024\/08\/cart.png?w=1768&amp;ssl=1 1768w, https:\/\/i0.wp.com\/aiviouvapes.com\/wp-content\/uploads\/2024\/08\/cart.png?resize=300%2C113&amp;ssl=1 300w, https:\/\/i0.wp.com\/aiviouvapes.com\/wp-content\/uploads\/2024\/08\/cart.png?resize=1024%2C384&amp;ssl=1 1024w, https:\/\/i0.wp.com\/aiviouvapes.com\/wp-content\/uploads\/2024\/08\/cart.png?resize=768%2C288&amp;ssl=1 768w, https:\/\/i0.wp.com\/aiviouvapes.com\/wp-content\/uploads\/2024\/08\/cart.png?resize=1536%2C576&amp;ssl=1 1536w, https:\/\/i0.wp.com\/aiviouvapes.com\/wp-content\/uploads\/2024\/08\/cart.png?resize=18%2C7&amp;ssl=1 18w, https:\/\/i0.wp.com\/aiviouvapes.com\/wp-content\/uploads\/2024\/08\/cart.png?resize=800%2C300&amp;ssl=1 800w\" sizes=\"auto, (max-width: 1020px) 100vw, 1020px\" \/><\/a><\/p>\n<h2>\u00c9tape 5 : Paiement<\/h2>\n<ol>\n<li><strong>D\u00e9tails de la facturation<\/strong>: Remplissez vos coordonn\u00e9es de facturation, y compris votre nom, votre adresse et vos coordonn\u00e9es.<\/li>\n<li><strong>D\u00e9tails de l'exp\u00e9dition<\/strong>: Si elles sont diff\u00e9rentes de celles de la facturation, indiquez vos coordonn\u00e9es d'exp\u00e9dition.<\/li>\n<li><strong>Mode de paiement<\/strong>: Choisissez votre mode de paiement pr\u00e9f\u00e9r\u00e9.<\/li>\n<li><strong>R\u00e9vision de votre commande<\/strong>: V\u00e9rifiez tous les d\u00e9tails, y compris les articles, les quantit\u00e9s et le montant total.<\/li>\n<li><strong>Passer commande<\/strong>: Cliquez sur le bouton \"Passer commande\" pour terminer votre achat.<\/li>\n<\/ol>\n<p><a href=\"https:\/\/i0.wp.com\/aiviouvapes.com\/wp-content\/uploads\/2024\/08\/checkout.png?ssl=1\"><img data-recalc-dims=\"1\" loading=\"lazy\" decoding=\"async\" title=\"Comment commander\" class=\"alignnone size-full wp-image-9273\" src=\"https:\/\/i0.wp.com\/aiviouvapes.com\/wp-content\/uploads\/2024\/08\/checkout.png?resize=1020%2C638&#038;ssl=1\" alt=\"Comment commander\" width=\"1020\" height=\"638\" srcset=\"https:\/\/i0.wp.com\/aiviouvapes.com\/wp-content\/uploads\/2024\/08\/checkout.png?w=1328&amp;ssl=1 1328w, https:\/\/i0.wp.com\/aiviouvapes.com\/wp-content\/uploads\/2024\/08\/checkout.png?resize=300%2C188&amp;ssl=1 300w, https:\/\/i0.wp.com\/aiviouvapes.com\/wp-content\/uploads\/2024\/08\/checkout.png?resize=1024%2C640&amp;ssl=1 1024w, https:\/\/i0.wp.com\/aiviouvapes.com\/wp-content\/uploads\/2024\/08\/checkout.png?resize=768%2C480&amp;ssl=1 768w, https:\/\/i0.wp.com\/aiviouvapes.com\/wp-content\/uploads\/2024\/08\/checkout.png?resize=18%2C12&amp;ssl=1 18w, https:\/\/i0.wp.com\/aiviouvapes.com\/wp-content\/uploads\/2024\/08\/checkout.png?resize=800%2C500&amp;ssl=1 800w\" sizes=\"auto, (max-width: 1020px) 100vw, 1020px\" \/><\/a><\/p>\n<h2>\u00c9tape 6 : Confirmation de la commande<\/h2>\n<ol>\n<li><strong>Message de confirmation<\/strong>: Vous verrez un message de confirmation de commande \u00e0 l'\u00e9cran avec votre num\u00e9ro de commande.<\/li>\n<li><strong>Confirmation par courriel<\/strong>: V\u00e9rifiez votre e-mail pour un message de confirmation avec tous les d\u00e9tails de votre commande.<\/li>\n<\/ol>\n<div class=\"row align-middle\"  id=\"row-1692486786\">\n\n\t<div id=\"col-1284128443\" class=\"col small-12 large-12\"  >\n\t\t\t\t<div class=\"col-inner text-center\"  >\n\t\t\t\n\t\t\t\n<a href=\"https:\/\/aiviouvapes.com\/fr\/shop\/\" class=\"button primary is-shade is-larger box-shadow-4 box-shadow-5-hover\" style=\"border-radius:10px;\">\n\t\t<span>Achetez maintenant<\/span>\n\t<\/a>\n\n\t\t<\/div>\n\t\t\t\t\n<style>\n#col-1284128443 > .col-inner {\n  padding: 20px 0px 0px 0px;\n}\n<\/style>\n\t<\/div>\n\n\t\n<\/div>","protected":false},"excerpt":{"rendered":"<p>How to Buy Vapes on AIVIOU VAPES (with Pictures) Welcome to AIVIOU VAPES! Follow these simple steps to purchase your favorite disposable vapes from our online store. Step 1: Browse Our Collection Visit our Homepage: Go to\u00a0AIVIOUVAPES.com. Navigate to Products: Click on the \u201cSHOP\u201d menu at the top of the page. Step 2: Select Your [&#8230;]\n","protected":false},"author":1,"featured_media":0,"parent":0,"menu_order":0,"comment_status":"closed","ping_status":"closed","template":"page-blank-title-center.php","meta":{"footnotes":""},"class_list":["post-9102","page","type-page","status-publish","hentry"],"jetpack_sharing_enabled":true,"_links":{"self":[{"href":"https:\/\/aiviouvapes.com\/fr\/wp-json\/wp\/v2\/pages\/9102","targetHints":{"allow":["GET"]}}],"collection":[{"href":"https:\/\/aiviouvapes.com\/fr\/wp-json\/wp\/v2\/pages"}],"about":[{"href":"https:\/\/aiviouvapes.com\/fr\/wp-json\/wp\/v2\/types\/page"}],"author":[{"embeddable":true,"href":"https:\/\/aiviouvapes.com\/fr\/wp-json\/wp\/v2\/users\/1"}],"replies":[{"embeddable":true,"href":"https:\/\/aiviouvapes.com\/fr\/wp-json\/wp\/v2\/comments?post=9102"}],"version-history":[{"count":0,"href":"https:\/\/aiviouvapes.com\/fr\/wp-json\/wp\/v2\/pages\/9102\/revisions"}],"wp:attachment":[{"href":"https:\/\/aiviouvapes.com\/fr\/wp-json\/wp\/v2\/media?parent=9102"}],"curies":[{"name":"wp","href":"https:\/\/api.w.org\/{rel}","templated":true}]}}