{"id":5173,"date":"2024-08-21T10:42:43","date_gmt":"2024-08-21T10:42:43","guid":{"rendered":"https:\/\/aiviouvapes.com\/?page_id=5173"},"modified":"2026-02-02T10:25:50","modified_gmt":"2026-02-02T02:25:50","slug":"coupons-offer","status":"publish","type":"page","link":"https:\/\/aiviouvapes.com\/fr\/coupons-offer\/","title":{"rendered":"Coupons et offres"},"content":{"rendered":"<div class=\"row\"  id=\"row-1890672262\">\n\n\t<div id=\"col-1134367132\" class=\"col medium-6 small-12 large-6\"  >\n\t\t\t\t<div class=\"col-inner text-center\"  >\n\t\t\t\n\t\t\t\n\t<div id=\"text-682301890\" class=\"text\">\n\t\t\n<h2>2026 Code Coupon Exclusif Disponible !<\/h2>\n<p>Connectez-vous \u00e0 votre compte et rendez-vous sur la page des codes de r\u00e9duction pour d\u00e9bloquer votre remise personnalis\u00e9e et commencer \u00e0 \u00e9conomiser d\u00e8s aujourd'hui.<\/p>\n\t\t\n<style>\n#text-682301890 {\n  text-align: center;\n}\n<\/style>\n\t<\/div>\n\t\n<a href=\"https:\/\/aiviouvapes.com\/fr\/my-account\/smart-coupons\/\" class=\"button primary box-shadow-3 box-shadow-1-hover\" >\n\t\t<span>Voir les coupons<\/span>\n\t<\/a>\n\n\t\t<\/div>\n\t\t\t\t\t<\/div>\n\n\t\n\n\t<div id=\"col-214783279\" class=\"col medium-6 small-12 large-6\"  >\n\t\t\t\t<div class=\"col-inner text-center\"  >\n\t\t\t\n\t\t\t\n<div id=\"text-3360396666\" class=\"text\">\n<h2 style=\"text-align: left;\">Coupons et offres de Vape jetable par AIVIOU VAPES<\/h2>\n<\/div>\n<p style=\"text-align: left;\">Bienvenue sur aiviouvapes.com, votre ultime destination en ligne pour des produits de vape jetables de qualit\u00e9 sup\u00e9rieure. D\u00e9couvrez notre vaste collection de marques renomm\u00e9es, notamment Doloda, Elf Box, Bang King, Al Fakher Vape, Vapeme, Waspe, RandM Tornado, Bang Box, et bien d'autres encore. Ne manquez pas de consulter r\u00e9guli\u00e8rement notre site Web pour y trouver des offres exclusives et des offres sp\u00e9ciales, afin que nos produits de vape exceptionnels restent accessibles \u00e0 tous.<\/p>\n<p style=\"text-align: left;\">Nous sommes des distributeurs professionnels en gros de vapes jetables. Nos marges b\u00e9n\u00e9ficiaires sont minimes, et nous d\u00e9ployons nos efforts les plus sinc\u00e8res en offrant des coupons de r\u00e9duction, dans le but d'\u00e9tablir un partenariat stable et \u00e0 long terme avec nos clients.<\/p>\n<a href=\"https:\/\/aiviouvapes.com\/fr\/shop\/\" class=\"button primary box-shadow-3 box-shadow-1-hover\" >\n\t\t<span>Commander<\/span>\n\t<\/a>\n\n\t\t<\/div>\n\t\t\t\t\t<\/div>\n\n\t\n<\/div>\n\t<div id=\"gap-1926914327\" class=\"gap-element clearfix\" style=\"display:block; height:auto;\">\n\t\t\n<style>\n#gap-1926914327 {\n  padding-top: 30px;\n}\n<\/style>\n\t<\/div>\n\t\n<div class=\"container section-title-container\" ><h3 class=\"section-title section-title-normal\"><b aria-hidden=\"true\"><\/b><span class=\"section-title-main\" >Biblioth\u00e8que de coupons d'affiliation (usage public)<\/span><b aria-hidden=\"true\"><\/b><\/h3><\/div>\n<table style=\"width:100%; border-collapse:collapse; font-family:Arial, sans-serif; text-align:left; border:1px solid #ddd;\">\n<thead style=\"background:#f7f7f7;\">\n<tr>\n<th style=\"padding:10px; border:1px solid #ddd;\">\ud83c\udf9f\ufe0f Code de r\u00e9duction<\/th>\n<th style=\"padding:10px; border:1px solid #ddd;\">\ud83d\udcb0 Discount<\/th>\n<th style=\"padding:10px; border:1px solid #ddd;\">\ud83d\uded2 Commande minimale<\/th>\n<th style=\"padding:10px; border:1px solid #ddd;\">\ud83d\udcc5 Valable jusqu'au<\/th>\n<th style=\"padding:10px; border:1px solid #ddd;\">\ud83e\udded Description<\/th>\n<th style=\"padding:10px; border:1px solid #ddd;\">\ud83d\udce2 Ligne publicitaire sugg\u00e9r\u00e9e<\/th>\n<\/tr>\n<\/thead>\n<tbody>\n<tr>\n<td style=\"padding:10px; border:1px solid #ddd;\"><b>BULKSAVE300<\/b><\/td>\n<td style=\"padding:10px; border:1px solid #ddd;\">2% OFF<\/td>\n<td style=\"padding:10px; border:1px solid #ddd;\">\u20ac300+<\/td>\n<td style=\"padding:10px; border:1px solid #ddd;\">31 d\u00e9cembre 2026<\/td>\n<td style=\"padding:10px; border:1px solid #ddd;\">Economisez beaucoup en commandant plus de \u20ac300 !<\/td>\n<td style=\"padding:10px; border:1px solid #ddd;\">\ud83d\udcb8 D\u00e9pensez intelligemment, \u00e9conomisez plus ! Obtenir <b>2% OFF<\/b> les commandes sup\u00e9rieures \u00e0 300 euros.<\/td>\n<\/tr>\n<tr>\n<td style=\"padding:10px; border:1px solid #ddd;\"><b>BULKSAVE<\/b><\/td>\n<td style=\"padding:10px; border:1px solid #ddd;\">3% OFF<\/td>\n<td style=\"padding:10px; border:1px solid #ddd;\">\u20ac500+<\/td>\n<td style=\"padding:10px; border:1px solid #ddd;\">31 d\u00e9cembre 2026<\/td>\n<td style=\"padding:10px; border:1px solid #ddd;\">B\u00e9n\u00e9ficiez d'\u00e9conomies plus importantes pour les commandes sup\u00e9rieures \u00e0 500 euros !<\/td>\n<td style=\"padding:10px; border:1px solid #ddd;\">\ud83d\ude9b Grosses commandes = grosses r\u00e9compenses ! <b>3% OFF<\/b> plus de 500 euros.<\/td>\n<\/tr>\n<tr>\n<td style=\"padding:10px; border:1px solid #ddd;\"><b>BULKSAVE1500<\/b><\/td>\n<td style=\"padding:10px; border:1px solid #ddd;\">3.01% OFF<\/td>\n<td style=\"padding:10px; border:1px solid #ddd;\">\u20ac1500+<\/td>\n<td style=\"padding:10px; border:1px solid #ddd;\">31 d\u00e9cembre 2026<\/td>\n<td style=\"padding:10px; border:1px solid #ddd;\">Remise sp\u00e9ciale pour les acheteurs de gros volumes.<\/td>\n<td style=\"padding:10px; border:1px solid #ddd;\">\ud83c\udff7\ufe0f Mega Saver ! D\u00e9pensez \u20ac1500+ &amp; recevez <b>3.01% OFF<\/b>.<\/td>\n<\/tr>\n<tr>\n<td style=\"padding:10px; border:1px solid #ddd;\"><b>NOV2026<\/b><\/td>\n<td style=\"padding:10px; border:1px solid #ddd;\">5 \u20ac DE R\u00c9DUCTION<\/td>\n<td style=\"padding:10px; border:1px solid #ddd;\">\u20ac90+<\/td>\n<td style=\"padding:10px; border:1px solid #ddd;\">30 novembre 2026<\/td>\n<td style=\"padding:10px; border:1px solid #ddd;\">\ud83c\udf41 Sp\u00e9cial novembre - 5 \u20ac de r\u00e9duction sur votre panier !<\/td>\n<td style=\"padding:10px; border:1px solid #ddd;\">\ud83c\udf42 Economisez \u20ac5 instantan\u00e9ment avec <b>NOV2026<\/b> tout au long du mois de novembre !<\/td>\n<\/tr>\n<tr>\n<td style=\"padding:10px; border:1px solid #ddd;\"><b>BlackFriday<\/b><\/td>\n<td style=\"padding:10px; border:1px solid #ddd;\">10 \u20ac DE R\u00c9DUCTION<\/td>\n<td style=\"padding:10px; border:1px solid #ddd;\">\u20ac90+<\/td>\n<td style=\"padding:10px; border:1px solid #ddd;\">27 novembre 2026<\/td>\n<td style=\"padding:10px; border:1px solid #ddd;\">\u00c9conomies sp\u00e9ciales pour le vendredi noir sur les commandes \u00e9ligibles.<\/td>\n<td style=\"padding:10px; border:1px solid #ddd;\">\ud83d\udda4 Black Friday Steal : Obtenez <b>10 \u20ac DE R\u00c9DUCTION<\/b> \u00e0 partir de 90 \u20ac d'achat !<\/td>\n<\/tr>\n<tr>\n<td style=\"padding:10px; border:1px solid #ddd;\"><b>CyberMonday<\/b><\/td>\n<td style=\"padding:10px; border:1px solid #ddd;\">10 \u20ac DE R\u00c9DUCTION<\/td>\n<td style=\"padding:10px; border:1px solid #ddd;\">\u20ac90+<\/td>\n<td style=\"padding:10px; border:1px solid #ddd;\">30 novembre 2026<\/td>\n<td style=\"padding:10px; border:1px solid #ddd;\">Extension du Cyber Monday - plus de temps pour \u00e9conomiser !<\/td>\n<td style=\"padding:10px; border:1px solid #ddd;\">\ud83d\udcbb Cliquer, acheter, \u00e9conomiser : <b>10 \u20ac DE R\u00c9DUCTION<\/b> commandes \u20ac90+ !<\/td>\n<\/tr>\n<tr>\n<td style=\"padding:10px; border:1px solid #ddd;\"><b>ChristmasDay<\/b><\/td>\n<td style=\"padding:10px; border:1px solid #ddd;\">10 \u20ac DE R\u00c9DUCTION<\/td>\n<td style=\"padding:10px; border:1px solid #ddd;\">\u20ac90+<\/td>\n<td style=\"padding:10px; border:1px solid #ddd;\">26 d\u00e9cembre 2026<\/td>\n<td style=\"padding:10px; border:1px solid #ddd;\">Des \u00e9conomies festives pour les acheteurs de No\u00ebl.<\/td>\n<td style=\"padding:10px; border:1px solid #ddd;\">\ud83c\udf84 Unwrap <b>10 \u20ac DE R\u00c9DUCTION<\/b> sur 90\u20ac et plus \u00e0 No\u00ebl !<\/td>\n<\/tr>\n<tr>\n<td style=\"padding:10px; border:1px solid #ddd;\"><b>BoxingDay<\/b><\/td>\n<td style=\"padding:10px; border:1px solid #ddd;\">10 \u20ac DE R\u00c9DUCTION<\/td>\n<td style=\"padding:10px; border:1px solid #ddd;\">\u20ac90+<\/td>\n<td style=\"padding:10px; border:1px solid #ddd;\">27 d\u00e9cembre 2026<\/td>\n<td style=\"padding:10px; border:1px solid #ddd;\">Offre du lendemain de No\u00ebl sur les paniers \u00e9ligibles.<\/td>\n<td style=\"padding:10px; border:1px solid #ddd;\">\ud83c\udf81 Day-After Deal : <b>10 \u20ac DE R\u00c9DUCTION<\/b> \u00e0 partir de 90 \u20ac d'achat.<\/td>\n<\/tr>\n<tr>\n<td style=\"padding:10px; border:1px solid #ddd;\"><b>NewYearDay<\/b><\/td>\n<td style=\"padding:10px; border:1px solid #ddd;\">10 \u20ac DE R\u00c9DUCTION<\/td>\n<td style=\"padding:10px; border:1px solid #ddd;\">\u20ac90+<\/td>\n<td style=\"padding:10px; border:1px solid #ddd;\">2 janvier 2027<\/td>\n<td style=\"padding:10px; border:1px solid #ddd;\">Commencez la nouvelle ann\u00e9e en r\u00e9alisant des \u00e9conomies imm\u00e9diates.<\/td>\n<td style=\"padding:10px; border:1px solid #ddd;\">\ud83c\udf86 Nouvelle ann\u00e9e, nouvelles \u00e9conomies : <b>10 \u20ac DE R\u00c9DUCTION<\/b> \u20ac90+!<\/td>\n<\/tr>\n<p><!-- 2026 Monthly Coupons --><\/p>\n<tr>\n<td style=\"padding:10px; border:1px solid #ddd;\"><b>FEB2026<\/b><\/td>\n<td style=\"padding:10px; border:1px solid #ddd;\">5 \u20ac DE R\u00c9DUCTION<\/td>\n<td style=\"padding:10px; border:1px solid #ddd;\">\u20ac90+<\/td>\n<td style=\"padding:10px; border:1px solid #ddd;\">28 f\u00e9vrier 2026<\/td>\n<td style=\"padding:10px; border:1px solid #ddd;\">Offre de f\u00e9vrier - \u00e9conomies faciles \u00e0 r\u00e9aliser.<\/td>\n<td style=\"padding:10px; border:1px solid #ddd;\">\u2764\ufe0f J'adore le prix ! <b>5 \u20ac DE R\u00c9DUCTION<\/b> avec FEB2026.<\/td>\n<\/tr>\n<tr>\n<td style=\"padding:10px; border:1px solid #ddd;\"><b>MAR2026<\/b><\/td>\n<td style=\"padding:10px; border:1px solid #ddd;\">5 \u20ac DE R\u00c9DUCTION<\/td>\n<td style=\"padding:10px; border:1px solid #ddd;\">\u20ac90+<\/td>\n<td style=\"padding:10px; border:1px solid #ddd;\">31 mars 2026<\/td>\n<td style=\"padding:10px; border:1px solid #ddd;\">L'\u00e9pargne du mois de mars en toute simplicit\u00e9.<\/td>\n<td style=\"padding:10px; border:1px solid #ddd;\">\ud83c\udf31 D\u00e9marrage au printemps : <b>5 \u20ac DE R\u00c9DUCTION<\/b> avec MAR2026.<\/td>\n<\/tr>\n<tr>\n<td style=\"padding:10px; border:1px solid #ddd;\"><b>APR2026<\/b><\/td>\n<td style=\"padding:10px; border:1px solid #ddd;\">5 \u20ac DE R\u00c9DUCTION<\/td>\n<td style=\"padding:10px; border:1px solid #ddd;\">\u20ac90+<\/td>\n<td style=\"padding:10px; border:1px solid #ddd;\">30 avril 2026<\/td>\n<td style=\"padding:10px; border:1px solid #ddd;\">Bonus panier d'avril.<\/td>\n<td style=\"padding:10px; border:1px solid #ddd;\">\ud83c\udf38 Des affaires fra\u00eeches : <b>5 \u20ac DE R\u00c9DUCTION<\/b> APR2026.<\/td>\n<\/tr>\n<tr>\n<td style=\"padding:10px; border:1px solid #ddd;\"><b>MAY2026<\/b><\/td>\n<td style=\"padding:10px; border:1px solid #ddd;\">5 \u20ac DE R\u00c9DUCTION<\/td>\n<td style=\"padding:10px; border:1px solid #ddd;\">\u20ac90+<\/td>\n<td style=\"padding:10px; border:1px solid #ddd;\">31 mai 2026<\/td>\n<td style=\"padding:10px; border:1px solid #ddd;\">Economies sp\u00e9ciales en mai.<\/td>\n<td style=\"padding:10px; border:1px solid #ddd;\">\ud83c\udf3c Des \u00e9conomies substantielles gr\u00e2ce \u00e0 <b>MAY2026<\/b>.<\/td>\n<\/tr>\n<tr>\n<td style=\"padding:10px; border:1px solid #ddd;\"><b>JUN2026<\/b><\/td>\n<td style=\"padding:10px; border:1px solid #ddd;\">5 \u20ac DE R\u00c9DUCTION<\/td>\n<td style=\"padding:10px; border:1px solid #ddd;\">\u20ac90+<\/td>\n<td style=\"padding:10px; border:1px solid #ddd;\">30 juin 2026<\/td>\n<td style=\"padding:10px; border:1px solid #ddd;\">Prime d'encaissement pour le mois de juin.<\/td>\n<td style=\"padding:10px; border:1px solid #ddd;\">\u2600\ufe0f \u00c9conomisez l'\u00e9t\u00e9 : <b>5 \u20ac DE R\u00c9DUCTION<\/b> JUN2026.<\/td>\n<\/tr>\n<tr>\n<td style=\"padding:10px; border:1px solid #ddd;\"><b>JUL2026<\/b><\/td>\n<td style=\"padding:10px; border:1px solid #ddd;\">5 \u20ac DE R\u00c9DUCTION<\/td>\n<td style=\"padding:10px; border:1px solid #ddd;\">\u20ac90+<\/td>\n<td style=\"padding:10px; border:1px solid #ddd;\">31 juillet 2026<\/td>\n<td style=\"padding:10px; border:1px solid #ddd;\">Offre du mois de juillet.<\/td>\n<td style=\"padding:10px; border:1px solid #ddd;\">\ud83d\udd25 Chauffer les \u00e9conomies avec JUL2026.<\/td>\n<\/tr>\n<tr>\n<td style=\"padding:10px; border:1px solid #ddd;\"><b>AUG2026<\/b><\/td>\n<td style=\"padding:10px; border:1px solid #ddd;\">5 \u20ac DE R\u00c9DUCTION<\/td>\n<td style=\"padding:10px; border:1px solid #ddd;\">\u20ac90+<\/td>\n<td style=\"padding:10px; border:1px solid #ddd;\">31 ao\u00fbt 2026<\/td>\n<td style=\"padding:10px; border:1px solid #ddd;\">Remise facile pour le mois d'ao\u00fbt.<\/td>\n<td style=\"padding:10px; border:1px solid #ddd;\">\ud83c\udf1e Sauvegarde en un clic : AUG2026.<\/td>\n<\/tr>\n<tr>\n<td style=\"padding:10px; border:1px solid #ddd;\"><b>SEP2026<\/b><\/td>\n<td style=\"padding:10px; border:1px solid #ddd;\">5 \u20ac DE R\u00c9DUCTION<\/td>\n<td style=\"padding:10px; border:1px solid #ddd;\">\u20ac90+<\/td>\n<td style=\"padding:10px; border:1px solid #ddd;\">30 septembre 2026<\/td>\n<td style=\"padding:10px; border:1px solid #ddd;\">Prime de septembre.<\/td>\n<td style=\"padding:10px; border:1px solid #ddd;\">\ud83c\udf41 \u00c9conomies d'automne avec SEP2026.<\/td>\n<\/tr>\n<tr>\n<td style=\"padding:10px; border:1px solid #ddd;\"><b>OCT2026<\/b><\/td>\n<td style=\"padding:10px; border:1px solid #ddd;\">5 \u20ac DE R\u00c9DUCTION<\/td>\n<td style=\"padding:10px; border:1px solid #ddd;\">\u20ac90+<\/td>\n<td style=\"padding:10px; border:1px solid #ddd;\">31 octobre 2026<\/td>\n<td style=\"padding:10px; border:1px solid #ddd;\">Traitements d'octobre.<\/td>\n<td style=\"padding:10px; border:1px solid #ddd;\">\ud83c\udf83 Bonne affaire : OCT2026.<\/td>\n<\/tr>\n<tr>\n<td style=\"padding:10px; border:1px solid #ddd;\"><b>DEC2026<\/b><\/td>\n<td style=\"padding:10px; border:1px solid #ddd;\">5 \u20ac DE R\u00c9DUCTION<\/td>\n<td style=\"padding:10px; border:1px solid #ddd;\">\u20ac90+<\/td>\n<td style=\"padding:10px; border:1px solid #ddd;\">31 d\u00e9cembre 2026<\/td>\n<td style=\"padding:10px; border:1px solid #ddd;\">Prime de fin d'ann\u00e9e en d\u00e9cembre.<\/td>\n<td style=\"padding:10px; border:1px solid #ddd;\">\ud83c\udf84 Finir fort : <b>5 \u20ac DE R\u00c9DUCTION<\/b> DEC2026.<\/td>\n<\/tr>\n<\/tbody>\n<\/table>\n\t<div id=\"gap-1090811567\" class=\"gap-element clearfix\" style=\"display:block; height:auto;\">\n\t\t\n<style>\n#gap-1090811567 {\n  padding-top: 30px;\n}\n<\/style>\n\t<\/div>\n\t\n<div class=\"container section-title-container\" ><h3 class=\"section-title section-title-normal\"><b aria-hidden=\"true\"><\/b><span class=\"section-title-main\" >Gagner avec AIVIOU Vapes<\/span><b aria-hidden=\"true\"><\/b><\/h3><\/div>\n<p>Rejoignez l'une des marques de vape \u00e0 la croissance la plus rapide et commencez \u00e0 gagner de l'argent. <strong>15%<\/strong> commission sur chaque vente ! AIVIOU Vapes propose une gamme premium de vapes jetables, d'e-liquides et d'accessoires que les clients adorent, ce qui permet aux affili\u00e9s de gagner tr\u00e8s facilement des commissions. Avec des produits qui se vendent tr\u00e8s bien, des taux de conversion \u00e9lev\u00e9s et de nouvelles promotions chaque mois, le partenariat avec AIVIOU Vapes signifie que vos gains peuvent augmenter rapidement. \ud83d\udca8<\/p>\n<p><strong>\ud83d\udc49 Rejoignez-nous aujourd'hui et commencez \u00e0 gagner de l'argent avec AIVIOU Vapes - o\u00f9 la saveur rencontre le profit !<\/strong><\/p>\n<a href=\"https:\/\/ui.awin.com\/express-signup\/us\/awin\/121568\/d01af3da-9031-45f4-bc25-92d66ffdc756?t=VVP9UbjOfvjddyNyvkNBB71Pni2G_dqZqpIZPRdRWII\" target=\"_blank\" class=\"button primary\" rel=\"noopener\">\n\t\t<span>Rejoindre l'affili\u00e9 Aiviou Vapes<\/span>\n\t<\/a>","protected":false},"excerpt":{"rendered":"<p>\ud83c\udf9f\ufe0f Coupon Code \ud83d\udcb0 Discount \ud83d\uded2 Minimum Order \ud83d\udcc5 Valid Until \ud83e\udded Description \ud83d\udce2 Suggested Ad Line BULKSAVE300 2% OFF \u20ac300+ Dec 31, 2026 Save big when you order over \u20ac300! \ud83d\udcb8 Spend Smart, Save More! Get 2% OFF orders above \u20ac300. BULKSAVE 3% OFF \u20ac500+ Dec 31, 2026 Enjoy bigger savings for orders over [&#8230;]\n","protected":false},"author":1,"featured_media":0,"parent":0,"menu_order":0,"comment_status":"closed","ping_status":"closed","template":"page-blank-title-center.php","meta":{"footnotes":""},"class_list":["post-5173","page","type-page","status-publish","hentry"],"jetpack_sharing_enabled":true,"_links":{"self":[{"href":"https:\/\/aiviouvapes.com\/fr\/wp-json\/wp\/v2\/pages\/5173","targetHints":{"allow":["GET"]}}],"collection":[{"href":"https:\/\/aiviouvapes.com\/fr\/wp-json\/wp\/v2\/pages"}],"about":[{"href":"https:\/\/aiviouvapes.com\/fr\/wp-json\/wp\/v2\/types\/page"}],"author":[{"embeddable":true,"href":"https:\/\/aiviouvapes.com\/fr\/wp-json\/wp\/v2\/users\/1"}],"replies":[{"embeddable":true,"href":"https:\/\/aiviouvapes.com\/fr\/wp-json\/wp\/v2\/comments?post=5173"}],"version-history":[{"count":8,"href":"https:\/\/aiviouvapes.com\/fr\/wp-json\/wp\/v2\/pages\/5173\/revisions"}],"predecessor-version":[{"id":105685,"href":"https:\/\/aiviouvapes.com\/fr\/wp-json\/wp\/v2\/pages\/5173\/revisions\/105685"}],"wp:attachment":[{"href":"https:\/\/aiviouvapes.com\/fr\/wp-json\/wp\/v2\/media?parent=5173"}],"curies":[{"name":"wp","href":"https:\/\/api.w.org\/{rel}","templated":true}]}}