{"id":4558,"date":"2024-08-21T10:35:58","date_gmt":"2024-08-21T10:35:58","guid":{"rendered":"https:\/\/aiviouvapes.com\/?page_id=4558"},"modified":"2024-11-29T02:58:48","modified_gmt":"2024-11-28T18:58:48","slug":"payment-method","status":"publish","type":"page","link":"https:\/\/aiviouvapes.com\/fr\/payment-method\/","title":{"rendered":"Mode de paiement"},"content":{"rendered":"<div class=\"row\"  id=\"row-2058568675\">\n\n\t<div id=\"col-1930713024\" class=\"col medium-6 small-12 large-6\"  >\n\t\t\t\t<div class=\"col-inner\"  >\n\t\t\t\n\t\t\t\n<p>Bienvenue \u00e0 <strong>AiviouVape<\/strong> \u2013 votre destination mondiale de confiance pour les produits de vape jetables de qualit\u00e9 sup\u00e9rieure. Avec une exp\u00e9dition dans le monde entier, nous nous engageons \u00e0 servir les clients du monde entier.<\/p>\n<p><strong>Chez AiviouVape, nous privil\u00e9gions la commodit\u00e9 et la s\u00e9curit\u00e9 pour am\u00e9liorer votre exp\u00e9rience d&#039;achat. Nous proposons une vari\u00e9t\u00e9 d&#039;options de paiement pour r\u00e9pondre \u00e0 vos besoins :<\/strong><\/p>\n<p>1. **PayPal** : Profitez de paiements s\u00e9curis\u00e9s et faciles avec PayPal sur notre plateforme. <strong>(20% TVA)<\/strong><\/p>\n<p>2. **Carte de cr\u00e9dit** : Nous acceptons toutes les principales cartes de cr\u00e9dit, garantissant une exp\u00e9rience de paiement simple et fiable. <strong>(20% TVA)<\/strong><\/p>\n<p>3. **Virement bancaire** : Pour ceux qui pr\u00e9f\u00e8rent les m\u00e9thodes traditionnelles, nous prenons en charge les virements bancaires comme option s\u00e9curis\u00e9e. <strong>(PAS DE TVA)<\/strong><\/p>\n<p>4. **Crypto-monnaie** : Adoptez la finance moderne avec notre option de paiement en crypto-monnaie. <strong>(PAS DE TVA)<\/strong><\/p>\n<p>5. **Wise Transfer** : B\u00e9n\u00e9ficiez de paiements rentables et efficaces gr\u00e2ce \u00e0 Wise Transfer. <strong>(PAS DE TVA)<\/strong><\/p>\n<p>Si vous avez des questions ou des demandes de paiement sp\u00e9cifiques, veuillez contacter notre \u00e9quipe du service client. Nous sommes l\u00e0 pour garantir votre exp\u00e9rience avec <strong>AiviouVape<\/strong> est fluide, s\u00e9curis\u00e9 et satisfaisant.<\/p>\n<p><strong>Merci d&#039;avoir fait confiance \u00e0 AiviouVape comme source de produits de vape jetables de qualit\u00e9.<\/strong><\/p>\n\t\t<\/div>\n\t\t\t\t\t<\/div>\n\n\t\n\n\t<div id=\"col-581569276\" class=\"col medium-6 small-12 large-6\"  >\n\t\t\t\t<div class=\"col-inner\"  >\n\t\t\t\n\t\t\t\n\t<div class=\"img has-hover x md-x lg-x y md-y lg-y\" id=\"image_267186742\">\n\t\t\t\t\t\t\t\t<div class=\"img-inner dark\" >\n\t\t\t<img loading=\"lazy\" decoding=\"async\" width=\"1020\" height=\"797\" src=\"https:\/\/i0.wp.com\/aiviouvapes.com\/wp-content\/uploads\/2024\/08\/%E5%AE%A3%E4%BC%A0%E5%9B%BE2-2.jpg?fit=1020%2C797&amp;ssl=1\" class=\"attachment-large size-large\" alt=\"Mode de paiement\" title=\"\">\t\t\t\t\t\t\n\t\t\t\t\t<\/div>\n\t\t\t\t\t\t\t\t\n<style>\n#image_267186742 {\n  width: 100%;\n}\n<\/style>\n\t<\/div>\n\t\n\t\t<\/div>\n\t\t\t\t\t<\/div>\n\n\t\n<\/div>\n<div class=\"row align-middle\"  id=\"row-974016202\">\n\n\t<div id=\"col-154045870\" class=\"col small-12 large-12\"  >\n\t\t\t\t<div class=\"col-inner text-center\"  >\n\t\t\t\n\t\t\t\n<a href=\"https:\/\/aiviouvapes.com\/fr\/shop\/\" class=\"button primary is-shade is-larger box-shadow-4 box-shadow-5-hover\" style=\"border-radius:10px;\">\n\t\t<span>Achetez maintenant<\/span>\n\t<\/a>\n\n\t\t<\/div>\n\t\t\t\t\n<style>\n#col-154045870 > .col-inner {\n  padding: 20px 0px 0px 0px;\n}\n<\/style>\n\t<\/div>\n\n\t\n<\/div>","protected":false},"excerpt":{"rendered":"","protected":false},"author":1,"featured_media":0,"parent":0,"menu_order":0,"comment_status":"closed","ping_status":"closed","template":"page-blank-title-center.php","meta":{"footnotes":""},"class_list":["post-4558","page","type-page","status-publish","hentry"],"jetpack_sharing_enabled":true,"_links":{"self":[{"href":"https:\/\/aiviouvapes.com\/fr\/wp-json\/wp\/v2\/pages\/4558","targetHints":{"allow":["GET"]}}],"collection":[{"href":"https:\/\/aiviouvapes.com\/fr\/wp-json\/wp\/v2\/pages"}],"about":[{"href":"https:\/\/aiviouvapes.com\/fr\/wp-json\/wp\/v2\/types\/page"}],"author":[{"embeddable":true,"href":"https:\/\/aiviouvapes.com\/fr\/wp-json\/wp\/v2\/users\/1"}],"replies":[{"embeddable":true,"href":"https:\/\/aiviouvapes.com\/fr\/wp-json\/wp\/v2\/comments?post=4558"}],"version-history":[{"count":0,"href":"https:\/\/aiviouvapes.com\/fr\/wp-json\/wp\/v2\/pages\/4558\/revisions"}],"wp:attachment":[{"href":"https:\/\/aiviouvapes.com\/fr\/wp-json\/wp\/v2\/media?parent=4558"}],"curies":[{"name":"wp","href":"https:\/\/api.w.org\/{rel}","templated":true}]}}