{"id":10,"date":"2024-08-12T12:49:21","date_gmt":"2024-08-12T12:49:21","guid":{"rendered":"https:\/\/aiviouvapes.com\/?page_id=10"},"modified":"2024-12-26T09:53:11","modified_gmt":"2024-12-26T01:53:11","slug":"refund_returns","status":"publish","type":"page","link":"https:\/\/aiviouvapes.com\/fr\/refund_returns\/","title":{"rendered":"Politique de remboursement et de retour"},"content":{"rendered":"<h2 class=\"wp-block-heading\">Politique de remboursement d'AiviouVape<\/h2>\r\n<p><strong>Politique de retour de 7 jours<\/strong><\/p>\r\n<p>Chez AiviouVape, nous sommes heureux de proposer une politique de retour de 7 jours. Cela signifie qu&#039;\u00e0 compter du jour o\u00f9 vous recevez votre article, vous disposez de sept jours pour lancer une demande de retour si vous n&#039;\u00eates pas satisfait de votre achat.<\/p>\r\n<p><strong>Admissibilit\u00e9 au retour<\/strong><\/p>\r\n<p>Pour pouvoir b\u00e9n\u00e9ficier d&#039;un retour, votre article doit \u00eatre dans l&#039;\u00e9tat dans lequel il a \u00e9t\u00e9 re\u00e7u, c&#039;est-\u00e0-dire non utilis\u00e9, avec les \u00e9tiquettes attach\u00e9es et dans son emballage d&#039;origine. Veuillez vous assurer d&#039;avoir le re\u00e7u ou la preuve d&#039;achat pour faciliter le processus de retour.<\/p>\r\n<p><strong>Comment commencer un retour<\/strong><\/p>\r\n<p>Si vous souhaitez effectuer un retour, contactez-nous \u00e0 l&#039;adresse support@aiviouvape.com. Une fois votre retour approuv\u00e9, nous vous fournirons une \u00e9tiquette d&#039;exp\u00e9dition de retour pr\u00e9pay\u00e9e et des instructions sur la fa\u00e7on d&#039;envoyer votre colis. Les retours envoy\u00e9s sans autorisation pr\u00e9alable ne seront pas accept\u00e9s, veuillez donc nous contacter au pr\u00e9alable.<\/p>\r\n<p><strong>Signaler des dommages et des probl\u00e8mes<\/strong><\/p>\r\n<p>Nous vous encourageons \u00e0 inspecter votre commande d\u00e8s son arriv\u00e9e. Si vous d\u00e9couvrez que votre article est endommag\u00e9, d\u00e9fectueux ou incorrect, veuillez nous contacter imm\u00e9diatement afin que nous puissions r\u00e9soudre rapidement le probl\u00e8me.<\/p>\r\n<p><strong>Articles non \u00e9ligibles au retour<\/strong><\/p>\r\n<p>Certains produits ne peuvent pas \u00eatre retourn\u00e9s, notamment les denr\u00e9es p\u00e9rissables, les articles sur mesure, les articles de soins personnels, les mati\u00e8res dangereuses et les liquides ou gaz inflammables. Si vous n&#039;\u00eates pas s\u00fbr de l&#039;\u00e9ligibilit\u00e9 d&#039;un article sp\u00e9cifique, veuillez nous contacter pour obtenir des \u00e9claircissements.<\/p>\r\n<p><strong>Processus d&#039;\u00e9change<\/strong><\/p>\r\n<p>Pour les \u00e9changes, nous vous recommandons de retourner d&#039;abord l&#039;article d&#039;origine. Une fois le retour approuv\u00e9, vous pouvez passer une commande s\u00e9par\u00e9e pour le nouvel article afin de garantir un traitement rapide.<\/p>\r\n<p><strong>D\u00e9lai de r\u00e9flexion de 14 jours pour les clients de l&#039;UE<\/strong><\/p>\r\n<p>Pour les clients de l&#039;Union europ\u00e9enne, nous offrons un d\u00e9lai de r\u00e9flexion de 14 jours. Cela signifie que vous pouvez annuler ou retourner votre commande dans les 14 jours suivant sa r\u00e9ception, sans fournir de motif. Les articles doivent \u00eatre dans leur \u00e9tat d&#039;origine, non utilis\u00e9s, avec les \u00e9tiquettes attach\u00e9es et dans leur emballage d&#039;origine. Un re\u00e7u ou une preuve d&#039;achat sera \u00e9galement exig\u00e9.<\/p>\r\n<p><strong>Processus de remboursement<\/strong><\/p>\r\n<p>Apr\u00e8s avoir re\u00e7u et inspect\u00e9 votre retour, nous vous informerons du statut d&#039;approbation du remboursement. Si le remboursement est approuv\u00e9, nous traiterons le remboursement sur votre mode de paiement d&#039;origine dans un d\u00e9lai de 10 jours ouvrables. Veuillez noter que votre banque ou votre fournisseur de carte de cr\u00e9dit peut avoir besoin de plus de temps pour effectuer le remboursement. Si vous n&#039;avez pas re\u00e7u votre remboursement dans les 15 jours ouvrables suivant l&#039;approbation, veuillez nous contacter \u00e0 l&#039;adresse support@aiviouvape.com.<\/p>\r\n<p><strong>Merci d&#039;avoir choisi AiviouVape. Votre satisfaction reste notre priorit\u00e9 absolue.<\/strong><\/p>\r\n\r\n<div class=\"row align-middle\"  id=\"row-1605601196\"> \n\t<div id=\"col-1026146727\" class=\"col small-12 large-12\"  >\n\t\t\t\t<div class=\"col-inner text-center\"  >\n\t\t\t\n\t\t\t <a href=\"https:\/\/aiviouvapes.com\/fr\/shop\/\" class=\"button primary is-shade is-larger box-shadow-4 box-shadow-5-hover\" style=\"border-radius:10px;\">\n\t\t<span>Achetez maintenant<\/span>\n\t<\/a>\n \t\t<\/div>\n\t\t\t\t\n<style>\n#col-1026146727 > .col-inner {\n  padding: 20px 0px 0px 0px;\n}\n<\/style>\n\t<\/div>\n\n\t <\/div>","protected":false},"excerpt":{"rendered":"<p>AiviouVape Refund Policy 7-Day Return Policy We at AiviouVape are pleased to offer a 7-day return policy. This means that from the day you receive your item, you have seven days to initiate a return request if you are unsatisfied with your purchase. Return Eligibility To qualify for a return, your item must remain in [&#8230;]\n","protected":false},"author":1,"featured_media":0,"parent":0,"menu_order":0,"comment_status":"closed","ping_status":"closed","template":"page-blank-title-center.php","meta":{"footnotes":""},"class_list":["post-10","page","type-page","status-publish","hentry"],"jetpack_sharing_enabled":true,"_links":{"self":[{"href":"https:\/\/aiviouvapes.com\/fr\/wp-json\/wp\/v2\/pages\/10","targetHints":{"allow":["GET"]}}],"collection":[{"href":"https:\/\/aiviouvapes.com\/fr\/wp-json\/wp\/v2\/pages"}],"about":[{"href":"https:\/\/aiviouvapes.com\/fr\/wp-json\/wp\/v2\/types\/page"}],"author":[{"embeddable":true,"href":"https:\/\/aiviouvapes.com\/fr\/wp-json\/wp\/v2\/users\/1"}],"replies":[{"embeddable":true,"href":"https:\/\/aiviouvapes.com\/fr\/wp-json\/wp\/v2\/comments?post=10"}],"version-history":[{"count":0,"href":"https:\/\/aiviouvapes.com\/fr\/wp-json\/wp\/v2\/pages\/10\/revisions"}],"wp:attachment":[{"href":"https:\/\/aiviouvapes.com\/fr\/wp-json\/wp\/v2\/media?parent=10"}],"curies":[{"name":"wp","href":"https:\/\/api.w.org\/{rel}","templated":true}]}}