{"id":96564,"date":"2025-12-30T15:20:04","date_gmt":"2025-12-30T07:20:04","guid":{"rendered":"https:\/\/aiviouvapes.com\/?post_type=product&#038;p=96564"},"modified":"2026-03-17T10:01:26","modified_gmt":"2026-03-17T02:01:26","slug":"bang-legend-140k","status":"publish","type":"product","link":"https:\/\/aiviouvapes.com\/et\/product\/bang-legend-140k\/","title":{"rendered":"BANG LEGEND 140K | kolmekordne v\u00f5imalus 140000 puff, kaksikv\u00f5rk, laetav, lahtiselt \u00fchekordselt kasutatav vape"},"content":{"rendered":"<h2>\ud83d\udd25 Miks valida BANG LEGEND 140K?<\/h2>\n<ul>\n<li>\ud83d\udca5 Massiivne <strong>140,000 puffide mahutavus<\/strong> - \u00fcks suurimaid \u00fchekordselt kasutatavaid vapesid turul<\/li>\n<li>\ud83c\udfa8 <strong>Kolmekordsed valikud (3-in-1)<\/strong> - vahetada kolme maitse vahel \u00fches seadmes<\/li>\n<li>\u2601\ufe0f <strong>Kahe v\u00f5rguga m\u00e4his<\/strong> - sujuvad tabamused, tihedad pilved ja stabiilne maitsekogus<\/li>\n<li>\ud83d\udd0b <strong>Laetav 550mAh aku<\/strong> kaasaegse Type-C kiirlaadimisega<\/li>\n<li>\ud83d\udcb0 <strong>Ideaalne hulgim\u00fc\u00fcgi ja lahtiste tellimuste jaoks<\/strong> - ideaalne vape-poodidele ja turustajatele<\/li>\n<li>\ud83d\uded2 K\u00f5rge kliendipidavus - v\u00e4hem vahetusi, suurem rahulolu<\/li>\n<\/ul>\n<hr \/>\n<h3>\ud83d\udccb BANG LEGEND 140K spetsifikatsioonid<\/h3>\n<table>\n<tbody>\n<tr>\n<td><strong>Toote nimi<\/strong><\/td>\n<td>BANG LEGEND Triple Options \u00fchekordselt kasutatav Vape<\/td>\n<\/tr>\n<tr>\n<td><strong>Kokku Puffs<\/strong><\/td>\n<td>Kuni 140,000 puffi<\/td>\n<\/tr>\n<tr>\n<td><strong>Maitses\u00fcsteem<\/strong><\/td>\n<td>3-in-1 kolmekordsed valikud<\/td>\n<\/tr>\n<tr>\n<td><strong>M\u00e4hise t\u00fc\u00fcp<\/strong><\/td>\n<td>1.0\u03a9 Dual Mesh Coil<\/td>\n<\/tr>\n<tr>\n<td><strong>Aku mahutavus<\/strong><\/td>\n<td>550mAh laetav<\/td>\n<\/tr>\n<tr>\n<td><strong>Laadimisport<\/strong><\/td>\n<td>C-t\u00fc\u00fcpi kiirlaadimine<\/td>\n<\/tr>\n<tr>\n<td><strong>Nikotiini tugevus<\/strong><\/td>\n<td>Saadaval mitmes valikus (kohandatav hulgim\u00fc\u00fcgi jaoks)<\/td>\n<\/tr>\n<tr>\n<td><strong>Sihtturg<\/strong><\/td>\n<td>B2B hulgim\u00fc\u00fck, vape poed, turustajad<\/td>\n<\/tr>\n<\/tbody>\n<\/table>\n<hr \/>\n<h3>\ud83c\udf08 BANG LEGEND 140K Triple Flavor Options (maitsete tutvustus)<\/h3>\n<p><strong>Esimene v\u00f5imalus \ud83c\udf49\ud83c\udf6d\ud83c\udf6d<\/strong><br \/>\nMagus ja m\u00e4nguline segu jahutatud arbuusi, pehmete roosade puuviljade ja kommi stiilis magususega.<\/p>\n<p><strong>Teine v\u00f5imalus \ud83c\udf51\ud83c\udf4b\ud83c\udf4b<\/strong><br \/>\nPehme virsikuj\u00e4\u00e4tis, v\u00e4rskendav marja- ja melonijook ning s\u00e4rav tsitruseline maitse ja jaheda l\u00f5puga.<\/p>\n<p><strong>Kolmas v\u00f5imalus \ud83c\udf47\ud83e\udd6d<\/strong><br \/>\nTume viinamarjaj\u00e4\u00e4tis, troopiline mango ja segatud marjad, mis annavad julge puuviljareisi.<\/p>\n<p><strong>Neljas valik \ud83e\uded0\ud83c\udfdd\ufe0f<\/strong><br \/>\nJ\u00e4ised sinised marjad, troopilised puuviljad ja kuulus Love66 segu.<\/p>\n<p><strong>Viies v\u00f5imalus \ud83e\udd65\ud83c\udf4d<\/strong><br \/>\nSinipunased marjad, troopilised kollased puuviljad ja kreemjas kookosp\u00e4hkli-ananassi v\u00e4ljap\u00e4\u00e4s.<\/p>\n<p><strong>Kuues valikuv\u00f5imalus \ud83c\udf53\ud83c\udf4d<\/strong><br \/>\nMaasikamelon, mustika-virsik ja s\u00fcgavamarjane ananassij\u00e4\u00e4tis.<\/p>\n<p><strong>Seitsmes valik \ud83e\udd5d\ud83c\udf52<\/strong><br \/>\nKiivi-marjasegu, kihisev melon ja mustika-kirss-fusion.<\/p>\n<p><strong>Kaheksas valik \ud83d\udc09\ud83c\udf47<\/strong><br \/>\nMust draakonij\u00e4\u00e4, segatud marjad ja viinamarjamarjade v\u00e4gi.<\/p>\n<p><strong>\u00dcheksas valik \u26a1\ud83e\udd6d \u26a1\ud83e\udd6d<\/strong><br \/>\nApelsinipuu, energiline sinimari ja karge roheliste ja lillade puuviljade segu.<\/p>\n<p><strong>K\u00fcmnes valik \u2600\ufe0f\ud83c\udf4a<\/strong><br \/>\nKolmekordsed tsitrusviljade toonid koos marjade ja s\u00fcgavate siniste puuviljanootidega.<\/p>\n<p><strong>\u00dcheteistk\u00fcmnes valik \ud83c\udf4b\ud83c\udf48<\/strong><br \/>\nV\u00e4rske tsitruse, taimse meloni ja roosa draakonipuu meloni kombinatsioon.<\/p>\n<p><strong>Kaheteistk\u00fcmnes valik \ud83c\udf4c\ud83c\udf66<\/strong><br \/>\nJahutatud kollased puuviljad, kreemjad roosad magustoidutoonid ja marjane melonil\u00f5pp.<\/p>\n<hr \/>\n<h3>\u2753 Korduma kippuvad k\u00fcsimused (KKK) BANG LEGEND 140K kohta<\/h3>\n<p><strong>K: Mille poolest erineb BANG LEGEND 140K tavalisest \u00fchekordsest materjalist?<\/strong><br \/>\nV: See pakub kuni 140 000 puffi ja kolme maitset \u00fches seadmes, samas kui enamik \u00fchekordselt kasutatavaid tablette kestab vaid m\u00f5ned p\u00e4evad.<\/p>\n<p><strong>K: Kas see vape sobib suurtele kasutajatele?<\/strong><br \/>\nV: Jah \ud83d\udc4d See on m\u00f5eldud suurtele kasutajatele, kes soovivad pikka kasutamist ilma sagedase asendamiseta.<\/p>\n<p><strong>K: Kas vape-poed saavad seda lahtiselt tellida?<\/strong><br \/>\nV: Absoluutselt. See toode on optimeeritud hulgim\u00fc\u00fcgiks, hulgiostuks ja suure mahuga turustamiseks.<\/p>\n<p><strong>K: Kas seda on raske kasutada?<\/strong><br \/>\nV: Ei \u00fcldse mitte. Lihtsalt hingake sisse, et vampiirida. Kui aku on t\u00fchi, laadige seda C-t\u00fc\u00fcpi kaabli abil.<\/p>\n<p><strong>K: Kas B2B tellimuste puhul saab maitseid ja nikotiini tugevust kohandada?<\/strong><br \/>\nV: Jah. Kogusena ostjad saavad arutada maitse- ja nikotiinitasemete kohandamisv\u00f5imalusi.<\/p>\n<hr \/>\n<p><strong>BANG LEGEND 140K kolmekordne v\u00f5imalus \u00fchekordselt kasutatav vape<\/strong> on loodud suurtele kasutajatele, maitsejahtijatele ja professionaalsetele vape-kaupmeestele. T\u00e4nu \u00fclik\u00f5rgele puffide arvule, kolmekordsele maitse paindlikkusele ja laetavale j\u00f5udlusele on see tugev valik vape-poodidele, hulgim\u00fc\u00fcjatele ja turustajatele, kes soovivad pakkuda t\u00f5elist lipulaeva \u00fchekordset seadet. \ud83d\udca8\ud83d\udcbc<\/p>\n<p><strong>Suur varu. M\u00fc\u00fc targalt. Hakka legendiks.<\/strong> \ud83c\udfc6<\/p>\n<p><img data-recalc-dims=\"1\" loading=\"lazy\" decoding=\"async\" class=\"alignnone size-full wp-image-96630\" src=\"https:\/\/i0.wp.com\/aiviouvapes.com\/wp-content\/uploads\/2025\/12\/BANG-LEGEND-140K-13.jpg?resize=1020%2C1637&#038;ssl=1\" alt=\"BANG LEGEND 140K | kolmekordne valik 140 000 mahvi kahe v\u00f5rguga laetav \u00fchekordne vape\" width=\"1020\" height=\"1637\" title=\"\" srcset=\"https:\/\/i0.wp.com\/aiviouvapes.com\/wp-content\/uploads\/2025\/12\/BANG-LEGEND-140K-13.jpg?w=1196&amp;ssl=1 1196w, https:\/\/i0.wp.com\/aiviouvapes.com\/wp-content\/uploads\/2025\/12\/BANG-LEGEND-140K-13.jpg?resize=187%2C300&amp;ssl=1 187w, https:\/\/i0.wp.com\/aiviouvapes.com\/wp-content\/uploads\/2025\/12\/BANG-LEGEND-140K-13.jpg?resize=638%2C1024&amp;ssl=1 638w, https:\/\/i0.wp.com\/aiviouvapes.com\/wp-content\/uploads\/2025\/12\/BANG-LEGEND-140K-13.jpg?resize=768%2C1233&amp;ssl=1 768w, https:\/\/i0.wp.com\/aiviouvapes.com\/wp-content\/uploads\/2025\/12\/BANG-LEGEND-140K-13.jpg?resize=957%2C1536&amp;ssl=1 957w, https:\/\/i0.wp.com\/aiviouvapes.com\/wp-content\/uploads\/2025\/12\/BANG-LEGEND-140K-13.jpg?resize=7%2C12&amp;ssl=1 7w, https:\/\/i0.wp.com\/aiviouvapes.com\/wp-content\/uploads\/2025\/12\/BANG-LEGEND-140K-13.jpg?resize=800%2C1284&amp;ssl=1 800w\" sizes=\"auto, (max-width: 1020px) 100vw, 1020px\" \/><\/p>","protected":false},"excerpt":{"rendered":"<p>140 000 puffi. 3 maitset 1 seadmes. BANG LEGEND 140K on j\u00e4rgmise taseme kolmekordse valikuga \u00fchekordselt kasutatav vape, mis on m\u00f5eldud pikaajaliseks j\u00f5udluseks, rikkalikuks maitseks ja suure marginaaliga lahtiseks m\u00fc\u00fcgiks. \ud83d\ude80<\/p>","protected":false},"featured_media":96621,"comment_status":"open","ping_status":"closed","template":"","meta":[],"product_brand":[239],"product_cat":[37],"product_tag":[467,465,468,466,396],"class_list":{"0":"post-96564","1":"product","2":"type-product","3":"status-publish","4":"has-post-thumbnail","6":"product_brand-bang","7":"product_cat-bang","8":"product_tag-140000-puffs-vape","9":"product_tag-bang-legend-140k-disposable-vape","10":"product_tag-rechargeable-bulk-disposable-vape","11":"product_tag-triple-flavor-disposable-vape","12":"product_tag-wholesale-disposable-vape","14":"first","15":"instock","16":"shipping-taxable","17":"purchasable","18":"product-type-variable","19":"has-default-attributes"},"jetpack_sharing_enabled":true,"tiered_pricing_type":"fixed","tiered_pricing_fixed_rules":{"30":8.1699999999999999289457264239899814128875732421875,"50":6.61000000000000031974423109204508364200592041015625,"100":6.089999999999999857891452847979962825775146484375,"200":5.70000000000000017763568394002504646778106689453125,"400":5.12000000000000010658141036401502788066864013671875},"tiered_pricing_product_settings":{"layout":"default","base_unit_name":{"singular":null,"plural":null},"default_variation":null},"tiered_pricing_minimum_quantity":10,"tiered_pricing_roles_data":[],"tiered_pricing_percentage_rules":[],"tiered_pricing_maximum_quantity":null,"tiered_pricing_quantity_step":"10","_links":{"self":[{"href":"https:\/\/aiviouvapes.com\/et\/wp-json\/wp\/v2\/product\/96564","targetHints":{"allow":["GET"]}}],"collection":[{"href":"https:\/\/aiviouvapes.com\/et\/wp-json\/wp\/v2\/product"}],"about":[{"href":"https:\/\/aiviouvapes.com\/et\/wp-json\/wp\/v2\/types\/product"}],"replies":[{"embeddable":true,"href":"https:\/\/aiviouvapes.com\/et\/wp-json\/wp\/v2\/comments?post=96564"}],"wp:featuredmedia":[{"embeddable":true,"href":"https:\/\/aiviouvapes.com\/et\/wp-json\/wp\/v2\/media\/96621"}],"wp:attachment":[{"href":"https:\/\/aiviouvapes.com\/et\/wp-json\/wp\/v2\/media?parent=96564"}],"wp:term":[{"taxonomy":"product_brand","embeddable":true,"href":"https:\/\/aiviouvapes.com\/et\/wp-json\/wp\/v2\/product_brand?post=96564"},{"taxonomy":"product_cat","embeddable":true,"href":"https:\/\/aiviouvapes.com\/et\/wp-json\/wp\/v2\/product_cat?post=96564"},{"taxonomy":"product_tag","embeddable":true,"href":"https:\/\/aiviouvapes.com\/et\/wp-json\/wp\/v2\/product_tag?post=96564"}],"curies":[{"name":"wp","href":"https:\/\/api.w.org\/{rel}","templated":true}]}}