{"id":96,"date":"2024-08-13T13:19:43","date_gmt":"2024-08-13T05:19:43","guid":{"rendered":"https:\/\/aiviouvapes.com\/?post_type=product&#038;p=96"},"modified":"2026-04-17T13:02:44","modified_gmt":"2026-04-17T05:02:44","slug":"waspe-8000-puffs","status":"publish","type":"product","link":"https:\/\/aiviouvapes.com\/et\/product\/waspe-8000-puffs\/","title":{"rendered":"WASPE 8000 Puffs | 0%-5% nikotiin, lahtiselt \u00fchekordselt kasutatav vape"},"content":{"rendered":"<h2>WASPE 8000 pahvi | 0% 2% 3% 5% nikotiini laetav hulgi ostke \u00fchekordselt kasutatavaid vape hulgim\u00fc\u00fck<\/h2>\n<h3>WASPE 8000 Puffs \u00fclevaade<\/h3>\n<ul>\n<li><strong>K\u00f5rge puhumisv\u00f5imsus<\/strong>: Nautige kuni 8000 t\u00f5mmet, pakkudes pikemaajalist rahulolu aurustamisega.<\/li>\n<li><strong>Suur e-vedeliku mahuti<\/strong>: 16 ml mahutavus v\u00e4hendab t\u00e4itmisvajadust, suurendades mugavust.<\/li>\n<li><strong>Usaldusv\u00e4\u00e4rne aku<\/strong>: 650 mAh laetav aku t\u00f6\u00f6kindlaks ja kauakestvaks t\u00f6\u00f6ks.<\/li>\n<li><strong>Nikotiini valikud<\/strong>: Saadaval 0%, 2%, 3% ja 5%, mis vastavad erinevatele eelistustele.<\/li>\n<li><strong>Sujuv aurutootmine<\/strong>: 0,8 \u03a9 v\u00f5rgusilma m\u00e4his tagab rikkaliku, \u00fchtlase maitse ja auru.<\/li>\n<\/ul>\n<h3>WASPE 8000 Puffs funktsioonid<\/h3>\n<ul>\n<li><strong>Erakordne pikaealisus<\/strong>: 8000 mahvi seadme kohta suurep\u00e4rase v\u00e4\u00e4rtuse ja kauakestva naudingu tagamiseks.<\/li>\n<li><strong>Kaasaskantav disain<\/strong>: Kompaktne, klanitud ja h\u00f5lpsasti kaasaskantav liikvel olles.<\/li>\n<li><strong>Kasutajas\u00f5bralik<\/strong>: taaslaetav ja \u00fchekordselt kasutatav, pakkudes probleemivaba kogemust ilma hoolduseta.<\/li>\n<li><strong>Kiirlaadimine<\/strong>: Varustatud C-t\u00fc\u00fcpi pordiga kiireks ja t\u00f5husaks laadimiseks, minimeerides seisakuid.<\/li>\n<\/ul>\n<h3>WASPE 8000 Puffs maitsete valik<\/h3>\n<p>Arbuusij\u00e4\u00e4, viinamarjaj\u00e4\u00e4, maasikaarbuus, koolaj\u00e4\u00e4, lit\u0161ij\u00e4\u00e4, mustikaj\u00e4\u00e4, maasikaj\u00e4\u00e4, marjasegu, maasika-mango, lahe piparm\u00fcnt<\/p>\n<h3>Miks valida WASPE 8000 Puffs?<\/h3>\n<p>WASPE 8000 Puffs pakub t\u00e4iuslikku segu pikaealisusest, maitsest ja mugavusest elegantses ja kompaktses seadmes. Kuni 8000 paisukorra, hulga maitsvate maitsete ja kiire C-t\u00fc\u00fcpi laadimisega on see vape ideaalne kasutajatele, kes otsivad esmaklassilist ja probleemivaba kogemust. Hulgim\u00fc\u00fcgiks saadaval WASPE 8000 Puffs paistab silma kvaliteetse valikuna nii jaem\u00fc\u00fcjatele kui ka veileritele, pakkudes iga kord rahuldavat ja usaldusv\u00e4\u00e4rset veipimiskogemust.<\/p>\n<h3>Miks valida AiviouVapes?<\/h3>\n<p>Tere tulemast <a href=\"https:\/\/aiviouvapes.com\/et\/\">AiviouVapes<\/a> - teie usaldusv\u00e4\u00e4rne allikas premium, taskukohase <a href=\"https:\/\/aiviouvapes.com\/et\/shop\/\">hulgim\u00fc\u00fck \u00fchekordsed vapid<\/a> t\u00f5eliselt madalate hindadega. Omades \u00fcle viie aasta kogemust vape-t\u00f6\u00f6stuses, pakume uhkusega k\u00e4sitsi valitud valikut juhtivaid kaubam\u00e4rke, sealhulgas <a href=\"https:\/\/aiviouvapes.com\/et\/tootekategooria\/waspe\/\">WASPE<\/a>, <a href=\"https:\/\/aiviouvapes.com\/et\/tootekategooria\/bang\/\">Bang Vape<\/a>, <a href=\"https:\/\/aiviouvapes.com\/et\/tootekategooria\/vapme-vapes\/\">Vapme<\/a>ja <a href=\"https:\/\/aiviouvapes.com\/et\/tootekategooria\/mrvi\/\">MRVI<\/a>.<\/p>\n<p>Alates k\u00f5rge paisuga seadmetest nagu <a href=\"https:\/\/aiviouvapes.com\/et\/toode\/waspe-4-in-1-100000-puffs\/\">WASPE 100K 4-in-1 maitse<\/a> julgeid lemmikuid, nagu n\u00e4iteks <a href=\"https:\/\/aiviouvapes.com\/et\/toode\/bang-king-triple-flavors-85000\/\">Bang 85,000 Triple Puff<\/a>, ja isegi p\u00f5nevat <a class=\"woocommerce-LoopProduct-link woocommerce-loop-product__link\" href=\"https:\/\/aiviouvapes.com\/et\/toode\/mystery-vape-blind-box\/\">Salap\u00e4rane \u00fchekordselt kasutatav Vape Box<\/a>, iga toode on valitud parima kvaliteedi ja \u00fcletamatu hinna j\u00e4rgi. AiviouVapes'is saate nautida suurep\u00e4rast teenindust, hulgim\u00fc\u00fcgi kokkuhoidu ja kollektsiooni, mis on m\u00f5eldud teie aurutamisvajadustele.<\/p>\n<div class=\"row row-large row-full-width align-middle\"  id=\"row-1750492458\">\n\n\n\t<div id=\"col-644364339\" class=\"col medium-3 small-6 large-3\"  >\n\t\t\t\t<div class=\"col-inner text-center\"  >\n\t\t\t\n\t\t\t\n\n\n\t\t<div class=\"icon-box featured-box icon-box-top text-left\"  >\n\t\t\t\t\t<div class=\"icon-box-img\" style=\"width: 90px\">\n\t\t\t\t<div class=\"icon\">\n\t\t\t\t\t<div class=\"icon-inner\" >\n\t\t\t\t\t\t<img loading=\"lazy\" decoding=\"async\" width=\"200\" height=\"200\" src=\"https:\/\/i0.wp.com\/aiviouvapes.com\/wp-content\/uploads\/2024\/08\/vape-1-1.png?fit=200%2C200&amp;ssl=1\" class=\"attachment-medium size-medium\" alt=\"Miks valida AIVIOUVAPES\" srcset=\"https:\/\/i0.wp.com\/aiviouvapes.com\/wp-content\/uploads\/2024\/08\/vape-1-1.png?w=200&amp;ssl=1 200w, https:\/\/i0.wp.com\/aiviouvapes.com\/wp-content\/uploads\/2024\/08\/vape-1-1.png?resize=150%2C150&amp;ssl=1 150w, https:\/\/i0.wp.com\/aiviouvapes.com\/wp-content\/uploads\/2024\/08\/vape-1-1.png?resize=12%2C12&amp;ssl=1 12w, https:\/\/i0.wp.com\/aiviouvapes.com\/wp-content\/uploads\/2024\/08\/vape-1-1.png?resize=100%2C100&amp;ssl=1 100w\" sizes=\"auto, (max-width: 200px) 100vw, 200px\" title=\"\">\t\t\t\t\t<\/div>\n\t\t\t\t<\/div>\n\t\t\t<\/div>\n\t\t\t\t<div class=\"icon-box-text last-reset\">\n\t\t\t\t\t\t\t\t\t\n\n\t<div id=\"text-3066141760\" class=\"text\">\n\t\t\n\n<h3 style=\"text-align: center;\">Lai valik Vape&#039;i<\/h3>\n<p style=\"text-align: center;\">Tutvuge meie laia tootevalikuga, mis on loodud vastavalt igale eelistusele.<\/p>\n\t\t\n<style>\n#text-3066141760 {\n  font-size: 0.9rem;\n}\n<\/style>\n\t<\/div>\n\t\n\n\t\t<\/div>\n\t<\/div>\n\t\n\t\n\n\t\t<\/div>\n\t\t\t\t\t<\/div>\n\n\t\n\n\t<div id=\"col-1048340389\" class=\"col medium-3 small-6 large-3\"  >\n\t\t\t\t<div class=\"col-inner text-center\"  >\n\t\t\t\n\t\t\t\n\n\n\t\t<div class=\"icon-box featured-box icon-box-top text-left\"  >\n\t\t\t\t\t<div class=\"icon-box-img\" style=\"width: 90px\">\n\t\t\t\t<div class=\"icon\">\n\t\t\t\t\t<div class=\"icon-inner\" >\n\t\t\t\t\t\t<img loading=\"lazy\" decoding=\"async\" width=\"200\" height=\"200\" src=\"https:\/\/i0.wp.com\/aiviouvapes.com\/wp-content\/uploads\/2024\/08\/save-money-1-1-1.png?fit=200%2C200&amp;ssl=1\" class=\"attachment-medium size-medium\" alt=\"Miks valida AIVIOUVAPES\" srcset=\"https:\/\/i0.wp.com\/aiviouvapes.com\/wp-content\/uploads\/2024\/08\/save-money-1-1-1.png?w=200&amp;ssl=1 200w, https:\/\/i0.wp.com\/aiviouvapes.com\/wp-content\/uploads\/2024\/08\/save-money-1-1-1.png?resize=150%2C150&amp;ssl=1 150w, https:\/\/i0.wp.com\/aiviouvapes.com\/wp-content\/uploads\/2024\/08\/save-money-1-1-1.png?resize=12%2C12&amp;ssl=1 12w, https:\/\/i0.wp.com\/aiviouvapes.com\/wp-content\/uploads\/2024\/08\/save-money-1-1-1.png?resize=100%2C100&amp;ssl=1 100w\" sizes=\"auto, (max-width: 200px) 100vw, 200px\" title=\"\">\t\t\t\t\t<\/div>\n\t\t\t\t<\/div>\n\t\t\t<\/div>\n\t\t\t\t<div class=\"icon-box-text last-reset\">\n\t\t\t\t\t\t\t\t\t\n\n\t<div id=\"text-3213662898\" class=\"text\">\n\t\t\n\n<h3 style=\"text-align: center;\">V\u00f5itmatu v\u00e4\u00e4rtus<\/h3>\n<p style=\"text-align: center;\">Nautige tippkvaliteediga tooteid teie eelarvele vastavate hindadega.<\/p>\n\t\t\n<style>\n#text-3213662898 {\n  font-size: 0.9rem;\n}\n<\/style>\n\t<\/div>\n\t\n\n\t\t<\/div>\n\t<\/div>\n\t\n\t\n\n\t\t<\/div>\n\t\t\t\t\t<\/div>\n\n\t\n\n\t<div id=\"col-2024782540\" class=\"col medium-3 small-6 large-3\"  >\n\t\t\t\t<div class=\"col-inner text-center\"  >\n\t\t\t\n\t\t\t\n\n\n\t\t<div class=\"icon-box featured-box icon-box-top text-left\"  >\n\t\t\t\t\t<div class=\"icon-box-img\" style=\"width: 90px\">\n\t\t\t\t<div class=\"icon\">\n\t\t\t\t\t<div class=\"icon-inner\" >\n\t\t\t\t\t\t<img loading=\"lazy\" decoding=\"async\" width=\"200\" height=\"200\" src=\"https:\/\/i0.wp.com\/aiviouvapes.com\/wp-content\/uploads\/2024\/08\/delivery-truck-1-1.png?fit=200%2C200&amp;ssl=1\" class=\"attachment-medium size-medium\" alt=\"Miks valida AIVIOUVAPES\" srcset=\"https:\/\/i0.wp.com\/aiviouvapes.com\/wp-content\/uploads\/2024\/08\/delivery-truck-1-1.png?w=200&amp;ssl=1 200w, https:\/\/i0.wp.com\/aiviouvapes.com\/wp-content\/uploads\/2024\/08\/delivery-truck-1-1.png?resize=150%2C150&amp;ssl=1 150w, https:\/\/i0.wp.com\/aiviouvapes.com\/wp-content\/uploads\/2024\/08\/delivery-truck-1-1.png?resize=12%2C12&amp;ssl=1 12w, https:\/\/i0.wp.com\/aiviouvapes.com\/wp-content\/uploads\/2024\/08\/delivery-truck-1-1.png?resize=100%2C100&amp;ssl=1 100w\" sizes=\"auto, (max-width: 200px) 100vw, 200px\" title=\"\">\t\t\t\t\t<\/div>\n\t\t\t\t<\/div>\n\t\t\t<\/div>\n\t\t\t\t<div class=\"icon-box-text last-reset\">\n\t\t\t\t\t\t\t\t\t\n\n\t<div id=\"text-3049549605\" class=\"text\">\n\t\t\n\n<h3 style=\"text-align: center;\">Kiire \u00fclemaailmne saatmine<\/h3>\n<p style=\"text-align: center;\">Sujuva kogemuse tagamiseks tarnime kogu maailmas garanteeritud tollivormistusega.<\/p>\n\t\t\n<style>\n#text-3049549605 {\n  font-size: 0.9rem;\n}\n<\/style>\n\t<\/div>\n\t\n\n\t\t<\/div>\n\t<\/div>\n\t\n\t\n\n\t\t<\/div>\n\t\t\t\t\t<\/div>\n\n\t\n\n\t<div id=\"col-927834379\" class=\"col medium-3 small-6 large-3\"  >\n\t\t\t\t<div class=\"col-inner text-center\"  >\n\t\t\t\n\t\t\t\n\n\n\t\t<div class=\"icon-box featured-box icon-box-top text-left\"  >\n\t\t\t\t\t<div class=\"icon-box-img\" style=\"width: 90px\">\n\t\t\t\t<div class=\"icon\">\n\t\t\t\t\t<div class=\"icon-inner\" >\n\t\t\t\t\t\t<img loading=\"lazy\" decoding=\"async\" width=\"200\" height=\"200\" src=\"https:\/\/i0.wp.com\/aiviouvapes.com\/wp-content\/uploads\/2024\/08\/support-1-1.png?fit=200%2C200&amp;ssl=1\" class=\"attachment-medium size-medium\" alt=\"Miks valida AIVIOUVAPES\" srcset=\"https:\/\/i0.wp.com\/aiviouvapes.com\/wp-content\/uploads\/2024\/08\/support-1-1.png?w=200&amp;ssl=1 200w, https:\/\/i0.wp.com\/aiviouvapes.com\/wp-content\/uploads\/2024\/08\/support-1-1.png?resize=150%2C150&amp;ssl=1 150w, https:\/\/i0.wp.com\/aiviouvapes.com\/wp-content\/uploads\/2024\/08\/support-1-1.png?resize=12%2C12&amp;ssl=1 12w, https:\/\/i0.wp.com\/aiviouvapes.com\/wp-content\/uploads\/2024\/08\/support-1-1.png?resize=100%2C100&amp;ssl=1 100w\" sizes=\"auto, (max-width: 200px) 100vw, 200px\" title=\"\">\t\t\t\t\t<\/div>\n\t\t\t\t<\/div>\n\t\t\t<\/div>\n\t\t\t\t<div class=\"icon-box-text last-reset\">\n\t\t\t\t\t\t\t\t\t\n\n\t<div id=\"text-80292954\" class=\"text\">\n\t\t\n\n<h3 style=\"text-align: center;\">\u00d6\u00f6p\u00e4evaringne abi<\/h3>\n<p style=\"text-align: center;\">V\u00f5tke meie tugimeeskonnaga \u00fchendust igal ajal, \u00f6\u00f6p\u00e4evaringselt, WhatsAppi v\u00f5i meili teel.<\/p>\n\t\t\n<style>\n#text-80292954 {\n  font-size: 0.9rem;\n}\n<\/style>\n\t<\/div>\n\t\n\n\t\t<\/div>\n\t<\/div>\n\t\n\t\n\n\t\t<\/div>\n\t\t\t\t\t<\/div>\n\n\t\n\n<\/div>\n<div class=\"row row-full-width align-middle\"  id=\"row-1418111795\">\n\n\n\t<div id=\"col-1554803134\" class=\"col medium-6 small-12 large-6\"  >\n\t\t\t\t<div class=\"col-inner\"  >\n\t\t\t\n\t\t\t\n\n\t<div class=\"img has-hover x md-x lg-x y md-y lg-y\" id=\"image_308527781\">\n\t\t\t\t\t\t\t\t<div class=\"img-inner dark\" >\n\t\t\t<img loading=\"lazy\" decoding=\"async\" width=\"930\" height=\"1024\" src=\"https:\/\/i0.wp.com\/aiviouvapes.com\/wp-content\/uploads\/2024\/08\/%E6%8B%BC%E5%9B%BE.jpg?fit=930%2C1024&amp;ssl=1\" class=\"attachment-large size-large\" alt=\"Miks valida AIVIOUVAPES\" title=\"\">\t\t\t\t\t\t\n\t\t\t\t\t<\/div>\n\t\t\t\t\t\t\t\t\n<style>\n#image_308527781 {\n  width: 100%;\n}\n<\/style>\n\t<\/div>\n\t\n\n\n\t\t<\/div>\n\t\t\t\t\t<\/div>\n\n\t\n\n\t<div id=\"col-1642615520\" class=\"col medium-6 small-12 large-6\"  >\n\t\t\t\t<div class=\"col-inner\"  >\n\t\t\t\n\t\t\t\n\n<div class=\"container section-title-container\" ><h4 class=\"section-title section-title-normal\"><b aria-hidden=\"true\"><\/b><span class=\"section-title-main\" style=\"font-size:91%;\">Meie eelised<\/span><b aria-hidden=\"true\"><\/b><\/h4><\/div>\n\n<div class=\"accordion\">\n\n\t<div id=\"accordion-3480016295\" class=\"accordion-item\">\n\t\t<a id=\"accordion-3480016295-label\" class=\"accordion-title plain\" href=\"#accordion-item-commitment-to-quality\" aria-expanded=\"false\" aria-controls=\"accordion-3480016295-content\">\n\t\t\t<button class=\"toggle\" aria-label=\"Toggle\"><i class=\"icon-angle-down\" aria-hidden=\"true\"><\/i><\/button>\n\t\t\t<span>Kohustus kvaliteedile<\/span>\n\t\t<\/a>\n\t\t<div id=\"accordion-3480016295-content\" class=\"accordion-inner\" aria-labelledby=\"accordion-3480016295-label\">\n\t\t\t\n\n<p>Kohal <a href=\"https:\/\/aiviouvapes.com\/et\/\">AiviouVape<\/a>, kvaliteet juhib k\u00f5ike, mida me teeme. Meie \u00fchekordselt kasutatavad aurusid on hoolikalt valmistatud ja rangelt testitud, et need vastaksid k\u00f5rgeimatele standarditele, tagades iga kord sujuva ja usaldusv\u00e4\u00e4rse aurustamiskogemuse. Kui oleme p\u00fchendunud nulldefektide ja kaebuste puudumisele, v\u00f5ite usaldada, et saate parima.<\/p>\n\n\t\t<\/div>\n\t<\/div>\n\t\n\t<div id=\"accordion-1248680115\" class=\"accordion-item\">\n\t\t<a id=\"accordion-1248680115-label\" class=\"accordion-title plain\" href=\"#accordion-item-diverse-range-of-products\" aria-expanded=\"false\" aria-controls=\"accordion-1248680115-content\">\n\t\t\t<button class=\"toggle\" aria-label=\"Toggle\"><i class=\"icon-angle-down\" aria-hidden=\"true\"><\/i><\/button>\n\t\t\t<span>Mitmek\u00fclgne tootevalik<\/span>\n\t\t<\/a>\n\t\t<div id=\"accordion-1248680115-content\" class=\"accordion-inner\" aria-labelledby=\"accordion-1248680115-label\">\n\t\t\t\n\n<p>Oleme uhked, et pakume laia valikut k\u00f5rgekvaliteedilisi \u00fchekordseid aurusid, mis sobivad igale eelistusele. Meie valikus on uusimatest uuendustest kuni pikaajaliste f\u00e4nnide lemmikuteni sellised usaldusv\u00e4\u00e4rsed kaubam\u00e4rgid nagu Waspe, Vapme, RandM Tornado, Bang Box, ELF Box ja Bang King. Kas otsite Vapme'i julgeid maitseid v\u00f5i RandM Tornado elegantset disaini, meie kollektsioon on loodud selleks, et aidata teil leida teie maitsele ja elustiilile sobivaim vape.<\/p>\n\n\n\t\t<\/div>\n\t<\/div>\n\t\n\t<div id=\"accordion-2674225218\" class=\"accordion-item\">\n\t\t<a id=\"accordion-2674225218-label\" class=\"accordion-title plain\" href=\"#accordion-item-wholesale-and-retail-solutions\" aria-expanded=\"false\" aria-controls=\"accordion-2674225218-content\">\n\t\t\t<button class=\"toggle\" aria-label=\"Toggle\"><i class=\"icon-angle-down\" aria-hidden=\"true\"><\/i><\/button>\n\t\t\t<span>Hulgi- ja jaem\u00fc\u00fcgilahendused<\/span>\n\t\t<\/a>\n\t\t<div id=\"accordion-2674225218-content\" class=\"accordion-inner\" aria-labelledby=\"accordion-2674225218-label\">\n\t\t\t\n\n<p>AiviouVape vastab nii jae- kui ka hulgim\u00fc\u00fcgiklientide n\u00f5udmistele, pakkudes iga kord erakordseid tooteid ja teenuseid. Kui olete meie jaoks uus, soovitame alustada v\u00e4ikese partiiga, et meie kvaliteeti omal nahal kogeda. Konkurentsiv\u00f5imelise hinna ja esmaklassiliste standarditega oleme \u00fchekordselt kasutatavate veipide t\u00f6\u00f6stuses usaldusv\u00e4\u00e4rne valik.\u00a0<\/p>\n\n\t\t<\/div>\n\t<\/div>\n\t\n\t<div id=\"accordion-1720461261\" class=\"accordion-item\">\n\t\t<a id=\"accordion-1720461261-label\" class=\"accordion-title plain\" href=\"#accordion-item-continuous-improvement\" aria-expanded=\"false\" aria-controls=\"accordion-1720461261-content\">\n\t\t\t<button class=\"toggle\" aria-label=\"Toggle\"><i class=\"icon-angle-down\" aria-hidden=\"true\"><\/i><\/button>\n\t\t\t<span>Pidev t\u00e4iustamine<\/span>\n\t\t<\/a>\n\t\t<div id=\"accordion-1720461261-content\" class=\"accordion-inner\" aria-labelledby=\"accordion-1720461261-label\">\n\t\t\t\n\n<p>AiviouVape&#039;i eristab meie p\u00fchendumus erakordsele klienditeenindusele. \u00dcksk\u00f5ik, kas vajate enne ostmist n\u00f5u v\u00f5i abi tellimisel, on meie meeskond alati saadaval WhatsAppi v\u00f5i meili teel. P\u00fc\u00fcame luua oma klientidega p\u00fcsivaid suhteid, tagades teie rahulolu igal sammul.<\/p>\n\n\t\t<\/div>\n\t<\/div>\n\t\n\t<div id=\"accordion-3942100939\" class=\"accordion-item\">\n\t\t<a id=\"accordion-3942100939-label\" class=\"accordion-title plain\" href=\"#accordion-item-quality-assurance\" aria-expanded=\"false\" aria-controls=\"accordion-3942100939-content\">\n\t\t\t<button class=\"toggle\" aria-label=\"Toggle\"><i class=\"icon-angle-down\" aria-hidden=\"true\"><\/i><\/button>\n\t\t\t<span>Kvaliteedi tagamine<\/span>\n\t\t<\/a>\n\t\t<div id=\"accordion-3942100939-content\" class=\"accordion-inner\" aria-labelledby=\"accordion-3942100939-label\">\n\t\t\t\n\n<p>Meie p\u00fchendumus kvaliteedile ei k\u00f5iguta igal etapil \u2013 tootearenduses, tootmises, turunduses ja levitamises. Meie \u00fchekordselt kasutatavad vapid l\u00e4bivad ranged testid, et tagada nende mittetoksilisus, puhas ja erakordne maitse. See tipptasemele p\u00fchendumine moodustab meie ettev\u00f5ttekultuuri selgroo.<\/p>\n\n\t\t<\/div>\n\t<\/div>\n\t\n\t<div id=\"accordion-293154396\" class=\"accordion-item\">\n\t\t<a id=\"accordion-293154396-label\" class=\"accordion-title plain\" href=\"#accordion-item-efficient-logistics-and-delivery\" aria-expanded=\"false\" aria-controls=\"accordion-293154396-content\">\n\t\t\t<button class=\"toggle\" aria-label=\"Toggle\"><i class=\"icon-angle-down\" aria-hidden=\"true\"><\/i><\/button>\n\t\t\t<span>T\u00f5hus logistika ja tarne<\/span>\n\t\t<\/a>\n\t\t<div id=\"accordion-293154396-content\" class=\"accordion-inner\" aria-labelledby=\"accordion-293154396-label\">\n\t\t\t\n\n<p>AiviouVape pakub t\u00f5husat logistikat ja kohaletoimetamist, sealhulgas DDP (Delivered Duty Paid) teenuseid, tagades sujuva tollivormistuse ilma tasude ja maksudeta. Kiire kohaletoimetamise ja erakordse klienditoega pakume sujuvat ja usaldusv\u00e4\u00e4rset kogemust, mis teeb meist selles valdkonnas usaldusv\u00e4\u00e4rse partneri.<\/p>\n\n\t\t<\/div>\n\t<\/div>\n\t\n\t<div id=\"accordion-4140936578\" class=\"accordion-item\">\n\t\t<a id=\"accordion-4140936578-label\" class=\"accordion-title plain\" href=\"#accordion-item-odm-and-oem-services\" aria-expanded=\"false\" aria-controls=\"accordion-4140936578-content\">\n\t\t\t<button class=\"toggle\" aria-label=\"Toggle\"><i class=\"icon-angle-down\" aria-hidden=\"true\"><\/i><\/button>\n\t\t\t<span>ODM ja OEM teenused<\/span>\n\t\t<\/a>\n\t\t<div id=\"accordion-4140936578-content\" class=\"accordion-inner\" aria-labelledby=\"accordion-4140936578-label\">\n\t\t\t\n\n<p>AiviouVapes pakub t\u00e4isteenuseid ODM (Original Design Manufacturing) ja OEM (Original Equipment Manufacturing) teenuseid. Kahe suure rajatise abil aitame klientidel kujundada unikaalseid tooteid ja pilkup\u00fc\u00fcdvaid pakendamise logosid. Pakume ka tasuta pakendi kujundamise juhiseid ja toetame kliente, kes pakivad oma tooteid ise, tagades nende kaubam\u00e4rgi turul s\u00e4ramise.<\/p>\n\n\t\t<\/div>\n\t<\/div>\n\t\n\n<\/div>\n\n\t\t<\/div>\n\t\t\t\t\t<\/div>\n\n\t\n\n<\/div>\n<style>\n.tier-pricing-summary-table--hidden {display:none !important}<br \/><\/style>","protected":false},"excerpt":{"rendered":"<p>WASPE 8K pakub kuni 8000 t\u00f5mmet 16mL e-vedelikuga ja 650mAh akuga. T\u00e4nu C-t\u00fc\u00fcpi kiirlaadimisele, mitmele nikotiinitugevusele ja 10 maitsele pakub see esmaklassilist ja kasutajas\u00f5bralikku aurutamiskogemust isiklikuks v\u00f5i hulgim\u00fc\u00fcgiks.<\/p>","protected":false},"featured_media":362,"comment_status":"open","ping_status":"closed","template":"","meta":[],"product_brand":[227],"product_cat":[19,120,90,117,76,134,135,133,136,137,146,138,139,140,141,142,143,144,145,132],"product_tag":[],"class_list":{"0":"post-96","1":"product","2":"type-product","3":"status-publish","4":"has-post-thumbnail","6":"product_brand-waspe","7":"product_cat-waspe","8":"product_cat-8000-puffs-disposable-vape","9":"product_cat-big-puffs-vapes","10":"product_cat-different-puffs-of-diposable-vapes","11":"product_cat-disposable-vape-types","12":"product_cat-disposable-vapes-in-austria","13":"product_cat-disposable-vapes-in-belgium","14":"product_cat-disposable-vapes-in-europe","15":"product_cat-disposable-vapes-in-france","16":"product_cat-disposable-vapes-in-germany","17":"product_cat-disposable-vapes-in-hungary","18":"product_cat-disposable-vapes-in-ltaly","19":"product_cat-disposable-vapes-in-netherlands","20":"product_cat-disposable-vapes-in-norway","21":"product_cat-disposable-vapes-in-poland","22":"product_cat-disposable-vapes-in-portugal","23":"product_cat-disposable-vapes-in-spain","24":"product_cat-disposable-vapes-in-sweden","25":"product_cat-disposable-vapes-in-switzerland","26":"product_cat-rechargeable-vapes","28":"first","29":"instock","30":"shipping-taxable","31":"purchasable","32":"product-type-variable","33":"has-default-attributes"},"jetpack_sharing_enabled":true,"tiered_pricing_type":"fixed","tiered_pricing_fixed_rules":{"2000":5.5},"tiered_pricing_product_settings":{"layout":"default","base_unit_name":{"singular":null,"plural":null},"default_variation":null},"tiered_pricing_minimum_quantity":1000,"tiered_pricing_roles_data":[],"tiered_pricing_percentage_rules":[],"tiered_pricing_maximum_quantity":null,"tiered_pricing_quantity_step":"10","_links":{"self":[{"href":"https:\/\/aiviouvapes.com\/et\/wp-json\/wp\/v2\/product\/96","targetHints":{"allow":["GET"]}}],"collection":[{"href":"https:\/\/aiviouvapes.com\/et\/wp-json\/wp\/v2\/product"}],"about":[{"href":"https:\/\/aiviouvapes.com\/et\/wp-json\/wp\/v2\/types\/product"}],"replies":[{"embeddable":true,"href":"https:\/\/aiviouvapes.com\/et\/wp-json\/wp\/v2\/comments?post=96"}],"wp:featuredmedia":[{"embeddable":true,"href":"https:\/\/aiviouvapes.com\/et\/wp-json\/wp\/v2\/media\/362"}],"wp:attachment":[{"href":"https:\/\/aiviouvapes.com\/et\/wp-json\/wp\/v2\/media?parent=96"}],"wp:term":[{"taxonomy":"product_brand","embeddable":true,"href":"https:\/\/aiviouvapes.com\/et\/wp-json\/wp\/v2\/product_brand?post=96"},{"taxonomy":"product_cat","embeddable":true,"href":"https:\/\/aiviouvapes.com\/et\/wp-json\/wp\/v2\/product_cat?post=96"},{"taxonomy":"product_tag","embeddable":true,"href":"https:\/\/aiviouvapes.com\/et\/wp-json\/wp\/v2\/product_tag?post=96"}],"curies":[{"name":"wp","href":"https:\/\/api.w.org\/{rel}","templated":true}]}}