{"id":94480,"date":"2025-12-27T15:47:32","date_gmt":"2025-12-27T07:47:32","guid":{"rendered":"https:\/\/aiviouvapes.com\/?post_type=product&#038;p=94480"},"modified":"2026-03-17T23:49:10","modified_gmt":"2026-03-17T15:49:10","slug":"mrvi-becoming-100k","status":"publish","type":"product","link":"https:\/\/aiviouvapes.com\/et\/product\/mrvi-becoming-100k\/","title":{"rendered":"MRVI BECOMING 100K | 5-in-1 100000 mahvi puutetundliku ekraaniga \u00fchekordne vape"},"content":{"rendered":"<p><strong>MRVI BECOMING 100K<\/strong> on j\u00e4rgmise p\u00f5lvkonna suure v\u00f5imsusega \u00fchekordseks kasutamiseks m\u00f5eldud vape-seadmed, mis on m\u00f5eldud kasutajatele, kes soovivad <strong>maksimaalne puhumine, tugev maitse ja nutikas kontroll<\/strong>.<br \/>\nT\u00e4nu t\u00e4iustatud puuteekraanile, kahekordsele v\u00f5rgusilma m\u00e4hisele ja 5-in-1 maitses\u00fcsteemile pakub see seade esmaklassilist kogemust, olles samas lihtne kasutada.<br \/>\nSee on suurep\u00e4rane valik nii jaeklientidele kui ka B2B-ostjatele, n\u00e4iteks vape-poodidele, turustajatele ja hulgim\u00fc\u00fcjatele.<\/p>\n<h2>Miks valida MRVI BECOMING 100K?<\/h2>\n<ul>\n<li>\ud83d\udd25 <strong>Kuni 100000 puhumist<\/strong> \u00fclipika kasutuse korral<\/li>\n<li>\ud83c\udf53 <strong>5-in-1 maitses\u00fcsteem<\/strong> - l\u00fclitage maitsed \u00fches seadmes<\/li>\n<li>\ud83d\udcf1 <strong>Nutikas puuteekraan<\/strong> koos e-vedeliku ja v\u00f5imsuse kuvamisega<\/li>\n<li>\ud83d\udd12 <strong>Lapseluku kaitse<\/strong> ohutumaks kasutamiseks<\/li>\n<li>\u26a1 <strong>Kahe v\u00f5rgusilma m\u00e4his<\/strong> rikkalikuma maitse ja suuremate pilvede jaoks<\/li>\n<li>\ud83d\udd0b <strong>650mAh aku<\/strong> C-t\u00fc\u00fcpi kiirlaadimisega<\/li>\n<li>\ud83c\udf9b <strong>ECO PLUS ja PRO MAX re\u017eiimid<\/strong> et kohandada j\u00f5udlust<\/li>\n<li>\ud83d\udcbc <strong>Ideaalne lahtiselt ja hulgim\u00fc\u00fcgiks<\/strong> pakend<\/li>\n<\/ul>\n<h2>MRVI BECOMING 100K spetsifikatsioonid<\/h2>\n<table>\n<tbody>\n<tr>\n<td><strong>Puffide arv<\/strong><\/td>\n<td>Kuni 100000 puhumist<\/td>\n<\/tr>\n<tr>\n<td><strong>E-vedeliku mahutavus<\/strong><\/td>\n<td>75ml<\/td>\n<\/tr>\n<tr>\n<td><strong>Aku mahutavus<\/strong><\/td>\n<td>650 mAh (taaslaetav)<\/td>\n<\/tr>\n<tr>\n<td><strong>Nikotiini tugevus<\/strong><\/td>\n<td>5%<\/td>\n<\/tr>\n<tr>\n<td><strong>M\u00e4hise t\u00fc\u00fcp<\/strong><\/td>\n<td>Kahe v\u00f5rguga m\u00e4his<\/td>\n<\/tr>\n<tr>\n<td><strong>Laadimisport<\/strong><\/td>\n<td>Type-C<\/td>\n<\/tr>\n<tr>\n<td><strong>Ekraan<\/strong><\/td>\n<td>Puuteekraan koos e-vedeliku ja toiteindikaatoriga<\/td>\n<\/tr>\n<tr>\n<td><strong>V\u00f5imsusre\u017eiimid<\/strong><\/td>\n<td>ECO PLUS \/ PRO MAX<\/td>\n<\/tr>\n<tr>\n<td><strong>Pakett<\/strong><\/td>\n<td>1tk karbi kohta, 10tk v\u00e4ljapanekukarbi kohta<\/td>\n<\/tr>\n<\/tbody>\n<\/table>\n<h2>MRVI BECOMING 100K Saadaval olevad maitsed<\/h2>\n<p><strong>Maitsekomplekt 1:<\/strong><br \/>\nBlueberry Burst - magus ja mahlakas marjamaitse \ud83c\udf47<br \/>\nLush Ice - arbuus j\u00e4ise v\u00e4rskusega \u2744\ufe0f\ud83c\udf49<br \/>\nMint Melon - jahe piparm\u00fcnt segatud k\u00fcpsete melonitega \ud83c\udf3f\ud83c\udf48.<br \/>\nSegatud puuviljad - mahe puuviljakokteil \ud83e\udd6d\ud83c\udf53<br \/>\nTropical Mango - rikkalik ja eksootiline mangomaitse \ud83e\udd6d.<\/p>\n<p><strong>Maitsekomplekt 2:<\/strong><br \/>\nBlueberry Ice - j\u00e4ine mustikav\u00e4rskendus \u2744\ufe0f<br \/>\nCola Ice - jahutava viimistlusega gaseeritud cola \ud83e\udd64<br \/>\nDark Grape - s\u00fcgav ja julge viinamarja maitse \ud83c\udf47<br \/>\nDouble Apple - klassikaline magusa \u00f5una segu \ud83c\udf4e\ud83c\udf4f\ud83c\udf4f<br \/>\nRohelised oad - ainulaadne ja pehme oamaitse \ud83c\udf31<\/p>\n<p><strong>Maitsekomplekt 3:<\/strong><br \/>\nBlue Razz Ice - terav sinine vaarikav\u00e4rskendus \ud83d\udc99\u2744\ufe0f<br \/>\nTsitrusvorm - v\u00fcrtsikas tsitruseliste plahvatus \ud83c\udf4a<br \/>\nMahlane virsik - pehme ja magus virsik \ud83c\udf51<br \/>\nRoosa limonaad - magushapu tasakaal \ud83c\udf4b<br \/>\nRainbow Candy - v\u00e4rvilised kommid magusad \ud83c\udf6c<\/p>\n<p><strong>Maitsekomplekt 4:<\/strong><br \/>\nBanana Ice - kreemjas banaan j\u00e4\u00e4ga \ud83c\udf4c\u2744\ufe0f<br \/>\nMustikas arbuus - puuviljane ja v\u00e4rskendav kombinatsioon \ud83c\udf49\ud83c\udf47<br \/>\nRed Bull - klassikaline energiajoogi maitse \u26a1<br \/>\nStrawberry Ice - v\u00e4rske maasikaj\u00e4\u00e4tis \ud83c\udf53\u2744\ufe0f<br \/>\nMaasika arbuus - magus suvine segu \ud83c\udf53\ud83c\udf49<\/p>\n<p><strong>Maitsekomplekt 5:<\/strong><br \/>\nCherry Cola - soda stiilis kirsikoola \ud83c\udf52\ud83e\udd64<br \/>\nLemon Lime - terav ja v\u00e4rskendav tsitruseline \ud83c\udf4b<br \/>\nPineapple Ice - troopiline ananassik\u00fclmutus \ud83c\udf4d\u2744\ufe0f<br \/>\nStrawberry Grape - sujuv puuviljapaaritus \ud83c\udf53\ud83c\udf47<br \/>\nStrawberry Kiwi - magus ja hapukas segu \ud83e\udd5d<\/p>\n<h2>Kuidas kasutada MRVI BECOMING 100K kasutamine<\/h2>\n<ul>\n<li>Vajutage ja hoidke all olevat nuppu 5 sekundit all, et l\u00fclitada seade sisse.<\/li>\n<li>Puudutage 3 korda puuteekraani, et avada ootere\u017eiimi kaitse<\/li>\n<li>Puudutage \u00fcks kord, et l\u00fclitada energiare\u017eiimi (ECO PLUS \/ PRO MAX).<\/li>\n<li>Vajutage ekraani 5 korda pikalt, et l\u00fclitada ekraan energias\u00e4\u00e4stu eesm\u00e4rgil v\u00e4lja.<\/li>\n<\/ul>\n<h2>KKK<\/h2>\n<p><strong>K: Kas seda seadet saab uuesti t\u00e4ita?<\/strong><br \/>\nV: Ei. See on \u00fchekordselt kasutatav vape, millel on suur eelt\u00e4idetud 75 ml e-vedelikumahuti.<\/p>\n<p><strong>K: Kas ma saan seadet uuesti laadida?<\/strong><br \/>\nV: Jah. See on varustatud C-t\u00fc\u00fcpi laadimispordiga, mis h\u00f5lbustab laadimist.<\/p>\n<p><strong>K: Kas see sobib algajatele?<\/strong><br \/>\nV: Jah. Lihtne puutetundlik juhtimine muudab selle algajatele s\u00f5bralikuks, samas kui edasij\u00f5udnud re\u017eiimid rahuldavad kogenud kasutajaid.<\/p>\n<p><strong>K: Kas see toode sobib hulgim\u00fc\u00fcgiks?<\/strong><br \/>\nV: Absoluutselt. K\u00f5rge puffide arv, populaarsed maitsed ja vitriinipakendid muudavad selle ideaalseks vape-poodide ja turustajate jaoks.<\/p>\n<p>&nbsp;<\/p>\n<p><strong>MRVI BECOMING 100K \u00fchekordselt kasutatav vape<\/strong> on loodud suurtele kasutajatele, maitsearmastajatele ja professionaalsetele vape-m\u00fc\u00fcjatele.<br \/>\nT\u00e4nu suurele mahutavusele, nutikale puutetundlikule ekraanile ja mitme maitsega s\u00fcsteemile pakub see pikaajalist j\u00f5udlust ja tugevat jaem\u00fc\u00fcgiedu.<br \/>\nIdeaalne vape-poodidele, hulgiostjatele ja hulgim\u00fc\u00fcgile, kes otsivad k\u00f5rgekvaliteedilist \u00fchekordset seadet \ud83d\udca8\ud83d\udce6.<\/p>\n<p>Tere tulemast tellimusi tegema!<\/p>","protected":false},"excerpt":{"rendered":"<p>Kogege \u00fclipikka veipimist \u00fchekordselt kasutatava veipiga MRVI BECOMING 100K. 5-in-1 maitsed, nutikas puutetundlik ekraan ja tohutud 100 000 mahvi \u2013 loodud aktiivsetele kasutajatele ja hulgim\u00fc\u00fcgiks \ud83d\ude80<\/p>","protected":false},"featured_media":94483,"comment_status":"open","ping_status":"closed","template":"","meta":[],"product_brand":[229],"product_cat":[33,336],"product_tag":[447,446,448,450,449],"class_list":{"0":"post-94480","1":"product","2":"type-product","3":"status-publish","4":"has-post-thumbnail","6":"product_brand-mrvi","7":"product_cat-mrvi","8":"product_cat-100k-puffs-disposable-vape","9":"product_tag-100000-puffs-vape-wholesale","10":"product_tag-100k-disposable-vape","11":"product_tag-5-in-1-flavor-disposable-vape","12":"product_tag-high-puff-disposable-vape-for-distributors","13":"product_tag-touch-screen-disposable-vape-device","15":"first","16":"instock","17":"shipping-taxable","18":"purchasable","19":"product-type-variable","20":"has-default-attributes"},"jetpack_sharing_enabled":true,"tiered_pricing_type":"fixed","tiered_pricing_fixed_rules":{"100":8.42999999999999971578290569595992565155029296875,"200":8.03999999999999914734871708787977695465087890625,"400":7.2599999999999997868371792719699442386627197265625},"tiered_pricing_product_settings":{"layout":"default","base_unit_name":{"singular":null,"plural":null},"default_variation":null},"tiered_pricing_minimum_quantity":50,"tiered_pricing_roles_data":[],"tiered_pricing_percentage_rules":[],"tiered_pricing_maximum_quantity":null,"tiered_pricing_quantity_step":"10","_links":{"self":[{"href":"https:\/\/aiviouvapes.com\/et\/wp-json\/wp\/v2\/product\/94480","targetHints":{"allow":["GET"]}}],"collection":[{"href":"https:\/\/aiviouvapes.com\/et\/wp-json\/wp\/v2\/product"}],"about":[{"href":"https:\/\/aiviouvapes.com\/et\/wp-json\/wp\/v2\/types\/product"}],"replies":[{"embeddable":true,"href":"https:\/\/aiviouvapes.com\/et\/wp-json\/wp\/v2\/comments?post=94480"}],"wp:featuredmedia":[{"embeddable":true,"href":"https:\/\/aiviouvapes.com\/et\/wp-json\/wp\/v2\/media\/94483"}],"wp:attachment":[{"href":"https:\/\/aiviouvapes.com\/et\/wp-json\/wp\/v2\/media?parent=94480"}],"wp:term":[{"taxonomy":"product_brand","embeddable":true,"href":"https:\/\/aiviouvapes.com\/et\/wp-json\/wp\/v2\/product_brand?post=94480"},{"taxonomy":"product_cat","embeddable":true,"href":"https:\/\/aiviouvapes.com\/et\/wp-json\/wp\/v2\/product_cat?post=94480"},{"taxonomy":"product_tag","embeddable":true,"href":"https:\/\/aiviouvapes.com\/et\/wp-json\/wp\/v2\/product_tag?post=94480"}],"curies":[{"name":"wp","href":"https:\/\/api.w.org\/{rel}","templated":true}]}}