{"id":91142,"date":"2025-12-08T22:21:08","date_gmt":"2025-12-08T14:21:08","guid":{"rendered":"https:\/\/aiviouvapes.com\/?post_type=product&#038;p=91142"},"modified":"2026-04-04T04:04:14","modified_gmt":"2026-04-03T20:04:14","slug":"bang-leader-120k","status":"publish","type":"product","link":"https:\/\/aiviouvapes.com\/et\/product\/bang-leader-120k\/","title":{"rendered":"Bang Leader 120K | 2-in-1 120000 puffs, 60 ml, magnetiline, kahemaitseline, \u00fchekordselt kasutatav vape, hulgim\u00fc\u00fck"},"content":{"rendered":"<h2>Miks valida Bang Leader 120K? \ud83e\udd29<\/h2>\n<ul>\n<li>\ud83d\udd04 <strong>2-in-1 magnetiline kahe maitsega l\u00fcliti<\/strong> \u2014 Libistage, et vahetada maitset viivitamatult ja ilma viivituseta.<\/li>\n<li>\ud83d\udca8 <strong>120 000 mahvi<\/strong> \u2014 Suur mahutavus, mis on m\u00f5eldud pikaajaliseks igap\u00e4evaseks kasutamiseks.<\/li>\n<li>\ud83d\udd25 <strong>J\u00e4rgmise p\u00f5lvkonna v\u00f5rguspiraal<\/strong> \u2014 Tihe aur, rikkalikum maitse, pehmemad mahvid.<\/li>\n<li>\ud83d\udd0b <strong>K\u00f5rge efektiivsusega aku<\/strong> \u2014 Stabiilne v\u00f5imsus tagab \u00fchtlase maitse.<\/li>\n<li>\ud83e\uddca <strong>Lekkimiskindel \u00f5likamber<\/strong> \u2014 Puhas, turvaline ja reisimiseks sobiv.<\/li>\n<li>\u26a1 <strong>C-t\u00fc\u00fcpi laetav<\/strong> \u2014 Kiire laadimine minimaalse seisakuajaga.<\/li>\n<li>\ud83d\udc4c <strong>Kasutajas\u00f5bralik disain<\/strong> \u2014 T\u00e4iuslik haare, ere ekraan ja lihtne kasutamine.<\/li>\n<\/ul>\n<h2>Bang Leader 120K tehnilised andmed \ud83d\udcca<\/h2>\n<table>\n<tbody>\n<tr>\n<td>Puffide arv<\/td>\n<td>120,000 puffi<\/td>\n<\/tr>\n<tr>\n<td>Aku mahutavus<\/td>\n<td>650 mAh (k\u00f5rge efektiivsusega)<\/td>\n<\/tr>\n<tr>\n<td>K\u00fcttekeha<\/td>\n<td>V\u00f5rguspiraal, 1,0 \u03a9<\/td>\n<\/tr>\n<tr>\n<td>Maitses\u00fcsteem<\/td>\n<td>2-in-1 magnetiline liugl\u00fcliti<\/td>\n<\/tr>\n<tr>\n<td>Laadimisport<\/td>\n<td>C-t\u00fc\u00fcpi kiirlaadimine<\/td>\n<\/tr>\n<tr>\n<td>Nikotiini tugevus<\/td>\n<td>0% \/ 2% \/ 3% \/ 5%<\/td>\n<\/tr>\n<\/tbody>\n<\/table>\n<h2>Bang Leader 120K maitsejuhend \ud83d\ude0b<\/h2>\n<p data-start=\"120\" data-end=\"246\"><strong data-start=\"120\" data-end=\"145\">1. Sinine Razz ja Love66<\/strong><br data-start=\"145\" data-end=\"148\" \/>\ud83c\udf6c <strong data-start=\"151\" data-end=\"165\">Sinine Razz:<\/strong> Magus ja hapukas vaarikakomm<br data-start=\"195\" data-end=\"198\" \/>\ud83c\udf34 <strong data-start=\"201\" data-end=\"212\">Love66:<\/strong> Troopiline, v\u00e4rskendav, kergelt j\u00e4ine<\/p>\n<p data-start=\"248\" data-end=\"394\"><strong data-start=\"248\" data-end=\"299\">2. Maasikas, kirss ja kiivi, granadilli ja guajaav<\/strong><br data-start=\"299\" data-end=\"302\" \/>\ud83c\udf53\ud83c\udf52 <strong data-start=\"307\" data-end=\"329\">Maasika-kirss:<\/strong> Mahlakas punaste puuviljade segu<br data-start=\"349\" data-end=\"352\" \/>\ud83e\udd5d\ud83e\udd6d <strong data-start=\"357\" data-end=\"365\">KPG:<\/strong> Tugev, troopiline, kreemjas trio<\/p>\n<p data-start=\"396\" data-end=\"542\"><strong data-start=\"396\" data-end=\"438\">3. Arbuusibubble Gum &amp; segatud puuviljad<\/strong><br data-start=\"438\" data-end=\"441\" \/>\ud83c\udf49\ud83c\udf6c <strong data-start=\"446\" data-end=\"472\">Arbuusimull:<\/strong> Magus kumm + melon<br data-start=\"490\" data-end=\"493\" \/>\ud83c\udf47\ud83c\udf51 <strong data-start=\"498\" data-end=\"514\">Segatud puuviljad:<\/strong> V\u00e4rvikas, mahlakas puuviljasegu<\/p>\n<p data-start=\"544\" data-end=\"697\"><strong data-start=\"544\" data-end=\"584\">4. Maasika-banaani ja kirsi piesta<\/strong><br data-start=\"584\" data-end=\"587\" \/>\ud83c\udf53\ud83c\udf4c <strong data-start=\"592\" data-end=\"614\">Strawberry Banana:<\/strong> Sile, kreemjas magustoidu tunne<br data-start=\"642\" data-end=\"645\" \/>\ud83c\udf52\u2728 <strong data-start=\"649\" data-end=\"667\">Kirsipista:<\/strong> Magus kirss gaseeritud maitsega<\/p>\n<p data-start=\"699\" data-end=\"830\"><strong data-start=\"699\" data-end=\"734\">5. Arbuusij\u00e4\u00e4 ja virsiku-mango<\/strong><br data-start=\"734\" data-end=\"737\" \/>\u2744\ufe0f\ud83c\udf49 <strong data-start=\"742\" data-end=\"761\">Watermelon Ice:<\/strong> Karge, jahe melon<br data-start=\"779\" data-end=\"782\" \/>\ud83c\udf51\ud83e\udd6d <strong data-start=\"787\" data-end=\"803\">Virsik-mango:<\/strong> Troopiline, pehme, aromaatne<\/p>\n<p data-start=\"832\" data-end=\"978\"><strong data-start=\"832\" data-end=\"870\">6. Mustika j\u00e4\u00e4 ja vaarikas-sidrun<\/strong><br data-start=\"870\" data-end=\"873\" \/>\ud83e\uded0\u2744\ufe0f <strong data-start=\"878\" data-end=\"896\">Mustikaj\u00e4\u00e4tis:<\/strong> Magusad marjad j\u00e4ise j\u00e4relmaitsega<br data-start=\"926\" data-end=\"929\" \/>\ud83c\udf4b\ud83c\udf53 <strong data-start=\"934\" data-end=\"954\">Vaarikas-sidrun:<\/strong> V\u00fcrtsikas, hapukas, puuviljane pop<\/p>\n<p data-start=\"980\" data-end=\"1111\"><strong data-start=\"980\" data-end=\"1013\">7. Punane energia j\u00e4\u00e4 ja viinamarja j\u00e4\u00e4<\/strong><br data-start=\"1013\" data-end=\"1016\" \/>\u26a1\u2744\ufe0f <strong data-start=\"1020\" data-end=\"1035\">Punane energia:<\/strong> Magusad, vahuva energiline vibratsioon<br data-start=\"1061\" data-end=\"1064\" \/>\ud83c\udf47\u2744\ufe0f <strong data-start=\"1069\" data-end=\"1083\">Grape Ice:<\/strong> Julgete viinamarjade ja jaheda j\u00e4relmaitsega<\/p>\n<p data-start=\"1113\" data-end=\"1254\"><strong data-start=\"1113\" data-end=\"1155\">8. Maasika-arbuusi ja apelsini limonaad<\/strong><br data-start=\"1155\" data-end=\"1158\" \/>\ud83c\udf53\ud83c\udf49 <strong data-start=\"1163\" data-end=\"1189\">Strawberry Watermelon:<\/strong> Pehme, mahlane klassika<br data-start=\"1209\" data-end=\"1212\" \/>\ud83c\udf4a\ud83e\udd64 <strong data-start=\"1217\" data-end=\"1233\">Apelsinisooda:<\/strong> Fizzy tsitrusviljade s\u00e4ra<\/p>\n<p data-start=\"1256\" data-end=\"1383\"><strong data-start=\"1256\" data-end=\"1290\">9. Cola Ice &amp; kirss-j\u00f5hvikas<\/strong><br data-start=\"1290\" data-end=\"1293\" \/>\ud83e\udd64\u2744\ufe0f <strong data-start=\"1298\" data-end=\"1311\">Cola Ice:<\/strong> K\u00fclm, v\u00e4rskendav kola<br data-start=\"1333\" data-end=\"1336\" \/>\ud83c\udf52\ud83e\uded0 <strong data-start=\"1341\" data-end=\"1362\">Kirsikarp:<\/strong> Magus-hapukas marjasegu<\/p>\n<p data-start=\"1385\" data-end=\"1524\"><strong data-start=\"1385\" data-end=\"1422\">10. Mustika- ja musts\u00f5straj\u00e4\u00e4tis<\/strong><br data-start=\"1422\" data-end=\"1425\" \/>\ud83e\uded0\u2744\ufe0f <strong data-start=\"1430\" data-end=\"1448\">Mustikaj\u00e4\u00e4tis:<\/strong> Magus jahutatud mustikas<br data-start=\"1472\" data-end=\"1475\" \/>\ud83c\udf47\ud83c\udf11 <strong data-start=\"1480\" data-end=\"1498\">Must s\u00f5star:<\/strong> S\u00fcgav, rikkalik, kergelt hapukas<\/p>\n<p data-start=\"1526\" data-end=\"1693\"><strong data-start=\"1526\" data-end=\"1574\">11. Vaarika Mojito virsiku j\u00e4\u00e4 ja Lady Killer<\/strong><br data-start=\"1574\" data-end=\"1577\" \/>\ud83c\udf51\ud83c\udf43 <strong data-start=\"1582\" data-end=\"1613\">Vaarika-mojito-virsiku j\u00e4\u00e4:<\/strong> M\u00fcndine, puuviljane, jahutatud<br data-start=\"1636\" data-end=\"1639\" \/>\ud83d\udc9b\ud83c\udf38 <strong data-start=\"1644\" data-end=\"1660\">Lady Killer:<\/strong> Sile, k\u00f5rgekvaliteetne vesipiibu stiilis segu<\/p>\n<p data-start=\"1695\" data-end=\"1844\"><strong data-start=\"1695\" data-end=\"1736\">12. Arbuusij\u00e4\u00e4 ja maasika mamba<\/strong><br data-start=\"1736\" data-end=\"1739\" \/>\ud83c\udf49\u2744\ufe0f <strong data-start=\"1744\" data-end=\"1763\">Watermelon Ice:<\/strong> V\u00e4rske, j\u00e4ine melon<br data-start=\"1780\" data-end=\"1783\" \/>\ud83c\udf53\ud83d\udc0d <strong data-start=\"1788\" data-end=\"1809\">Maasika Mamba:<\/strong> Magus, julge, kompvekitaoline maasikas<\/p>\n<h2>KKK \u2753<\/h2>\n<h3>1. Kuidas toimib kahe maitse vahetamise nupp?<\/h3>\n<p>Seade kasutab magnetilist liugurmehhanismi. Lihtsalt t\u00f5mmake ja l\u00fckake, et maitset kohe vahetada \u2013 ilma nuppudeta ja viivituseta.<\/p>\n<h3>2. Kui kaua kestab 120 000 mahvi?<\/h3>\n<p>See varieerub kasutaja j\u00e4rgi, kuid enamik aktiivseid kasutajaid saab \u00fche seadmega kasutada mitu n\u00e4dalat.<\/p>\n<h3>3. Kas maitsete vahetamine kahjustab spiraali?<\/h3>\n<p>Nr Bang Leader 120K on varustatud s\u00f5ltumatute \u00f5likanalitega, mis tagavad stabiilse spiraali t\u00f6\u00f6kindluse.<\/p>\n<h3>4. Kas see on laetav?<\/h3>\n<p>Jah, see kasutab kiireks laadimiseks Type-C kiirlaadimisporti.<\/p>\n<h3>5. Millised nikotiinitasemed on saadaval?<\/h3>\n<p>V\u00f5ite valida 0%, 2%, 3% v\u00f5i 5% s\u00f5ltuvalt oma piirkonnast ja eelistustest.<\/p>\n<h3>6. Kas see sobib algajatele?<\/h3>\n<p>Jah! See on t\u00f5mbeaktiveeritud, lihtne kasutada ja hooldusvaba.<\/p>\n<h3>7. Kuidas kontrollida aku ja e-vedeliku seisundit?<\/h3>\n<p>Sisseehitatud ekraanil kuvatakse aku tase, e-vedeliku tase, mahuude arv ja aktiivne maitsekanal.<\/p>\n<h3>8. Mida peaksin tegema, kui see maitseb p\u00f5lenud?<\/h3>\n<p>Laske seadmel m\u00f5ni sekund puhata v\u00f5i reguleerige \u00f5huvoolu. Kui probleem p\u00fcsib, v\u00f5tke \u00fchendust klienditoega.<\/p>\n<h2>Ideaalne\u2026 \ud83d\udcbc<\/h2>\n<p>Bang Leader 120K on ideaalne valik aktiivsetele kasutajatele, maitseelamuste otsijatele, reisivatele vaperitele, vape-poe riiulitele ja hulgim\u00fc\u00fcgile. Suure mahuga, kahe maitsega ja esmaklassilise konstruktsiooniga on see parim valik B2B-ostjatele, kes otsivad suure n\u00f5udlusega tooteid.<\/p>\n<p>Kas soovite oma poodi varustada v\u00f5i otsite pikaajalist isiklikku e-sigaretti, see 120K v\u00f5imsusega seade on valmis teid \u00fcllatama. \ud83d\ude80<\/p>","protected":false},"excerpt":{"rendered":"<p>Bang Leader 120K 2-in-1 \u00fchekordne vape, mis pakub 120 000 mahvi, sujuvat kahe maitse vahetamist ja rikkalikku aurupilve. Ideaalne B2B turustajatele, vape-poodidele ja hulgitellimustele.<\/p>","protected":false},"featured_media":91143,"comment_status":"open","ping_status":"closed","template":"","meta":[],"product_brand":[239],"product_cat":[336,37],"product_tag":[328,431,434,432,433],"class_list":{"0":"post-91142","1":"product","2":"type-product","3":"status-publish","4":"has-post-thumbnail","6":"product_brand-bang","7":"product_cat-100k-puffs-disposable-vape","8":"product_cat-bang","9":"product_tag-120000-puffs-vape","10":"product_tag-bang-leader-120k","11":"product_tag-bang-vape","12":"product_tag-dual-flavor-disposable","13":"product_tag-rechargeable-vape","15":"first","16":"instock","17":"shipping-taxable","18":"purchasable","19":"product-type-variable","20":"has-default-attributes"},"jetpack_sharing_enabled":true,"tiered_pricing_type":"fixed","tiered_pricing_fixed_rules":{"30":8.8100000000000004973799150320701301097869873046875,"50":7,"100":6.480000000000000426325641456060111522674560546875,"200":5.9900000000000002131628207280300557613372802734375,"400":5.769999999999999573674358543939888477325439453125},"tiered_pricing_product_settings":{"layout":"default","base_unit_name":{"singular":null,"plural":null},"default_variation":null},"tiered_pricing_minimum_quantity":10,"tiered_pricing_roles_data":[],"tiered_pricing_percentage_rules":[],"tiered_pricing_maximum_quantity":null,"tiered_pricing_quantity_step":"10","_links":{"self":[{"href":"https:\/\/aiviouvapes.com\/et\/wp-json\/wp\/v2\/product\/91142","targetHints":{"allow":["GET"]}}],"collection":[{"href":"https:\/\/aiviouvapes.com\/et\/wp-json\/wp\/v2\/product"}],"about":[{"href":"https:\/\/aiviouvapes.com\/et\/wp-json\/wp\/v2\/types\/product"}],"replies":[{"embeddable":true,"href":"https:\/\/aiviouvapes.com\/et\/wp-json\/wp\/v2\/comments?post=91142"}],"wp:featuredmedia":[{"embeddable":true,"href":"https:\/\/aiviouvapes.com\/et\/wp-json\/wp\/v2\/media\/91143"}],"wp:attachment":[{"href":"https:\/\/aiviouvapes.com\/et\/wp-json\/wp\/v2\/media?parent=91142"}],"wp:term":[{"taxonomy":"product_brand","embeddable":true,"href":"https:\/\/aiviouvapes.com\/et\/wp-json\/wp\/v2\/product_brand?post=91142"},{"taxonomy":"product_cat","embeddable":true,"href":"https:\/\/aiviouvapes.com\/et\/wp-json\/wp\/v2\/product_cat?post=91142"},{"taxonomy":"product_tag","embeddable":true,"href":"https:\/\/aiviouvapes.com\/et\/wp-json\/wp\/v2\/product_tag?post=91142"}],"curies":[{"name":"wp","href":"https:\/\/api.w.org\/{rel}","templated":true}]}}