{"id":91105,"date":"2025-12-08T23:17:17","date_gmt":"2025-12-08T15:17:17","guid":{"rendered":"https:\/\/aiviouvapes.com\/?post_type=product&#038;p=91105"},"modified":"2026-03-17T11:24:22","modified_gmt":"2026-03-17T03:24:22","slug":"bang-leader-85k","status":"publish","type":"product","link":"https:\/\/aiviouvapes.com\/et\/product\/bang-leader-85k\/","title":{"rendered":"Bang Leader 85K | 3-in-1 kolmekordne maitse, 85000 puffs, 70ml, lahtiselt \u00fchekordselt kasutatav vape"},"content":{"rendered":"<p>Tutvustame <strong>Bang Leader 85000 mahvi<\/strong>, revolutsiooniline \u00fchekordne vape, mis on loodud neile, kes n\u00f5uavad rohkem. See ei ole lihtsalt tavaline vape, vaid suure v\u00f5imsusega j\u00f5ujaam, mis on loodud pikaealisuse ja rahulolu nimel. H\u00e4mmastava <strong>70 ml e-vedeliku mahuti<\/strong> ja tugev <strong>850mAh aku<\/strong>, See seade tagab, et saate veeta rohkem aega veipimise ja v\u00e4hem aega muretsemise p\u00e4rast, et aku t\u00fchjaks saab. \ud83d\udd0b\u2728<\/p>\n<p>Silmapaistvaks omaduseks on uuenduslik <strong>3-in-1 maitses\u00fcsteem<\/strong>. Oled sa t\u00fcdinenud samast maitsest? Lihtsalt vaheta seadeid, et nautida \u00fches seadmes kolme erinevat premium-maitset! Valmistatud <strong>1,0\u03a9 v\u00f5rgusilma m\u00e4his<\/strong>, see tagab \u00fchtlase, sujuva ja rikkaliku auru esimesest mahvist viimase mahvini. Sobib ideaalselt <strong>vape-poe omanikud<\/strong> otsivad populaarseid tooteid v\u00f5i palju aurustavaid kasutajaid, kes otsivad head hinna ja kvaliteedi suhet. \ud83c\udfc6\ud83d\udce6<\/p>\n<h3>\ud83c\udf1f Miks valida Bang Leader 85000?<\/h3>\n<ul>\n<li><strong>\ud83d\udd04 3-in-1 maitse tehnoloogia:<\/strong> Naudi kolme erinevat maitset \u00fches kompaktse seadmes. Vaheta maitset vastavalt oma meeleolule!<\/li>\n<li><strong>\ud83d\udca7 Suur 70 ml mahutavus:<\/strong> \u00dcks suurimaid mahte turul, mis toetab uskumatut 85 000 mahvi.<\/li>\n<li><strong>\u26a1 Laetav t\u00fc\u00fcp C:<\/strong> Kiire laadimine Type-C-porti kaudu tagab, et teie 850 mAh aku on alati valmis kasutamiseks.<\/li>\n<li><strong>\u2601\ufe0f T\u00e4iustatud v\u00f5rgusilm:<\/strong> 1,0 \u03a9 takistusega v\u00f5rguspiraal tagab parema maitse puhtuse ja tiheda aurupilve.<\/li>\n<li><strong>\ud83c\udf9a\ufe0f Paindlikud nikotiinivalikud:<\/strong> Saadaval mudelites 0%, 2%, 3% ja 5%, et rahuldada iga kliendi eelistusi.<\/li>\n<\/ul>\n<h3>\ud83d\udcca Bang Leader 85K tehnilised andmed<\/h3>\n<table>\n<thead>\n<tr>\n<th align=\"left\">Funktsioon<\/th>\n<th align=\"left\">\u00dcksikasjad<\/th>\n<\/tr>\n<\/thead>\n<tbody>\n<tr>\n<td><strong>Puffide arv<\/strong><\/td>\n<td>Kuni 85 000 mahvi<\/td>\n<\/tr>\n<tr>\n<td><strong>E-vedeliku mahutavus<\/strong><\/td>\n<td>70 ml<\/td>\n<\/tr>\n<tr>\n<td><strong>Maitses\u00fcsteem<\/strong><\/td>\n<td>3-in-1 kolmekordne maitsevahetus<\/td>\n<\/tr>\n<tr>\n<td><strong>Aku<\/strong><\/td>\n<td>850 mAh (laetav)<\/td>\n<\/tr>\n<tr>\n<td><strong>Laadimine<\/strong><\/td>\n<td>C-t\u00fc\u00fcpi port<\/td>\n<\/tr>\n<tr>\n<td><strong>Spiraal<\/strong><\/td>\n<td>1,0\u03a9 v\u00f5rgusilma m\u00e4his<\/td>\n<\/tr>\n<tr>\n<td><strong>Nikotiini tugevus<\/strong><\/td>\n<td>0% (0 mg), 2% (20 mg), 3% (30 mg), 5% (50 mg)<\/td>\n<\/tr>\n<\/tbody>\n<\/table>\n<h3>\ud83c\udf6d Bang Leader 85K maitsekooslused (3 maitset seadme kohta)<\/h3>\n<p>Iga Bang Leader seade on t\u00e4is kolme isu\u00e4ratavat maitset. Vali oma lemmikkomplekt:<\/p>\n<ul>\n<li>\ud83c\udf4c <strong>Segu 1:<\/strong> Banaanij\u00e4\u00e4 \/ Maasika-arbuus \/ Karu-kummi<\/li>\n<li>\ud83d\udc09 <strong>Segu 2:<\/strong> Must draakon j\u00e4\u00e4 \/ vahukomm \/ suveunistus<\/li>\n<li>\ud83e\uded0 <strong>Segu 3:<\/strong> Mustikaj\u00e4\u00e4 \/ Sinine Raz \/ Aromaatne pirn<\/li>\n<li>\ud83c\udf4d <strong>Segu 4:<\/strong> Kirsikarp \/ Virsikmango \/ Ananass<\/li>\n<li>\ud83e\udd64 <strong>Segu 5:<\/strong> Koola j\u00e4\u00e4 \/ \u00d5una-virsik \/ Roosa limonaad<\/li>\n<li>\ud83e\udd5d <strong>Segu 6:<\/strong> Viinamarja j\u00e4\u00e4 \/ Maasika kiivi \/ Passioni puuvilja guaja<\/li>\n<li>\ud83d\udc9c <strong>Segu 7:<\/strong> Armastus 666 \/ Mustikas-vaarikas \/ Vimto<\/li>\n<li>\ud83c\udf79 <strong>Segu 8:<\/strong> Segatud puuviljad \/ Mojito virsik \/ Mustikas-vaarikas<\/li>\n<li>\ud83c\udf53 <strong>Segu 9:<\/strong> Ananassi j\u00e4\u00e4 \/ Maasika Red Bull \/ Segatud marjad<\/li>\n<li>\ud83c\udf4e <strong>Sega 10:<\/strong> Punane \u00f5un ja j\u00e4\u00e4 \/ Vaarikas ja arbuus \/ Aloe ja viinamari<\/li>\n<li>\ud83c\udf66 <strong>Segu 11:<\/strong> Red Bull \/ Mustikas-arbuus \/ Maasika j\u00e4\u00e4tis<\/li>\n<li>\ud83c\udf4a <strong>Segu 12:<\/strong> Maasika j\u00e4\u00e4 \/ sidruni-apelsini \/ arbuusi mullitava kummi<\/li>\n<li>\ud83c\udf4c <strong>Segu 13:<\/strong> Maasikas-vaarikas \/ musts\u00f5star \/ maasikas-banaan<\/li>\n<li>\ud83c\udf52 <strong>Segu 14:<\/strong> Maasika-arbuus \/ Kirsi-koola \/ Maasika-koor<\/li>\n<li>\ud83e\udd6d <strong>Sega 15:<\/strong> Arbuusij\u00e4\u00e4 \/ Mangopirs \/ Apelsinilimonaad<\/li>\n<\/ul>\n<p><strong>Bang Leader 85000 mahvi<\/strong> seab uue standardi \u00fchekordselt kasutatavatele e-sigarettidele. See sobib ideaalselt <strong>aktiivsed kasutajad<\/strong> kes soovivad mugavust ilma kompromissideta ja <strong>maitsej\u00e4litajad<\/strong> kes armastavad mitmekesisust. Sest <strong>jae- ja hulgim\u00fc\u00fcjad<\/strong>, See suure j\u00f5udlusega, mitme maitsega seade on h\u00e4davajalik toode, mis meelitab ligi kliente, kes otsivad parimat hinna-kvaliteedi suhet ja uusimat tehnoloogiat. T\u00e4iendage oma varusid juba t\u00e4na! \ud83d\ude80\ud83d\uded2<\/p>\n<h3>\u2753 Korduma kippuvad k\u00fcsimused (KKK)<\/h3>\n<p><strong>K: Kuidas vahetada maitseid mudelil Bang Leader 85K?<\/strong><br \/>\nV: Seadmel on lihtne l\u00fclitusmehhanism, mis v\u00f5imaldab valida kolme eraldi vedelikumahuti vahel. \ud83d\udd00<\/p>\n<p><strong>K: Kas aku on laetav?<\/strong><br \/>\nV: Jah! Seadmega kaasas on 850 mAh aku, mida saab h\u00f5lpsasti laadida tavalise Type-C laadimiskaabli abil. \ud83d\udd0c<\/p>\n<p><strong>K: Kas see toode sobib hulgim\u00fc\u00fcgiks?<\/strong><br \/>\nV: Kindlasti. Unikaalne 3-in-1 m\u00fc\u00fcgiargument ja suur mahu arv teevad sellest v\u00e4ga atraktiivse toote B2B ostjatele ja veipipoodidele. \ud83c\udfed<\/p>\n<p><strong>K: Kui kaua kestab 85 000 mahvi?<\/strong><br \/>\nV: 70 ml vedelikuga v\u00f5ib see seade s\u00f5ltuvalt kasutusharjumustest kesta mitu n\u00e4dalat, mis teeb selle \u00e4\u00e4rmiselt kulut\u00f5husaks. \ud83d\uddd3\ufe0f<\/p>","protected":false},"excerpt":{"rendered":"<p>85 000 mahvi, 3-in-1 maitsevahetus ja 70 ml mahutavus! Bang Leader 85K on parim pikaajalise kestvusega laetav e-sigaret hulgim\u00fc\u00fcjatele ja maitseotsijatele. \ud83c\udf2c\ufe0f\ud83d\udca8<\/p>","protected":false},"featured_media":91116,"comment_status":"open","ping_status":"closed","template":"","meta":[],"product_brand":[239],"product_cat":[336,242,37],"product_tag":[443,444,442,445,433],"class_list":{"0":"post-91105","1":"product","2":"type-product","3":"status-publish","4":"has-post-thumbnail","6":"product_brand-bang","7":"product_cat-100k-puffs-disposable-vape","8":"product_cat-60000-puffs-disposable-vape","9":"product_cat-bang","10":"product_tag-3-in-1-flavor-vape","11":"product_tag-85000-puffs-disposable","12":"product_tag-bang-leader-85000-puffs","13":"product_tag-bang-vape-wholesale","14":"product_tag-rechargeable-vape","16":"first","17":"instock","18":"shipping-taxable","19":"purchasable","20":"product-type-variable","21":"has-default-attributes"},"jetpack_sharing_enabled":true,"tiered_pricing_type":"fixed","tiered_pricing_fixed_rules":{"30":9.07000000000000028421709430404007434844970703125,"50":7.519999999999999573674358543939888477325439453125,"100":7,"200":6.61000000000000031974423109204508364200592041015625,"400":5.8300000000000000710542735760100185871124267578125},"tiered_pricing_product_settings":{"layout":"default","base_unit_name":{"singular":null,"plural":null},"default_variation":null},"tiered_pricing_minimum_quantity":10,"tiered_pricing_roles_data":[],"tiered_pricing_percentage_rules":[],"tiered_pricing_maximum_quantity":null,"tiered_pricing_quantity_step":"10","_links":{"self":[{"href":"https:\/\/aiviouvapes.com\/et\/wp-json\/wp\/v2\/product\/91105","targetHints":{"allow":["GET"]}}],"collection":[{"href":"https:\/\/aiviouvapes.com\/et\/wp-json\/wp\/v2\/product"}],"about":[{"href":"https:\/\/aiviouvapes.com\/et\/wp-json\/wp\/v2\/types\/product"}],"replies":[{"embeddable":true,"href":"https:\/\/aiviouvapes.com\/et\/wp-json\/wp\/v2\/comments?post=91105"}],"wp:featuredmedia":[{"embeddable":true,"href":"https:\/\/aiviouvapes.com\/et\/wp-json\/wp\/v2\/media\/91116"}],"wp:attachment":[{"href":"https:\/\/aiviouvapes.com\/et\/wp-json\/wp\/v2\/media?parent=91105"}],"wp:term":[{"taxonomy":"product_brand","embeddable":true,"href":"https:\/\/aiviouvapes.com\/et\/wp-json\/wp\/v2\/product_brand?post=91105"},{"taxonomy":"product_cat","embeddable":true,"href":"https:\/\/aiviouvapes.com\/et\/wp-json\/wp\/v2\/product_cat?post=91105"},{"taxonomy":"product_tag","embeddable":true,"href":"https:\/\/aiviouvapes.com\/et\/wp-json\/wp\/v2\/product_tag?post=91105"}],"curies":[{"name":"wp","href":"https:\/\/api.w.org\/{rel}","templated":true}]}}