{"id":87834,"date":"2025-11-27T15:01:42","date_gmt":"2025-11-27T07:01:42","guid":{"rendered":"https:\/\/aiviouvapes.com\/?post_type=product&#038;p=87834"},"modified":"2026-03-17T12:27:33","modified_gmt":"2026-03-17T04:27:33","slug":"uzy-tornado-30k","status":"publish","type":"product","link":"https:\/\/aiviouvapes.com\/et\/product\/uzy-tornado-30k\/","title":{"rendered":"UZY Tornado 30K | kahesuguse maitsega RGB ekraan 30000 puffs 40ml mega paak lahtiselt \u00fchekordselt kasutatav vape"},"content":{"rendered":"<p><strong>UZY Tornado 30000 puffid<\/strong> toob sulle massiivsed pilved, v\u00f5imsa j\u00f5udluse ja kaks maitset \u00fches seadmes. Koos <strong>kahekomponentne \u00f5lipaak<\/strong>, <strong>reguleeritav v\u00f5imsus<\/strong>, <strong>1.0\u03a9 v\u00f5rgusilma m\u00e4his<\/strong>, ja uimastava <strong>RGD ekraan<\/strong>, selles seadmes on \u00fchendatud stiil, tehnoloogia ja pikaajaline rahulolu. Ideaalne nii jaeklientidele kui ka hulgiostjatele. \ud83d\udd25<\/p>\n<h2>Miks valida UZY Tornado 30000? \ud83c\udf2a\ufe0f<\/h2>\n<ul>\n<li>\ud83c\udf6d <strong>Kahe maitsega s\u00fcsteem<\/strong> - Vaheta kahe maitse vahel koheselt, kasutades kahekomponentilist paaki.<\/li>\n<li>\ud83d\udcfa <strong>D\u00fcnaamiline RGD ekraan<\/strong> - N\u00e4itab selgelt eraldi \u00f5litaset + aku indikaatorit.<\/li>\n<li>\ud83d\udca8 <strong>Kuni 30,000 puffid<\/strong> - Pikaajaline disain kogu p\u00e4eva aurutamiseks.<\/li>\n<li>\u26a1 <strong>Reguleeritavad v\u00f5imsuse seaded<\/strong> - Kohandage iga t\u00f5mbamise intensiivsust.<\/li>\n<li>\ud83d\udd0c <strong>Kiire C-t\u00fc\u00fcpi laadimine<\/strong> - Toitub 850 mAh akust.<\/li>\n<li>\ud83c\udf2c\ufe0f <strong>\u00dche- ja kahevoorulise t\u00f5mbamise re\u017eiimid<\/strong> - Vali sujuv v\u00f5i v\u00f5imendatud aurutootmine.<\/li>\n<li>\ud83e\uddca <strong>1,0\u03a9 v\u00f5rgusilma m\u00e4his<\/strong> - Rikkalikum aur, sujuvam maitse ja tugevam maitse.<\/li>\n<li>\ud83e\uddc3 <strong>40mL E-vedeliku mahutavus<\/strong> - Pikendatud seansid v\u00e4hemate korduvt\u00e4itmistega.<\/li>\n<li>\ud83d\udc8e <strong>Kvaliteetne teostus<\/strong> - K\u00f5rgtehnoloogiline v\u00e4limus ja ergonoomiline k\u00e4epide.<\/li>\n<li>\ud83c\udf0d <strong>Nikotiini valikud: 2%, 3%, 5%<\/strong> - Sobib erinevatele turuvajadustele.<\/li>\n<\/ul>\n<h3>UZY Tornado 30K tehnilised andmed \ud83d\udcd8<\/h3>\n<table>\n<tbody>\n<tr>\n<td><strong>Puffide arv<\/strong><\/td>\n<td>Kuni 30000 puffi<\/td>\n<\/tr>\n<tr>\n<td><strong>E-vedeliku mahutavus<\/strong><\/td>\n<td>40mL (kahe sektsiooniga)<\/td>\n<\/tr>\n<tr>\n<td><strong>Aku<\/strong><\/td>\n<td>850mAh laetav<\/td>\n<\/tr>\n<tr>\n<td><strong>Laadimisport<\/strong><\/td>\n<td>C-t\u00fc\u00fcpi kiirlaadimine<\/td>\n<\/tr>\n<tr>\n<td><strong>M\u00e4hise t\u00fc\u00fcp<\/strong><\/td>\n<td>1,0\u03a9 v\u00f5rgusilma m\u00e4his<\/td>\n<\/tr>\n<tr>\n<td><strong>V\u00f5imsuse seaded<\/strong><\/td>\n<td>Reguleeritav v\u00f5imsus<\/td>\n<\/tr>\n<tr>\n<td><strong>Re\u017eiimid<\/strong><\/td>\n<td>\u00dche- ja kahevoorulise t\u00f5mbamise re\u017eiimid<\/td>\n<\/tr>\n<tr>\n<td><strong>Nikotiini tugevus<\/strong><\/td>\n<td>2%, 3%, 5%<\/td>\n<\/tr>\n<tr>\n<td><strong>Ekraani kuvamine<\/strong><\/td>\n<td>D\u00fcnaamiline RGD ekraan (\u00f5li ja aku tasemed)<\/td>\n<\/tr>\n<tr>\n<td><strong>Maitse valikud<\/strong><\/td>\n<td>10 kahe maitse kombinatsiooni<\/td>\n<\/tr>\n<\/tbody>\n<\/table>\n<h3>UZY Tornado 30K saadavalolevad maitsed \ud83c\udf6c\ud83c\udf49\u2744\ufe0f<\/h3>\n<p>Iga maitsepaar pakub v\u00e4rsket, mitmekihilist maitseelamust:<\/p>\n<ul>\n<li>\ud83c\udf49\u2744\ufe0f <strong>Arbuusij\u00e4\u00e4tis ja sidruni-laim<\/strong> - Lahe melon koos tsitruseliste s\u00e4raga.<\/li>\n<li>\ud83c\udf52\u2728 <strong>Kirsikaj\u00e4\u00e4tis ja mustikavatt suhkrupulber<\/strong> - Magus kommi twist koos j\u00e4ise kirsikafriisiga.<\/li>\n<li>\ud83c\udf53\ud83d\udc99 <strong>Maasika arbuus ja mustikas vaarikas<\/strong> - Puuviljane topeltr\u00f5\u00f5m.<\/li>\n<li>\u26a1\ud83e\udd6d <strong>Red Bull Ice &amp; Strawberry Mango<\/strong> - Energiline j\u00e4ine segu kohtub troopilise mangoga.<\/li>\n<li>\ud83c\udf51\ud83c\udf4d <strong>Virsikuj\u00e4\u00e4tis ja ananass Mango Virsik<\/strong> - Pehme virsik ja troopiline magusus.<\/li>\n<li>\ud83c\udf47\u2744\ufe0f <strong>Viinamarjaj\u00e4\u00e4 ja maasika-kiivi<\/strong> - J\u00e4\u00e4tunud viinamarja, mis on hapukas.<\/li>\n<li>\ud83c\udf53\ud83c\udf4f <strong>Segatud marjad ja topelt-\u00f5unaj\u00e4\u00e4tis<\/strong> - Marjad koos v\u00e4rskendava \u00f5unaj\u00e4\u00e4ga.<\/li>\n<li>\ud83d\udc99\ud83c\udf4b <strong>Blue Razz Lemonade &amp; Watermelon Bubblegum<\/strong> - Magus, hapu ja l\u00f5bus.<\/li>\n<li>\ud83c\udf51\ud83c\udf49 <strong>Virsik Marja &amp; Arbuus Mango Virsik<\/strong> - Kihiline puuviljane plahvatus.<\/li>\n<li>\ud83e\uded0\ud83d\udc09 <strong>Mustika j\u00e4\u00e4 ja mustikaj\u00e4\u00e4<\/strong> - S\u00fcgav j\u00e4ine intensiivsus.<\/li>\n<\/ul>\n<h3>Ideaalne \u2714\ufe0f<\/h3>\n<p>Rasked aurutajad, maitsejahtijad, vapipoodide omanikud, veebip\u00f5hised edasim\u00fc\u00fcjad ja hulgim\u00fc\u00fcjad, kes vajavad usaldusv\u00e4\u00e4rset, suure j\u00f5udlusega topeltmaitselist \u00fchekordset seadet, millel on suur puffide arv ja tugev kliendip\u00fc\u00fcdlikkus.<\/p>\n<p>\u00dcldiselt, <strong>UZY Tornado 30000<\/strong> on k\u00f5rgekvaliteediline kahesuguse maitsega \u00fchekordselt kasutatav vape, mis on m\u00f5eldud kasutajatele, kes n\u00f5uavad pikaajalist j\u00f5udlust, reguleeritavat v\u00f5imsust ja julget maitset. T\u00e4nu t\u00e4iustatud RGD-ekraanile, suurele 40mL mahutavusele, v\u00f5rgusilma m\u00e4hisele ja tohutule 30K puffide elueale on see ideaalne valik raskekasutajatele, vape-poodidele ja hulgim\u00fc\u00fcjatele, kes otsivad tippm\u00fc\u00fcgiga seadet.<\/p>\n<h3>KKK \u2753<\/h3>\n<p><strong>K: Kui kaua kestab UZY Tornado 30000?<\/strong><br \/>\nV: S\u00f5ltuvalt kasutusviisist kuni 30000 puffi - sellest piisab mitmeks p\u00e4evaks regulaarseks aurutamiseks.<\/p>\n<p><strong>K: Kas ma saan kahe maitse vahel vahetada?<\/strong><br \/>\nV: Jah! Kahekambriline paak v\u00f5imaldab teil nautida kahte maitset \u00fches seadmes.<\/p>\n<p><strong>K: Kas see on laetav?<\/strong><br \/>\nV: Jah, see kasutab C-t\u00fc\u00fcpi kiirlaadimist, et tagada stabiilne j\u00f5udlus.<\/p>\n<p><strong>K: Kas ekraan on reaalajas?<\/strong><br \/>\nV: D\u00fcnaamiline RGD-ekraan n\u00e4itab reaalajas m\u00f5lema paagi \u00f5litaset ja aku olekut.<\/p>\n<p><strong>K: Kas see sobib hulgim\u00fc\u00fcgiks?<\/strong><br \/>\nV: Absoluutselt - suur puffide arv, esmaklassiline disain ja suur turun\u00f5udlus muudavad selle ideaalselt sobivaks lahtiste tellimuste jaoks.<\/p>\n<p><strong>K: Millised nikotiini tugevused on saadaval?<\/strong><br \/>\nV: 2%, 3% ja 5%, mis sobivad erinevatele turgudele ja eeskirjadele.<\/p>","protected":false},"excerpt":{"rendered":"<p>Kogege kahekordse maitsega 30000-puhumise \u00fchekordset vampiiri, millel on d\u00fcnaamiline RGD-ekraan, suur 40mL paak, reguleeritav v\u00f5imsus ja kiire Type-C laadimine - ehitatud pikaajaliseks j\u00f5udluseks ja rikkalikuks maitseks. Sobib ideaalselt vape-s\u00f5pradele ja hulgim\u00fc\u00fcjatele. \ud83d\ude80<\/p>","protected":false},"featured_media":87835,"comment_status":"open","ping_status":"closed","template":"","meta":[],"product_brand":[254],"product_cat":[253,131,137,146,138,141,143],"product_tag":[395,397,394,393,396],"class_list":{"0":"post-87834","1":"product","2":"type-product","3":"status-publish","4":"has-post-thumbnail","6":"product_brand-uzy","7":"product_cat-uzy","8":"product_cat-30000-puffs-disposable-vape","9":"product_cat-disposable-vapes-in-germany","10":"product_cat-disposable-vapes-in-hungary","11":"product_cat-disposable-vapes-in-ltaly","12":"product_cat-disposable-vapes-in-poland","13":"product_cat-disposable-vapes-in-spain","14":"product_tag-30000-puffs-rgd-screen-vape","15":"product_tag-bulk-vape-supplier","16":"product_tag-dual-flavor-disposable-vape","17":"product_tag-uzy-tornado-30000-vape","18":"product_tag-wholesale-disposable-vape","20":"first","21":"instock","22":"shipping-taxable","23":"purchasable","24":"product-type-variable","25":"has-default-attributes"},"jetpack_sharing_enabled":true,"tiered_pricing_type":"fixed","tiered_pricing_fixed_rules":{"1000":5.37000000000000010658141036401502788066864013671875},"tiered_pricing_product_settings":{"layout":"default","base_unit_name":{"singular":null,"plural":null},"default_variation":null},"tiered_pricing_minimum_quantity":1000,"tiered_pricing_roles_data":[],"tiered_pricing_percentage_rules":[],"tiered_pricing_maximum_quantity":null,"tiered_pricing_quantity_step":"10","_links":{"self":[{"href":"https:\/\/aiviouvapes.com\/et\/wp-json\/wp\/v2\/product\/87834","targetHints":{"allow":["GET"]}}],"collection":[{"href":"https:\/\/aiviouvapes.com\/et\/wp-json\/wp\/v2\/product"}],"about":[{"href":"https:\/\/aiviouvapes.com\/et\/wp-json\/wp\/v2\/types\/product"}],"replies":[{"embeddable":true,"href":"https:\/\/aiviouvapes.com\/et\/wp-json\/wp\/v2\/comments?post=87834"}],"wp:featuredmedia":[{"embeddable":true,"href":"https:\/\/aiviouvapes.com\/et\/wp-json\/wp\/v2\/media\/87835"}],"wp:attachment":[{"href":"https:\/\/aiviouvapes.com\/et\/wp-json\/wp\/v2\/media?parent=87834"}],"wp:term":[{"taxonomy":"product_brand","embeddable":true,"href":"https:\/\/aiviouvapes.com\/et\/wp-json\/wp\/v2\/product_brand?post=87834"},{"taxonomy":"product_cat","embeddable":true,"href":"https:\/\/aiviouvapes.com\/et\/wp-json\/wp\/v2\/product_cat?post=87834"},{"taxonomy":"product_tag","embeddable":true,"href":"https:\/\/aiviouvapes.com\/et\/wp-json\/wp\/v2\/product_tag?post=87834"}],"curies":[{"name":"wp","href":"https:\/\/api.w.org\/{rel}","templated":true}]}}