{"id":5353,"date":"2024-08-19T03:51:49","date_gmt":"2024-08-18T19:51:49","guid":{"rendered":"https:\/\/aiviouvapes.com\/?post_type=product&#038;p=5353"},"modified":"2026-04-17T13:01:41","modified_gmt":"2026-04-17T05:01:41","slug":"aivono-winner-6000-puffs-disposable-wholesale","status":"publish","type":"product","link":"https:\/\/aiviouvapes.com\/et\/product\/aivono-winner-6000-puffs-disposable-wholesale\/","title":{"rendered":"AIVONO Winner 6000 Puffs | 0%-5% nikotiin, 26mL, dual mesh, LCD ekraan, bulk vape"},"content":{"rendered":"<h2>AIVONO v\u00f5itja 6000 pahvi | 0% 2% 3% 5% nikotiin, 26 ml e-vedelik, kahe v\u00f5rguga m\u00e4hised, LCD-ekraan, C-t\u00fc\u00fcpi taaslaetav, hulgiost \u00fchekordselt kasutatavate vape hulgim\u00fc\u00fck<\/h2>\n<h3>AIVONO WINNER 6000 Puffs \u00fclevaade ja funktsioonid<\/h3>\n<p>AIVONO WINNER 6000 pahvid on loodud pakkuma pikemat rahulolu, pakkudes kuni 6000 mahla suure 15 ml e-mahla mahuga, mis v\u00e4hendab vajadust sagedaste t\u00e4itmiste j\u00e4rele. See seade, mis t\u00f6\u00f6tab 600 mAh laetava akuga, toetab pikaajalisi aurustusseansse ning C-t\u00fc\u00fcpi laadimisport tagab kiire ja t\u00f5husa laadimise. Saadaval nikotiinitasemega 0%, 2% ja 5%, see vastab erinevatele eelistustele. 1,2 \u03a9 v\u00f5rgusilma m\u00e4his suurendab maitset ja auru konsistentsi, muutes iga pahvi sujuvaks ja nauditavaks.<\/p>\n<ul>\n<li><strong>Kuni 6000 pahvi<\/strong>: pakub laialdast kasutamist, maksimeerib v\u00e4\u00e4rtust ja mugavust.<\/li>\n<li><strong>15ml E-vedeliku maht<\/strong>: V\u00e4hendab t\u00e4itmissagedust katkematuks nautimiseks.<\/li>\n<li><strong>600mAh aku<\/strong>: Tagab usaldusv\u00e4\u00e4rse j\u00f5udluse koos kiire Type-C laadimisega.<\/li>\n<li><strong>Nikotiini valikud<\/strong>: Kohandatud kogemuse saamiseks on saadaval 0%, 2% ja 5%.<\/li>\n<li><strong>1,2\u03a9 v\u00f5rgusilma m\u00e4his<\/strong>: Annab rikkaliku, sujuva maitse ja \u00fchtlase auru tootmise.<\/li>\n<\/ul>\n<h3>Laos olevad AIVONO WINNER 6000 Puffs Flavors:<\/h3>\n<p>Arbuusij\u00e4\u00e4, jahe piparm\u00fcnt, banaanij\u00e4\u00e4, mustikaj\u00e4\u00e4, virsikuj\u00e4\u00e4, viinamarjaj\u00e4\u00e4, greibi-apelsin, mango-guajaav, maasika kannatusvili, apelsini sooda.<\/p>\n<h3>Miks valida AIVONO WINNER 6000 puffi?<\/h3>\n<p>AIVONO WINNER 6000 Puffs \u00fchendab endas suure pahvatamisv\u00f5imsuse, mitmekesise maitsevaliku ja t\u00e4iustatud v\u00f5rgusilma tehnoloogia, muutes selle parimaks valikuks neile, kes otsivad kvaliteeti ja mugavust. Selle kerge, kaasaskantav disain ja taaslaetav aku muudavad selle ideaalseks liikvel olles, samas kui \u00fchekordselt kasutatav formaat t\u00e4hendab, et t\u00e4itmist v\u00f5i hooldust pole vaja. See seade sobib suurep\u00e4raselt hulgim\u00fc\u00fcgiks ja on suurep\u00e4rane v\u00f5imalus jaem\u00fc\u00fcjatele, kes soovivad pakkuda kvaliteetset \u00fchekordselt kasutatavat veipi. AIVONO WINNER 6000 Puffs pakub esmaklassilist ja rahuldavat aurustamiskogemust iga pahviga.<img data-recalc-dims=\"1\" loading=\"lazy\" decoding=\"async\" class=\"alignnone wp-image-8224 size-full\" title=\"AIVONO WINNER 6000 Puffs 0% 2% 5% nikotiini laetav Bulk osta \u00fchekordselt Vape hulgi\" src=\"https:\/\/i0.wp.com\/aiviouvapes.com\/wp-content\/uploads\/2024\/08\/%E9%9B%86%E5%90%88%E5%9B%BE3.jpg?resize=1020%2C599&#038;ssl=1\" alt=\"AIVONO WINNER 6000 Puffs 0% 2% 5% nikotiini laetav Bulk osta \u00fchekordselt Vape hulgi\" width=\"1020\" height=\"599\" srcset=\"https:\/\/i0.wp.com\/aiviouvapes.com\/wp-content\/uploads\/2024\/08\/%E9%9B%86%E5%90%88%E5%9B%BE3.jpg?w=1920&amp;ssl=1 1920w, https:\/\/i0.wp.com\/aiviouvapes.com\/wp-content\/uploads\/2024\/08\/%E9%9B%86%E5%90%88%E5%9B%BE3.jpg?resize=300%2C176&amp;ssl=1 300w, https:\/\/i0.wp.com\/aiviouvapes.com\/wp-content\/uploads\/2024\/08\/%E9%9B%86%E5%90%88%E5%9B%BE3.jpg?resize=1024%2C602&amp;ssl=1 1024w, https:\/\/i0.wp.com\/aiviouvapes.com\/wp-content\/uploads\/2024\/08\/%E9%9B%86%E5%90%88%E5%9B%BE3.jpg?resize=768%2C451&amp;ssl=1 768w, https:\/\/i0.wp.com\/aiviouvapes.com\/wp-content\/uploads\/2024\/08\/%E9%9B%86%E5%90%88%E5%9B%BE3.jpg?resize=1536%2C902&amp;ssl=1 1536w, https:\/\/i0.wp.com\/aiviouvapes.com\/wp-content\/uploads\/2024\/08\/%E9%9B%86%E5%90%88%E5%9B%BE3.jpg?resize=18%2C12&amp;ssl=1 18w, https:\/\/i0.wp.com\/aiviouvapes.com\/wp-content\/uploads\/2024\/08\/%E9%9B%86%E5%90%88%E5%9B%BE3.jpg?resize=800%2C470&amp;ssl=1 800w\" sizes=\"auto, (max-width: 1020px) 100vw, 1020px\" \/><\/p>","protected":false},"excerpt":{"rendered":"<p>AIVONO WINNER 6000 Puffs pakub kuni 6000 pihustust 15 ml e-vedeliku mahu, sujuva 1,2 \u03a9 v\u00f5rgusilma m\u00e4hise ja laetava 600 mAh akuga. Saadaval nikotiini 0%, 2% ja 5% kujul, see tagab kaasaskantava, hooldusvaba disainiga \u00fchtlase maitse ja rahulolu.<\/p>","protected":false},"featured_media":5354,"comment_status":"open","ping_status":"closed","template":"","meta":[],"product_brand":[],"product_cat":[41,119,117,76,134,135,133,136,137,146,138,139,140,141,142,143,144,145,116,573,572,132],"product_tag":[],"class_list":{"0":"post-5353","1":"product","2":"type-product","3":"status-publish","4":"has-post-thumbnail","6":"product_cat-aivono-vapes","7":"product_cat-5000-puffs-disposable-vape","8":"product_cat-different-puffs-of-diposable-vapes","9":"product_cat-disposable-vape-types","10":"product_cat-disposable-vapes-in-austria","11":"product_cat-disposable-vapes-in-belgium","12":"product_cat-disposable-vapes-in-europe","13":"product_cat-disposable-vapes-in-france","14":"product_cat-disposable-vapes-in-germany","15":"product_cat-disposable-vapes-in-hungary","16":"product_cat-disposable-vapes-in-ltaly","17":"product_cat-disposable-vapes-in-netherlands","18":"product_cat-disposable-vapes-in-norway","19":"product_cat-disposable-vapes-in-poland","20":"product_cat-disposable-vapes-in-portugal","21":"product_cat-disposable-vapes-in-spain","22":"product_cat-disposable-vapes-in-sweden","23":"product_cat-disposable-vapes-in-switzerland","24":"product_cat-mini-puffs-vapes","25":"product_cat-new-3","26":"product_cat-new-2","27":"product_cat-rechargeable-vapes","29":"first","30":"instock","31":"shipping-taxable","32":"purchasable","33":"product-type-variable","34":"has-default-attributes"},"jetpack_sharing_enabled":true,"tiered_pricing_type":"fixed","tiered_pricing_fixed_rules":{"2000":5.12999999999999989341858963598497211933135986328125},"tiered_pricing_product_settings":{"layout":"default","base_unit_name":{"singular":null,"plural":null},"default_variation":null},"tiered_pricing_minimum_quantity":1000,"tiered_pricing_roles_data":[],"tiered_pricing_percentage_rules":[],"tiered_pricing_maximum_quantity":null,"tiered_pricing_quantity_step":"10","_links":{"self":[{"href":"https:\/\/aiviouvapes.com\/et\/wp-json\/wp\/v2\/product\/5353","targetHints":{"allow":["GET"]}}],"collection":[{"href":"https:\/\/aiviouvapes.com\/et\/wp-json\/wp\/v2\/product"}],"about":[{"href":"https:\/\/aiviouvapes.com\/et\/wp-json\/wp\/v2\/types\/product"}],"replies":[{"embeddable":true,"href":"https:\/\/aiviouvapes.com\/et\/wp-json\/wp\/v2\/comments?post=5353"}],"wp:featuredmedia":[{"embeddable":true,"href":"https:\/\/aiviouvapes.com\/et\/wp-json\/wp\/v2\/media\/5354"}],"wp:attachment":[{"href":"https:\/\/aiviouvapes.com\/et\/wp-json\/wp\/v2\/media?parent=5353"}],"wp:term":[{"taxonomy":"product_brand","embeddable":true,"href":"https:\/\/aiviouvapes.com\/et\/wp-json\/wp\/v2\/product_brand?post=5353"},{"taxonomy":"product_cat","embeddable":true,"href":"https:\/\/aiviouvapes.com\/et\/wp-json\/wp\/v2\/product_cat?post=5353"},{"taxonomy":"product_tag","embeddable":true,"href":"https:\/\/aiviouvapes.com\/et\/wp-json\/wp\/v2\/product_tag?post=5353"}],"curies":[{"name":"wp","href":"https:\/\/api.w.org\/{rel}","templated":true}]}}