{"id":5272,"date":"2024-08-19T03:33:10","date_gmt":"2024-08-18T19:33:10","guid":{"rendered":"https:\/\/aiviouvapes.com\/?post_type=product&#038;p=5272"},"modified":"2026-04-17T13:01:43","modified_gmt":"2026-04-17T05:01:43","slug":"aivono-aim-puff-star-6500-puffs-disposable-wholesale","status":"publish","type":"product","link":"https:\/\/aiviouvapes.com\/et\/product\/aivono-aim-puff-star-6500-puffs-disposable-wholesale\/","title":{"rendered":"AIVONO Aim Puff Star 6500 Puffs | 0%-5% nikotiin, 13mL, lahtiselt \u00fchekordselt kasutatav vape"},"content":{"rendered":"<h2>AIVONO Aim Puff Star 6500 pahvi | 0% 2% 5% nikotiin, 13 ml e-vedelik, 1,2 \u03a9 v\u00f5rgusilma m\u00e4his, C-t\u00fc\u00fcpi taaslaetav, hulgiost \u00fchekordselt kasutatavate vape hulgim\u00fc\u00fck<\/h2>\n<h3>AIVONO AIM PUFF STAR 6500 Puffs \u00fclevaade ja funktsioonid<\/h3>\n<p>AIVONO AIM PUFF STAR 6500 Puffs on loodud pikemaks nautimiseks, pakkudes kuni 6500 t\u00f5mmet koos 13 ml e-mahla mahutiga, et v\u00e4hendada vajadust sagedaste t\u00e4itmiste j\u00e4rele. 400 mAh laetava aku toiteallikana toetab see seade pikaajalisi aurutamisseansse, samas kui C-t\u00fc\u00fcpi laadimisport tagab kiire ja t\u00f5husa laadimise. Saadaval nikotiinisisaldusega 0%, 2% ja 5%, see vastab erinevatele eelistustele. 1,2 \u03a9 v\u00f5rgusilma m\u00e4his suurendab maitset ja auru konsistentsi, pakkudes iga pahviga sujuva ja nauditava veipi.<\/p>\n<ul>\n<li><strong>Kuni 6500 pahvi<\/strong>: Tagab pikaajalise kasutuse, maksimeerides mugavust ja rahulolu.<\/li>\n<li><strong>13ml E-vedeliku maht<\/strong>: V\u00e4hendab t\u00e4itmisvajadust, ideaalne katkematuks nautimiseks.<\/li>\n<li><strong>400 mAh aku<\/strong>: Tagab usaldusv\u00e4\u00e4rse j\u00f5udluse koos kiire Type-C laadimisega.<\/li>\n<li><strong>Nikotiini valikud<\/strong>: Kohandatud kogemuse saamiseks on saadaval 0%, 2% ja 5%.<\/li>\n<li><strong>1,2\u03a9 v\u00f5rgusilma m\u00e4his<\/strong>: Annab rikkaliku, sujuva maitse ja \u00fchtlase auru tootmise.<\/li>\n<\/ul>\n<h3>Laos olevad AIVONO AIM PUFF STAR 6500 Puffs Flavors:<\/h3>\n<p>Marjasegu, mentoolikompvekid, maasikakiivi, segamango, arbuus, maasikaj\u00e4\u00e4, energiajook, sinimarja, kookose melon, virsikumahl.<\/p>\n<h3>Miks valida AIVONO AIM PUFF STAR 6500 pahvid?<\/h3>\n<p>AIVONO AIM PUFF STAR 6500 Puffs \u00fchendab endas suure pahvimahu, mitmekesised maitsed ja t\u00e4iustatud v\u00f5rgusilma tehnoloogia, muutes selle ideaalseks kvaliteeti ja mugavust otsivatele aurustitele. Selle kompaktne kaasaskantav disain ja laetav aku sobivad ideaalselt liikvel olles, samas kui \u00fchekordselt kasutatav formaat ei vaja hooldust. See seade sobib ideaalselt hulgim\u00fc\u00fcgiks ja on suurep\u00e4rane v\u00f5imalus jaem\u00fc\u00fcjatele, kes soovivad pakkuda esmaklassilist \u00fchekordselt kasutatavat suitsu. Olenemata sellest, kas olete kogenud veipleja v\u00f5i s\u00fcndmuskohal uustulnuk, AIVONO AIM PUFF STAR 6500 Puffs lubab iga pahviga rahuldustpakkuvat ja maitsvat kogemust.<\/p>\n<p><img data-recalc-dims=\"1\" loading=\"lazy\" decoding=\"async\" class=\"alignnone wp-image-8222 size-full\" title=\"AIVONO AIM PUFF STAR 6500 Puffs 0% 2% 5% nikotiini laetav Bulk osta \u00fchekordselt Vape hulgi\" src=\"https:\/\/i0.wp.com\/aiviouvapes.com\/wp-content\/uploads\/2024\/08\/1-21.jpg?resize=1020%2C816&#038;ssl=1\" alt=\"AIVONO AIM PUFF STAR 6500 Puffs 0% 2% 5% nikotiini laetav Bulk osta \u00fchekordselt Vape hulgi\" width=\"1020\" height=\"816\" srcset=\"https:\/\/i0.wp.com\/aiviouvapes.com\/wp-content\/uploads\/2024\/08\/1-21.jpg?w=1876&amp;ssl=1 1876w, https:\/\/i0.wp.com\/aiviouvapes.com\/wp-content\/uploads\/2024\/08\/1-21.jpg?resize=300%2C240&amp;ssl=1 300w, https:\/\/i0.wp.com\/aiviouvapes.com\/wp-content\/uploads\/2024\/08\/1-21.jpg?resize=1024%2C819&amp;ssl=1 1024w, https:\/\/i0.wp.com\/aiviouvapes.com\/wp-content\/uploads\/2024\/08\/1-21.jpg?resize=768%2C614&amp;ssl=1 768w, https:\/\/i0.wp.com\/aiviouvapes.com\/wp-content\/uploads\/2024\/08\/1-21.jpg?resize=1536%2C1228&amp;ssl=1 1536w, https:\/\/i0.wp.com\/aiviouvapes.com\/wp-content\/uploads\/2024\/08\/1-21.jpg?resize=15%2C12&amp;ssl=1 15w, https:\/\/i0.wp.com\/aiviouvapes.com\/wp-content\/uploads\/2024\/08\/1-21.jpg?resize=800%2C640&amp;ssl=1 800w\" sizes=\"auto, (max-width: 1020px) 100vw, 1020px\" \/><\/p>","protected":false},"excerpt":{"rendered":"<p>\u2764\ufe0f\ud83d\udca8AIVONO AIM PUFF STAR 6500 Puffs pakub kuni 6500 pihustust, 13 ml e-vedelikku ja 400 mAh taaslaetavat akut pikemaks ja probleemivabaks aurustamiseks. Saadaval mitme nikotiinitugevusega, sellel on 1,2 \u03a9 v\u00f5rgusilma m\u00e4his, mis tagab sujuva ja maitseka auru. Sobib suurep\u00e4raselt nii isiklikuks kasutamiseks kui ka hulgim\u00fc\u00fcgiks.<\/p>","protected":false},"featured_media":5290,"comment_status":"open","ping_status":"closed","template":"","meta":[],"product_brand":[],"product_cat":[41,119,120,90,117,76,134,135,133,136,137,146,138,139,140,141,142,143,144,145,573,572,132],"product_tag":[],"class_list":{"0":"post-5272","1":"product","2":"type-product","3":"status-publish","4":"has-post-thumbnail","6":"product_cat-aivono-vapes","7":"product_cat-5000-puffs-disposable-vape","8":"product_cat-8000-puffs-disposable-vape","9":"product_cat-big-puffs-vapes","10":"product_cat-different-puffs-of-diposable-vapes","11":"product_cat-disposable-vape-types","12":"product_cat-disposable-vapes-in-austria","13":"product_cat-disposable-vapes-in-belgium","14":"product_cat-disposable-vapes-in-europe","15":"product_cat-disposable-vapes-in-france","16":"product_cat-disposable-vapes-in-germany","17":"product_cat-disposable-vapes-in-hungary","18":"product_cat-disposable-vapes-in-ltaly","19":"product_cat-disposable-vapes-in-netherlands","20":"product_cat-disposable-vapes-in-norway","21":"product_cat-disposable-vapes-in-poland","22":"product_cat-disposable-vapes-in-portugal","23":"product_cat-disposable-vapes-in-spain","24":"product_cat-disposable-vapes-in-sweden","25":"product_cat-disposable-vapes-in-switzerland","26":"product_cat-new-3","27":"product_cat-new-2","28":"product_cat-rechargeable-vapes","30":"first","31":"instock","32":"shipping-taxable","33":"purchasable","34":"product-type-variable","35":"has-default-attributes"},"jetpack_sharing_enabled":true,"tiered_pricing_type":"fixed","tiered_pricing_fixed_rules":{"2000":5.589999999999999857891452847979962825775146484375},"tiered_pricing_product_settings":{"layout":"default","base_unit_name":{"singular":null,"plural":null},"default_variation":null},"tiered_pricing_minimum_quantity":1000,"tiered_pricing_roles_data":[],"tiered_pricing_percentage_rules":[],"tiered_pricing_maximum_quantity":null,"tiered_pricing_quantity_step":"10","_links":{"self":[{"href":"https:\/\/aiviouvapes.com\/et\/wp-json\/wp\/v2\/product\/5272","targetHints":{"allow":["GET"]}}],"collection":[{"href":"https:\/\/aiviouvapes.com\/et\/wp-json\/wp\/v2\/product"}],"about":[{"href":"https:\/\/aiviouvapes.com\/et\/wp-json\/wp\/v2\/types\/product"}],"replies":[{"embeddable":true,"href":"https:\/\/aiviouvapes.com\/et\/wp-json\/wp\/v2\/comments?post=5272"}],"wp:featuredmedia":[{"embeddable":true,"href":"https:\/\/aiviouvapes.com\/et\/wp-json\/wp\/v2\/media\/5290"}],"wp:attachment":[{"href":"https:\/\/aiviouvapes.com\/et\/wp-json\/wp\/v2\/media?parent=5272"}],"wp:term":[{"taxonomy":"product_brand","embeddable":true,"href":"https:\/\/aiviouvapes.com\/et\/wp-json\/wp\/v2\/product_brand?post=5272"},{"taxonomy":"product_cat","embeddable":true,"href":"https:\/\/aiviouvapes.com\/et\/wp-json\/wp\/v2\/product_cat?post=5272"},{"taxonomy":"product_tag","embeddable":true,"href":"https:\/\/aiviouvapes.com\/et\/wp-json\/wp\/v2\/product_tag?post=5272"}],"curies":[{"name":"wp","href":"https:\/\/api.w.org\/{rel}","templated":true}]}}