{"id":46917,"date":"2025-07-29T21:23:27","date_gmt":"2025-07-29T13:23:27","guid":{"rendered":"https:\/\/aiviouvapes.com\/?post_type=product&#038;p=46917"},"modified":"2026-03-24T11:26:13","modified_gmt":"2026-03-24T03:26:13","slug":"mr-goodie-adjust-flavor-king-60000","status":"publish","type":"product","link":"https:\/\/aiviouvapes.com\/et\/product\/mr-goodie-adjust-flavor-king-60000\/","title":{"rendered":"Mr.Goodie Adjust Flavor King 60000 Puffs | kolmekordne maitse lahtiselt \u00fchekordselt kasutatav vape"},"content":{"rendered":"<p>\ud83d\ude80 Ole valmis revolutsiooniliseks muutma oma aurustamiskogemust UUE <b>Mr.Goodie Adjust Flavor King 60000 Puffs<\/b>! \ud83d\udc51 See ei ole lihtsalt vape; see on maitseimpeerium sinu taskus. Flavor King on loodud \u00fclimaks rahuloluks ja v\u00f5rratu pikaealisuseks ning sellel on uskumatud 60 000 t\u00f5mbet\u00f5mmet ja murranguline kolmekordne maitses\u00fcsteem. \u00dctle h\u00fcvasti igap\u00e4evasele aurutamisele ja tere maitsete s\u00fcmfooniale! \u2728 Olenemata sellest, kas olete kogenud suitsetaja v\u00f5i kauplus, mis soovib varuda j\u00e4rgmist suurt asja, on Mr.Goodie Adjust Flavor King teie krooniks. \ud83d\udca8<\/p>\n<h2>Mr.Goodie Adjust Flavor King 60000 puffs toote \u00fclevaade ja omadused<\/h2>\n<p>The <b>Mr.Goodie Reguleeri Flavor King 60000<\/b> on monumentaalne h\u00fcpe \u00fchekordselt kasutatavas vape-tehnoloogias, pakkudes h\u00e4mmastavat puffide arvu ja uuenduslikku maitsete vahetamise mehhanismi. See seade on m\u00f5eldud nii individuaalsetele entusiastidele kui ka B2B-ostjatele ning m\u00e4\u00e4ratleb uuesti mugavuse ja mitmek\u00fclgsuse. \ud83d\ude80<\/p>\n<ul>\n<li><b>Pretsedenditu Puffide arv:<\/b> Nautige kuni <b>60 000 puffi<\/b> \u00fche maitsega re\u017eiimis v\u00f5i 30 000 puhumist segamaitsega re\u017eiimis, mis tagab pikemaajalise kasutamise. \ud83e\udd2f\ud83d\udca8<\/li>\n<li><b>Kahe E-nafta mahutavus:<\/b> Mis sisaldab tohutut <b>20ML + 20ML (kokku 40ML)<\/b> e-mahla mahutavus, mis tagab pikaajalise naudingu ilma sagedaste asendusteta. \ud83c\udf0a\ud83d\udd0b<\/li>\n<li><b>Reguleeritav nikotiini tugevus:<\/b> Saadaval aastal <b>2% ja 5% nikotiini valikud<\/b> rahuldada erinevaid eelistusi. \u2705 nikotiin<\/li>\n<li><b>V\u00f5imas ja laetav:<\/b> Varustatud tugeva <b>950mAh aku<\/b> ja mugav <b>Type-C laadimisport<\/b> katkematu aurutamise jaoks. \ud83d\udcaa\ud83d\udd0c<\/li>\n<li><b>T\u00e4iustatud spiraaltehnoloogia:<\/b> <b>Dual Mesh Coils<\/b> kombineerituna tipptasemel <b>iDuomesh Technology<\/b> pakuvad j\u00e4rjepidevat, rikkalikku maitset ja tohutut aurutootmist. \ud83d\ude80\ud83c\udf2c\ufe0f<\/li>\n<li><b>Intuitiivne 3 LCD-ekraan:<\/b> Lihtsalt j\u00e4lgige aku kestust, e-vedeliku taset ja praegust re\u017eiimi, et tagada sujuv aurutamiskogemus. \ud83d\udcca\ud83d\udc40<\/li>\n<li><b>Kolmekordne maitses\u00fcsteem:<\/b> Avasta <b>10 ainulaadset kolmekordset maitsekombinatsiooni<\/b>, mis v\u00f5imaldab vahetada kahe erineva maitse vahel v\u00f5i kombineerida neid, et saada ainulaadne kolmas kogemus. \ud83c\udf53\ud83c\udf49\ud83c\udf4d\ud83c\udf4a<\/li>\n<\/ul>\n<h3>Spetsifikatsioonid<\/h3>\n<table>\n<thead>\n<tr>\n<th>Funktsioon<\/th>\n<th>Detail<\/th>\n<\/tr>\n<\/thead>\n<tbody>\n<tr>\n<td>Nikotiini valikud<\/td>\n<td>2%, 5%<\/td>\n<\/tr>\n<tr>\n<td>Puffs (\u00fche maitsega)<\/td>\n<td>60,000 Puffs<\/td>\n<\/tr>\n<tr>\n<td>Puffs (segatud maitsed)<\/td>\n<td>30 000 puffid (segu A + B)<\/td>\n<\/tr>\n<tr>\n<td>E-vedeliku mahutavus<\/td>\n<td>20ML + 20ML (40ML kokku)<\/td>\n<\/tr>\n<tr>\n<td>Aku mahutavus<\/td>\n<td>950mAh (laetav)<\/td>\n<\/tr>\n<tr>\n<td>Laadimisport<\/td>\n<td>Type-C<\/td>\n<\/tr>\n<tr>\n<td>M\u00e4hise t\u00fc\u00fcp<\/td>\n<td>Dual Mesh Coils, iDuomesh tehnoloogia<\/td>\n<\/tr>\n<tr>\n<td>Ekraan<\/td>\n<td>3 LCD ekraan<\/td>\n<\/tr>\n<tr>\n<td>Maitse re\u017eiimid<\/td>\n<td>\u00dcksikmaitse, segatud maitsed<\/td>\n<\/tr>\n<tr>\n<td>Kokku kolmekordsed maitsed<\/td>\n<td>10 unikaalset kombinatsiooni<\/td>\n<\/tr>\n<\/tbody>\n<\/table>\n<p><span style=\"font-size: 20.16px;\">Maitsekombinatsioonid<\/span><\/p>\n<p>Kogemused p\u00f5nevate maitseomaduste v\u00f5imalustega Mr.Goodie Adjust Flavor King 60000 abil. Iga seade pakub kolme erinevat aurustamiskogemust:<\/p>\n<table>\n<thead>\n<tr>\n<th>Maitse<\/th>\n<th>B maitse<\/th>\n<th>Kombineeritud (A+B) maitse<\/th>\n<\/tr>\n<\/thead>\n<tbody>\n<tr>\n<td>Arbuusi j\u00e4\u00e4<\/td>\n<td>Bubble Gum<\/td>\n<td>Arbuusimullasid<\/td>\n<\/tr>\n<tr>\n<td>Mahlane virsikuj\u00e4\u00e4<\/td>\n<td>Koola J\u00e4\u00e4<\/td>\n<td>Virsik Cola Ice<\/td>\n<\/tr>\n<tr>\n<td>Sinine vaarikas<\/td>\n<td>Kirss Sidrun<\/td>\n<td>Sinine vaarikas-kirss-tsitroon<\/td>\n<\/tr>\n<tr>\n<td>Maasikas<\/td>\n<td>Arbuus<\/td>\n<td>Maasika arbuus<\/td>\n<\/tr>\n<tr>\n<td>Roheline \u00f5un<\/td>\n<td>Viinamarja<\/td>\n<td>Roheline \u00f5un Viinamarja<\/td>\n<\/tr>\n<tr>\n<td>Lemon<\/td>\n<td>Vikerkaare kommid<\/td>\n<td>Sidruni vikerkaarekommid<\/td>\n<\/tr>\n<tr>\n<td>Miami Mint<\/td>\n<td>Lemon<\/td>\n<td>Sidrunim\u00fcnt<\/td>\n<\/tr>\n<tr>\n<td>Ananass-kookos<\/td>\n<td>Energiaj\u00e4\u00e4<\/td>\n<td>Kookose energiajook<\/td>\n<\/tr>\n<tr>\n<td>Viinamarja<\/td>\n<td>Vaarikas<\/td>\n<td>Viinamarja Vaarikas<\/td>\n<\/tr>\n<tr>\n<td>Apelsin Mango Guava<\/td>\n<td>Kummikaru<\/td>\n<td>OMG Blow-Pop<\/td>\n<\/tr>\n<\/tbody>\n<\/table>\n<p>Miks valida Mr.Goodie Adjust Flavor King 60000 Puffs?<\/p>\n<ul>\n<li>\ud83d\udc51 <b>King of Puffs:<\/b> Kuni 60 000 puffiga on see seade omaette liigas, pakkudes pikaealisust, millest traditsioonilised \u00fchekordsed tooted v\u00f5ivad vaid unistada.<\/li>\n<li>\ud83c\udf08 <b>Kolmekordne maitseinnovatsioon:<\/b> Sukeldu 10 ainulaadsesse kolmekordsesse maitsekombinatsiooni, mis pakuvad v\u00f5rratut mitmekesisust ja hoiavad \u00e4ra vaper'i keele. L\u00fclita n\u00f5udmisel!<\/li>\n<li>\ud83d\udd0b <b>V\u00f5rratu usaldusv\u00e4\u00e4rsus:<\/b> 950 mAh aku ja Type-C laadimine tagavad, et olete alati valmis j\u00e4rgmiseks pausiks, minimeerides seisakuaega.<\/li>\n<li>\ud83c\udf2c\ufe0f <b>Suurep\u00e4rane aur ja maitse:<\/b> Dual Mesh Coils ja iDuomesh Technology tagavad p\u00fcsivalt sujuva, rikkaliku ja rahuldustpakkuva aurutamiskogemuse iga t\u00f5mbega.<\/li>\n<li>\ud83d\udcca <b>Nutikas ja kasutajas\u00f5bralik:<\/b> 3 LCD-ekraan hoiab teid kursis, muutes aurutamissessioonide haldamise lihtsaks.<\/li>\n<li>\ud83d\udcb0 <b>Erakordne v\u00e4\u00e4rtus:<\/b> Suuremate kasutajate jaoks pakub see seade uskumatut kulut\u00f5husust \u00fche puffi kohta. B2B-ostjate jaoks on see suure n\u00f5udlusega toode, mis lendab riiulitelt maha.<\/li>\n<li>\ud83c\udf3f <b>Kvaliteet on tagatud:<\/b> Valmistatud k\u00f5rgekvaliteediliste koostisosade ja t\u00e4iustatud tootmisprotsesside abil, mis tagavad ohutuse ja rahulolu.<\/li>\n<\/ul>\n<p>The <b>Mr.Goodie Adjust Flavor King 60000 Puffs<\/b> on parim valik suurtele kasutajatele ja maitsejahtijatele, kes otsivad pikemat naudingut ja mitmekesiseid maitseomadusi. Selle tugev disain ja uuenduslikud funktsioonid teevad sellest vastupandamatu pakkumise ka <b>vape poed<\/b> kes soovivad laiendada oma premium \u00fchekordselt kasutatava vape valiku ja jaoks <b>hulgim\u00fc\u00fck<\/b> otsib suure mahuga ja suure kasumlikkusega toodet. Varuge tulevase aurutamise varusid juba t\u00e4na! \ud83d\udcaa<\/p>\n<h3>KKK<\/h3>\n<p>K: Mitu puffi pakub Mr.Goodie Adjust Flavor King 60000?<br \/>\nA: See pakub kuni 60 000 t\u00f5mbamist \u00fche maitse re\u017eiimis ja 30 000 t\u00f5mbamist, kui segatakse maitseid (kamber A + kamber B).<\/p>\n<p>K: Milline on e-vedeliku mahutavus?<br \/>\nV: Selle e-vedeliku kogumaht on 40ML, mis on jagatud kaheks 20ML kambriks (20ML + 20ML).<\/p>\n<p>K: Kas Mr.Goodie Adjust Flavor King on laetav?<br \/>\nV: Jah, sellel on 950 mAh aku koos C-t\u00fc\u00fcpi laadimisportiga.<\/p>\n<p>K: Kuidas t\u00f6\u00f6tab kolmekordse maitse s\u00fcsteem?<br \/>\nA: Seadmel on kaks erinevat e-vedelikukambrit (A ja B). Saate paugutada kas maitset A, maitset B v\u00f5i kombineerida neid, et luua ainulaadne kolmas segamaitse.<\/p>\n<p>K: Millised nikotiini tugevused on saadaval?<br \/>\nV: Mr.Goodie Adjust Flavor King 60000 on saadaval 2% ja 5% nikotiinisisaldusega.<\/p>\n<p>K: Kuidas ma saan teada, kui kaua aku v\u00f5i e-vedelik t\u00f6\u00f6tab?<br \/>\nV: Seade on varustatud 3 LCD-ekraaniga, mis n\u00e4itab aku kasutusaega, e-vedeliku taset ja praegust re\u017eiimi.<\/p>\n<p>K: Kas see toode sobib hulgim\u00fc\u00fcgiks?<br \/>\nV: Absoluutselt! Mr.Goodie Adjust Flavor King 60000 Puffs on suure n\u00f5udluse, ainulaadsete omaduste ja erakordse v\u00e4\u00e4rtuse t\u00f5ttu suurep\u00e4rane toode hulgim\u00fc\u00fcgiks ja vapipoodidele.<\/p>","protected":false},"excerpt":{"rendered":"<p>Kogemused \u00fclimast vape Mr.Goodie Adjust Flavor King 60000 Puffs. Kahe 20ML e-vedeliku mahutavus, 60 000 puffi, 10 kolmekordset maitset. Ideaalne vape-poodidele ja hulgiostjatele!<\/p>","protected":false},"featured_media":46924,"comment_status":"open","ping_status":"closed","template":"","meta":[],"product_brand":[258],"product_cat":[257,137,146,138,141,143],"product_tag":[],"class_list":{"0":"post-46917","1":"product","2":"type-product","3":"status-publish","4":"has-post-thumbnail","6":"product_brand-mr-goodie","7":"product_cat-mr-goodie","8":"product_cat-disposable-vapes-in-germany","9":"product_cat-disposable-vapes-in-hungary","10":"product_cat-disposable-vapes-in-ltaly","11":"product_cat-disposable-vapes-in-poland","12":"product_cat-disposable-vapes-in-spain","14":"first","15":"instock","16":"shipping-taxable","17":"purchasable","18":"product-type-variable","19":"has-default-attributes"},"jetpack_sharing_enabled":true,"tiered_pricing_type":"fixed","tiered_pricing_fixed_rules":[],"tiered_pricing_product_settings":{"layout":"default","base_unit_name":{"singular":null,"plural":null},"default_variation":null},"tiered_pricing_minimum_quantity":1000,"tiered_pricing_roles_data":[],"tiered_pricing_percentage_rules":[],"tiered_pricing_maximum_quantity":null,"tiered_pricing_quantity_step":"10","_links":{"self":[{"href":"https:\/\/aiviouvapes.com\/et\/wp-json\/wp\/v2\/product\/46917","targetHints":{"allow":["GET"]}}],"collection":[{"href":"https:\/\/aiviouvapes.com\/et\/wp-json\/wp\/v2\/product"}],"about":[{"href":"https:\/\/aiviouvapes.com\/et\/wp-json\/wp\/v2\/types\/product"}],"replies":[{"embeddable":true,"href":"https:\/\/aiviouvapes.com\/et\/wp-json\/wp\/v2\/comments?post=46917"}],"wp:featuredmedia":[{"embeddable":true,"href":"https:\/\/aiviouvapes.com\/et\/wp-json\/wp\/v2\/media\/46924"}],"wp:attachment":[{"href":"https:\/\/aiviouvapes.com\/et\/wp-json\/wp\/v2\/media?parent=46917"}],"wp:term":[{"taxonomy":"product_brand","embeddable":true,"href":"https:\/\/aiviouvapes.com\/et\/wp-json\/wp\/v2\/product_brand?post=46917"},{"taxonomy":"product_cat","embeddable":true,"href":"https:\/\/aiviouvapes.com\/et\/wp-json\/wp\/v2\/product_cat?post=46917"},{"taxonomy":"product_tag","embeddable":true,"href":"https:\/\/aiviouvapes.com\/et\/wp-json\/wp\/v2\/product_tag?post=46917"}],"curies":[{"name":"wp","href":"https:\/\/api.w.org\/{rel}","templated":true}]}}