{"id":46815,"date":"2025-07-29T16:57:01","date_gmt":"2025-07-29T08:57:01","guid":{"rendered":"https:\/\/aiviouvapes.com\/?post_type=product&#038;p=46815"},"modified":"2026-04-22T19:10:15","modified_gmt":"2026-04-22T11:10:15","slug":"jnr-falcon-pro-28000","status":"publish","type":"product","link":"https:\/\/aiviouvapes.com\/et\/product\/jnr-falcon-pro-28000\/","title":{"rendered":"JNR Falcon Pro 28000 \u00fchekordselt kasutatav vape| power-packed &amp; puhas maitse t\u00e4iuslikkus!"},"content":{"rendered":"<h2><b>S\u00fc\u00fcta oma meeled JNR Falcon Pro 28000 abil! \ud83d\ude80\ud83d\udca8<\/b><\/h2>\n<p>Oled v\u00e4sinud \u00fchekordsetest aurustitest, mis saavad liiga kiiresti otsa v\u00f5i millel puudub t\u00f5eline maitse? Astuge aurutamise tulevikku koos JNR Falcon Pro 28000'ga! See seade, mis on loodud v\u00f5rratu vastupidavuse ja plahvatusliku maitse saavutamiseks, muudab m\u00e4ngu nii isikliku naudingu kui ka hulgim\u00fc\u00fcgi varude jaoks. Ole valmis pikaks, rahuldust pakkuvaks ja intensiivse maitsega aurutamisreisiks, iga kord. \u2728\ud83d\udcaf<\/p>\n<h3>Toote \u00fclevaade ja omadused: V\u00f5rratu j\u00f5udlus kohtub unustamatute maitsetega.<\/h3>\n<p>JNR Falcon Pro 28000 ei ole lihtsalt vape; see on avaldus. See on loodud pikaealisuse ja maksimaalse maitse edastamise eesm\u00e4rgil ning sellel on uskumatu 28 000 puffi, mis tagab, et te ei j\u00e4\u00e4 kunagi puudust tundma. <span class=\"citation-9 citation-end-9\">Selle tugev 950 mAh aku ja kahekordse v\u00f5rgusilma m\u00e4hise tehnoloogia t\u00f6\u00f6tavad t\u00e4iuslikus harmoonias, et pakkuda \u00fchtlast, sujuvat auru ja elavat maitset esimesest kuni viimaseni.<\/span> Digitaalne ekraan hoiab teid kursis, samal ajal kui 30 ml e-vedeliku mahutavus t\u00e4hendab, et te ei pea enam muretsema t\u00e4itumise p\u00e4rast. 20 hoolikalt v\u00e4ljat\u00f6\u00f6tatud maitsega on igale maitsele sobiv. Olenemata sellest, kas olete suurkasutaja v\u00f5i maitsete tundja, Falcon Pro 28000 pakub k\u00f5ike, mis vaja. \ud83c\udf1f\ud83d\udd0b<\/p>\n<h3>Spetsifikatsioonid:<\/h3>\n<table>\n<thead>\n<tr>\n<td>Funktsioon<\/td>\n<td>Detail<\/td>\n<\/tr>\n<\/thead>\n<tbody>\n<tr>\n<td><b>Puffide arv<\/b><\/td>\n<td>Kuni 28,000 puffi<\/td>\n<\/tr>\n<tr>\n<td><b>Nikotiini tugevus<\/b><\/td>\n<td>2%<\/td>\n<\/tr>\n<tr>\n<td><b>E-vedeliku mahutavus<\/b><\/td>\n<td>30ml<\/td>\n<\/tr>\n<tr>\n<td><b>Aku<\/b><\/td>\n<td>950mAh laetav<\/td>\n<\/tr>\n<tr>\n<td><b>M\u00e4hise t\u00fc\u00fcp<\/b><\/td>\n<td>Kahe v\u00f5rguga m\u00e4his<\/td>\n<\/tr>\n<tr>\n<td><b>Ekraan<\/b><\/td>\n<td>Digitaalne ekraan<\/td>\n<\/tr>\n<tr>\n<td><b>Saadaval olevad maitsed<\/b><\/td>\n<td>20<\/td>\n<\/tr>\n<\/tbody>\n<\/table>\n<h3>Avasta maitsete maailm: Sinu maitse seiklus ootab! \ud83c\udf53\ud83c\udf4d\ud83c\udf47<\/h3>\n<p>Sukeldu meie mitmek\u00fclgsesse valikusse, mis koosneb 20 ahvatlevast maitsest, millest iga\u00fcks on hoolikalt kokku segatud t\u00f5eliselt kaasahaarava aurutamiskogemuse saavutamiseks. V\u00e4rskendavatest puuviljadest klassikaliste segudeni - JNR Falcon Pro 28000 pakub midagi, mis r\u00f5\u00f5mustab iga maitsemeeli. \ud83c\udf08\ud83d\ude0b<\/p>\n<ul>\n<li>Maasika j\u00e4\u00e4<\/li>\n<li>Cherry Cola<\/li>\n<li>Arbuusi j\u00e4\u00e4<\/li>\n<li>Sinine Razz kirss<\/li>\n<li>Maasika kiivi<\/li>\n<li>Mahlased virsikud<\/li>\n<li>Mustika j\u00e4\u00e4<\/li>\n<li>Segatud marjad<\/li>\n<li>Topelt\u00f5un<\/li>\n<li>Cherry Berry<\/li>\n<li>Mustikas vaarikas kirss<\/li>\n<li>Maasika-arbuusij\u00e4\u00e4<\/li>\n<li>Kiivi arbuusij\u00e4\u00e4<\/li>\n<li>Mustikas Hapukas vaarikas<\/li>\n<li>White Peach Razz<\/li>\n<li>Mango Passion Fruit<\/li>\n<li>Virsik-mango arbuus<\/li>\n<li>Arbuus Bubblegum<\/li>\n<li>Maasikas banaan<\/li>\n<li>Kiwi Passion Guava<\/li>\n<\/ul>\n<h3>Miks valida JNR Falcon Pro 28000? \ud83e\udd14\ud83d\udca1<\/h3>\n<ul>\n<li><b>Erakordne pikaealisus:<\/b> See seade pakub kuni 28 000 puhumist, pakkudes pikemat naudingut ja uskumatut v\u00e4\u00e4rtust, minimeerides vajadust sagedaste asenduste j\u00e4rele.<\/li>\n<li><b><span class=\"citation-8\">Intensiivse maitse tootmine:<\/span><\/b><span class=\"citation-8 citation-end-8\"> Kahekordse v\u00f5rgusilma m\u00e4hise tehnoloogia tagab, et iga t\u00f5mmis on t\u00e4is rikkalikku ja autentset maitset, mis rahuldab isegi k\u00f5ige n\u00f5udlikumaid aurutajaid.<\/span><\/li>\n<li><b>J\u00e4rjepidev j\u00f5udlus:<\/b> V\u00f5imas 950 mAh aku ja digitaalne ekraan tagavad usaldusv\u00e4\u00e4rsed ja teadlikud aurutussessioonid.<\/li>\n<li><b>Massiivne e-vedeliku mahutavus:<\/b><span class=\"citation-7 citation-end-7\"> 30 ml eelt\u00e4idetud paak t\u00e4hendab rohkem aurutamist, v\u00e4hem vaeva.<\/span><\/li>\n<li><b>Mitmek\u00fclgne maitseportfell:<\/b> Meie 20 unikaalse ja populaarse maitse valik vastab k\u00f5ikidele eelistustele, mis teeb sellest v\u00e4ga turuk\u00f5lbliku toote.<\/li>\n<li><b>Ehitatud hulgi- ja jaem\u00fc\u00fcgiks:<\/b> Sobib ideaalselt vape-poodidele, kes soovivad varuda suure n\u00f5udlusega kvaliteetseid \u00fchekordseid seadmeid, ning hulgim\u00fc\u00fcjatele, kes otsivad usaldusv\u00e4\u00e4rseid ja n\u00f5utavaid tooteid.<\/li>\n<li><b>Kasutajas\u00f5bralik disain:<\/b> Lihtne kasutada, ei mingeid nuppe ega keerulisi seadistusi - lihtsalt hinga sisse ja naudi!<\/li>\n<li><b>Pilkup\u00fc\u00fcdev atraktiivsus:<\/b> Stiilne disain ja digitaalne ekraan teevad sellest visuaalselt atraktiivse toote tarbijate jaoks.<\/li>\n<\/ul>\n<h3>KKK jaotis: Teie k\u00fcsimustele vastatud! \ud83d\udcda\u2753<\/h3>\n<p><b>K1: Mitu paisutust v\u00f5ib JNR Falcon Pro 28000-st oodata?<\/b> <span class=\"citation-6 citation-end-6\">A1: JNR Falcon Pro 28000 on loodud pakkuma kuni uskumatuid 28 000 puffi, pakkudes pikemaajalist aurutamisr\u00f5\u00f5mu.<\/span><\/p>\n<p><b>2. k\u00fcsimus: Milline on selle seadme nikotiini tugevus?<\/b> <span class=\"citation-5 citation-end-5\">A2: JNR Falcon Pro 28000 sisaldab 2% nikotiini, mis pakub rahuldust pakkuvat tabamust sujuvaks aurustamiskogemuseks.<\/span><\/p>\n<p><b>3. k\u00fcsimus: Kas JNR Falcon Pro 28000 on laetav?<\/b> A3: Jah, sellel on 950 mAh aku, mis v\u00f5imaldab teil maksimeerida e-vedeliku mahtu ja nautida iga viimast tilka.<\/p>\n<p><b>K\u00fcsimus 4: Mitu maitset on saadaval JNR Falcon Pro 28000 jaoks?<\/b> A4: Saadaval on 20 p\u00f5nevat ja mitmekesist maitset, alates puuviljast kuni j\u00e4ise maitseni, mis tagab iga\u00fchele sobiva maitse.<\/p>\n<p><b>K5: Kas see seade sobib hulgim\u00fc\u00fcgiks?<\/b> A5: Absoluutselt! JNR Falcon Pro 28000 suur puffide arv, ulatuslik maitsete valik ja usaldusv\u00e4\u00e4rne j\u00f5udlus muudavad selle ideaalseks valikuks vape-poodidele ja hulgim\u00fc\u00fcjatele, kes soovivad pakkuda k\u00f5rgekvaliteedilist ja n\u00f5utavat toodet.<\/p>\n<p><b>K6: Kas sellel on ekraan?<\/b> A6: Jah, JNR Falcon Pro 28000 on varustatud digitaalse ekraaniga, mis hoiab teid kursis seadme olekuga.<\/p>\n<hr \/>\n<p><b>Kas olete valmis oma aurustamiskogemuse t\u00f5stmiseks v\u00f5i oma riiulite varustamiseks t\u00f5elise v\u00f5itjaga?<\/b> JNR Falcon Pro 28000 on parim lahendus pikaealisust ihkavatele raskekasutajatele ja mitmekesisust otsivatele maitsejahtijatele. Vapipoodide omanike ja hulgim\u00fc\u00fcjate jaoks on see seade suurep\u00e4rane v\u00f5imalus rahuldada tarbijate kasvavat n\u00f5udlust k\u00f5rgtehnoloogiliste ja kauakestvate \u00fchekordsete vapide j\u00e4rele. \u00c4rge j\u00e4tke vahele j\u00e4rgmist suurt asja aurutamises! Kindlustage oma JNR Falcon Pro 28000 varud juba t\u00e4na ja vaadake, kuidas teie kliendid tulevad tagasi rohkem! \ud83c\udfc6\ud83d\udcc8<\/p>\n<p>Vabastage 28000 t\u00f5mmet puhtast maitsest JNR Falcon Proga. Pikaajaline, laetav, 20 elavat maitset. Sobib ideaalselt suurtele kasutajatele ja hulgiostjatele!<\/p>","protected":false},"excerpt":{"rendered":"<p>Kogege \u00fclimat vampiiri JNR Falcon Pro 28000: pikaajaline 28000 t\u00f5mbamist, 2% nikotiini, 20 h\u00e4mmastavat maitset ja v\u00f5imas laetav aku. Sobib ideaalselt lahtise \u00fchekordselt kasutatava vape'i vajaduste rahuldamiseks.<\/p>","protected":false},"featured_media":46859,"comment_status":"open","ping_status":"closed","template":"","meta":[],"product_brand":[237],"product_cat":[221,137,146,138,141,143],"product_tag":[],"class_list":{"0":"post-46815","1":"product","2":"type-product","3":"status-publish","4":"has-post-thumbnail","6":"product_brand-jnr","7":"product_cat-jnr","8":"product_cat-disposable-vapes-in-germany","9":"product_cat-disposable-vapes-in-hungary","10":"product_cat-disposable-vapes-in-ltaly","11":"product_cat-disposable-vapes-in-poland","12":"product_cat-disposable-vapes-in-spain","14":"first","15":"instock","16":"shipping-taxable","17":"purchasable","18":"product-type-variable","19":"has-default-attributes"},"jetpack_sharing_enabled":true,"tiered_pricing_type":"fixed","tiered_pricing_fixed_rules":[],"tiered_pricing_product_settings":{"layout":"default","base_unit_name":{"singular":null,"plural":null},"default_variation":null},"tiered_pricing_minimum_quantity":1000,"tiered_pricing_roles_data":[],"tiered_pricing_percentage_rules":[],"tiered_pricing_maximum_quantity":null,"tiered_pricing_quantity_step":"10","_links":{"self":[{"href":"https:\/\/aiviouvapes.com\/et\/wp-json\/wp\/v2\/product\/46815","targetHints":{"allow":["GET"]}}],"collection":[{"href":"https:\/\/aiviouvapes.com\/et\/wp-json\/wp\/v2\/product"}],"about":[{"href":"https:\/\/aiviouvapes.com\/et\/wp-json\/wp\/v2\/types\/product"}],"replies":[{"embeddable":true,"href":"https:\/\/aiviouvapes.com\/et\/wp-json\/wp\/v2\/comments?post=46815"}],"wp:featuredmedia":[{"embeddable":true,"href":"https:\/\/aiviouvapes.com\/et\/wp-json\/wp\/v2\/media\/46859"}],"wp:attachment":[{"href":"https:\/\/aiviouvapes.com\/et\/wp-json\/wp\/v2\/media?parent=46815"}],"wp:term":[{"taxonomy":"product_brand","embeddable":true,"href":"https:\/\/aiviouvapes.com\/et\/wp-json\/wp\/v2\/product_brand?post=46815"},{"taxonomy":"product_cat","embeddable":true,"href":"https:\/\/aiviouvapes.com\/et\/wp-json\/wp\/v2\/product_cat?post=46815"},{"taxonomy":"product_tag","embeddable":true,"href":"https:\/\/aiviouvapes.com\/et\/wp-json\/wp\/v2\/product_tag?post=46815"}],"curies":[{"name":"wp","href":"https:\/\/api.w.org\/{rel}","templated":true}]}}