{"id":41846,"date":"2025-07-04T09:51:19","date_gmt":"2025-07-04T01:51:19","guid":{"rendered":"https:\/\/aiviouvapes.com\/?post_type=product&#038;p=41846"},"modified":"2026-03-24T11:26:56","modified_gmt":"2026-03-24T03:26:56","slug":"bang-blaze-60k-shisha","status":"publish","type":"product","link":"https:\/\/aiviouvapes.com\/et\/product\/bang-blaze-60k-shisha\/","title":{"rendered":"Bang Blaze 60K Shisha 60000 Puffs | kauakestev lahtiselt \u00fchekordselt kasutatav vape"},"content":{"rendered":"<h3>Miks valida Bang Blaze 60K Shisha?<\/h3>\n<ul>\n<li>\ud83d\ude80 Massiivne 60,000 puffide mahutavus pikemaks kasutamiseks<\/li>\n<li>\ud83c\udf53 V\u00e4rsked maitsed l\u00f5putute maitsekombinatsioonide jaoks<\/li>\n<li>\u26a1 Laetav 1000mAh aku Type-C kiirlaadimisega<\/li>\n<li>\ud83d\udd0d LED nutikas ekraan aku ja mahlataseme lihtsaks j\u00e4lgimiseks<\/li>\n<li>\ud83d\udc8e Kristallselge korpus stiilse ja esmaklassilise v\u00e4limuse tagamiseks<\/li>\n<li>\ud83c\udf2c\ufe0f Sujuvad, rahuldustpakkuvad DTL (Direct-To-Lung) tabamused 0,6\u03a9 v\u00f5rgusilma m\u00e4hisega<\/li>\n<li>\ud83d\udce6 Hulgim\u00fc\u00fcgis\u00f5bralik pakend lihtsaks turustamiseks<\/li>\n<\/ul>\n<p>The <strong>Bang Blaze 60K Shisha<\/strong> on loodud raskekasutajatele, maitsejahtijatele ja vape-ettev\u00f5tjatele, kes vajavad v\u00f5imsat, mitmek\u00fclgset \u00fchekordset vape'i, mis ei valmista kunagi pettumust. Olenemata sellest, kas varute oma poe jaoks v\u00f5i otsite uskumatute omadustega lahtist seadet, pakub see shisha inspireeritud meistriteos j\u00e4rjepidevat j\u00f5udlust ja v\u00f5rratut maitse rahuldust iga kord.<\/p>\n<h2>\ud83d\udd25 Tutvustame Bang Blaze 60K Shisha! \ud83d\udd25<\/h2>\n<p>\ud83d\udca8 Kas oled valmis viima oma shisha stiilis aurutamise j\u00e4rgmisele tasemele? Tutvu <strong>Bang Blaze 60K Shisha<\/strong> - tipptasemel \u00fchekordselt kasutatav vape, millel on eepiline 60 000 puffi ja v\u00f5imas 1000 mAh aku. Olenemata sellest, kas olete maitsejahtija v\u00f5i raske suitsetaja, see kristallselge LED-ekraaniga j\u00f5ujaam tagab iga kord julge maitse ja sujuva pilve. Ideaalne edasim\u00fc\u00fcjatele, hulgim\u00fc\u00fcjatele ja k\u00f5igile, kes soovivad nautida parimat shisha-inspireeritud aurutamiskogemust turul!<\/p>\n<h3>Spetsifikatsioonid<\/h3>\n<table>\n<tbody>\n<tr>\n<th>Puff v\u00f5imsus<\/th>\n<td>Kuni 60,000 puffid<\/td>\n<\/tr>\n<tr>\n<th>E-vedeliku mahutavus<\/th>\n<td>40mL<\/td>\n<\/tr>\n<tr>\n<th>Aku<\/th>\n<td>1000mAh, C-t\u00fc\u00fcpi laetav<\/td>\n<\/tr>\n<tr>\n<th>M\u00e4hise t\u00fc\u00fcp<\/th>\n<td>0.6\u03a9 v\u00f5rgusilma spiraal<\/td>\n<\/tr>\n<tr>\n<th>Nikotiini valikud<\/th>\n<td>0%, 2%, 3%, 5%<\/td>\n<\/tr>\n<tr>\n<th>Ekraan<\/th>\n<td>LED Smart ekraan<\/td>\n<\/tr>\n<tr>\n<th>Disain<\/th>\n<td>Kristallselge keha<\/td>\n<\/tr>\n<tr>\n<th>Pakend<\/th>\n<td>8tk\/pakk<\/td>\n<\/tr>\n<\/tbody>\n<\/table>\n<h3>Maitseainete nimekiri<\/h3>\n<p>Jahe M\u00fcnt<br \/>\nTopelt\u00f5un<br \/>\nMaasika kiivi<br \/>\nArbuus Maasikas Melon<br \/>\nSegatud marjad<br \/>\nPruun \u00f5lu<br \/>\nCherry Mint<br \/>\nVirsik-mango arbuus<br \/>\nBlue Razz<br \/>\nMaracuja<\/p>","protected":false},"excerpt":{"rendered":"<p>Bang Blaze 60K Shisha \u00fchekordselt kasutatav vape pakub kuni 60 000 puffi kahe maitsega, v\u00f5imsa 1000mAh akuga ja 0,6\u03a9 v\u00f5rgusilma m\u00e4hisega - ideaalne tugevatele aurutajatele, vape-poodidele ja hulgim\u00fc\u00fcjatele.<\/p>","protected":false},"featured_media":41847,"comment_status":"open","ping_status":"closed","template":"","meta":[],"product_brand":[239],"product_cat":[37,320,137,146,138,141,143],"product_tag":[],"class_list":{"0":"post-41846","1":"product","2":"type-product","3":"status-publish","4":"has-post-thumbnail","6":"product_brand-bang","7":"product_cat-bang","8":"product_cat-best-disposable-vapes","9":"product_cat-disposable-vapes-in-germany","10":"product_cat-disposable-vapes-in-hungary","11":"product_cat-disposable-vapes-in-ltaly","12":"product_cat-disposable-vapes-in-poland","13":"product_cat-disposable-vapes-in-spain","15":"first","16":"instock","17":"shipping-taxable","18":"purchasable","19":"product-type-variable","20":"has-default-attributes"},"jetpack_sharing_enabled":true,"tiered_pricing_type":"fixed","tiered_pricing_fixed_rules":{"30":9.3300000000000000710542735760100185871124267578125,"50":7.519999999999999573674358543939888477325439453125,"100":6.87000000000000010658141036401502788066864013671875,"200":6.61000000000000031974423109204508364200592041015625,"400":6.089999999999999857891452847979962825775146484375},"tiered_pricing_product_settings":{"layout":"default","base_unit_name":{"singular":null,"plural":null},"default_variation":null},"tiered_pricing_minimum_quantity":10,"tiered_pricing_roles_data":[],"tiered_pricing_percentage_rules":[],"tiered_pricing_maximum_quantity":null,"tiered_pricing_quantity_step":"10","_links":{"self":[{"href":"https:\/\/aiviouvapes.com\/et\/wp-json\/wp\/v2\/product\/41846","targetHints":{"allow":["GET"]}}],"collection":[{"href":"https:\/\/aiviouvapes.com\/et\/wp-json\/wp\/v2\/product"}],"about":[{"href":"https:\/\/aiviouvapes.com\/et\/wp-json\/wp\/v2\/types\/product"}],"replies":[{"embeddable":true,"href":"https:\/\/aiviouvapes.com\/et\/wp-json\/wp\/v2\/comments?post=41846"}],"wp:featuredmedia":[{"embeddable":true,"href":"https:\/\/aiviouvapes.com\/et\/wp-json\/wp\/v2\/media\/41847"}],"wp:attachment":[{"href":"https:\/\/aiviouvapes.com\/et\/wp-json\/wp\/v2\/media?parent=41846"}],"wp:term":[{"taxonomy":"product_brand","embeddable":true,"href":"https:\/\/aiviouvapes.com\/et\/wp-json\/wp\/v2\/product_brand?post=41846"},{"taxonomy":"product_cat","embeddable":true,"href":"https:\/\/aiviouvapes.com\/et\/wp-json\/wp\/v2\/product_cat?post=41846"},{"taxonomy":"product_tag","embeddable":true,"href":"https:\/\/aiviouvapes.com\/et\/wp-json\/wp\/v2\/product_tag?post=41846"}],"curies":[{"name":"wp","href":"https:\/\/api.w.org\/{rel}","templated":true}]}}