{"id":41615,"date":"2025-07-02T00:17:15","date_gmt":"2025-07-01T16:17:15","guid":{"rendered":"https:\/\/aiviouvapes.com\/?post_type=product&#038;p=41615"},"modified":"2026-04-07T09:58:54","modified_gmt":"2026-04-07T01:58:54","slug":"bang-king-triple-flavors-85000","status":"publish","type":"product","link":"https:\/\/aiviouvapes.com\/et\/product\/bang-king-triple-flavors-85000\/","title":{"rendered":"Bang King 85K 3-in-1 85000 Puffs | kolmekordne maitse lahtiselt \u00fchekordselt kasutatav vape"},"content":{"rendered":"<h2>\ud83c\udf89 <strong>Miks osta Bang King 85K?<\/strong><\/h2>\n<p>Kui ihkate kauakestvat, v\u00f5imsat aurutamist koos \u00fclimalt paindliku maitsega, on Bang King 85K teie uus parim s\u00f5ber. Naudi <strong>85,000 puffi<\/strong>, tohutu <strong>63mL<\/strong> kogu e-vedeliku mahutavus ja vabadus vahetada kolme reguleeritava maitse vahel. Olenemata sellest, kas armastate puuviljaseid, j\u00e4iseid v\u00f5i sooda inspireeritud segusid, pakub see kolmekordse v\u00f5rkp\u00f6\u00f6rdega vape sujuvat ja \u00fchtlast pilve iga tabamusega. Sobib ideaalselt hulgiostjatele, jaem\u00fc\u00fcjatele v\u00f5i rasketele aurutajatele, kes otsivad usaldusv\u00e4\u00e4rseid, rahuldust pakkuvaid seansse.<\/p>\n<h3>\ud83d\udd0d <strong>Spetsifikatsioonid<\/strong><\/h3>\n<ul>\n<li><strong>Nikotiini tugevus:<\/strong> 0% \/ 2% \/ 3% \/ 5%<\/li>\n<li><strong>Puffide arv:<\/strong> 85,000 puffi<\/li>\n<li><strong>Maitsed Reguleeritavad:<\/strong> 3 maitsed reguleeritavad<\/li>\n<li><strong>E-vedeliku mahutavus:<\/strong> 21mL \u00d7 3 (kokku 63mL)<\/li>\n<li><strong>Aku mahutavus:<\/strong> 600mAh laetav<\/li>\n<li><strong>M\u00e4hise t\u00fc\u00fcp:<\/strong> Kolmekordne v\u00f5rgusilma m\u00e4his (1.0\u03a9)<\/li>\n<li><strong>N\u00e4ita:<\/strong> LED ekraan<\/li>\n<li><strong>Laadimine:<\/strong> Type-C<\/li>\n<li><strong>Pakend:<\/strong> 10 tk pakendis<\/li>\n<li><strong>Maitse valikud:<\/strong> 16 kolmekordset maitsekombot<\/li>\n<\/ul>\n<h3>\ud83c\udf08 <strong>Maitse valikud<\/strong><\/h3>\n<p>Tutvu nende suussulavate kombinatsioonidega, et rahuldada iga maitse:<\/p>\n<ul>\n<li>Arbuusij\u00e4\u00e4tis &amp; Red Bull &amp; maasika-kiivi<\/li>\n<li>Maasika-vanilje koks &amp; Black Dragon Ice &amp; Peach Ice<\/li>\n<li>Mustikaj\u00e4\u00e4tis &amp; sidrunilimett &amp; maasikas arbuus<\/li>\n<li>Kiwi Passion Fruit Guava &amp; Lush Ice &amp; Straw Mango<\/li>\n<li>Maasikabanaan &amp; roosa limonaad &amp; vaarikas arbuus<\/li>\n<li>Blue Razz Ice &amp; Strawberry Watermelon &amp; Watermelon Ice<\/li>\n<li>Peach Mango &amp; Blue Razz Cherry &amp; Cool Mint<\/li>\n<li>Berry Lemonade &amp; Strawberry Red Bull &amp; Strawberry Pomp<\/li>\n<li>Troopilised puuviljad ja sidrun virsik ja maasikas arbuus<\/li>\n<li>Double Apple &amp; Ananass Ice &amp; Fruity Fusion<\/li>\n<li>Ananass-kookos &amp; Blue Razz &amp; maasika-banaan<\/li>\n<li>Cola Ice &amp; Cherry Cola &amp; Mr Blue<\/li>\n<li>Maasika arbuus &amp; kolmekordne melon &amp; maasika j\u00e4\u00e4<\/li>\n<li>Maasikadon\u00fc\u00fct &amp; Love 66 &amp; banaanij\u00e4\u00e4tis<\/li>\n<li>Segatud marjad ja mango, virsiku- ja viinamarjaj\u00e4\u00e4tis<\/li>\n<li>Ice Tea Lemon Ice &amp; Lychee Ice &amp; Mango On Ice<\/li>\n<\/ul>","protected":false},"excerpt":{"rendered":"<p>Ole valmis kolmekordseks maitsej\u00f5uks! Uus Bang King 85K pakub 85 000 pauku, 3 reguleeritavat maitset ja tohutut v\u00f5imsust \u00fches julges, laetavas \u00fchekordseks kasutamiseks m\u00f5eldud vape'is.<\/p>","protected":false},"featured_media":41617,"comment_status":"open","ping_status":"closed","template":"","meta":[],"product_brand":[239],"product_cat":[37,336,242,320,90],"product_tag":[384,382,381,383,385],"class_list":{"0":"post-41615","1":"product","2":"type-product","3":"status-publish","4":"has-post-thumbnail","6":"product_brand-bang","7":"product_cat-bang","8":"product_cat-100k-puffs-disposable-vape","9":"product_cat-60000-puffs-disposable-vape","10":"product_cat-best-disposable-vapes","11":"product_cat-big-puffs-vapes","12":"product_tag-3-in-1-adjustable-flavor-vape","13":"product_tag-85000-puffs-triple-flavor-vape","14":"product_tag-bang-king-85k-disposable-vape","15":"product_tag-bulk-rechargeable-vape-device","16":"product_tag-long-lasting-mesh-coil-vape","18":"first","19":"instock","20":"shipping-taxable","21":"purchasable","22":"product-type-variable","23":"has-default-attributes"},"jetpack_sharing_enabled":true,"tiered_pricing_type":"fixed","tiered_pricing_fixed_rules":{"2000":5.37000000000000010658141036401502788066864013671875},"tiered_pricing_product_settings":{"layout":"default","base_unit_name":{"singular":null,"plural":null},"default_variation":null},"tiered_pricing_minimum_quantity":1000,"tiered_pricing_roles_data":[],"tiered_pricing_percentage_rules":[],"tiered_pricing_maximum_quantity":null,"tiered_pricing_quantity_step":"10","_links":{"self":[{"href":"https:\/\/aiviouvapes.com\/et\/wp-json\/wp\/v2\/product\/41615","targetHints":{"allow":["GET"]}}],"collection":[{"href":"https:\/\/aiviouvapes.com\/et\/wp-json\/wp\/v2\/product"}],"about":[{"href":"https:\/\/aiviouvapes.com\/et\/wp-json\/wp\/v2\/types\/product"}],"replies":[{"embeddable":true,"href":"https:\/\/aiviouvapes.com\/et\/wp-json\/wp\/v2\/comments?post=41615"}],"wp:featuredmedia":[{"embeddable":true,"href":"https:\/\/aiviouvapes.com\/et\/wp-json\/wp\/v2\/media\/41617"}],"wp:attachment":[{"href":"https:\/\/aiviouvapes.com\/et\/wp-json\/wp\/v2\/media?parent=41615"}],"wp:term":[{"taxonomy":"product_brand","embeddable":true,"href":"https:\/\/aiviouvapes.com\/et\/wp-json\/wp\/v2\/product_brand?post=41615"},{"taxonomy":"product_cat","embeddable":true,"href":"https:\/\/aiviouvapes.com\/et\/wp-json\/wp\/v2\/product_cat?post=41615"},{"taxonomy":"product_tag","embeddable":true,"href":"https:\/\/aiviouvapes.com\/et\/wp-json\/wp\/v2\/product_tag?post=41615"}],"curies":[{"name":"wp","href":"https:\/\/api.w.org\/{rel}","templated":true}]}}