{"id":39475,"date":"2025-07-02T10:19:59","date_gmt":"2025-07-02T02:19:59","guid":{"rendered":"https:\/\/aiviouvapes.com\/?post_type=product&#038;p=39475"},"modified":"2026-04-17T13:00:43","modified_gmt":"2026-04-17T05:00:43","slug":"mrvi-growing-60k-3t-spin","status":"publish","type":"product","link":"https:\/\/aiviouvapes.com\/et\/product\/mrvi-growing-60k-3t-spin\/","title":{"rendered":"MRVI GROWING 60K 3T SPIN 60000 Puffs | kolmekordne maitse lahtiselt \u00fchekordselt kasutatav vape"},"content":{"rendered":"<h2>\ud83c\udf1f Miks valida MRVI kasvav 60K 3T SPIN?<\/h2>\n<ul>\n<li>\ud83d\udd25 Kuni 60,000 puhumist uskumatult pikaealiseks kasutamiseks<\/li>\n<li>\ud83c\udfaf Kolmekordne maitse l\u00fcliti l\u00f5putute maitseelamuste jaoks<\/li>\n<li>\u26a1 Kiire C-t\u00fc\u00fcpi laadimine hoiab teid k\u00e4imas<\/li>\n<li>\ud83d\udca7 48mL e-vedeliku mahutavus v\u00e4hemate asenduste jaoks<\/li>\n<li>\ud83d\udda5\ufe0f Nutikas ekraan, et j\u00e4lgida energiat ja e-vedeliku taset.<\/li>\n<li>\ud83d\udc8e Kristallselge korpus koos esmaklassilise disainiga<\/li>\n<li>\ud83d\udce6 Hulgim\u00fc\u00fcgis\u00f5bralik pakend: 1tk karbis, 10tk v\u00e4ljapaneku kohta<\/li>\n<\/ul>\n<p>Kui otsite v\u00f5imsat, mitmek\u00fclgset \u00fchekordset vampiiri, mis sobib igasse kasti, on MRVI GROWING 60K 3T SPIN teie parim valik. See seade on loodud suurtele kasutajatele, maitsearmastajatele, vape-poodidele ja lahtistele turustajatele ning tagab suure k\u00e4ibe ja rahulolevad kliendid. \u00c4rge j\u00e4tke vahele j\u00e4rgmise p\u00f5lvkonna \u00fchekordse aurutamise v\u00f5imalust!<\/p>\n<h3>\ud83d\ude80 Kogege kolmekordset maitsevabadust MRVI GROWING 60K 3T SPINiga!<\/h3>\n<p>Kas oled valmis oma aurutamism\u00e4ngu j\u00e4rgmisele tasemele viima? The <strong>MRVI KASVAV 60K 3T SPINNI 3T<\/strong> on parim \u00fchekordseks kasutamiseks m\u00f5eldud lahtine vape, mis on loodud t\u00f5sistele aurajatele ja poeomanikele, kes n\u00f5uavad parimat. See on j\u00e4rgmise p\u00f5lvkonna \u00fchekordselt kasutatav auruti, mida olete oodanud ja millel on kolmekordne maitsete rotatsioon, tohutu 60 000 puffi mahutavus ning nutikas toite- ja e-vedeliku ekraan. Alates kristallselgest korpusekujundusest kuni sujuvate Type-C laadimisteni pakub MRVI GROWING 60K 3T SPIN v\u00f5rratut rahulolu nii maitsejahtijatele kui ka raskekasutajatele. \ud83c\udf1f<\/p>\n<h3>Spetsifikatsioonid<\/h3>\n<table>\n<tbody>\n<tr>\n<td><strong>Puff v\u00f5imsus<\/strong><\/td>\n<td>60 000 puffi<\/td>\n<\/tr>\n<tr>\n<td><strong>E-vedeliku mahutavus<\/strong><\/td>\n<td>48mL<\/td>\n<\/tr>\n<tr>\n<td><strong>Aku<\/strong><\/td>\n<td>650mAh, C-t\u00fc\u00fcpi laetav<\/td>\n<\/tr>\n<tr>\n<td><strong>M\u00e4hise t\u00fc\u00fcp<\/strong><\/td>\n<td>Kahe v\u00f5rguga m\u00e4his<\/td>\n<\/tr>\n<tr>\n<td><strong>Nikotiini valikud<\/strong><\/td>\n<td>2%, 5%<\/td>\n<\/tr>\n<tr>\n<td><strong>Ekraan<\/strong><\/td>\n<td>Power &amp; E-Liquid Smart Screen<\/td>\n<\/tr>\n<tr>\n<td><strong>Disain<\/strong><\/td>\n<td>Kristallselge keha<\/td>\n<\/tr>\n<\/tbody>\n<\/table>\n<h3>Maitsekombinatsioonid<\/h3>\n<table>\n<tbody>\n<tr>\n<th>Kamber A<\/th>\n<th>Kamber B<\/th>\n<th>Kamber C<\/th>\n<\/tr>\n<tr>\n<td>Arbuusi j\u00e4\u00e4<\/td>\n<td>Red Bull<\/td>\n<td>Maasika kiivi<\/td>\n<\/tr>\n<tr>\n<td>Sidrun Laim<\/td>\n<td>Maasika arbuus<\/td>\n<td>Mustika j\u00e4\u00e4<\/td>\n<\/tr>\n<tr>\n<td>Ananass-kookos<\/td>\n<td>Banaan<\/td>\n<td>Sinine Razz Ice<\/td>\n<\/tr>\n<tr>\n<td>Vaarika arbuus<\/td>\n<td>Koola J\u00e4\u00e4<\/td>\n<td>Hapu \u00f5un<\/td>\n<\/tr>\n<tr>\n<td>Troopiline segu<\/td>\n<td>Maasika j\u00e4\u00e4tis<\/td>\n<td>Mango Ice<\/td>\n<\/tr>\n<tr>\n<td>Maasikas Vaarikas Kirss<\/td>\n<td>Love 666<\/td>\n<td>Cherry Candy Ice<\/td>\n<\/tr>\n<tr>\n<td>Segatud marjad<\/td>\n<td>Kummikaru<\/td>\n<td>Virsikuj\u00e4\u00e4tis<\/td>\n<\/tr>\n<tr>\n<td>Viinamarja j\u00e4\u00e4<\/td>\n<td>Maasika kommid<\/td>\n<td>Ice Pop<\/td>\n<\/tr>\n<\/tbody>\n<\/table>\n<p><img data-recalc-dims=\"1\" loading=\"lazy\" decoding=\"async\" class=\"alignnone wp-image-42240 size-full\" src=\"https:\/\/i0.wp.com\/aiviouvapes.com\/wp-content\/uploads\/2025\/06\/%E5%85%A8%E5%AE%B6%E7%A6%8F_%E7%94%BB%E6%9D%BF-1-%E5%89%AF%E6%9C%AC-1.jpg?resize=1020%2C1442&#038;ssl=1\" alt=\",\" width=\"1020\" height=\"1442\" title=\"\" srcset=\"https:\/\/i0.wp.com\/aiviouvapes.com\/wp-content\/uploads\/2025\/06\/%E5%85%A8%E5%AE%B6%E7%A6%8F_%E7%94%BB%E6%9D%BF-1-%E5%89%AF%E6%9C%AC-1.jpg?w=1358&amp;ssl=1 1358w, https:\/\/i0.wp.com\/aiviouvapes.com\/wp-content\/uploads\/2025\/06\/%E5%85%A8%E5%AE%B6%E7%A6%8F_%E7%94%BB%E6%9D%BF-1-%E5%89%AF%E6%9C%AC-1.jpg?resize=212%2C300&amp;ssl=1 212w, https:\/\/i0.wp.com\/aiviouvapes.com\/wp-content\/uploads\/2025\/06\/%E5%85%A8%E5%AE%B6%E7%A6%8F_%E7%94%BB%E6%9D%BF-1-%E5%89%AF%E6%9C%AC-1.jpg?resize=724%2C1024&amp;ssl=1 724w, https:\/\/i0.wp.com\/aiviouvapes.com\/wp-content\/uploads\/2025\/06\/%E5%85%A8%E5%AE%B6%E7%A6%8F_%E7%94%BB%E6%9D%BF-1-%E5%89%AF%E6%9C%AC-1.jpg?resize=768%2C1086&amp;ssl=1 768w, https:\/\/i0.wp.com\/aiviouvapes.com\/wp-content\/uploads\/2025\/06\/%E5%85%A8%E5%AE%B6%E7%A6%8F_%E7%94%BB%E6%9D%BF-1-%E5%89%AF%E6%9C%AC-1.jpg?resize=1086%2C1536&amp;ssl=1 1086w, https:\/\/i0.wp.com\/aiviouvapes.com\/wp-content\/uploads\/2025\/06\/%E5%85%A8%E5%AE%B6%E7%A6%8F_%E7%94%BB%E6%9D%BF-1-%E5%89%AF%E6%9C%AC-1.jpg?resize=8%2C12&amp;ssl=1 8w, https:\/\/i0.wp.com\/aiviouvapes.com\/wp-content\/uploads\/2025\/06\/%E5%85%A8%E5%AE%B6%E7%A6%8F_%E7%94%BB%E6%9D%BF-1-%E5%89%AF%E6%9C%AC-1.jpg?resize=1320%2C1866&amp;ssl=1 1320w, https:\/\/i0.wp.com\/aiviouvapes.com\/wp-content\/uploads\/2025\/06\/%E5%85%A8%E5%AE%B6%E7%A6%8F_%E7%94%BB%E6%9D%BF-1-%E5%89%AF%E6%9C%AC-1.jpg?resize=800%2C1131&amp;ssl=1 800w\" sizes=\"auto, (max-width: 1020px) 100vw, 1020px\" \/><\/p>","protected":false},"excerpt":{"rendered":"<p>MRVI GROWING 60K 3T SPIN \u00fchekordselt kasutatav vape pakub kuni 60 000 puffi koos kolmekordse maitsete vahetamisega, 48mL e-vedelikuga ja kahekordse v\u00f5rgusilma m\u00e4hise v\u00f5imsusega - ideaalne vape hulgim\u00fc\u00fcgiks.<\/p>","protected":false},"featured_media":39477,"comment_status":"open","ping_status":"closed","template":"","meta":[],"product_brand":[229],"product_cat":[33,137,146,138,141,143],"product_tag":[],"class_list":{"0":"post-39475","1":"product","2":"type-product","3":"status-publish","4":"has-post-thumbnail","6":"product_brand-mrvi","7":"product_cat-mrvi","8":"product_cat-disposable-vapes-in-germany","9":"product_cat-disposable-vapes-in-hungary","10":"product_cat-disposable-vapes-in-ltaly","11":"product_cat-disposable-vapes-in-poland","12":"product_cat-disposable-vapes-in-spain","14":"first","15":"instock","16":"shipping-taxable","17":"purchasable","18":"product-type-variable","19":"has-default-attributes"},"jetpack_sharing_enabled":true,"tiered_pricing_type":"fixed","tiered_pricing_fixed_rules":{"100":6.910000000000000142108547152020037174224853515625,"200":6.54000000000000003552713678800500929355621337890625,"400":6.11000000000000031974423109204508364200592041015625},"tiered_pricing_product_settings":{"layout":"default","base_unit_name":{"singular":null,"plural":null},"default_variation":null},"tiered_pricing_minimum_quantity":50,"tiered_pricing_roles_data":[],"tiered_pricing_percentage_rules":[],"tiered_pricing_maximum_quantity":null,"tiered_pricing_quantity_step":"10","_links":{"self":[{"href":"https:\/\/aiviouvapes.com\/et\/wp-json\/wp\/v2\/product\/39475","targetHints":{"allow":["GET"]}}],"collection":[{"href":"https:\/\/aiviouvapes.com\/et\/wp-json\/wp\/v2\/product"}],"about":[{"href":"https:\/\/aiviouvapes.com\/et\/wp-json\/wp\/v2\/types\/product"}],"replies":[{"embeddable":true,"href":"https:\/\/aiviouvapes.com\/et\/wp-json\/wp\/v2\/comments?post=39475"}],"wp:featuredmedia":[{"embeddable":true,"href":"https:\/\/aiviouvapes.com\/et\/wp-json\/wp\/v2\/media\/39477"}],"wp:attachment":[{"href":"https:\/\/aiviouvapes.com\/et\/wp-json\/wp\/v2\/media?parent=39475"}],"wp:term":[{"taxonomy":"product_brand","embeddable":true,"href":"https:\/\/aiviouvapes.com\/et\/wp-json\/wp\/v2\/product_brand?post=39475"},{"taxonomy":"product_cat","embeddable":true,"href":"https:\/\/aiviouvapes.com\/et\/wp-json\/wp\/v2\/product_cat?post=39475"},{"taxonomy":"product_tag","embeddable":true,"href":"https:\/\/aiviouvapes.com\/et\/wp-json\/wp\/v2\/product_tag?post=39475"}],"curies":[{"name":"wp","href":"https:\/\/api.w.org\/{rel}","templated":true}]}}