{"id":37402,"date":"2025-06-12T22:56:20","date_gmt":"2025-06-12T14:56:20","guid":{"rendered":"https:\/\/aiviouvapes.com\/?post_type=product&#038;p=37402"},"modified":"2026-04-17T13:00:52","modified_gmt":"2026-04-17T05:00:52","slug":"fumot-randm-tornado-30000","status":"publish","type":"product","link":"https:\/\/aiviouvapes.com\/et\/product\/fumot-randm-tornado-30000\/","title":{"rendered":"Fumot RandM Tornado 30000 Puffs | muusika-reaktiivsed tuled, v\u00f5rgusilma m\u00e4his, laetav lahtine \u00fchekordselt kasutatav vape"},"content":{"rendered":"<p><!-- SEO Meta Description --><\/p>\n<p><!-- Product Title --><\/p>\n<h2>Fumot RandM Tornado 30000 Puffs \u00fchekordselt kasutatav Vape<\/h2>\n<p><!-- Key Features --><\/p>\n<h2>\ud83d\udd11 Fumot RandM Tornado 30000 Puffs peamised omadused<\/h2>\n<ul>\n<li><strong>Massiivne puhumisv\u00f5imsus:<\/strong> Kuni 30 000 puhumist pikaajaliseks, muretu kasutamiseks.<\/li>\n<li><strong>Nikotiini valikud:<\/strong> Saadaval 2% ja 5% nikotiiniga, mis sobib k\u00f5igile eelistustele.<\/li>\n<li><strong>30mL e-vedeliku mahutavus:<\/strong> Tagab kauakestva maitse iga t\u00f5mbega.<\/li>\n<li><strong>T\u00e4iustatud v\u00f5rgusilma spiraal (1.0\u03a9):<\/strong> Pehme aur ja julge maitse igal sissehingamisel.<\/li>\n<li><strong>Laetav aku (600mAh):<\/strong> Keskkonnas\u00f5bralik ja usaldusv\u00e4\u00e4rne energiaallikas.<\/li>\n<li><strong>C-t\u00fc\u00fcpi kiirlaadimine:<\/strong> Kiire ja t\u00f5hus laadimine katkestusteta seansside jaoks.<\/li>\n<li><strong>Muusikale reageerivad tuled:<\/strong> LED-tuled reageerivad helile, et saavutada d\u00fcnaamiline aurutamise meeleolu.<\/li>\n<\/ul>\n<p><!-- Why Choose Section --><\/p>\n<h2>\ud83c\udf1f Miks valida Fumot RandM Tornado 30000 Puffs?<\/h2>\n<p>The <strong>Fumot RandM Tornado 30000 Puffid<\/strong> ei ole lihtsalt \u00fcks j\u00e4rjekordne \u00fchekordselt kasutatav vepsa - see on stiilne, tehnoloogiline kogemus. Olenemata sellest, kas otsite j\u00f5udlust, esteetikat v\u00f5i maitse mitmekesisust, see seade pakub k\u00f5ike seda. See sobib ideaalselt nii seltskondlikuks suhtlemiseks kui ka \u00fcksi nautimiseks, selle muusikaga s\u00fcnkroonitud LED-tuled ja v\u00f5imas puhangute arv teevad sellest kaasaegsete aurutajate jaoks parima valiku.<\/p>\n<p><!-- Flavor List --><\/p>\n<h2>\ud83c\udf53 Maitseline mitmekesisus - 30 maitset, mis rahuldavad iga maitsemeelt<\/h2>\n<ul>\n<li>Banaanij\u00e4\u00e4tis<\/li>\n<li>Must j\u00e4\u00e4<\/li>\n<li>Sinine Razz Ice<\/li>\n<li>Mustikas j\u00e4\u00e4l<\/li>\n<li>Mustikas Vaarikas<\/li>\n<li>Mustikas Hapukas vaarikas<\/li>\n<li>Cherry Ice<\/li>\n<li>Cherry Cola<\/li>\n<li>Koola J\u00e4\u00e4<\/li>\n<li>Jahe M\u00fcnt<\/li>\n<li>Topelt\u00f5un<\/li>\n<li>Dr. Blue<\/li>\n<li>Viinamarja j\u00e4\u00e4<\/li>\n<li>Ice Pop<\/li>\n<li>Kiivi Passion Fruit Guava<\/li>\n<li>Armastus 66<\/li>\n<li>Rikkalik j\u00e4\u00e4<\/li>\n<li>Segatud marjad<\/li>\n<li>Virsik marja<\/li>\n<li>Virsikuj\u00e4\u00e4tis<\/li>\n<li>Virsikane mango ananass<\/li>\n<li>Ananassi j\u00e4\u00e4<\/li>\n<li>Roosa limonaad<\/li>\n<li>Skittles<\/li>\n<li>Maasikas banaan<\/li>\n<li>Maasika viinamarja<\/li>\n<li>Maasika j\u00e4\u00e4<\/li>\n<li>Maasika arbuus<\/li>\n<li>Triple Mango<\/li>\n<li>Vimto<\/li>\n<\/ul>\n<p>Olenemata sellest, kas soovid puuviljaseid, j\u00e4iseid v\u00f5i kommilaadseid profiile, leidub just sulle sobiv maitse.<\/p>","protected":false},"excerpt":{"rendered":"<p>Kogege elavat aurutamist Fumot RandM Tornado 30000 puffiga - massiivsed puffid, 30 maitset, laetav v\u00f5imsus ja muusikaga s\u00fcnkroonitud tuled l\u00f5busaks ja maitsek\u00fcllaseks reisiks.<\/p>","protected":false},"featured_media":37403,"comment_status":"open","ping_status":"closed","template":"","meta":[],"product_brand":[231],"product_cat":[35,131],"product_tag":[],"class_list":{"0":"post-37402","1":"product","2":"type-product","3":"status-publish","4":"has-post-thumbnail","6":"product_brand-randm","7":"product_cat-randm","8":"product_cat-30000-puffs-disposable-vape","10":"first","11":"instock","12":"featured","13":"shipping-taxable","14":"purchasable","15":"product-type-variable","16":"has-default-attributes"},"jetpack_sharing_enabled":true,"tiered_pricing_type":"fixed","tiered_pricing_fixed_rules":{"2000":5.9900000000000002131628207280300557613372802734375},"tiered_pricing_product_settings":{"layout":"default","base_unit_name":{"singular":null,"plural":null},"default_variation":null},"tiered_pricing_minimum_quantity":1000,"tiered_pricing_roles_data":[],"tiered_pricing_percentage_rules":[],"tiered_pricing_maximum_quantity":null,"tiered_pricing_quantity_step":"10","_links":{"self":[{"href":"https:\/\/aiviouvapes.com\/et\/wp-json\/wp\/v2\/product\/37402","targetHints":{"allow":["GET"]}}],"collection":[{"href":"https:\/\/aiviouvapes.com\/et\/wp-json\/wp\/v2\/product"}],"about":[{"href":"https:\/\/aiviouvapes.com\/et\/wp-json\/wp\/v2\/types\/product"}],"replies":[{"embeddable":true,"href":"https:\/\/aiviouvapes.com\/et\/wp-json\/wp\/v2\/comments?post=37402"}],"wp:featuredmedia":[{"embeddable":true,"href":"https:\/\/aiviouvapes.com\/et\/wp-json\/wp\/v2\/media\/37403"}],"wp:attachment":[{"href":"https:\/\/aiviouvapes.com\/et\/wp-json\/wp\/v2\/media?parent=37402"}],"wp:term":[{"taxonomy":"product_brand","embeddable":true,"href":"https:\/\/aiviouvapes.com\/et\/wp-json\/wp\/v2\/product_brand?post=37402"},{"taxonomy":"product_cat","embeddable":true,"href":"https:\/\/aiviouvapes.com\/et\/wp-json\/wp\/v2\/product_cat?post=37402"},{"taxonomy":"product_tag","embeddable":true,"href":"https:\/\/aiviouvapes.com\/et\/wp-json\/wp\/v2\/product_tag?post=37402"}],"curies":[{"name":"wp","href":"https:\/\/api.w.org\/{rel}","templated":true}]}}