{"id":37374,"date":"2025-06-12T22:50:24","date_gmt":"2025-06-12T14:50:24","guid":{"rendered":"https:\/\/aiviouvapes.com\/?post_type=product&#038;p=37374"},"modified":"2026-03-17T10:36:08","modified_gmt":"2026-03-17T02:36:08","slug":"bang-blaze-40k","status":"publish","type":"product","link":"https:\/\/aiviouvapes.com\/et\/product\/bang-blaze-40k\/","title":{"rendered":"Bang Blaze 40K 40000 Puffs | dual flavor, 40mL, 32 maitset, laetav \u00fchekordselt kasutatav lahtine vape"},"content":{"rendered":"<p><!-- SEO Meta Description (First 30 Words) --><\/p>\n<p><!-- Product Title --><\/p>\n<h2>Bang Blaze 40K \u00fchekordselt kasutatav Vape - Dual Flavor, 40,000 puff, 32 maitse valikut<\/h2>\n<p><!-- Key Features Section --><\/p>\n<h2>\ud83d\udd11 Bang Blaze 40K \u00fchekordselt kasutatava Vape peamised omadused<\/h2>\n<ul>\n<li><strong>Massiivne puhumisv\u00f5imsus:<\/strong> Kuni 40 000 puffi - ideaalne n\u00e4dalate pikkuseks katkematuks aurutamiseks.<\/li>\n<li><strong>Topeltmaitse l\u00fcliti:<\/strong> Slide-to-switch-funktsioon v\u00f5imaldab teil koheselt kahe maitse vahel vahetada.<\/li>\n<li><strong>Suurep\u00e4rane e-vedeliku mahutavus:<\/strong> Eelt\u00e4idetud 40mL k\u00f5rgekvaliteedilise e-vedelikuga kestva naudingu tagamiseks.<\/li>\n<li><strong>Mitu nikotiini tugevust:<\/strong> Valige 0%, 2%, 3% v\u00f5i 5% nikotiin, mis sobib teie eelistustele.<\/li>\n<li><strong>Laetav aku:<\/strong> Toitub usaldusv\u00e4\u00e4rsest 650 mAh akust, mis tagab pikad sessioonid.<\/li>\n<li><strong>Topeltv\u00f5rgum\u00e4his (1,2\u03a9):<\/strong> Tekitab iga kord \u00fchtlast auru ja rikkalikku, \u00fchtlast maitset.<\/li>\n<li><strong>Kiire USB-C laadimine:<\/strong> Type-C port tagab kiire ja t\u00f5husa laadimise.<\/li>\n<\/ul>\n<p><!-- Why Choose Section --><\/p>\n<h2>\ud83d\udca1 Miks valida Bang Blaze 40K Vape?<\/h2>\n<ul>\n<li><strong>\u2705 V\u00f5rratu pikaealisus:<\/strong> 40 000 puffi eluiga ja 40mL paak t\u00e4hendavad v\u00e4hem asendusi, rohkem rahulolu.<\/li>\n<li><strong>\u2705 Kaksikmaitse mugavus:<\/strong> \u00c4rge rahulduge \u00fchega - vahetage maitseid koheselt liugmehhanismi abil.<\/li>\n<li><strong>\u2705 Kohandatud nikotiinikogemus:<\/strong> Nullist kuni tugevani - valige oma tugevus vahemikus 0%, 2%, 3% v\u00f5i 5%.<\/li>\n<li><strong>\u2705 Siidine aurukvaliteet:<\/strong> Topeltv\u00f5rgum\u00e4his tagab sujuva ja maitsva t\u00f5mbamise iga kord.<\/li>\n<li><strong>\u2705 Kompaktne ja laetav:<\/strong> V\u00f5ta see k\u00f5ikjale kaasa - kiire Type-C laadimine ja taskuss\u00f5bralik disain.<\/li>\n<\/ul>\n<p>Olenemata sellest, kas olete maitsejahtija, pilvejahtija v\u00f5i hulgiostja, Bang Blaze 40K \u00fchekordselt kasutatav Vape pakub esmaklassilist j\u00f5udlust, \u00fcletamatut mugavust ja t\u00f5eliselt maitsek\u00fcllast aurutamisreisi.<\/p>\n<p><!-- Flavor List Section --><\/p>\n<h2>\ud83c\udf53 Maitsete nimekiri - Avasta 32 unikaalset topeltmaitsekombinatsiooni<\/h2>\n<ul>\n<li data-start=\"71\" data-end=\"108\">\n<p data-start=\"74\" data-end=\"108\">Arbuus\/maasikas arbuus<\/p>\n<\/li>\n<li data-start=\"109\" data-end=\"147\">\n<p data-start=\"112\" data-end=\"147\">Mustika j\u00e4\u00e4 \/ mustika vaarikas<\/p>\n<\/li>\n<li data-start=\"148\" data-end=\"179\">\n<p data-start=\"151\" data-end=\"179\">Mango Ice\/Mango maasikas<\/p>\n<\/li>\n<li data-start=\"180\" data-end=\"216\">\n<p data-start=\"183\" data-end=\"216\">Arbuus\/vesimelon Bubblegum<\/p>\n<\/li>\n<li data-start=\"217\" data-end=\"253\">\n<p data-start=\"220\" data-end=\"253\">Ananassij\u00e4\u00e4tis \/ ananassikookosp\u00e4hklid<\/p>\n<\/li>\n<li data-start=\"254\" data-end=\"283\">\n<p data-start=\"257\" data-end=\"283\">Segatud puuviljad \/ kolmekordne marja<\/p>\n<\/li>\n<li data-start=\"284\" data-end=\"310\">\n<p data-start=\"287\" data-end=\"310\">Virsikuj\u00e4\u00e4tis\/Mango-virsik<\/p>\n<\/li>\n<li data-start=\"311\" data-end=\"334\">\n<p data-start=\"314\" data-end=\"334\">Cherry\/Cherry Coke<\/p>\n<\/li>\n<li data-start=\"335\" data-end=\"361\">\n<p data-start=\"338\" data-end=\"361\">Viinamarja\/Mustika Viinamarja<\/p>\n<\/li>\n<li data-start=\"362\" data-end=\"387\">\n<p data-start=\"366\" data-end=\"387\">M\u00fcndi\/Mustika M\u00fcndi<\/p>\n<\/li>\n<li data-start=\"388\" data-end=\"419\">\n<p data-start=\"392\" data-end=\"419\">Must draakon j\u00e4\u00e4\/punane h\u00e4rg<\/p>\n<\/li>\n<li data-start=\"420\" data-end=\"456\">\n<p data-start=\"424\" data-end=\"456\">Maasikaj\u00e4\u00e4\/maasikakiivi<\/p>\n<\/li>\n<li data-start=\"457\" data-end=\"496\">\n<p data-start=\"461\" data-end=\"496\">Troopilised puuviljad \/ kolmekordne arbuus<\/p>\n<\/li>\n<li data-start=\"497\" data-end=\"534\">\n<p data-start=\"501\" data-end=\"534\">Hapukas mango ananass\/tsitruseline laim<\/p>\n<\/li>\n<li data-start=\"535\" data-end=\"562\">\n<p data-start=\"539\" data-end=\"562\">Suvine aeg \/ \u00d5unaj\u00e4\u00e4<\/p>\n<\/li>\n<li data-start=\"563\" data-end=\"598\">\n<p data-start=\"567\" data-end=\"598\">Vikerkaarekommid \/ Arctic Freezing<\/p>\n<\/li>\n<li data-start=\"599\" data-end=\"635\">\n<p data-start=\"603\" data-end=\"635\">Vaarika arbuus\/Jieshuang<\/p>\n<\/li>\n<li data-start=\"636\" data-end=\"673\">\n<p data-start=\"640\" data-end=\"673\">Lemon Romance \/ California Cherry<\/p>\n<\/li>\n<li data-start=\"674\" data-end=\"713\">\n<p data-start=\"678\" data-end=\"713\">Mango Virsik Aprikoos\/valged kummikud<\/p>\n<\/li>\n<li data-start=\"714\" data-end=\"753\">\n<p data-start=\"718\" data-end=\"753\">Mary's Dream\/Aloe Mango Melon Ice<\/p>\n<\/li>\n<li data-start=\"754\" data-end=\"804\">\n<p data-start=\"758\" data-end=\"804\">Mustikas J\u00f5hvik Kirss\/vesikirss Kirss<\/p>\n<\/li>\n<li data-start=\"805\" data-end=\"848\">\n<p data-start=\"809\" data-end=\"848\">Ananass-mango\/ananass-kookosj\u00e4\u00e4tis<\/p>\n<\/li>\n<li data-start=\"849\" data-end=\"891\">\n<p data-start=\"853\" data-end=\"891\">Vaarikas Arbuus\/Aloe Vera Viinamarja<\/p>\n<\/li>\n<li data-start=\"892\" data-end=\"926\">\n<p data-start=\"896\" data-end=\"926\">Lychee Ice \/ Lychee maasikas<\/p>\n<\/li>\n<li data-start=\"927\" data-end=\"972\">\n<p data-start=\"931\" data-end=\"972\">Maasikaj\u00e4\u00e4tis\/maasikavaniilia<\/p>\n<\/li>\n<li data-start=\"973\" data-end=\"1013\">\n<p data-start=\"977\" data-end=\"1013\">Kummi karu \/ Vaarika must glitter<\/p>\n<\/li>\n<li data-start=\"1014\" data-end=\"1054\">\n<p data-start=\"1018\" data-end=\"1054\">Berries Cool\/Watermelon Sour Peach<\/p>\n<\/li>\n<\/ul>","protected":false},"excerpt":{"rendered":"<p>Bang Blaze 40K \u00fchekordselt kasutatav vape pakub 40 000 t\u00f5mmet, kahte maitset, 40mL e-vedelikku, 32 maitsevarianti ja kuni 5% nikotiini. Laetav, suure j\u00f5udlusega \u00fchekordselt kasutatav vape maitsearmastajatele.<\/p>","protected":false},"featured_media":37387,"comment_status":"open","ping_status":"closed","template":"","meta":[],"product_brand":[239],"product_cat":[37,219,137,146,138,141,143],"product_tag":[],"class_list":{"0":"post-37374","1":"product","2":"type-product","3":"status-publish","4":"has-post-thumbnail","6":"product_brand-bang","7":"product_cat-bang","8":"product_cat-40000-puffs-disposable-vape","9":"product_cat-disposable-vapes-in-germany","10":"product_cat-disposable-vapes-in-hungary","11":"product_cat-disposable-vapes-in-ltaly","12":"product_cat-disposable-vapes-in-poland","13":"product_cat-disposable-vapes-in-spain","15":"first","16":"instock","17":"shipping-taxable","18":"purchasable","19":"product-type-variable","20":"has-default-attributes"},"jetpack_sharing_enabled":true,"tiered_pricing_type":"fixed","tiered_pricing_fixed_rules":{"30":7.78000000000000024868995751603506505489349365234375,"50":6.61000000000000031974423109204508364200592041015625,"100":5.70000000000000017763568394002504646778106689453125,"200":5.30999999999999960920149533194489777088165283203125,"400":4.730000000000000426325641456060111522674560546875},"tiered_pricing_product_settings":{"layout":"default","base_unit_name":{"singular":null,"plural":null},"default_variation":null},"tiered_pricing_minimum_quantity":10,"tiered_pricing_roles_data":[],"tiered_pricing_percentage_rules":[],"tiered_pricing_maximum_quantity":null,"tiered_pricing_quantity_step":"10","_links":{"self":[{"href":"https:\/\/aiviouvapes.com\/et\/wp-json\/wp\/v2\/product\/37374","targetHints":{"allow":["GET"]}}],"collection":[{"href":"https:\/\/aiviouvapes.com\/et\/wp-json\/wp\/v2\/product"}],"about":[{"href":"https:\/\/aiviouvapes.com\/et\/wp-json\/wp\/v2\/types\/product"}],"replies":[{"embeddable":true,"href":"https:\/\/aiviouvapes.com\/et\/wp-json\/wp\/v2\/comments?post=37374"}],"wp:featuredmedia":[{"embeddable":true,"href":"https:\/\/aiviouvapes.com\/et\/wp-json\/wp\/v2\/media\/37387"}],"wp:attachment":[{"href":"https:\/\/aiviouvapes.com\/et\/wp-json\/wp\/v2\/media?parent=37374"}],"wp:term":[{"taxonomy":"product_brand","embeddable":true,"href":"https:\/\/aiviouvapes.com\/et\/wp-json\/wp\/v2\/product_brand?post=37374"},{"taxonomy":"product_cat","embeddable":true,"href":"https:\/\/aiviouvapes.com\/et\/wp-json\/wp\/v2\/product_cat?post=37374"},{"taxonomy":"product_tag","embeddable":true,"href":"https:\/\/aiviouvapes.com\/et\/wp-json\/wp\/v2\/product_tag?post=37374"}],"curies":[{"name":"wp","href":"https:\/\/api.w.org\/{rel}","templated":true}]}}