{"id":37177,"date":"2025-06-16T11:29:01","date_gmt":"2025-06-16T03:29:01","guid":{"rendered":"https:\/\/aiviouvapes.com\/?post_type=product&#038;p=37177"},"modified":"2026-04-02T15:54:08","modified_gmt":"2026-04-02T07:54:08","slug":"vapsolo-triple-30000-puffs","status":"publish","type":"product","link":"https:\/\/aiviouvapes.com\/et\/product\/vapsolo-triple-30000-puffs\/","title":{"rendered":"Vapsolo Triple 30000 Puffs | 3-in-1 maitse, 36mL e-vedelik, LCD ekraan, lahtiselt \u00fchekordselt kasutatav vape"},"content":{"rendered":"<h2>\ud83d\udd11 VapSolo Triple 30000 Puffs \u00fchekordselt kasutatava VapSolo peamised omadused<\/h2>\n<ul>\n<li><strong>Kuni 30 000 puffi:<\/strong> Pikaajaline j\u00f5udlus pikaajaliseks kasutamiseks ilma sagedaste vahetusteta.<\/li>\n<li><strong>Kolmekordne maitses\u00fcsteem:<\/strong> Nautige kolme erinevat maitset \u00fches seadmes - ideaalne neile, kes ihkavad mitmekesisust.<\/li>\n<li><strong>Massiivne 45mL e-vedeliku mahutavus:<\/strong> 15mL \u00fche maitse kohta, mis tagab j\u00e4rjepideva aurutussessiooni ilma t\u00fchjaks jooksmiseta.<\/li>\n<li><strong>1.0\u03a9 kolmekordne v\u00f5rgusilma m\u00e4his:<\/strong> Suurep\u00e4rane auru ja maitse tootmine iga t\u00f5mbega.<\/li>\n<li><strong>650mAh laetav aku:<\/strong> Usaldusv\u00e4\u00e4rne toide koos C-t\u00fc\u00fcpi kiirlaadimisega mugavuse tagamiseks.<\/li>\n<li><strong>Nutikas LCD-ekraan:<\/strong> Reaalajas j\u00e4lgib puffide arvu, aku kasutusaega ja aktiivset maitset.<\/li>\n<li><strong>Stabiilne pinge 3,6 V juures:<\/strong> Tagab j\u00e4rjepideva aurutamise algusest l\u00f5puni.<\/li>\n<li><strong>Kompaktne ja kerge disain:<\/strong> Taskus\u00f5bralik ja h\u00f5lpsasti kaasas kantav, et seda oleks lihtne kasutada.<\/li>\n<li><strong>Nikotiini valikud:<\/strong> Saadaval 2% ja 5%, mis sobivad nii kergetele kui ka kogenud aurutajatele.<\/li>\n<\/ul>\n<h2>\ud83d\udd25 Miks valida VapSolo Triple 30K \u00fchekordselt kasutatav Vape?<\/h2>\n<p>VapSolo Triple 30000 on parim \u00fchekordselt kasutatav vape kasutajatele, kes n\u00f5uavad mitmekesisust, mugavust ja suurt j\u00f5udlust. T\u00e4nu kolmekordse maitsefunktsioonile, suurele e-vedeliku paagile ja laetavale akule on see seade loodud selleks, et rahuldada. Olenemata sellest, kas olete maitsejahtija v\u00f5i juhuslik vaper, VapSolo Triple pakub sujuvat, rikkalikku ja katkematut aurutamiselamust - pluss digitaalne ekraan, mis hoiab k\u00f5ike kontrolli all. Selle stiilne disain ja massiivne puffide arv teevad sellest usaldusv\u00e4\u00e4rse igap\u00e4evase kaaslase igale suitsetajaile.<\/p>\n<h2>\ud83c\udf53 Saadaolevad maitsekombinatsioonid<\/h2>\n<ul>\n<li>1. Arbuusij\u00e4\u00e4tis &amp; maasika-kiivi &amp; sidrunim\u00fcnt<\/li>\n<li>2. Blue Razz Ice &amp; Mango Peach &amp; Grape Ice<\/li>\n<li>3. Cola Ice &amp; Cherry Granaat\u00f5una &amp; Sour Apple<\/li>\n<li>4. Maasika-Banaan &amp; Vaarikas Arbuus &amp; Ananass-Kookos<\/li>\n<li>5. Troopiline punch &amp; maasika j\u00e4\u00e4tis &amp; roheline \u00f5un<\/li>\n<li>6. Mustikam\u00fcnt &amp; Love 66 &amp; Double Apple<\/li>\n<li>7. Kiivi-passionipuu Guava &amp; maasika-kirss &amp; lopsakas j\u00e4\u00e4<\/li>\n<li>8. Musts\u00f5straj\u00e4\u00e4 ja lit\u0161i arbuus ja segatud puuviljad<\/li>\n<li>9. Red Bull &amp; Strawberry Grape &amp; Blueberry Vaarikas<\/li>\n<li>10. Energiajook &amp; virsikuj\u00e4\u00e4tis &amp; Cool Mint<\/li>\n<\/ul>\n<p><img data-recalc-dims=\"1\" loading=\"lazy\" decoding=\"async\" class=\"alignnone size-full wp-image-46143\" src=\"https:\/\/i0.wp.com\/aiviouvapes.com\/wp-content\/uploads\/2025\/06\/VapSolo-30000-Puffs.jpg?resize=1000%2C1000&#038;ssl=1\" alt=\",\" width=\"1000\" height=\"1000\" title=\"\" srcset=\"https:\/\/i0.wp.com\/aiviouvapes.com\/wp-content\/uploads\/2025\/06\/VapSolo-30000-Puffs.jpg?w=1000&amp;ssl=1 1000w, https:\/\/i0.wp.com\/aiviouvapes.com\/wp-content\/uploads\/2025\/06\/VapSolo-30000-Puffs.jpg?resize=300%2C300&amp;ssl=1 300w, https:\/\/i0.wp.com\/aiviouvapes.com\/wp-content\/uploads\/2025\/06\/VapSolo-30000-Puffs.jpg?resize=150%2C150&amp;ssl=1 150w, https:\/\/i0.wp.com\/aiviouvapes.com\/wp-content\/uploads\/2025\/06\/VapSolo-30000-Puffs.jpg?resize=768%2C768&amp;ssl=1 768w, https:\/\/i0.wp.com\/aiviouvapes.com\/wp-content\/uploads\/2025\/06\/VapSolo-30000-Puffs.jpg?resize=12%2C12&amp;ssl=1 12w, https:\/\/i0.wp.com\/aiviouvapes.com\/wp-content\/uploads\/2025\/06\/VapSolo-30000-Puffs.jpg?resize=400%2C400&amp;ssl=1 400w, https:\/\/i0.wp.com\/aiviouvapes.com\/wp-content\/uploads\/2025\/06\/VapSolo-30000-Puffs.jpg?resize=800%2C800&amp;ssl=1 800w, https:\/\/i0.wp.com\/aiviouvapes.com\/wp-content\/uploads\/2025\/06\/VapSolo-30000-Puffs.jpg?resize=100%2C100&amp;ssl=1 100w\" sizes=\"auto, (max-width: 1000px) 100vw, 1000px\" \/> <img data-recalc-dims=\"1\" loading=\"lazy\" decoding=\"async\" class=\"alignnone size-full wp-image-46144\" src=\"https:\/\/i0.wp.com\/aiviouvapes.com\/wp-content\/uploads\/2025\/06\/VapSolo-30000-Puffs-2.jpg?resize=1000%2C1000&#038;ssl=1\" alt=\",\" width=\"1000\" height=\"1000\" title=\"\" srcset=\"https:\/\/i0.wp.com\/aiviouvapes.com\/wp-content\/uploads\/2025\/06\/VapSolo-30000-Puffs-2.jpg?w=1000&amp;ssl=1 1000w, https:\/\/i0.wp.com\/aiviouvapes.com\/wp-content\/uploads\/2025\/06\/VapSolo-30000-Puffs-2.jpg?resize=300%2C300&amp;ssl=1 300w, https:\/\/i0.wp.com\/aiviouvapes.com\/wp-content\/uploads\/2025\/06\/VapSolo-30000-Puffs-2.jpg?resize=150%2C150&amp;ssl=1 150w, https:\/\/i0.wp.com\/aiviouvapes.com\/wp-content\/uploads\/2025\/06\/VapSolo-30000-Puffs-2.jpg?resize=768%2C768&amp;ssl=1 768w, https:\/\/i0.wp.com\/aiviouvapes.com\/wp-content\/uploads\/2025\/06\/VapSolo-30000-Puffs-2.jpg?resize=12%2C12&amp;ssl=1 12w, https:\/\/i0.wp.com\/aiviouvapes.com\/wp-content\/uploads\/2025\/06\/VapSolo-30000-Puffs-2.jpg?resize=400%2C400&amp;ssl=1 400w, https:\/\/i0.wp.com\/aiviouvapes.com\/wp-content\/uploads\/2025\/06\/VapSolo-30000-Puffs-2.jpg?resize=800%2C800&amp;ssl=1 800w, https:\/\/i0.wp.com\/aiviouvapes.com\/wp-content\/uploads\/2025\/06\/VapSolo-30000-Puffs-2.jpg?resize=100%2C100&amp;ssl=1 100w\" sizes=\"auto, (max-width: 1000px) 100vw, 1000px\" \/> <img data-recalc-dims=\"1\" loading=\"lazy\" decoding=\"async\" class=\"alignnone size-full wp-image-46145\" src=\"https:\/\/i0.wp.com\/aiviouvapes.com\/wp-content\/uploads\/2025\/06\/VapSolo-30000-Puffs-3.jpg?resize=1000%2C1000&#038;ssl=1\" alt=\",\" width=\"1000\" height=\"1000\" title=\"\" srcset=\"https:\/\/i0.wp.com\/aiviouvapes.com\/wp-content\/uploads\/2025\/06\/VapSolo-30000-Puffs-3.jpg?w=1000&amp;ssl=1 1000w, https:\/\/i0.wp.com\/aiviouvapes.com\/wp-content\/uploads\/2025\/06\/VapSolo-30000-Puffs-3.jpg?resize=300%2C300&amp;ssl=1 300w, https:\/\/i0.wp.com\/aiviouvapes.com\/wp-content\/uploads\/2025\/06\/VapSolo-30000-Puffs-3.jpg?resize=150%2C150&amp;ssl=1 150w, https:\/\/i0.wp.com\/aiviouvapes.com\/wp-content\/uploads\/2025\/06\/VapSolo-30000-Puffs-3.jpg?resize=768%2C768&amp;ssl=1 768w, https:\/\/i0.wp.com\/aiviouvapes.com\/wp-content\/uploads\/2025\/06\/VapSolo-30000-Puffs-3.jpg?resize=12%2C12&amp;ssl=1 12w, https:\/\/i0.wp.com\/aiviouvapes.com\/wp-content\/uploads\/2025\/06\/VapSolo-30000-Puffs-3.jpg?resize=400%2C400&amp;ssl=1 400w, https:\/\/i0.wp.com\/aiviouvapes.com\/wp-content\/uploads\/2025\/06\/VapSolo-30000-Puffs-3.jpg?resize=800%2C800&amp;ssl=1 800w, https:\/\/i0.wp.com\/aiviouvapes.com\/wp-content\/uploads\/2025\/06\/VapSolo-30000-Puffs-3.jpg?resize=100%2C100&amp;ssl=1 100w\" sizes=\"auto, (max-width: 1000px) 100vw, 1000px\" \/><\/p>","protected":false},"excerpt":{"rendered":"<p>Kogemused kolmekordse maitse ja kuni 30 000 t\u00f5mbega VapSolo Triple 30K \u00fchekordselt kasutatava vape'iga - v\u00f5imas, maitsekas ja funktsioonirikas vape, mis on loodud pikaajaliseks rahuloluks.<\/p>\n<a href=\"https:\/\/aiviouvapes.com\/et\/why-waspe-100k-4-in-1-outshines-vapsolo-triple-30k\/\" target=\"_blank\" class=\"button secondary is-secondary is-medium hide-this-btn1\" rel=\"noopener\" >\n\t\t<span>\ud83d\udc51 Avasta, miks nutikad vapers valivad WASPE 100K \u00fcle VapSolo \u2705<\/span>\n\t<\/a>","protected":false},"featured_media":37178,"comment_status":"open","ping_status":"closed","template":"","meta":[],"product_brand":[228],"product_cat":[48,131],"product_tag":[],"class_list":{"0":"post-37177","1":"product","2":"type-product","3":"status-publish","4":"has-post-thumbnail","6":"product_brand-vapsolo","7":"product_cat-vapsolo","8":"product_cat-30000-puffs-disposable-vape","10":"first","11":"instock","12":"shipping-taxable","13":"purchasable","14":"product-type-variable","15":"has-default-attributes"},"jetpack_sharing_enabled":true,"tiered_pricing_type":"fixed","tiered_pricing_fixed_rules":{"2000":7.6500000000000003552713678800500929355621337890625},"tiered_pricing_product_settings":{"layout":"default","base_unit_name":{"singular":null,"plural":null},"default_variation":null},"tiered_pricing_minimum_quantity":1000,"tiered_pricing_roles_data":[],"tiered_pricing_percentage_rules":[],"tiered_pricing_maximum_quantity":null,"tiered_pricing_quantity_step":"10","_links":{"self":[{"href":"https:\/\/aiviouvapes.com\/et\/wp-json\/wp\/v2\/product\/37177","targetHints":{"allow":["GET"]}}],"collection":[{"href":"https:\/\/aiviouvapes.com\/et\/wp-json\/wp\/v2\/product"}],"about":[{"href":"https:\/\/aiviouvapes.com\/et\/wp-json\/wp\/v2\/types\/product"}],"replies":[{"embeddable":true,"href":"https:\/\/aiviouvapes.com\/et\/wp-json\/wp\/v2\/comments?post=37177"}],"wp:featuredmedia":[{"embeddable":true,"href":"https:\/\/aiviouvapes.com\/et\/wp-json\/wp\/v2\/media\/37178"}],"wp:attachment":[{"href":"https:\/\/aiviouvapes.com\/et\/wp-json\/wp\/v2\/media?parent=37177"}],"wp:term":[{"taxonomy":"product_brand","embeddable":true,"href":"https:\/\/aiviouvapes.com\/et\/wp-json\/wp\/v2\/product_brand?post=37177"},{"taxonomy":"product_cat","embeddable":true,"href":"https:\/\/aiviouvapes.com\/et\/wp-json\/wp\/v2\/product_cat?post=37177"},{"taxonomy":"product_tag","embeddable":true,"href":"https:\/\/aiviouvapes.com\/et\/wp-json\/wp\/v2\/product_tag?post=37177"}],"curies":[{"name":"wp","href":"https:\/\/api.w.org\/{rel}","templated":true}]}}