{"id":36829,"date":"2025-06-24T15:51:22","date_gmt":"2025-06-24T07:51:22","guid":{"rendered":"https:\/\/aiviouvapes.com\/?post_type=product&#038;p=36829"},"modified":"2026-03-17T23:57:03","modified_gmt":"2026-03-17T15:57:03","slug":"okso-shisha-max-40000-puffs","status":"publish","type":"product","link":"https:\/\/aiviouvapes.com\/et\/product\/okso-shisha-max-40000-puffs\/","title":{"rendered":"OKSO Shisha Max 40000 Puffs | 36mL v\u00f5rgusilma m\u00e4his, LED-ekraan, \u00f5huvoolu kontroll, lastelukk, lahtiselt \u00fchekordselt kasutatav vape hulgim\u00fc\u00fck"},"content":{"rendered":"<p><!-- SEO Meta Description --><\/p>\n<p><!-- Product Title --><\/p>\n<h2>OKSO Shisha Max 40K | 40,000 Puffs, Mesh Coil, LED ekraaniga \u00fchekordselt kasutatav Vape<\/h2>\n<p><!-- Key Features of OKSO Shisha Max 40K --><\/p>\n<h2>\ud83d\udd11 Peamised omadused<\/h2>\n<ul>\n<li><strong>Massiivne puhumisv\u00f5imsus:<\/strong> Nautige kuni 40 000 rahuldust pakkuvat puhumist \u00fche seadme kohta.<\/li>\n<li><strong>V\u00f5rgum\u00e4his (0,6\u03a9):<\/strong> Pakub rikkalikku, \u00fchtlast maitset ja \u00fchtlast auru.<\/li>\n<li><strong>Suur e-vedeliku maht:<\/strong> Eelt\u00e4idetud 36mL esmaklassilise vape-mahlaga.<\/li>\n<li><strong>Nikotiini valikud:<\/strong> Saadaval 0%, 2%, 3% v\u00f5i 5% - valige oma tugevus.<\/li>\n<li><strong>Laetav aku:<\/strong> 800mAh mahutavus koos kiire Type-C laadimisega.<\/li>\n<li><strong>LED-ekraan:<\/strong> Lihtsalt loetav ekraan n\u00e4itab aku ja puhumise infot.<\/li>\n<li><strong>Reguleeritav v\u00f5imsus ja \u00f5huvool:<\/strong> Kohandage oma tabamus t\u00e4iuslikuks.<\/li>\n<li><strong>Lapselukk:<\/strong> Sisseehitatud ohutusmehhanism tagab meelerahu.<\/li>\n<\/ul>\n<p><!-- Why Choose OKSO Shisha Max 40K --><\/p>\n<h2>\u2728 Miks valida OKSO Shisha Max 40K?<\/h2>\n<p>OKSO Shisha Max 40K ei ole lihtsalt j\u00e4rjekordne \u00fchekordselt kasutatav - see on k\u00f5rgekvaliteediline kogemus teie taskus. Reguleeritava v\u00f5imsuse, \u00f5huvoolu reguleerimise ja elava LED-ekraaniga saate iga t\u00f5mbetuuletamist kontrollida. Olenemata sellest, kas jahtite pilvi, maitset v\u00f5i nikotiinivabadust, on see vape loodud nii, et rahuldada iga t\u00fc\u00fcpi suitsetajaid p\u00e4evade kaupa.<\/p>\n<p><!-- Flavor List --><\/p>\n<h2>\ud83c\udf53 Saadaolevad maitsed<\/h2>\n<ul>\n<li>Kaks Apple<\/li>\n<li>Grape Mint<\/li>\n<li>Kirsi Fiesta<\/li>\n<li>Virsikuj\u00e4\u00e4tis<\/li>\n<li>Maagiline armastus<\/li>\n<li>Maasika punch<\/li>\n<li>Sinine Razz Ice<\/li>\n<li>Rikkalik j\u00e4\u00e4<\/li>\n<li>Maasika arbuus<\/li>\n<li>Berry Mint<\/li>\n<\/ul>\n<p><img data-recalc-dims=\"1\" loading=\"lazy\" decoding=\"async\" class=\"alignnone size-full wp-image-37044\" src=\"https:\/\/i0.wp.com\/aiviouvapes.com\/wp-content\/uploads\/2025\/06\/OKSO-Shisha-Max-40k-5.jpg?resize=1020%2C573&#038;ssl=1\" alt=\",\" width=\"1020\" height=\"573\" title=\"\" srcset=\"https:\/\/i0.wp.com\/aiviouvapes.com\/wp-content\/uploads\/2025\/06\/OKSO-Shisha-Max-40k-5.jpg?w=1920&amp;ssl=1 1920w, https:\/\/i0.wp.com\/aiviouvapes.com\/wp-content\/uploads\/2025\/06\/OKSO-Shisha-Max-40k-5.jpg?resize=300%2C169&amp;ssl=1 300w, https:\/\/i0.wp.com\/aiviouvapes.com\/wp-content\/uploads\/2025\/06\/OKSO-Shisha-Max-40k-5.jpg?resize=1024%2C575&amp;ssl=1 1024w, https:\/\/i0.wp.com\/aiviouvapes.com\/wp-content\/uploads\/2025\/06\/OKSO-Shisha-Max-40k-5.jpg?resize=768%2C432&amp;ssl=1 768w, https:\/\/i0.wp.com\/aiviouvapes.com\/wp-content\/uploads\/2025\/06\/OKSO-Shisha-Max-40k-5.jpg?resize=1536%2C863&amp;ssl=1 1536w, https:\/\/i0.wp.com\/aiviouvapes.com\/wp-content\/uploads\/2025\/06\/OKSO-Shisha-Max-40k-5.jpg?resize=18%2C10&amp;ssl=1 18w, https:\/\/i0.wp.com\/aiviouvapes.com\/wp-content\/uploads\/2025\/06\/OKSO-Shisha-Max-40k-5.jpg?resize=1320%2C742&amp;ssl=1 1320w, https:\/\/i0.wp.com\/aiviouvapes.com\/wp-content\/uploads\/2025\/06\/OKSO-Shisha-Max-40k-5.jpg?resize=800%2C450&amp;ssl=1 800w\" sizes=\"auto, (max-width: 1020px) 100vw, 1020px\" \/><\/p>","protected":false},"excerpt":{"rendered":"<p>OKSO Shisha Max 40K \u00fchekordselt kasutatav vape pakub kuni 40 000 t\u00f5mmet koos v\u00f5imsuse reguleerimise, \u00f5huvoolu reguleerimise ja 10 rikkaliku maitsega, mis on loodud pikaajaliseks, kohandatavaks ja maitsek\u00fcllaseks vape nautimiseks.<\/p>","protected":false},"featured_media":37001,"comment_status":"open","ping_status":"closed","template":"","meta":[],"product_brand":[244],"product_cat":[243,219],"product_tag":[],"class_list":{"0":"post-36829","1":"product","2":"type-product","3":"status-publish","4":"has-post-thumbnail","6":"product_brand-okso","7":"product_cat-okso","8":"product_cat-40000-puffs-disposable-vape","10":"first","11":"instock","12":"shipping-taxable","13":"purchasable","14":"product-type-variable","15":"has-default-attributes"},"jetpack_sharing_enabled":true,"tiered_pricing_type":"fixed","tiered_pricing_fixed_rules":{"30":8.660000000000000142108547152020037174224853515625,"50":6.839999999999999857891452847979962825775146484375,"100":6.20000000000000017763568394002504646778106689453125,"200":5.80999999999999960920149533194489777088165283203125,"400":5.3499999999999996447286321199499070644378662109375},"tiered_pricing_product_settings":{"layout":"default","base_unit_name":{"singular":null,"plural":null},"default_variation":null},"tiered_pricing_minimum_quantity":10,"tiered_pricing_roles_data":[],"tiered_pricing_percentage_rules":[],"tiered_pricing_maximum_quantity":null,"tiered_pricing_quantity_step":"10","_links":{"self":[{"href":"https:\/\/aiviouvapes.com\/et\/wp-json\/wp\/v2\/product\/36829","targetHints":{"allow":["GET"]}}],"collection":[{"href":"https:\/\/aiviouvapes.com\/et\/wp-json\/wp\/v2\/product"}],"about":[{"href":"https:\/\/aiviouvapes.com\/et\/wp-json\/wp\/v2\/types\/product"}],"replies":[{"embeddable":true,"href":"https:\/\/aiviouvapes.com\/et\/wp-json\/wp\/v2\/comments?post=36829"}],"wp:featuredmedia":[{"embeddable":true,"href":"https:\/\/aiviouvapes.com\/et\/wp-json\/wp\/v2\/media\/37001"}],"wp:attachment":[{"href":"https:\/\/aiviouvapes.com\/et\/wp-json\/wp\/v2\/media?parent=36829"}],"wp:term":[{"taxonomy":"product_brand","embeddable":true,"href":"https:\/\/aiviouvapes.com\/et\/wp-json\/wp\/v2\/product_brand?post=36829"},{"taxonomy":"product_cat","embeddable":true,"href":"https:\/\/aiviouvapes.com\/et\/wp-json\/wp\/v2\/product_cat?post=36829"},{"taxonomy":"product_tag","embeddable":true,"href":"https:\/\/aiviouvapes.com\/et\/wp-json\/wp\/v2\/product_tag?post=36829"}],"curies":[{"name":"wp","href":"https:\/\/api.w.org\/{rel}","templated":true}]}}