{"id":36827,"date":"2025-06-24T15:43:59","date_gmt":"2025-06-24T07:43:59","guid":{"rendered":"https:\/\/aiviouvapes.com\/?post_type=product&#038;p=36827"},"modified":"2026-03-17T23:57:15","modified_gmt":"2026-03-17T15:57:15","slug":"okso-crystal-bar-800","status":"publish","type":"product","link":"https:\/\/aiviouvapes.com\/et\/product\/okso-crystal-bar-800\/","title":{"rendered":"OKSO Crystal Bar 800 Puffs | v\u00f5rgusilma m\u00e4his, RGB LED, 0-5% nikotiini lahtiselt \u00fchekordselt kasutatav vape"},"content":{"rendered":"<h2>\ud83d\udd11 OKSO Crystal Bar 800 \u00fchekordselt kasutatava Vape'i peamised omadused<\/h2>\n<ul>\n<li><strong>800 Puffid:<\/strong> Ideaalne juhuslikele ja m\u00f5\u00f5dukatele kasutajatele, pakkudes suurt vastupidavust v\u00e4ikeses pakendis.<\/li>\n<li><strong>V\u00f5rgum\u00e4histe tehnoloogia:<\/strong> Tagab \u00fchtlase, rikkaliku maitse iga t\u00f5mbega.<\/li>\n<li><strong>2mL E-nafta mahutavus:<\/strong> Eelt\u00e4idetud mugavuse tagamiseks - ei vaja korduvt\u00e4itmist.<\/li>\n<li><strong>Mitu nikotiini valikut:<\/strong> Valige vastavalt oma eelistustele 0%, 2%, 3% v\u00f5i 5%.<\/li>\n<li><strong>400mAh aku:<\/strong> Kestab k\u00f5ik 800 puhumist stabiilse v\u00e4ljundiga.<\/li>\n<li><strong>RGB LED-valgustus:<\/strong> Lisab elavat visuaalset puudutust iga t\u00f5mbega.<\/li>\n<li><strong>\u00dclikerge disain:<\/strong> Kaalub ainult 36 g - kena, diskreetne ja h\u00f5lpsasti kaasas kantav.<\/li>\n<\/ul>\n<h2>\ud83c\udf1f Miks valida OKSO Crystal Bar 800?<\/h2>\n<p>OKSO Crystal Bar 800 on kompaktne, maitsekas ja eluj\u00f5uline \u00fchekordselt kasutatav vape, mis on valmistatud lihtsuse ja rahulolu saavutamiseks. Olenemata sellest, kas otsite intensiivset maitset v\u00f5i nikotiini paindlikkust, see seade on k\u00f5ike seda, mis on pakitud kristallselgesse, RGB-flairiga korpusesse. Ideaalne nii algajatele kui ka kogenud aurutajatele, kes hindavad kaasaskantavust ilma kvaliteeti ohverdamata.<\/p>\n<h2>\ud83c\udf53 Saadaolevad maitsed<\/h2>\n<ul>\n<li>M\u00fcndi<\/li>\n<li>Virsikuj\u00e4\u00e4tis<\/li>\n<li>Roosa sidrun<\/li>\n<li>Tiigri veri<\/li>\n<li>Viinamarja j\u00e4\u00e4<\/li>\n<li>Arbuusi j\u00e4\u00e4<\/li>\n<li>Sinine Razz Ice<\/li>\n<li>Virsik-mango arbuus<\/li>\n<li>Cherry Ice<\/li>\n<li>Maasika j\u00e4\u00e4<\/li>\n<\/ul>\n<p>&nbsp;<\/p>\n<p>&nbsp;<\/p>\n<p>&nbsp;<\/p>","protected":false},"excerpt":{"rendered":"<p>OKSO Crystal Bar 800 \u00fchekordselt kasutatav auruti pakub 800 sujuvat pauku, RGB LED-efekte ja 10 julget maitset kompaktses, stiilses disainis - ideaalne igap\u00e4evaseks aurutamisr\u00f5\u00f5muks.<\/p>","protected":false},"featured_media":36832,"comment_status":"open","ping_status":"closed","template":"","meta":[],"product_brand":[244],"product_cat":[243,118],"product_tag":[],"class_list":{"0":"post-36827","1":"product","2":"type-product","3":"status-publish","4":"has-post-thumbnail","6":"product_brand-okso","7":"product_cat-okso","8":"product_cat-800-puffs-disposable-vape","10":"first","11":"instock","12":"shipping-taxable","13":"purchasable","14":"product-type-variable","15":"has-default-attributes"},"jetpack_sharing_enabled":true,"tiered_pricing_type":"fixed","tiered_pricing_fixed_rules":{"30":5.19000000000000039079850466805510222911834716796875,"50":3.62999999999999989341858963598497211933135986328125,"100":3.04999999999999982236431605997495353221893310546875,"200":2.850000000000000088817841970012523233890533447265625,"400":2.45999999999999996447286321199499070644378662109375},"tiered_pricing_product_settings":{"layout":"default","base_unit_name":{"singular":null,"plural":null},"default_variation":null},"tiered_pricing_minimum_quantity":10,"tiered_pricing_roles_data":[],"tiered_pricing_percentage_rules":[],"tiered_pricing_maximum_quantity":null,"tiered_pricing_quantity_step":"10","_links":{"self":[{"href":"https:\/\/aiviouvapes.com\/et\/wp-json\/wp\/v2\/product\/36827","targetHints":{"allow":["GET"]}}],"collection":[{"href":"https:\/\/aiviouvapes.com\/et\/wp-json\/wp\/v2\/product"}],"about":[{"href":"https:\/\/aiviouvapes.com\/et\/wp-json\/wp\/v2\/types\/product"}],"replies":[{"embeddable":true,"href":"https:\/\/aiviouvapes.com\/et\/wp-json\/wp\/v2\/comments?post=36827"}],"wp:featuredmedia":[{"embeddable":true,"href":"https:\/\/aiviouvapes.com\/et\/wp-json\/wp\/v2\/media\/36832"}],"wp:attachment":[{"href":"https:\/\/aiviouvapes.com\/et\/wp-json\/wp\/v2\/media?parent=36827"}],"wp:term":[{"taxonomy":"product_brand","embeddable":true,"href":"https:\/\/aiviouvapes.com\/et\/wp-json\/wp\/v2\/product_brand?post=36827"},{"taxonomy":"product_cat","embeddable":true,"href":"https:\/\/aiviouvapes.com\/et\/wp-json\/wp\/v2\/product_cat?post=36827"},{"taxonomy":"product_tag","embeddable":true,"href":"https:\/\/aiviouvapes.com\/et\/wp-json\/wp\/v2\/product_tag?post=36827"}],"curies":[{"name":"wp","href":"https:\/\/api.w.org\/{rel}","templated":true}]}}