{"id":36826,"date":"2025-06-14T23:35:53","date_gmt":"2025-06-14T15:35:53","guid":{"rendered":"https:\/\/aiviouvapes.com\/?post_type=product&#038;p=36826"},"modified":"2026-03-17T23:57:39","modified_gmt":"2026-03-17T15:57:39","slug":"okso-shisha-hookah-50000","status":"publish","type":"product","link":"https:\/\/aiviouvapes.com\/et\/product\/okso-shisha-hookah-50000\/","title":{"rendered":"OKSO Shisha Hookah Mega 50000 Puffs | kolmekordne v\u00f5rgusilma m\u00e4his, 40mL, LED ekraan, reguleeritav \u00f5huvool, lahtiselt \u00fchekordselt kasutatav vape"},"content":{"rendered":"<h2>\ud83d\udd11 OKSO Shisha Hookah Mega 50K peamised omadused<\/h2>\n<ul>\n<li><strong>Massiivne puhumisv\u00f5imsus:<\/strong> Nautige kuni <strong>50,000 puffid<\/strong> pikemate seansside jaoks ilma katkestusteta.<\/li>\n<li><strong>Kolmekordne v\u00f5rgusilma spiraal:<\/strong> T\u00f5hustatud l\u00f5hna ja tiheda auruga sujuvaks ja j\u00e4rjepidevaks tabamuseks.<\/li>\n<li><strong>Hiiglaslik e-vedeliku mahutavus:<\/strong> T\u00e4idetud <strong>40ml<\/strong> kvaliteetse e-vedelikuga kauakestvaks nautimiseks.<\/li>\n<li><strong>Nikotiini valikud:<\/strong> Valige <strong>0%, 2%, 3% v\u00f5i 5%<\/strong> nikotiini vastavalt teie eelistustele.<\/li>\n<li><strong>Laetav aku:<\/strong> Toitub tugevast <strong>1100mAh<\/strong> aku koos <strong>C-t\u00fc\u00fcpi laadimine<\/strong>.<\/li>\n<li><strong>LED-ekraan:<\/strong> J\u00e4lgi aku ja e-vedeliku taset h\u00f5lpsasti nutika ekraani abil.<\/li>\n<li><strong>Reguleeritav \u00f5huvool:<\/strong> Kohandage oma t\u00f5mbetakistus isikup\u00e4rastatud vapi tunnetamiseks.<\/li>\n<li><strong>Premium Build:<\/strong> Kaalub vaid <strong>141g<\/strong> kompaktne <strong>43*43*135mm<\/strong> vormifaktor.<\/li>\n<\/ul>\n<h2>\ud83d\udca1 Miks valida OKSO Shisha Hookah Mega 50K?<\/h2>\n<p>M\u00f5eldud neile, kes ihkavad julget maitset, tohutut mahtu ja t\u00e4iustatud funktsioone \u00fches seadmes. \u00dcksk\u00f5ik, kas soovite nikotiinivaba kogemust v\u00f5i rahuldavat kurguhoogu, OKSO Mega 50K katab teid. Selle kolmekordne v\u00f5rgusilma m\u00e4his ja reguleeritav \u00f5huvool tagavad t\u00e4pse aurutamise, samas kui laetav s\u00fcsteem tagab j\u00e4tkusuutlikkuse. Sobib ideaalselt aurajatele, kes soovivad j\u00f5udlust ja mitmekesisust \u00fches stiilses pakendis.<\/p>\n<h2>\ud83c\udf53 Saadaolevad maitsed<\/h2>\n<ul>\n<li>Rikkalik j\u00e4\u00e4<\/li>\n<li>Kaks Apple<\/li>\n<li>Maasika arbuus N\u00e4rimiskumm<\/li>\n<li>Virsikuj\u00e4\u00e4tis<\/li>\n<li>Mustikas vaarikas kirss<\/li>\n<li>Armastus 66<\/li>\n<li>Mango Ice<\/li>\n<li>Maasika kiivi<\/li>\n<li>Lady Killa<\/li>\n<li>Viinamarja j\u00e4\u00e4<\/li>\n<\/ul>\n<p><img data-recalc-dims=\"1\" loading=\"lazy\" decoding=\"async\" class=\"alignnone size-full wp-image-37111\" src=\"https:\/\/i0.wp.com\/aiviouvapes.com\/wp-content\/uploads\/2025\/06\/OKSO-Magic-mirror-50k-image-1.jpg?resize=1020%2C765&#038;ssl=1\" alt=\",\" width=\"1020\" height=\"765\" title=\"\" srcset=\"https:\/\/i0.wp.com\/aiviouvapes.com\/wp-content\/uploads\/2025\/06\/OKSO-Magic-mirror-50k-image-1.jpg?w=1706&amp;ssl=1 1706w, https:\/\/i0.wp.com\/aiviouvapes.com\/wp-content\/uploads\/2025\/06\/OKSO-Magic-mirror-50k-image-1.jpg?resize=300%2C225&amp;ssl=1 300w, https:\/\/i0.wp.com\/aiviouvapes.com\/wp-content\/uploads\/2025\/06\/OKSO-Magic-mirror-50k-image-1.jpg?resize=1024%2C768&amp;ssl=1 1024w, https:\/\/i0.wp.com\/aiviouvapes.com\/wp-content\/uploads\/2025\/06\/OKSO-Magic-mirror-50k-image-1.jpg?resize=768%2C576&amp;ssl=1 768w, https:\/\/i0.wp.com\/aiviouvapes.com\/wp-content\/uploads\/2025\/06\/OKSO-Magic-mirror-50k-image-1.jpg?resize=1536%2C1152&amp;ssl=1 1536w, https:\/\/i0.wp.com\/aiviouvapes.com\/wp-content\/uploads\/2025\/06\/OKSO-Magic-mirror-50k-image-1.jpg?resize=16%2C12&amp;ssl=1 16w, https:\/\/i0.wp.com\/aiviouvapes.com\/wp-content\/uploads\/2025\/06\/OKSO-Magic-mirror-50k-image-1.jpg?resize=1320%2C990&amp;ssl=1 1320w, https:\/\/i0.wp.com\/aiviouvapes.com\/wp-content\/uploads\/2025\/06\/OKSO-Magic-mirror-50k-image-1.jpg?resize=800%2C600&amp;ssl=1 800w\" sizes=\"auto, (max-width: 1020px) 100vw, 1020px\" \/> <img data-recalc-dims=\"1\" loading=\"lazy\" decoding=\"async\" class=\"alignnone size-full wp-image-37124\" src=\"https:\/\/i0.wp.com\/aiviouvapes.com\/wp-content\/uploads\/2025\/06\/OKSO-Magic-mirror-50k-image-14.jpg?resize=1020%2C765&#038;ssl=1\" alt=\",\" width=\"1020\" height=\"765\" title=\"\" srcset=\"https:\/\/i0.wp.com\/aiviouvapes.com\/wp-content\/uploads\/2025\/06\/OKSO-Magic-mirror-50k-image-14.jpg?w=1920&amp;ssl=1 1920w, https:\/\/i0.wp.com\/aiviouvapes.com\/wp-content\/uploads\/2025\/06\/OKSO-Magic-mirror-50k-image-14.jpg?resize=300%2C225&amp;ssl=1 300w, https:\/\/i0.wp.com\/aiviouvapes.com\/wp-content\/uploads\/2025\/06\/OKSO-Magic-mirror-50k-image-14.jpg?resize=1024%2C768&amp;ssl=1 1024w, https:\/\/i0.wp.com\/aiviouvapes.com\/wp-content\/uploads\/2025\/06\/OKSO-Magic-mirror-50k-image-14.jpg?resize=768%2C576&amp;ssl=1 768w, https:\/\/i0.wp.com\/aiviouvapes.com\/wp-content\/uploads\/2025\/06\/OKSO-Magic-mirror-50k-image-14.jpg?resize=1536%2C1152&amp;ssl=1 1536w, https:\/\/i0.wp.com\/aiviouvapes.com\/wp-content\/uploads\/2025\/06\/OKSO-Magic-mirror-50k-image-14.jpg?resize=16%2C12&amp;ssl=1 16w, https:\/\/i0.wp.com\/aiviouvapes.com\/wp-content\/uploads\/2025\/06\/OKSO-Magic-mirror-50k-image-14.jpg?resize=1320%2C990&amp;ssl=1 1320w, https:\/\/i0.wp.com\/aiviouvapes.com\/wp-content\/uploads\/2025\/06\/OKSO-Magic-mirror-50k-image-14.jpg?resize=800%2C600&amp;ssl=1 800w\" sizes=\"auto, (max-width: 1020px) 100vw, 1020px\" \/> <img data-recalc-dims=\"1\" loading=\"lazy\" decoding=\"async\" class=\"alignnone size-full wp-image-37123\" src=\"https:\/\/i0.wp.com\/aiviouvapes.com\/wp-content\/uploads\/2025\/06\/OKSO-Magic-mirror-50k-image-13.jpg?resize=1020%2C765&#038;ssl=1\" alt=\",\" width=\"1020\" height=\"765\" title=\"\" srcset=\"https:\/\/i0.wp.com\/aiviouvapes.com\/wp-content\/uploads\/2025\/06\/OKSO-Magic-mirror-50k-image-13.jpg?w=1920&amp;ssl=1 1920w, https:\/\/i0.wp.com\/aiviouvapes.com\/wp-content\/uploads\/2025\/06\/OKSO-Magic-mirror-50k-image-13.jpg?resize=300%2C225&amp;ssl=1 300w, https:\/\/i0.wp.com\/aiviouvapes.com\/wp-content\/uploads\/2025\/06\/OKSO-Magic-mirror-50k-image-13.jpg?resize=1024%2C768&amp;ssl=1 1024w, https:\/\/i0.wp.com\/aiviouvapes.com\/wp-content\/uploads\/2025\/06\/OKSO-Magic-mirror-50k-image-13.jpg?resize=768%2C576&amp;ssl=1 768w, https:\/\/i0.wp.com\/aiviouvapes.com\/wp-content\/uploads\/2025\/06\/OKSO-Magic-mirror-50k-image-13.jpg?resize=1536%2C1152&amp;ssl=1 1536w, https:\/\/i0.wp.com\/aiviouvapes.com\/wp-content\/uploads\/2025\/06\/OKSO-Magic-mirror-50k-image-13.jpg?resize=16%2C12&amp;ssl=1 16w, https:\/\/i0.wp.com\/aiviouvapes.com\/wp-content\/uploads\/2025\/06\/OKSO-Magic-mirror-50k-image-13.jpg?resize=1320%2C990&amp;ssl=1 1320w, https:\/\/i0.wp.com\/aiviouvapes.com\/wp-content\/uploads\/2025\/06\/OKSO-Magic-mirror-50k-image-13.jpg?resize=800%2C600&amp;ssl=1 800w\" sizes=\"auto, (max-width: 1020px) 100vw, 1020px\" \/> <img data-recalc-dims=\"1\" loading=\"lazy\" decoding=\"async\" class=\"alignnone size-full wp-image-37122\" src=\"https:\/\/i0.wp.com\/aiviouvapes.com\/wp-content\/uploads\/2025\/06\/OKSO-Magic-mirror-50k-image-12.jpg?resize=1020%2C765&#038;ssl=1\" alt=\",\" width=\"1020\" height=\"765\" title=\"\" srcset=\"https:\/\/i0.wp.com\/aiviouvapes.com\/wp-content\/uploads\/2025\/06\/OKSO-Magic-mirror-50k-image-12.jpg?w=1920&amp;ssl=1 1920w, https:\/\/i0.wp.com\/aiviouvapes.com\/wp-content\/uploads\/2025\/06\/OKSO-Magic-mirror-50k-image-12.jpg?resize=300%2C225&amp;ssl=1 300w, https:\/\/i0.wp.com\/aiviouvapes.com\/wp-content\/uploads\/2025\/06\/OKSO-Magic-mirror-50k-image-12.jpg?resize=1024%2C768&amp;ssl=1 1024w, https:\/\/i0.wp.com\/aiviouvapes.com\/wp-content\/uploads\/2025\/06\/OKSO-Magic-mirror-50k-image-12.jpg?resize=768%2C576&amp;ssl=1 768w, https:\/\/i0.wp.com\/aiviouvapes.com\/wp-content\/uploads\/2025\/06\/OKSO-Magic-mirror-50k-image-12.jpg?resize=1536%2C1152&amp;ssl=1 1536w, https:\/\/i0.wp.com\/aiviouvapes.com\/wp-content\/uploads\/2025\/06\/OKSO-Magic-mirror-50k-image-12.jpg?resize=16%2C12&amp;ssl=1 16w, https:\/\/i0.wp.com\/aiviouvapes.com\/wp-content\/uploads\/2025\/06\/OKSO-Magic-mirror-50k-image-12.jpg?resize=1320%2C990&amp;ssl=1 1320w, https:\/\/i0.wp.com\/aiviouvapes.com\/wp-content\/uploads\/2025\/06\/OKSO-Magic-mirror-50k-image-12.jpg?resize=800%2C600&amp;ssl=1 800w\" sizes=\"auto, (max-width: 1020px) 100vw, 1020px\" \/> <img data-recalc-dims=\"1\" loading=\"lazy\" decoding=\"async\" class=\"alignnone size-full wp-image-37121\" src=\"https:\/\/i0.wp.com\/aiviouvapes.com\/wp-content\/uploads\/2025\/06\/OKSO-Magic-mirror-50k-image-11.jpg?resize=1020%2C765&#038;ssl=1\" alt=\",\" width=\"1020\" height=\"765\" title=\"\" srcset=\"https:\/\/i0.wp.com\/aiviouvapes.com\/wp-content\/uploads\/2025\/06\/OKSO-Magic-mirror-50k-image-11.jpg?w=1706&amp;ssl=1 1706w, https:\/\/i0.wp.com\/aiviouvapes.com\/wp-content\/uploads\/2025\/06\/OKSO-Magic-mirror-50k-image-11.jpg?resize=300%2C225&amp;ssl=1 300w, https:\/\/i0.wp.com\/aiviouvapes.com\/wp-content\/uploads\/2025\/06\/OKSO-Magic-mirror-50k-image-11.jpg?resize=1024%2C768&amp;ssl=1 1024w, https:\/\/i0.wp.com\/aiviouvapes.com\/wp-content\/uploads\/2025\/06\/OKSO-Magic-mirror-50k-image-11.jpg?resize=768%2C576&amp;ssl=1 768w, https:\/\/i0.wp.com\/aiviouvapes.com\/wp-content\/uploads\/2025\/06\/OKSO-Magic-mirror-50k-image-11.jpg?resize=1536%2C1152&amp;ssl=1 1536w, https:\/\/i0.wp.com\/aiviouvapes.com\/wp-content\/uploads\/2025\/06\/OKSO-Magic-mirror-50k-image-11.jpg?resize=16%2C12&amp;ssl=1 16w, https:\/\/i0.wp.com\/aiviouvapes.com\/wp-content\/uploads\/2025\/06\/OKSO-Magic-mirror-50k-image-11.jpg?resize=1320%2C990&amp;ssl=1 1320w, https:\/\/i0.wp.com\/aiviouvapes.com\/wp-content\/uploads\/2025\/06\/OKSO-Magic-mirror-50k-image-11.jpg?resize=800%2C600&amp;ssl=1 800w\" sizes=\"auto, (max-width: 1020px) 100vw, 1020px\" \/> <img data-recalc-dims=\"1\" loading=\"lazy\" decoding=\"async\" class=\"alignnone size-full wp-image-37120\" src=\"https:\/\/i0.wp.com\/aiviouvapes.com\/wp-content\/uploads\/2025\/06\/OKSO-Magic-mirror-50k-image-10.jpg?resize=1020%2C765&#038;ssl=1\" alt=\",\" width=\"1020\" height=\"765\" title=\"\" srcset=\"https:\/\/i0.wp.com\/aiviouvapes.com\/wp-content\/uploads\/2025\/06\/OKSO-Magic-mirror-50k-image-10.jpg?w=1706&amp;ssl=1 1706w, https:\/\/i0.wp.com\/aiviouvapes.com\/wp-content\/uploads\/2025\/06\/OKSO-Magic-mirror-50k-image-10.jpg?resize=300%2C225&amp;ssl=1 300w, https:\/\/i0.wp.com\/aiviouvapes.com\/wp-content\/uploads\/2025\/06\/OKSO-Magic-mirror-50k-image-10.jpg?resize=1024%2C768&amp;ssl=1 1024w, https:\/\/i0.wp.com\/aiviouvapes.com\/wp-content\/uploads\/2025\/06\/OKSO-Magic-mirror-50k-image-10.jpg?resize=768%2C576&amp;ssl=1 768w, https:\/\/i0.wp.com\/aiviouvapes.com\/wp-content\/uploads\/2025\/06\/OKSO-Magic-mirror-50k-image-10.jpg?resize=1536%2C1152&amp;ssl=1 1536w, https:\/\/i0.wp.com\/aiviouvapes.com\/wp-content\/uploads\/2025\/06\/OKSO-Magic-mirror-50k-image-10.jpg?resize=16%2C12&amp;ssl=1 16w, https:\/\/i0.wp.com\/aiviouvapes.com\/wp-content\/uploads\/2025\/06\/OKSO-Magic-mirror-50k-image-10.jpg?resize=1320%2C990&amp;ssl=1 1320w, https:\/\/i0.wp.com\/aiviouvapes.com\/wp-content\/uploads\/2025\/06\/OKSO-Magic-mirror-50k-image-10.jpg?resize=800%2C600&amp;ssl=1 800w\" sizes=\"auto, (max-width: 1020px) 100vw, 1020px\" \/> <img data-recalc-dims=\"1\" loading=\"lazy\" decoding=\"async\" class=\"alignnone size-full wp-image-37119\" src=\"https:\/\/i0.wp.com\/aiviouvapes.com\/wp-content\/uploads\/2025\/06\/OKSO-Magic-mirror-50k-image-9.jpg?resize=1020%2C765&#038;ssl=1\" alt=\",\" width=\"1020\" height=\"765\" title=\"\" srcset=\"https:\/\/i0.wp.com\/aiviouvapes.com\/wp-content\/uploads\/2025\/06\/OKSO-Magic-mirror-50k-image-9.jpg?w=1706&amp;ssl=1 1706w, https:\/\/i0.wp.com\/aiviouvapes.com\/wp-content\/uploads\/2025\/06\/OKSO-Magic-mirror-50k-image-9.jpg?resize=300%2C225&amp;ssl=1 300w, https:\/\/i0.wp.com\/aiviouvapes.com\/wp-content\/uploads\/2025\/06\/OKSO-Magic-mirror-50k-image-9.jpg?resize=1024%2C768&amp;ssl=1 1024w, https:\/\/i0.wp.com\/aiviouvapes.com\/wp-content\/uploads\/2025\/06\/OKSO-Magic-mirror-50k-image-9.jpg?resize=768%2C576&amp;ssl=1 768w, https:\/\/i0.wp.com\/aiviouvapes.com\/wp-content\/uploads\/2025\/06\/OKSO-Magic-mirror-50k-image-9.jpg?resize=1536%2C1152&amp;ssl=1 1536w, https:\/\/i0.wp.com\/aiviouvapes.com\/wp-content\/uploads\/2025\/06\/OKSO-Magic-mirror-50k-image-9.jpg?resize=16%2C12&amp;ssl=1 16w, https:\/\/i0.wp.com\/aiviouvapes.com\/wp-content\/uploads\/2025\/06\/OKSO-Magic-mirror-50k-image-9.jpg?resize=1320%2C990&amp;ssl=1 1320w, https:\/\/i0.wp.com\/aiviouvapes.com\/wp-content\/uploads\/2025\/06\/OKSO-Magic-mirror-50k-image-9.jpg?resize=800%2C600&amp;ssl=1 800w\" sizes=\"auto, (max-width: 1020px) 100vw, 1020px\" \/> <img data-recalc-dims=\"1\" loading=\"lazy\" decoding=\"async\" class=\"alignnone size-full wp-image-37118\" src=\"https:\/\/i0.wp.com\/aiviouvapes.com\/wp-content\/uploads\/2025\/06\/OKSO-Magic-mirror-50k-image-8.jpg?resize=1020%2C765&#038;ssl=1\" alt=\",\" width=\"1020\" height=\"765\" title=\"\" srcset=\"https:\/\/i0.wp.com\/aiviouvapes.com\/wp-content\/uploads\/2025\/06\/OKSO-Magic-mirror-50k-image-8.jpg?w=1706&amp;ssl=1 1706w, https:\/\/i0.wp.com\/aiviouvapes.com\/wp-content\/uploads\/2025\/06\/OKSO-Magic-mirror-50k-image-8.jpg?resize=300%2C225&amp;ssl=1 300w, https:\/\/i0.wp.com\/aiviouvapes.com\/wp-content\/uploads\/2025\/06\/OKSO-Magic-mirror-50k-image-8.jpg?resize=1024%2C768&amp;ssl=1 1024w, https:\/\/i0.wp.com\/aiviouvapes.com\/wp-content\/uploads\/2025\/06\/OKSO-Magic-mirror-50k-image-8.jpg?resize=768%2C576&amp;ssl=1 768w, https:\/\/i0.wp.com\/aiviouvapes.com\/wp-content\/uploads\/2025\/06\/OKSO-Magic-mirror-50k-image-8.jpg?resize=1536%2C1152&amp;ssl=1 1536w, https:\/\/i0.wp.com\/aiviouvapes.com\/wp-content\/uploads\/2025\/06\/OKSO-Magic-mirror-50k-image-8.jpg?resize=16%2C12&amp;ssl=1 16w, https:\/\/i0.wp.com\/aiviouvapes.com\/wp-content\/uploads\/2025\/06\/OKSO-Magic-mirror-50k-image-8.jpg?resize=1320%2C990&amp;ssl=1 1320w, https:\/\/i0.wp.com\/aiviouvapes.com\/wp-content\/uploads\/2025\/06\/OKSO-Magic-mirror-50k-image-8.jpg?resize=800%2C600&amp;ssl=1 800w\" sizes=\"auto, (max-width: 1020px) 100vw, 1020px\" \/> <img data-recalc-dims=\"1\" loading=\"lazy\" decoding=\"async\" class=\"alignnone size-full wp-image-37117\" src=\"https:\/\/i0.wp.com\/aiviouvapes.com\/wp-content\/uploads\/2025\/06\/OKSO-Magic-mirror-50k-image-7.jpg?resize=1020%2C765&#038;ssl=1\" alt=\",\" width=\"1020\" height=\"765\" title=\"\" srcset=\"https:\/\/i0.wp.com\/aiviouvapes.com\/wp-content\/uploads\/2025\/06\/OKSO-Magic-mirror-50k-image-7.jpg?w=1706&amp;ssl=1 1706w, https:\/\/i0.wp.com\/aiviouvapes.com\/wp-content\/uploads\/2025\/06\/OKSO-Magic-mirror-50k-image-7.jpg?resize=300%2C225&amp;ssl=1 300w, https:\/\/i0.wp.com\/aiviouvapes.com\/wp-content\/uploads\/2025\/06\/OKSO-Magic-mirror-50k-image-7.jpg?resize=1024%2C768&amp;ssl=1 1024w, https:\/\/i0.wp.com\/aiviouvapes.com\/wp-content\/uploads\/2025\/06\/OKSO-Magic-mirror-50k-image-7.jpg?resize=768%2C576&amp;ssl=1 768w, https:\/\/i0.wp.com\/aiviouvapes.com\/wp-content\/uploads\/2025\/06\/OKSO-Magic-mirror-50k-image-7.jpg?resize=1536%2C1152&amp;ssl=1 1536w, https:\/\/i0.wp.com\/aiviouvapes.com\/wp-content\/uploads\/2025\/06\/OKSO-Magic-mirror-50k-image-7.jpg?resize=16%2C12&amp;ssl=1 16w, https:\/\/i0.wp.com\/aiviouvapes.com\/wp-content\/uploads\/2025\/06\/OKSO-Magic-mirror-50k-image-7.jpg?resize=1320%2C990&amp;ssl=1 1320w, https:\/\/i0.wp.com\/aiviouvapes.com\/wp-content\/uploads\/2025\/06\/OKSO-Magic-mirror-50k-image-7.jpg?resize=800%2C600&amp;ssl=1 800w\" sizes=\"auto, (max-width: 1020px) 100vw, 1020px\" \/> <img data-recalc-dims=\"1\" loading=\"lazy\" decoding=\"async\" class=\"alignnone size-full wp-image-37116\" src=\"https:\/\/i0.wp.com\/aiviouvapes.com\/wp-content\/uploads\/2025\/06\/OKSO-Magic-mirror-50k-image-6.jpg?resize=1020%2C645&#038;ssl=1\" alt=\",\" width=\"1020\" height=\"645\" title=\"\" srcset=\"https:\/\/i0.wp.com\/aiviouvapes.com\/wp-content\/uploads\/2025\/06\/OKSO-Magic-mirror-50k-image-6.jpg?w=1920&amp;ssl=1 1920w, https:\/\/i0.wp.com\/aiviouvapes.com\/wp-content\/uploads\/2025\/06\/OKSO-Magic-mirror-50k-image-6.jpg?resize=300%2C190&amp;ssl=1 300w, https:\/\/i0.wp.com\/aiviouvapes.com\/wp-content\/uploads\/2025\/06\/OKSO-Magic-mirror-50k-image-6.jpg?resize=1024%2C648&amp;ssl=1 1024w, https:\/\/i0.wp.com\/aiviouvapes.com\/wp-content\/uploads\/2025\/06\/OKSO-Magic-mirror-50k-image-6.jpg?resize=768%2C486&amp;ssl=1 768w, https:\/\/i0.wp.com\/aiviouvapes.com\/wp-content\/uploads\/2025\/06\/OKSO-Magic-mirror-50k-image-6.jpg?resize=1536%2C972&amp;ssl=1 1536w, https:\/\/i0.wp.com\/aiviouvapes.com\/wp-content\/uploads\/2025\/06\/OKSO-Magic-mirror-50k-image-6.jpg?resize=18%2C12&amp;ssl=1 18w, https:\/\/i0.wp.com\/aiviouvapes.com\/wp-content\/uploads\/2025\/06\/OKSO-Magic-mirror-50k-image-6.jpg?resize=1320%2C835&amp;ssl=1 1320w, https:\/\/i0.wp.com\/aiviouvapes.com\/wp-content\/uploads\/2025\/06\/OKSO-Magic-mirror-50k-image-6.jpg?resize=800%2C506&amp;ssl=1 800w\" sizes=\"auto, (max-width: 1020px) 100vw, 1020px\" \/> <img data-recalc-dims=\"1\" loading=\"lazy\" decoding=\"async\" class=\"alignnone size-full wp-image-37115\" src=\"https:\/\/i0.wp.com\/aiviouvapes.com\/wp-content\/uploads\/2025\/06\/OKSO-Magic-mirror-50k-image-5.jpg?resize=1020%2C765&#038;ssl=1\" alt=\",\" width=\"1020\" height=\"765\" title=\"\" srcset=\"https:\/\/i0.wp.com\/aiviouvapes.com\/wp-content\/uploads\/2025\/06\/OKSO-Magic-mirror-50k-image-5.jpg?w=1706&amp;ssl=1 1706w, https:\/\/i0.wp.com\/aiviouvapes.com\/wp-content\/uploads\/2025\/06\/OKSO-Magic-mirror-50k-image-5.jpg?resize=300%2C225&amp;ssl=1 300w, https:\/\/i0.wp.com\/aiviouvapes.com\/wp-content\/uploads\/2025\/06\/OKSO-Magic-mirror-50k-image-5.jpg?resize=1024%2C768&amp;ssl=1 1024w, https:\/\/i0.wp.com\/aiviouvapes.com\/wp-content\/uploads\/2025\/06\/OKSO-Magic-mirror-50k-image-5.jpg?resize=768%2C576&amp;ssl=1 768w, https:\/\/i0.wp.com\/aiviouvapes.com\/wp-content\/uploads\/2025\/06\/OKSO-Magic-mirror-50k-image-5.jpg?resize=1536%2C1152&amp;ssl=1 1536w, https:\/\/i0.wp.com\/aiviouvapes.com\/wp-content\/uploads\/2025\/06\/OKSO-Magic-mirror-50k-image-5.jpg?resize=16%2C12&amp;ssl=1 16w, https:\/\/i0.wp.com\/aiviouvapes.com\/wp-content\/uploads\/2025\/06\/OKSO-Magic-mirror-50k-image-5.jpg?resize=1320%2C990&amp;ssl=1 1320w, https:\/\/i0.wp.com\/aiviouvapes.com\/wp-content\/uploads\/2025\/06\/OKSO-Magic-mirror-50k-image-5.jpg?resize=800%2C600&amp;ssl=1 800w\" sizes=\"auto, (max-width: 1020px) 100vw, 1020px\" \/> <img data-recalc-dims=\"1\" loading=\"lazy\" decoding=\"async\" class=\"alignnone size-full wp-image-37114\" src=\"https:\/\/i0.wp.com\/aiviouvapes.com\/wp-content\/uploads\/2025\/06\/OKSO-Magic-mirror-50k-image-4.jpg?resize=1020%2C765&#038;ssl=1\" alt=\",\" width=\"1020\" height=\"765\" title=\"\" srcset=\"https:\/\/i0.wp.com\/aiviouvapes.com\/wp-content\/uploads\/2025\/06\/OKSO-Magic-mirror-50k-image-4.jpg?w=1706&amp;ssl=1 1706w, https:\/\/i0.wp.com\/aiviouvapes.com\/wp-content\/uploads\/2025\/06\/OKSO-Magic-mirror-50k-image-4.jpg?resize=300%2C225&amp;ssl=1 300w, https:\/\/i0.wp.com\/aiviouvapes.com\/wp-content\/uploads\/2025\/06\/OKSO-Magic-mirror-50k-image-4.jpg?resize=1024%2C768&amp;ssl=1 1024w, https:\/\/i0.wp.com\/aiviouvapes.com\/wp-content\/uploads\/2025\/06\/OKSO-Magic-mirror-50k-image-4.jpg?resize=768%2C576&amp;ssl=1 768w, https:\/\/i0.wp.com\/aiviouvapes.com\/wp-content\/uploads\/2025\/06\/OKSO-Magic-mirror-50k-image-4.jpg?resize=1536%2C1152&amp;ssl=1 1536w, https:\/\/i0.wp.com\/aiviouvapes.com\/wp-content\/uploads\/2025\/06\/OKSO-Magic-mirror-50k-image-4.jpg?resize=16%2C12&amp;ssl=1 16w, https:\/\/i0.wp.com\/aiviouvapes.com\/wp-content\/uploads\/2025\/06\/OKSO-Magic-mirror-50k-image-4.jpg?resize=1320%2C990&amp;ssl=1 1320w, https:\/\/i0.wp.com\/aiviouvapes.com\/wp-content\/uploads\/2025\/06\/OKSO-Magic-mirror-50k-image-4.jpg?resize=800%2C600&amp;ssl=1 800w\" sizes=\"auto, (max-width: 1020px) 100vw, 1020px\" \/> <img data-recalc-dims=\"1\" loading=\"lazy\" decoding=\"async\" class=\"alignnone size-full wp-image-37113\" src=\"https:\/\/i0.wp.com\/aiviouvapes.com\/wp-content\/uploads\/2025\/06\/OKSO-Magic-mirror-50k-image-3.jpg?resize=1020%2C765&#038;ssl=1\" alt=\",\" width=\"1020\" height=\"765\" title=\"\" srcset=\"https:\/\/i0.wp.com\/aiviouvapes.com\/wp-content\/uploads\/2025\/06\/OKSO-Magic-mirror-50k-image-3.jpg?w=1706&amp;ssl=1 1706w, https:\/\/i0.wp.com\/aiviouvapes.com\/wp-content\/uploads\/2025\/06\/OKSO-Magic-mirror-50k-image-3.jpg?resize=300%2C225&amp;ssl=1 300w, https:\/\/i0.wp.com\/aiviouvapes.com\/wp-content\/uploads\/2025\/06\/OKSO-Magic-mirror-50k-image-3.jpg?resize=1024%2C768&amp;ssl=1 1024w, https:\/\/i0.wp.com\/aiviouvapes.com\/wp-content\/uploads\/2025\/06\/OKSO-Magic-mirror-50k-image-3.jpg?resize=768%2C576&amp;ssl=1 768w, https:\/\/i0.wp.com\/aiviouvapes.com\/wp-content\/uploads\/2025\/06\/OKSO-Magic-mirror-50k-image-3.jpg?resize=1536%2C1152&amp;ssl=1 1536w, https:\/\/i0.wp.com\/aiviouvapes.com\/wp-content\/uploads\/2025\/06\/OKSO-Magic-mirror-50k-image-3.jpg?resize=16%2C12&amp;ssl=1 16w, https:\/\/i0.wp.com\/aiviouvapes.com\/wp-content\/uploads\/2025\/06\/OKSO-Magic-mirror-50k-image-3.jpg?resize=1320%2C990&amp;ssl=1 1320w, https:\/\/i0.wp.com\/aiviouvapes.com\/wp-content\/uploads\/2025\/06\/OKSO-Magic-mirror-50k-image-3.jpg?resize=800%2C600&amp;ssl=1 800w\" sizes=\"auto, (max-width: 1020px) 100vw, 1020px\" \/> <img data-recalc-dims=\"1\" loading=\"lazy\" decoding=\"async\" class=\"alignnone size-full wp-image-37112\" src=\"https:\/\/i0.wp.com\/aiviouvapes.com\/wp-content\/uploads\/2025\/06\/OKSO-Magic-mirror-50k-image-2.jpg?resize=1020%2C765&#038;ssl=1\" alt=\",\" width=\"1020\" height=\"765\" title=\"\" srcset=\"https:\/\/i0.wp.com\/aiviouvapes.com\/wp-content\/uploads\/2025\/06\/OKSO-Magic-mirror-50k-image-2.jpg?w=1706&amp;ssl=1 1706w, https:\/\/i0.wp.com\/aiviouvapes.com\/wp-content\/uploads\/2025\/06\/OKSO-Magic-mirror-50k-image-2.jpg?resize=300%2C225&amp;ssl=1 300w, https:\/\/i0.wp.com\/aiviouvapes.com\/wp-content\/uploads\/2025\/06\/OKSO-Magic-mirror-50k-image-2.jpg?resize=1024%2C768&amp;ssl=1 1024w, https:\/\/i0.wp.com\/aiviouvapes.com\/wp-content\/uploads\/2025\/06\/OKSO-Magic-mirror-50k-image-2.jpg?resize=768%2C576&amp;ssl=1 768w, https:\/\/i0.wp.com\/aiviouvapes.com\/wp-content\/uploads\/2025\/06\/OKSO-Magic-mirror-50k-image-2.jpg?resize=1536%2C1152&amp;ssl=1 1536w, https:\/\/i0.wp.com\/aiviouvapes.com\/wp-content\/uploads\/2025\/06\/OKSO-Magic-mirror-50k-image-2.jpg?resize=16%2C12&amp;ssl=1 16w, https:\/\/i0.wp.com\/aiviouvapes.com\/wp-content\/uploads\/2025\/06\/OKSO-Magic-mirror-50k-image-2.jpg?resize=1320%2C990&amp;ssl=1 1320w, https:\/\/i0.wp.com\/aiviouvapes.com\/wp-content\/uploads\/2025\/06\/OKSO-Magic-mirror-50k-image-2.jpg?resize=800%2C600&amp;ssl=1 800w\" sizes=\"auto, (max-width: 1020px) 100vw, 1020px\" \/><\/p>","protected":false},"excerpt":{"rendered":"<p>OKSO Magic Mirror 50K pakub kuni 50 000 puffi koos uimastavate RGB-tuledega, stiilse peegelpinnaga, kahekordsete v\u00f5rkp\u00f6\u00f6retega ja 10 esmaklassilise maitsega - ideaalne maitse ja j\u00f5udluse armastajatele.<\/p>","protected":false},"featured_media":37066,"comment_status":"open","ping_status":"closed","template":"","meta":[],"product_brand":[244],"product_cat":[243,219],"product_tag":[],"class_list":{"0":"post-36826","1":"product","2":"type-product","3":"status-publish","4":"has-post-thumbnail","6":"product_brand-okso","7":"product_cat-okso","8":"product_cat-40000-puffs-disposable-vape","10":"first","11":"instock","12":"shipping-taxable","13":"purchasable","14":"product-type-variable","15":"has-default-attributes"},"jetpack_sharing_enabled":true,"tiered_pricing_type":"fixed","tiered_pricing_fixed_rules":{"30":9.5,"50":8.9000000000000003552713678800500929355621337890625,"100":7.9000000000000003552713678800500929355621337890625,"200":7.20000000000000017763568394002504646778106689453125},"tiered_pricing_product_settings":{"layout":"default","base_unit_name":{"singular":null,"plural":null},"default_variation":null},"tiered_pricing_minimum_quantity":10,"tiered_pricing_roles_data":[],"tiered_pricing_percentage_rules":[],"tiered_pricing_maximum_quantity":null,"tiered_pricing_quantity_step":"10","_links":{"self":[{"href":"https:\/\/aiviouvapes.com\/et\/wp-json\/wp\/v2\/product\/36826","targetHints":{"allow":["GET"]}}],"collection":[{"href":"https:\/\/aiviouvapes.com\/et\/wp-json\/wp\/v2\/product"}],"about":[{"href":"https:\/\/aiviouvapes.com\/et\/wp-json\/wp\/v2\/types\/product"}],"replies":[{"embeddable":true,"href":"https:\/\/aiviouvapes.com\/et\/wp-json\/wp\/v2\/comments?post=36826"}],"wp:featuredmedia":[{"embeddable":true,"href":"https:\/\/aiviouvapes.com\/et\/wp-json\/wp\/v2\/media\/37066"}],"wp:attachment":[{"href":"https:\/\/aiviouvapes.com\/et\/wp-json\/wp\/v2\/media?parent=36826"}],"wp:term":[{"taxonomy":"product_brand","embeddable":true,"href":"https:\/\/aiviouvapes.com\/et\/wp-json\/wp\/v2\/product_brand?post=36826"},{"taxonomy":"product_cat","embeddable":true,"href":"https:\/\/aiviouvapes.com\/et\/wp-json\/wp\/v2\/product_cat?post=36826"},{"taxonomy":"product_tag","embeddable":true,"href":"https:\/\/aiviouvapes.com\/et\/wp-json\/wp\/v2\/product_tag?post=36826"}],"curies":[{"name":"wp","href":"https:\/\/api.w.org\/{rel}","templated":true}]}}