{"id":35443,"date":"2025-06-02T23:12:50","date_gmt":"2025-06-02T15:12:50","guid":{"rendered":"https:\/\/aiviouvapes.com\/?post_type=product&#038;p=35443"},"modified":"2026-03-17T10:38:52","modified_gmt":"2026-03-17T02:38:52","slug":"bang-blaze-60000-60k","status":"publish","type":"product","link":"https:\/\/aiviouvapes.com\/et\/product\/bang-blaze-60000-60k\/","title":{"rendered":"Bang Blaze 4-in-1 60000 Puffs | maitse kauakestev 60k puff lahtiselt \u00fchekordselt kasutatav vape"},"content":{"rendered":"<p><!-- SEO Meta Description --><\/p>\n<p><!-- Product Description --><\/p>\n<h2>\ud83d\udd25 Bang Blaze 60K \u00fchekordselt kasutatav Vape - 60,000 puff, 4 maitset \u00fches, nutikas ekraan<\/h2>\n<p>Otsid v\u00f5rratut maitse paindlikkust ja vapi pikaealisust? The <strong>Bang Blaze 60K \u00fchekordselt kasutatav Vape<\/strong> on teie seade, millel on kuni 60 000 puffi, 60 ml e-vedelikupaak ja ainulaadne 4 maitse l\u00fclituss\u00fcsteem. Olenemata sellest, kas olete pilvejahtija v\u00f5i maitse uurija, see seade muudab aurutamise vaevata ja p\u00f5nevaks.<\/p>\n<h3>\ud83d\udd11 Bang Blaze 60K peamised omadused<\/h3>\n<ul>\n<li><strong>Massiivsed 60 000 puffid:<\/strong> Vapib kauem, tugevamalt ja nutikamalt, ilma et oleks vaja sageli vahetada.<\/li>\n<li><strong>4-in-1 maitse l\u00fcliti:<\/strong> Vahetage igas seadmes koheselt nelja h\u00e4mmastava eellaaditud maitse vahel.<\/li>\n<li><strong>60ml eelt\u00e4idetud e-vedelik:<\/strong> Hiiglaslik paak t\u00e4hendab pikaajalist kasutamist ja null t\u00e4itmist.<\/li>\n<li><strong>Nutikas digitaalne ekraan:<\/strong> Reaalajas aku ja e-vedeliku taseme j\u00e4lgimine t\u00e4ieliku kontrolli tagamiseks.<\/li>\n<li><strong>C-t\u00fc\u00fcpi laetav:<\/strong> 650 mAh aku kiirlaadimisega, nii et teil pole kunagi energiat otsas.<\/li>\n<li><strong>1.0\u03a9 v\u00f5rgusilma m\u00e4his:<\/strong> Tekitab rikkalikku, sujuvat auru koos julge, puhta maitsega igas t\u00f5mbes.<\/li>\n<li><strong>Nikotiini valikud:<\/strong> Saadaval 0%, 2%, 3% ja 5%, mis sobivad teie elustiili ja eelistustega.<\/li>\n<\/ul>\n<h3>\ud83d\udca1 Miks valida Bang Blaze 60K?<\/h3>\n<ul>\n<li><strong>K\u00f5ik-\u00fches-mugavus:<\/strong> Neli maitset \u00fches - t\u00e4iuslik, et vahetada joogikapsleid ilma kapsleid vahetamata.<\/li>\n<li><strong>Pikaajaline suitsetamine:<\/strong> Nautige kuni 60 000 t\u00f5mbet\u00f5mmet - rohkem aurutamist, v\u00e4hem asendamist.<\/li>\n<li><strong>Nikotiini paindlikkus:<\/strong> Kas te loobute nikotiinist v\u00f5i soovite tugevat tabamust, valige see, mis teile k\u00f5ige paremini sobib.<\/li>\n<li><strong>Kasutajas\u00f5bralik disain:<\/strong> Ei mingeid korduvt\u00e4itmisi, ei mingeid komplikatsioone - vali lihtsalt oma maitse ja t\u00f5mba.<\/li>\n<\/ul>\n<h3>\ud83c\udf53 Top 12 maitsekombinatsiooni<\/h3>\n<ul>\n<li>Arbuusij\u00e4\u00e4tis \/ Mustikam\u00fcnt \/ Fujij\u00e4\u00e4tis \/ Lime Romance<\/li>\n<li>Arbuusij\u00e4\u00e4tis \/ Mustika-kirss \/ Suvine aeg \/ Hapukas mango - ananass<\/li>\n<li>Mustikaj\u00e4\u00e4tis \/ Virsikaj\u00e4\u00e4tis \/ Vikerkaarekommid \/ Sidrun-hapukas apelsin<\/li>\n<li>Mustikaj\u00e4\u00e4tis \/ Virsik-mango arbuus \/ Passion Kiss \/ Melon Apple<\/li>\n<li>Mustikas Vaarikas \/ Segamari \/ California Cherry \/ Passion Fruit Mango<\/li>\n<li>Mustikas Vaarikas \/ Viinamarjaj\u00e4\u00e4 \/ Marjaj\u00e4\u00e4 \/ Aloe Mango Melon<\/li>\n<li>Energiajook \/ Maasika-Banaan \/ Mango-Persikas-Aprikoos \/ Passion Fruit Kiwi Lime<\/li>\n<li>Energiajook \/ Mustikas arbuus \/ hapu \u00f5un vaarikas \/ kummikaru<\/li>\n<li>Maasika-mango \/ Arbuusimullas\u00f5\u00f5rik \/ Punane Mojito \/ Love66<\/li>\n<li>Maasikas Mango \/ Maasikas Kiwi \/ \u00d5un Viinamarja \/ Arbuus Lohelill \/ Draakonipuu<\/li>\n<li>Maasikas arbuus \/ must j\u00e4\u00e4 \/ kolmeteistk\u00fcmnes melon \/ j\u00f5hvikaviinamarja viinamarja<\/li>\n<li>Maasika arbuus \/ Kiwi Passion Fruit Guava \/ Mango Ice \/ Arbuus Hapukas virsik<\/li>\n<\/ul>\n<p><strong>Bang Blaze 60K<\/strong> defineerib \u00fchekordselt kasutatava vape-kogemuse uuesti, pakkudes rohkem maitseid, rohkem v\u00f5imsust ja rohkem mugavust. Proovige seda n\u00fc\u00fcd ja t\u00f5stke oma vape m\u00e4ngu!<\/p>","protected":false},"excerpt":{"rendered":"<p>Bang Blaze 60000 puffs \u00fchekordselt kasutatav vape pakub 60ml e-vedelikku, 60 000 puffi, 4-in-1 maitsel\u00fclitit, nutikat digitaalset ekraani, mitut nikotiini tugevust ja v\u00f5rgusilma m\u00e4hist - teie \u00fclim k\u00f5ik-\u00fches vape lahendus.<\/p>","protected":false},"featured_media":35453,"comment_status":"open","ping_status":"closed","template":"","meta":[],"product_brand":[239],"product_cat":[37,242],"product_tag":[],"class_list":{"0":"post-35443","1":"product","2":"type-product","3":"status-publish","4":"has-post-thumbnail","6":"product_brand-bang","7":"product_cat-bang","8":"product_cat-60000-puffs-disposable-vape","10":"first","11":"instock","12":"shipping-taxable","13":"purchasable","14":"product-type-variable","15":"has-default-attributes"},"jetpack_sharing_enabled":true,"tiered_pricing_type":"fixed","tiered_pricing_fixed_rules":{"30":9.8499999999999996447286321199499070644378662109375,"50":8.5600000000000004973799150320701301097869873046875,"100":7.78000000000000024868995751603506505489349365234375,"200":7.38999999999999968025576890795491635799407958984375,"400":6.80999999999999960920149533194489777088165283203125},"tiered_pricing_product_settings":{"layout":"default","base_unit_name":{"singular":null,"plural":null},"default_variation":null},"tiered_pricing_minimum_quantity":10,"tiered_pricing_roles_data":[],"tiered_pricing_percentage_rules":[],"tiered_pricing_maximum_quantity":null,"tiered_pricing_quantity_step":"10","_links":{"self":[{"href":"https:\/\/aiviouvapes.com\/et\/wp-json\/wp\/v2\/product\/35443","targetHints":{"allow":["GET"]}}],"collection":[{"href":"https:\/\/aiviouvapes.com\/et\/wp-json\/wp\/v2\/product"}],"about":[{"href":"https:\/\/aiviouvapes.com\/et\/wp-json\/wp\/v2\/types\/product"}],"replies":[{"embeddable":true,"href":"https:\/\/aiviouvapes.com\/et\/wp-json\/wp\/v2\/comments?post=35443"}],"wp:featuredmedia":[{"embeddable":true,"href":"https:\/\/aiviouvapes.com\/et\/wp-json\/wp\/v2\/media\/35453"}],"wp:attachment":[{"href":"https:\/\/aiviouvapes.com\/et\/wp-json\/wp\/v2\/media?parent=35443"}],"wp:term":[{"taxonomy":"product_brand","embeddable":true,"href":"https:\/\/aiviouvapes.com\/et\/wp-json\/wp\/v2\/product_brand?post=35443"},{"taxonomy":"product_cat","embeddable":true,"href":"https:\/\/aiviouvapes.com\/et\/wp-json\/wp\/v2\/product_cat?post=35443"},{"taxonomy":"product_tag","embeddable":true,"href":"https:\/\/aiviouvapes.com\/et\/wp-json\/wp\/v2\/product_tag?post=35443"}],"curies":[{"name":"wp","href":"https:\/\/api.w.org\/{rel}","templated":true}]}}