{"id":33282,"date":"2025-04-24T17:00:12","date_gmt":"2025-04-24T09:00:12","guid":{"rendered":"https:\/\/aiviouvapes.com\/?post_type=product&#038;p=33282"},"modified":"2026-03-17T23:58:55","modified_gmt":"2026-03-17T15:58:55","slug":"mrvi-df-40k-puff","status":"publish","type":"product","link":"https:\/\/aiviouvapes.com\/et\/product\/mrvi-df-40k-puff\/","title":{"rendered":"MRVI DF 40000 Puffs | topelt maitse, 40ml e-vedeliku \u00fchekordseks kasutamiseks m\u00f5eldud vape hulgi hulgim\u00fc\u00fck"},"content":{"rendered":"<p><strong>MRVI DF 40000 Double Flavor \u00fchekordselt kasutatav Vape<\/strong> - Kaks korda maitset, kaks korda l\u00f5bu.<\/p>\n<p>Tutvuge <strong>MRVI DF 40000<\/strong>, \u00fchekordselt kasutatav vape, mis pakub sulle topelt maitset ja topelt naudingut. Kuni <strong>40 000 pahvi<\/strong>massiivne <strong>40mL e-vedeliku paak<\/strong>ja tipptasemel <strong>kahekordne v\u00f5rgusilma m\u00e4his<\/strong> tehnoloogia abil on see seade loodud sujuvaks, rikkalikuks auruks, mis kestab kauem, kui te kunagi arvasite. Olenemata sellest, kas olete juhuslik suitsetaja v\u00f5i hulgim\u00fc\u00fcja, MRVI DF 40000 mahutab k\u00f5ik vajaliku \u00fchte elegantsesse ja taskus\u00f5bralikku seadmesse.<\/p>\n<p>Varustatud <strong>850mAh aku<\/strong> ja <strong>C-t\u00fc\u00fcpi laadimine<\/strong> kiireks tankimiseks on see seade nii v\u00f5imas kui ka mugav. Valige j\u00e4rgmiste valikute vahel <strong>5% v\u00f5i 2% nikotiini tugevus<\/strong> et kohandada oma kogemusi. Lisaks sellele, koos <strong>10 ainulaadset kahe maitse kombinatsiooni<\/strong>, alati on midagi uut, mida proovida.<\/p>\n<p>MRVI DF 40000 sobib ideaalselt isiklikuks kasutamiseks v\u00f5i edasim\u00fc\u00fcgiks, sest see on teie kvaliteetne ja kvantitatiivne vape.<\/p>\n<h3><strong>MRVI DF 40000 Omadused:<\/strong><\/h3>\n<ul>\n<li><strong>Massive Puff Count:<\/strong> Kuni 40,000 puhumist \u00fche seadme kohta<\/li>\n<li><strong>Suur e-vedeliku mahutavus:<\/strong> 40mL esmaklassilist e-vedelikku<\/li>\n<li><strong>V\u00f5imas aku:<\/strong> 850mAh aku<\/li>\n<li><strong>Kiirlaadimine:<\/strong> C-t\u00fc\u00fcpi port (t\u00e4islaetud 2 tunniga)<\/li>\n<li><strong>Dual Mesh Coil:<\/strong> Pehme, rikkalik aur iga t\u00f5mbega<\/li>\n<li><strong>Nikotiini valikud:<\/strong> 5% v\u00f5i 2% tubakavaba nikotiiniga<\/li>\n<li><strong>Maitseline mitmekesisus:<\/strong> 10 p\u00f5nevat kahe maitse kombinatsiooni<\/li>\n<li><strong>Lihtne aktiveerimine:<\/strong> Aktiveerimiseks hingake sisse - nuppe ei ole vaja kasutada<\/li>\n<li><strong>Kompaktne disain:<\/strong> Taskus\u00f5bralik ja ergonoomiline (92*41*19mm)<\/li>\n<li><strong>Hulgim\u00fc\u00fcgis\u00f5bralik:<\/strong> 10PCS ekraani kasti kohta<\/li>\n<\/ul>","protected":false},"excerpt":{"rendered":"<p class=\"\" data-start=\"97\" data-end=\"366\">MRVI DF 40000 \u00fchekordselt kasutatav vape pakub kuni 40 000 puffi, kahekordseid v\u00f5rgusilma m\u00e4hiseid, 40mL e-vedelikku ja 10 d\u00fcnaamilist maitsekombinatsiooni. Ideaalne pikaajaliseks, probleemivabaks aurutamiseks, ideaalne isiklikuks v\u00f5i hulgim\u00fc\u00fcgiks.<\/p>","protected":false},"featured_media":33307,"comment_status":"open","ping_status":"closed","template":"","meta":[],"product_brand":[229],"product_cat":[33,219,80,79],"product_tag":[],"class_list":{"0":"post-33282","1":"product","2":"type-product","3":"status-publish","4":"has-post-thumbnail","6":"product_brand-mrvi","7":"product_cat-mrvi","8":"product_cat-40000-puffs-disposable-vape","9":"product_cat-dual-flavor-vapes","10":"product_cat-dual-mesh-vapes","12":"first","13":"instock","14":"shipping-taxable","15":"purchasable","16":"product-type-variable","17":"has-default-attributes"},"jetpack_sharing_enabled":true,"tiered_pricing_type":"fixed","tiered_pricing_fixed_rules":{"100":7.05999999999999960920149533194489777088165283203125,"200":6.4199999999999999289457264239899814128875732421875,"400":6.089999999999999857891452847979962825775146484375},"tiered_pricing_product_settings":{"layout":"default","base_unit_name":{"singular":null,"plural":null},"default_variation":null},"tiered_pricing_minimum_quantity":50,"tiered_pricing_roles_data":[],"tiered_pricing_percentage_rules":[],"tiered_pricing_maximum_quantity":null,"tiered_pricing_quantity_step":"10","_links":{"self":[{"href":"https:\/\/aiviouvapes.com\/et\/wp-json\/wp\/v2\/product\/33282","targetHints":{"allow":["GET"]}}],"collection":[{"href":"https:\/\/aiviouvapes.com\/et\/wp-json\/wp\/v2\/product"}],"about":[{"href":"https:\/\/aiviouvapes.com\/et\/wp-json\/wp\/v2\/types\/product"}],"replies":[{"embeddable":true,"href":"https:\/\/aiviouvapes.com\/et\/wp-json\/wp\/v2\/comments?post=33282"}],"wp:featuredmedia":[{"embeddable":true,"href":"https:\/\/aiviouvapes.com\/et\/wp-json\/wp\/v2\/media\/33307"}],"wp:attachment":[{"href":"https:\/\/aiviouvapes.com\/et\/wp-json\/wp\/v2\/media?parent=33282"}],"wp:term":[{"taxonomy":"product_brand","embeddable":true,"href":"https:\/\/aiviouvapes.com\/et\/wp-json\/wp\/v2\/product_brand?post=33282"},{"taxonomy":"product_cat","embeddable":true,"href":"https:\/\/aiviouvapes.com\/et\/wp-json\/wp\/v2\/product_cat?post=33282"},{"taxonomy":"product_tag","embeddable":true,"href":"https:\/\/aiviouvapes.com\/et\/wp-json\/wp\/v2\/product_tag?post=33282"}],"curies":[{"name":"wp","href":"https:\/\/api.w.org\/{rel}","templated":true}]}}