{"id":31338,"date":"2025-04-01T16:19:45","date_gmt":"2025-04-01T08:19:45","guid":{"rendered":"https:\/\/aiviouvapes.com\/?post_type=product&#038;p=31338"},"modified":"2026-04-03T21:15:11","modified_gmt":"2026-04-03T13:15:11","slug":"bang-king-50000-disposable-vape","status":"publish","type":"product","link":"https:\/\/aiviouvapes.com\/et\/product\/bang-king-50000-disposable-vape\/","title":{"rendered":"Bang King 50K Puffs | topelt maitse, pikaajaline lahtiselt \u00fchekordselt kasutatav vape"},"content":{"rendered":"<h3>Miks valida Bang King 50000?<\/h3>\n<ul>\n<li>\ud83d\udd25 Massiivne 50,000 puff v\u00f5imsus pikemaks aurutamiseks<\/li>\n<li>\ud83c\udf08 Topeltmaitsefunktsioon t\u00e4iustatud maitseelamuste jaoks<\/li>\n<li>\ud83d\udcca LCD-ekraan n\u00e4itab mugavuse huvides j\u00e4relej\u00e4\u00e4nud puffid<\/li>\n<li>\ud83d\udc4c Hooldusvaba, \u00fchekordselt kasutatav disain<\/li>\n<li>\ud83c\udfc6 Saadaval mitmes nikotiinisisalduses iga suitsetaja jaoks.<\/li>\n<li>\ud83d\udcbc Ideaalne hulgim\u00fc\u00fcgiks, jaem\u00fc\u00fcgiks v\u00f5i isiklikuks kasutamiseks<\/li>\n<\/ul>\n<h3>Spetsifikatsioonid<\/h3>\n<table>\n<tbody>\n<tr>\n<th>Funktsioon<\/th>\n<th>\u00dcksikasjad<\/th>\n<\/tr>\n<tr>\n<td>Puffide arv<\/td>\n<td>Kuni 50,000 puhumist<\/td>\n<\/tr>\n<tr>\n<td>Nikotiini tugevus<\/td>\n<td>2%, 3%, 5%<\/td>\n<\/tr>\n<tr>\n<td>Maitse<\/td>\n<td>Topelt maitse segu<\/td>\n<\/tr>\n<tr>\n<td>Ekraan<\/td>\n<td>LCD-puhumise loendur<\/td>\n<\/tr>\n<tr>\n<td>T\u00fc\u00fcp<\/td>\n<td>\u00dchekordselt kasutatav, ei vaja korduvt\u00e4itmist<\/td>\n<\/tr>\n<tr>\n<td>Hulgim\u00fc\u00fck<\/td>\n<td>Ideaalne lahtiselt tellimiseks ja edasim\u00fc\u00fcgiks<\/td>\n<\/tr>\n<\/tbody>\n<\/table>\n<h2>Bang King 50000 50K Puffs | Double Taste Long-Lasting Bulk Disposable Vape<\/h2>\n<p>\ud83d\ude80 Kogemused \u00fclimalt \u00fchekordseks kasutamiseks m\u00f5eldud aurustamisel koos <strong>Bang King 50000<\/strong> - mis on kavandatud pakkuma erakordset 50 000 t\u00f5mmet julget ja sujuvat maitset. See esmaklassiline \u00fchekordselt kasutatav vape pakub nikotiini tugevusi 2%, 3% v\u00f5i 5%, et sobida ideaalselt teie eelistustega, samas kui selle ainulaadne topeltmaitsefunktsioon lisab igale sissehingamisele maitsva p\u00f6\u00f6rde. Kasutajas\u00f5bralik LCD-ekraan hoiab teid kursis j\u00e4relej\u00e4\u00e4nud paugutustega, nii et saate kindlalt ja katkestusteta vampiirida.<\/p>\n<p>Bang King 50000 on loodud neile, kes hindavad mugavust, kaasaskantavust ja tipptasemel j\u00f5udlust. Olenemata sellest, kas olete juhuslik suitsetaja, maitsete entusiast v\u00f5i jaem\u00fc\u00fcja, kes otsib tipptasemel hulgim\u00fc\u00fcgivarianti, on see stiilne ja kauakestev seade ideaalne valik. Nautige rikkalikku, rahuldustpakkuvat maitset ilma hoolduse v\u00f5i t\u00e4iendamisega - v\u00f5tke see lihtsalt k\u00e4tte ja t\u00f5mmake.<\/p>\n<p>T\u00f5sta oma aurutamine j\u00e4rgmisele tasemele Bang King 50000-ga - v\u00f5imas, stiilne ja rahuldust pakkuv \u00fchekordselt kasutatav auruti, mis on loodud sujuvaks, maitsek\u00fcllaseks nautimiseks igal ajal ja igal pool. <strong>Hankige oma juba t\u00e4na!<\/strong><\/p>","protected":false},"excerpt":{"rendered":"<p data-start=\"0\" data-end=\"178\">Nautige 50 000 t\u00f5mbamist Bang King 50000-ga - kahekordne maitse, LCD-ekraan ja sujuv, rahuldust pakkuv \u00fchekordne aurutamine hulgim\u00fc\u00fcgiks v\u00f5i isiklikuks kasutamiseks.<\/p>","protected":false},"featured_media":31282,"comment_status":"open","ping_status":"closed","template":"","meta":[],"product_brand":[239],"product_cat":[37,219],"product_tag":[],"class_list":{"0":"post-31338","1":"product","2":"type-product","3":"status-publish","4":"has-post-thumbnail","6":"product_brand-bang","7":"product_cat-bang","8":"product_cat-40000-puffs-disposable-vape","10":"first","11":"instock","12":"featured","13":"shipping-taxable","14":"purchasable","15":"product-type-variable","16":"has-default-attributes"},"jetpack_sharing_enabled":true,"tiered_pricing_type":"fixed","tiered_pricing_fixed_rules":{"30":8.42999999999999971578290569595992565155029296875,"50":7.2599999999999997868371792719699442386627197265625,"100":6.480000000000000426325641456060111522674560546875,"200":6.089999999999999857891452847979962825775146484375,"400":5.5099999999999997868371792719699442386627197265625},"tiered_pricing_product_settings":{"layout":"default","base_unit_name":{"singular":null,"plural":null},"default_variation":null},"tiered_pricing_minimum_quantity":10,"tiered_pricing_roles_data":[],"tiered_pricing_percentage_rules":[],"tiered_pricing_maximum_quantity":null,"tiered_pricing_quantity_step":"10","_links":{"self":[{"href":"https:\/\/aiviouvapes.com\/et\/wp-json\/wp\/v2\/product\/31338","targetHints":{"allow":["GET"]}}],"collection":[{"href":"https:\/\/aiviouvapes.com\/et\/wp-json\/wp\/v2\/product"}],"about":[{"href":"https:\/\/aiviouvapes.com\/et\/wp-json\/wp\/v2\/types\/product"}],"replies":[{"embeddable":true,"href":"https:\/\/aiviouvapes.com\/et\/wp-json\/wp\/v2\/comments?post=31338"}],"wp:featuredmedia":[{"embeddable":true,"href":"https:\/\/aiviouvapes.com\/et\/wp-json\/wp\/v2\/media\/31282"}],"wp:attachment":[{"href":"https:\/\/aiviouvapes.com\/et\/wp-json\/wp\/v2\/media?parent=31338"}],"wp:term":[{"taxonomy":"product_brand","embeddable":true,"href":"https:\/\/aiviouvapes.com\/et\/wp-json\/wp\/v2\/product_brand?post=31338"},{"taxonomy":"product_cat","embeddable":true,"href":"https:\/\/aiviouvapes.com\/et\/wp-json\/wp\/v2\/product_cat?post=31338"},{"taxonomy":"product_tag","embeddable":true,"href":"https:\/\/aiviouvapes.com\/et\/wp-json\/wp\/v2\/product_tag?post=31338"}],"curies":[{"name":"wp","href":"https:\/\/api.w.org\/{rel}","templated":true}]}}