{"id":30767,"date":"2025-03-21T12:56:55","date_gmt":"2025-03-21T04:56:55","guid":{"rendered":"https:\/\/aiviouvapes.com\/?post_type=product&#038;p=30767"},"modified":"2026-04-02T18:23:44","modified_gmt":"2026-04-02T10:23:44","slug":"waspe-60k-3-in-1-60000-puffs","status":"publish","type":"product","link":"https:\/\/aiviouvapes.com\/et\/product\/waspe-60k-3-in-1-60000-puffs\/","title":{"rendered":"WASPE 60K | 3-in-1 60000 puffs, kolmekordne maitse, lahtiselt \u00fchekordselt kasutatav vape"},"content":{"rendered":"<p><img data-recalc-dims=\"1\" loading=\"lazy\" decoding=\"async\" class=\"alignnone wp-image-33901\" src=\"https:\/\/i0.wp.com\/aiviouvapes.com\/wp-content\/uploads\/2025\/03\/%E5%BE%AE%E4%BF%A1%E5%9B%BE%E7%89%87_20250502143652-e1746694635211.jpg?resize=1000%2C591&#038;ssl=1\" alt=\",\" width=\"1000\" height=\"591\" title=\"\" srcset=\"https:\/\/i0.wp.com\/aiviouvapes.com\/wp-content\/uploads\/2025\/03\/%E5%BE%AE%E4%BF%A1%E5%9B%BE%E7%89%87_20250502143652-e1746694635211.jpg?w=1280&amp;ssl=1 1280w, https:\/\/i0.wp.com\/aiviouvapes.com\/wp-content\/uploads\/2025\/03\/%E5%BE%AE%E4%BF%A1%E5%9B%BE%E7%89%87_20250502143652-e1746694635211.jpg?resize=300%2C177&amp;ssl=1 300w, https:\/\/i0.wp.com\/aiviouvapes.com\/wp-content\/uploads\/2025\/03\/%E5%BE%AE%E4%BF%A1%E5%9B%BE%E7%89%87_20250502143652-e1746694635211.jpg?resize=1024%2C606&amp;ssl=1 1024w, https:\/\/i0.wp.com\/aiviouvapes.com\/wp-content\/uploads\/2025\/03\/%E5%BE%AE%E4%BF%A1%E5%9B%BE%E7%89%87_20250502143652-e1746694635211.jpg?resize=768%2C454&amp;ssl=1 768w, https:\/\/i0.wp.com\/aiviouvapes.com\/wp-content\/uploads\/2025\/03\/%E5%BE%AE%E4%BF%A1%E5%9B%BE%E7%89%87_20250502143652-e1746694635211.jpg?resize=18%2C12&amp;ssl=1 18w, https:\/\/i0.wp.com\/aiviouvapes.com\/wp-content\/uploads\/2025\/03\/%E5%BE%AE%E4%BF%A1%E5%9B%BE%E7%89%87_20250502143652-e1746694635211.jpg?resize=800%2C473&amp;ssl=1 800w\" sizes=\"auto, (max-width: 1000px) 100vw, 1000px\" \/> <img data-recalc-dims=\"1\" loading=\"lazy\" decoding=\"async\" class=\"alignnone wp-image-33902\" src=\"https:\/\/i0.wp.com\/aiviouvapes.com\/wp-content\/uploads\/2025\/03\/%E5%BE%AE%E4%BF%A1%E5%9B%BE%E7%89%87_20250502143744.jpg?resize=1000%2C750&#038;ssl=1\" alt=\",\" width=\"1000\" height=\"750\" title=\"\" srcset=\"https:\/\/i0.wp.com\/aiviouvapes.com\/wp-content\/uploads\/2025\/03\/%E5%BE%AE%E4%BF%A1%E5%9B%BE%E7%89%87_20250502143744.jpg?w=1707&amp;ssl=1 1707w, https:\/\/i0.wp.com\/aiviouvapes.com\/wp-content\/uploads\/2025\/03\/%E5%BE%AE%E4%BF%A1%E5%9B%BE%E7%89%87_20250502143744.jpg?resize=300%2C225&amp;ssl=1 300w, https:\/\/i0.wp.com\/aiviouvapes.com\/wp-content\/uploads\/2025\/03\/%E5%BE%AE%E4%BF%A1%E5%9B%BE%E7%89%87_20250502143744.jpg?resize=1024%2C768&amp;ssl=1 1024w, https:\/\/i0.wp.com\/aiviouvapes.com\/wp-content\/uploads\/2025\/03\/%E5%BE%AE%E4%BF%A1%E5%9B%BE%E7%89%87_20250502143744.jpg?resize=768%2C576&amp;ssl=1 768w, https:\/\/i0.wp.com\/aiviouvapes.com\/wp-content\/uploads\/2025\/03\/%E5%BE%AE%E4%BF%A1%E5%9B%BE%E7%89%87_20250502143744.jpg?resize=1536%2C1152&amp;ssl=1 1536w, https:\/\/i0.wp.com\/aiviouvapes.com\/wp-content\/uploads\/2025\/03\/%E5%BE%AE%E4%BF%A1%E5%9B%BE%E7%89%87_20250502143744.jpg?resize=16%2C12&amp;ssl=1 16w, https:\/\/i0.wp.com\/aiviouvapes.com\/wp-content\/uploads\/2025\/03\/%E5%BE%AE%E4%BF%A1%E5%9B%BE%E7%89%87_20250502143744.jpg?resize=1320%2C990&amp;ssl=1 1320w, https:\/\/i0.wp.com\/aiviouvapes.com\/wp-content\/uploads\/2025\/03\/%E5%BE%AE%E4%BF%A1%E5%9B%BE%E7%89%87_20250502143744.jpg?resize=800%2C600&amp;ssl=1 800w\" sizes=\"auto, (max-width: 1000px) 100vw, 1000px\" \/><\/p>\n<p><iframe title=\"VideoPressi videom\u00e4ngija\" aria-label='VideoPressi videom\u00e4ngija' width='1020' height='574' src='https:\/\/videopress.com\/embed\/ejPBp6IM?hd=0&amp;cover=1' frameborder='0' allowfullscreen allow='clipboard-write'><\/iframe><script src='https:\/\/v0.wordpress.com\/js\/next\/videopress-iframe.js?m=1770107250'><\/script><\/p>\n<h2>\ud83c\udf53 WASPE 60K kolmekordsed maitsekombinatsioonid<\/h2>\n<p>Iga WASPE AIVIOU 60000 pakub j\u00e4rgmist <strong>3 unikaalset maitset 1 seadmes<\/strong>, nii et saate seda vahetada, ilma et vajaksite uut vampiiri.<\/p>\n<table class=\"w-fit min-w-(--thread-content-width)\">\n<thead>\n<tr>\n<th>Combo nr.<\/th>\n<th>Maitsekolmik<\/th>\n<\/tr>\n<\/thead>\n<tbody>\n<tr>\n<td>1<\/td>\n<td><strong>Arbuusi j\u00e4\u00e4<\/strong>, <strong>Maasika kiivi<\/strong>, <strong>Sidrun Laim<\/strong><\/td>\n<\/tr>\n<tr>\n<td>2<\/td>\n<td><strong>Maasika arbuus<\/strong>, <strong>Maasika vaarika kommid<\/strong>, <strong>Viinamarja j\u00e4\u00e4<\/strong><\/td>\n<\/tr>\n<tr>\n<td>3<\/td>\n<td><strong>Mustika j\u00e4\u00e4<\/strong>, <strong>Musta draakoni j\u00e4\u00e4<\/strong>, <strong>Fizzy Cherry Ice<\/strong><\/td>\n<\/tr>\n<tr>\n<td>4<\/td>\n<td><strong>Maasikas Vaarikas Kirss<\/strong>, <strong>Love 666<\/strong>, <strong>Cherry Candy Ice<\/strong><\/td>\n<\/tr>\n<tr>\n<td>5<\/td>\n<td><strong>Virsikuj\u00e4\u00e4tis<\/strong>, <strong>Ananass Mango Virsik<\/strong>, <strong>J\u00f5hvikas sidrun<\/strong><\/td>\n<\/tr>\n<tr>\n<td>6<\/td>\n<td><strong>Red Bull J\u00e4\u00e4<\/strong>, <strong>Maasika Mango<\/strong>, <strong>Maasika arbuus N\u00e4rimiskumm<\/strong><\/td>\n<\/tr>\n<tr>\n<td>7<\/td>\n<td><strong>Segatud marjad<\/strong>, <strong>Kummikaru<\/strong>, <strong>Segatud puuviljad<\/strong><\/td>\n<\/tr>\n<tr>\n<td>8<\/td>\n<td><strong>Kolmekordne melonij\u00e4\u00e4tis<\/strong>, <strong>Vikerkaare kommid<\/strong>, <strong>Mustika kommid<\/strong><\/td>\n<\/tr>\n<tr>\n<td>9<\/td>\n<td><strong>Viinamarja j\u00e4\u00e4<\/strong>, <strong>Maasika kommid<\/strong>, <strong>Maasikas Vaarikas Kirss<\/strong><\/td>\n<\/tr>\n<tr>\n<td>10<\/td>\n<td><strong>Maasikas banaan<\/strong>, <strong>Ananass-kookosp\u00e4hkli j\u00e4\u00e4<\/strong>, <strong>Mango Ice<\/strong><\/td>\n<\/tr>\n<tr>\n<td>11<\/td>\n<td><strong>Kirss koola j\u00e4\u00e4<\/strong>, <strong>Maasika Cola<\/strong>, <strong>Koola J\u00e4\u00e4<\/strong><\/td>\n<\/tr>\n<tr>\n<td>12<\/td>\n<td><strong>Mustikas Vaarikas<\/strong>, <strong>Mustika puuvillane komme<\/strong>, <strong>Double Apple Ice<\/strong><\/td>\n<\/tr>\n<\/tbody>\n<\/table>\n<p>\ud83c\udf00 Olenemata sellest, kas sulle meeldivad puuviljased, j\u00e4ised v\u00f5i kommidest inspireeritud aurud - igale maitsele leidub sobiv kombinatsioon.<\/p>\n<h2>\ud83d\udce6 WASPE AIVIOU 60000 Puffs - peamised tehnilised n\u00e4itajad<\/h2>\n<table class=\"w-fit min-w-(--thread-content-width)\">\n<thead>\n<tr>\n<th>Funktsioon<\/th>\n<th>Kirjeldus<\/th>\n<\/tr>\n<\/thead>\n<tbody>\n<tr>\n<td><strong>Kokku Puffs<\/strong><\/td>\n<td>Kuni <strong>60 000 puffi<\/strong> - kauakestev ja ideaalne pikemaajaliseks kasutamiseks<\/td>\n<\/tr>\n<tr>\n<td><strong>Maitselised valikud<\/strong><\/td>\n<td><strong>3-in-1<\/strong> - vahetada kolme sisseehitatud maitse vahel \u00fches seadmes<\/td>\n<\/tr>\n<tr>\n<td><strong>Nikotiini tugevused<\/strong><\/td>\n<td>Saadaval aastal <strong>0%, 2% v\u00f5i 5% nikotiin.<\/strong> - valige oma eelistatud tugevus<\/td>\n<\/tr>\n<tr>\n<td><strong>E-vedeliku mahutavus<\/strong><\/td>\n<td><strong>54 ml<\/strong> - palju vedelikku kogu p\u00e4eva aurutamiseks<\/td>\n<\/tr>\n<tr>\n<td><strong>Ekraan<\/strong><\/td>\n<td><strong>LED ekraan<\/strong> n\u00e4itab selgelt aku taset ja e-vedeliku olekut<\/td>\n<\/tr>\n<tr>\n<td><strong>Spiraalid<\/strong><\/td>\n<td><strong>Kolmekordsed v\u00f5rgusilma m\u00e4hised<\/strong> - parema maitse ja sujuva aurutootmise jaoks<\/td>\n<\/tr>\n<tr>\n<td><strong>Laadimine<\/strong><\/td>\n<td><strong>C-t\u00fc\u00fcpi laetav<\/strong> - kiire ja mugav laadimine<\/td>\n<\/tr>\n<tr>\n<td><strong>Kaasaskantavus<\/strong><\/td>\n<td>Kompaktne suurus: <strong>47mm x 47mm x 116mm<\/strong> - mahub h\u00f5lpsasti k\u00e4tte v\u00f5i taskusse<\/td>\n<\/tr>\n<tr>\n<td><strong>Ideaalne<\/strong><\/td>\n<td><strong>Hulgi- ja jaem\u00fc\u00fcjad<\/strong> Madalmaades, Saksamaal, Belgias ja Hispaanias.<\/td>\n<\/tr>\n<\/tbody>\n<\/table>\n<h3>\u2753 Korduma kippuvad k\u00fcsimused - WASPE AIVIOU 60000 Puffs \u00fchekordselt kasutatav Vape<\/h3>\n<h4>\u2705 Mis teeb WASPE AIVIOU 60000 Puffs heaks valikuks?<\/h4>\n<p>WASPE 60K paistab silma oma <strong>60,000 puffide mahutavus<\/strong>, <strong>3-in-1 maitses\u00fcsteem<\/strong>ja <strong>LED-ekraan<\/strong>. See on m\u00f5eldud kasutajatele, kes soovivad kauem kestvat ja maitsekamat vape-kogemust. Lisaks on see algaja-s\u00f5bralik ja seda on lihtne laadida C-t\u00fc\u00fcpi kaabli abil.<\/p>\n<h4>\ud83c\udf53 Kui palju maitseid on \u00fches WASPE 60K vape'is?<\/h4>\n<p>Iga WASPE AIVIOU 60000 Puffs seadmega on kaasas <strong>kolm erinevat sisseehitatud maitset<\/strong>. Saate nende vahel vahetada, ilma et muudaksite oma vape'i. On olemas <strong>12 erinevat maitsekombinatsiooni<\/strong> saadaval igale maitsele.<\/p>\n<h4>\ud83d\udd0b Kas WASPE 60K on laetav?<\/h4>\n<p>Jah. Seadmega on kaasas <strong>laetav aku<\/strong> ja <strong>Type-C laadimisport<\/strong>, mis tagab kiirema laadimise ja pikema kasutuse.<\/p>\n<h4>\ud83d\udce6 Kuidas on WASPE 60K vape pakendatud hulgim\u00fc\u00fcgitellimuste jaoks?<\/h4>\n<p>WASPE AIVIOU 60K on saadaval kahes pakendamisv\u00f5imaluses:<\/p>\n<ul>\n<li><strong>Kast:<\/strong> 10 \u00fchikut karbis<\/li>\n<li><strong>Karp:<\/strong> 160 \u00fchikut karbi kohta (umbes 21 kg)<br \/>\nM\u00f5lemad sobivad <strong>lahtised tellimused ja kiire tarne<\/strong>.<\/li>\n<\/ul>\n<h4>\ud83c\udf0d Kus ma saan m\u00fc\u00fca WASPE AIVIOU 60000 Puffs vape?<\/h4>\n<p>See on ideaalne <strong>hulgi- ja jaem\u00fc\u00fck<\/strong> aastal <strong>Madalmaad<\/strong>, <strong>Saksamaa<\/strong>, <strong>Belgia<\/strong>ja <strong>Hispaania<\/strong>. See toode on optimeeritud ELi turgudele, olenemata sellest, kas teil on f\u00fc\u00fcsiline kauplus v\u00f5i te m\u00fc\u00fcte internetis.<\/p>\n<h4>\ud83d\uded2 Miks osta AiviouVape'ist?<\/h4>\n<p><strong>AiviouVape<\/strong> on usaldusv\u00e4\u00e4rne <strong>vape hulgim\u00fc\u00fcja<\/strong> t\u00f6\u00f6tades otse tootjatega, et pakkuda:<\/p>\n<ul>\n<li>\u2705 Konkurentsiv\u00f5imelised hinnad<\/li>\n<li>\u2705 Autentsed, ohutud tooted<\/li>\n<li>\u2705 Kiire tarne, isegi suurte tellimuste puhul<\/li>\n<li>\u2705 Suurep\u00e4rane tugi poeomanikele ja edasim\u00fc\u00fcjatele<\/li>\n<\/ul>\n<h4>\ud83d\udccf Millised on WASPE 60K seadme m\u00f5\u00f5tmed?<\/h4>\n<p>Iga vape m\u00f5\u00f5dab <strong>47mm x 47mm x 116mm<\/strong>, mis muudab selle kergeks ja taskus\u00f5bralikuks.<\/p>\n<p><img data-recalc-dims=\"1\" loading=\"lazy\" decoding=\"async\" class=\"alignnone size-full wp-image-33904\" src=\"https:\/\/i0.wp.com\/aiviouvapes.com\/wp-content\/uploads\/2025\/03\/%E5%8C%85%E8%A3%85%E5%9B%BE-140000.jpg?resize=1020%2C612&#038;ssl=1\" alt=\",\" width=\"1020\" height=\"612\" title=\"\" srcset=\"https:\/\/i0.wp.com\/aiviouvapes.com\/wp-content\/uploads\/2025\/03\/%E5%8C%85%E8%A3%85%E5%9B%BE-140000.jpg?w=1920&amp;ssl=1 1920w, https:\/\/i0.wp.com\/aiviouvapes.com\/wp-content\/uploads\/2025\/03\/%E5%8C%85%E8%A3%85%E5%9B%BE-140000.jpg?resize=300%2C180&amp;ssl=1 300w, https:\/\/i0.wp.com\/aiviouvapes.com\/wp-content\/uploads\/2025\/03\/%E5%8C%85%E8%A3%85%E5%9B%BE-140000.jpg?resize=1024%2C614&amp;ssl=1 1024w, https:\/\/i0.wp.com\/aiviouvapes.com\/wp-content\/uploads\/2025\/03\/%E5%8C%85%E8%A3%85%E5%9B%BE-140000.jpg?resize=768%2C461&amp;ssl=1 768w, https:\/\/i0.wp.com\/aiviouvapes.com\/wp-content\/uploads\/2025\/03\/%E5%8C%85%E8%A3%85%E5%9B%BE-140000.jpg?resize=1536%2C922&amp;ssl=1 1536w, https:\/\/i0.wp.com\/aiviouvapes.com\/wp-content\/uploads\/2025\/03\/%E5%8C%85%E8%A3%85%E5%9B%BE-140000.jpg?resize=18%2C12&amp;ssl=1 18w, https:\/\/i0.wp.com\/aiviouvapes.com\/wp-content\/uploads\/2025\/03\/%E5%8C%85%E8%A3%85%E5%9B%BE-140000.jpg?resize=1320%2C792&amp;ssl=1 1320w, https:\/\/i0.wp.com\/aiviouvapes.com\/wp-content\/uploads\/2025\/03\/%E5%8C%85%E8%A3%85%E5%9B%BE-140000.jpg?resize=800%2C480&amp;ssl=1 800w\" sizes=\"auto, (max-width: 1020px) 100vw, 1020px\" \/>\u00a0<img data-recalc-dims=\"1\" loading=\"lazy\" decoding=\"async\" class=\"alignnone wp-image-30768 size-full\" src=\"https:\/\/i0.wp.com\/aiviouvapes.com\/wp-content\/uploads\/2025\/03\/WASPE-60k-3-in-1-60000-Puffs-1.jpg?resize=1020%2C574&#038;ssl=1\" alt=\",\" width=\"1020\" height=\"574\" title=\"\" srcset=\"https:\/\/i0.wp.com\/aiviouvapes.com\/wp-content\/uploads\/2025\/03\/WASPE-60k-3-in-1-60000-Puffs-1.jpg?w=1920&amp;ssl=1 1920w, https:\/\/i0.wp.com\/aiviouvapes.com\/wp-content\/uploads\/2025\/03\/WASPE-60k-3-in-1-60000-Puffs-1.jpg?resize=300%2C169&amp;ssl=1 300w, https:\/\/i0.wp.com\/aiviouvapes.com\/wp-content\/uploads\/2025\/03\/WASPE-60k-3-in-1-60000-Puffs-1.jpg?resize=1024%2C576&amp;ssl=1 1024w, https:\/\/i0.wp.com\/aiviouvapes.com\/wp-content\/uploads\/2025\/03\/WASPE-60k-3-in-1-60000-Puffs-1.jpg?resize=768%2C432&amp;ssl=1 768w, https:\/\/i0.wp.com\/aiviouvapes.com\/wp-content\/uploads\/2025\/03\/WASPE-60k-3-in-1-60000-Puffs-1.jpg?resize=1536%2C864&amp;ssl=1 1536w, https:\/\/i0.wp.com\/aiviouvapes.com\/wp-content\/uploads\/2025\/03\/WASPE-60k-3-in-1-60000-Puffs-1.jpg?resize=18%2C10&amp;ssl=1 18w, https:\/\/i0.wp.com\/aiviouvapes.com\/wp-content\/uploads\/2025\/03\/WASPE-60k-3-in-1-60000-Puffs-1.jpg?resize=750%2C422&amp;ssl=1 750w\" sizes=\"auto, (max-width: 1020px) 100vw, 1020px\" \/><img data-recalc-dims=\"1\" loading=\"lazy\" decoding=\"async\" class=\"alignnone size-full wp-image-30772\" src=\"https:\/\/i0.wp.com\/aiviouvapes.com\/wp-content\/uploads\/2025\/03\/WASPE-60k-3-in-1-60000-Puffs-5.jpg?resize=1020%2C543&#038;ssl=1\" alt=\",\" width=\"1020\" height=\"543\" title=\"\" srcset=\"https:\/\/i0.wp.com\/aiviouvapes.com\/wp-content\/uploads\/2025\/03\/WASPE-60k-3-in-1-60000-Puffs-5.jpg?w=1920&amp;ssl=1 1920w, https:\/\/i0.wp.com\/aiviouvapes.com\/wp-content\/uploads\/2025\/03\/WASPE-60k-3-in-1-60000-Puffs-5.jpg?resize=300%2C160&amp;ssl=1 300w, https:\/\/i0.wp.com\/aiviouvapes.com\/wp-content\/uploads\/2025\/03\/WASPE-60k-3-in-1-60000-Puffs-5.jpg?resize=1024%2C546&amp;ssl=1 1024w, https:\/\/i0.wp.com\/aiviouvapes.com\/wp-content\/uploads\/2025\/03\/WASPE-60k-3-in-1-60000-Puffs-5.jpg?resize=768%2C409&amp;ssl=1 768w, https:\/\/i0.wp.com\/aiviouvapes.com\/wp-content\/uploads\/2025\/03\/WASPE-60k-3-in-1-60000-Puffs-5.jpg?resize=1536%2C818&amp;ssl=1 1536w, https:\/\/i0.wp.com\/aiviouvapes.com\/wp-content\/uploads\/2025\/03\/WASPE-60k-3-in-1-60000-Puffs-5.jpg?resize=18%2C10&amp;ssl=1 18w, https:\/\/i0.wp.com\/aiviouvapes.com\/wp-content\/uploads\/2025\/03\/WASPE-60k-3-in-1-60000-Puffs-5.jpg?resize=750%2C400&amp;ssl=1 750w\" sizes=\"auto, (max-width: 1020px) 100vw, 1020px\" \/><\/p>","protected":false},"excerpt":{"rendered":"<p class=\"translation-block\">Valmistu kolmekordseks maitseelamuseks! Uuendatud WASPE 60K v\u00f5imaldab sul nautida kolme imelist maitset \u00fches elegantses vape\u2011s. P\u00f5hineb f\u00e4nnide lemmikul <span style=\"color: #000000\"><a style=\"color: #000000\" href=\"https:\/\/aiviouvapes.com\/et\/toode\/waspe-crystal-40k-double-flavor-40000-puffs-rechargeable-bulk-buy-disposable-vape-wholesale\/\" target=\"_self\">WASPE Crystal<\/a><\/span>.<\/p>","protected":false},"featured_media":30783,"comment_status":"open","ping_status":"closed","template":"","meta":[],"product_brand":[227],"product_cat":[19,219,242,320,280,505],"product_tag":[306,308,303,305,304,302],"class_list":{"0":"post-30767","1":"product","2":"type-product","3":"status-publish","4":"has-post-thumbnail","6":"product_brand-waspe","7":"product_cat-waspe","8":"product_cat-40000-puffs-disposable-vape","9":"product_cat-60000-puffs-disposable-vape","10":"product_cat-best-disposable-vapes","11":"product_cat-cheap-rechargeable-disposable-vapes","12":"product_cat-in-stock-at-eu-warehouse","13":"product_tag-best-disposable-vapes","14":"product_tag-disposable-vape-in-europe","15":"product_tag-screen-vape","16":"product_tag-vape-suppliers","17":"product_tag-wholesale-vapes","18":"product_tag-wholesale-vapor","20":"first","21":"instock","22":"shipping-taxable","23":"purchasable","24":"product-type-variable","25":"has-default-attributes"},"jetpack_sharing_enabled":true,"tiered_pricing_type":"fixed","tiered_pricing_fixed_rules":{"30":9.07000000000000028421709430404007434844970703125,"50":7.910000000000000142108547152020037174224853515625,"100":7.38999999999999968025576890795491635799407958984375,"200":6.7400000000000002131628207280300557613372802734375,"400":6.4199999999999999289457264239899814128875732421875},"tiered_pricing_product_settings":{"layout":"default","base_unit_name":{"singular":null,"plural":null},"default_variation":null},"tiered_pricing_minimum_quantity":10,"tiered_pricing_roles_data":[],"tiered_pricing_percentage_rules":[],"tiered_pricing_maximum_quantity":null,"tiered_pricing_quantity_step":"10","_links":{"self":[{"href":"https:\/\/aiviouvapes.com\/et\/wp-json\/wp\/v2\/product\/30767","targetHints":{"allow":["GET"]}}],"collection":[{"href":"https:\/\/aiviouvapes.com\/et\/wp-json\/wp\/v2\/product"}],"about":[{"href":"https:\/\/aiviouvapes.com\/et\/wp-json\/wp\/v2\/types\/product"}],"replies":[{"embeddable":true,"href":"https:\/\/aiviouvapes.com\/et\/wp-json\/wp\/v2\/comments?post=30767"}],"wp:featuredmedia":[{"embeddable":true,"href":"https:\/\/aiviouvapes.com\/et\/wp-json\/wp\/v2\/media\/30783"}],"wp:attachment":[{"href":"https:\/\/aiviouvapes.com\/et\/wp-json\/wp\/v2\/media?parent=30767"}],"wp:term":[{"taxonomy":"product_brand","embeddable":true,"href":"https:\/\/aiviouvapes.com\/et\/wp-json\/wp\/v2\/product_brand?post=30767"},{"taxonomy":"product_cat","embeddable":true,"href":"https:\/\/aiviouvapes.com\/et\/wp-json\/wp\/v2\/product_cat?post=30767"},{"taxonomy":"product_tag","embeddable":true,"href":"https:\/\/aiviouvapes.com\/et\/wp-json\/wp\/v2\/product_tag?post=30767"}],"curies":[{"name":"wp","href":"https:\/\/api.w.org\/{rel}","templated":true}]}}