{"id":30076,"date":"2025-03-14T16:37:29","date_gmt":"2025-03-14T08:37:29","guid":{"rendered":"https:\/\/aiviouvapes.com\/?post_type=product&#038;p=30076"},"modified":"2026-04-17T13:00:57","modified_gmt":"2026-04-17T05:00:57","slug":"fizzy-nova-20000-puffs","status":"publish","type":"product","link":"https:\/\/aiviouvapes.com\/et\/product\/fizzy-nova-20000-puffs\/","title":{"rendered":"Fizzy Nova 20000 Puffs | dual mesh coil, LCD ekraan, laetav \u00fchekordselt kasutatav vape bulk &amp; hulgim\u00fc\u00fck"},"content":{"rendered":"<p>Kogege aurustustehnoloogia tippu koos <strong>Fizzy Nova 20000 Puffs laetav \u00fchekordselt kasutatav Vape<\/strong>. See seade pakub v\u00f5rratut kombinatsiooni j\u00f5udlusest, mugavusest ja stiilist. Saadaval n\u00fc\u00fcd hulgi hulgim\u00fc\u00fcgiks AiviouVape'is, mis on teie peamine veebip\u00f5hine vape turustaja Hollandis, Saksamaal, Belgias ja Hispaanias.<\/p>\n<h2>Miks Fizzy Nova 20000 Puffs paistab silma:<\/h2>\n<ul>\n<li><strong>Enneolematu mahutavus 20000 puffi:<\/strong> Nautige pikemaid aurutussessioone ilma sagedaste asendustega kaasnevate probleemideta.<\/li>\n<li><strong>T\u00e4iustatud Dual Mesh Coil tehnoloogia:<\/strong> Kogege rikkalikku, \u00fchtlast maitset ja tihedat aurutootmist iga t\u00f5mbega.<\/li>\n<li><strong>Pikaajaline 850mAh aku:<\/strong> V\u00f5imsa aku abil v\u00f5ite \u00f6elda h\u00fcvasti aku\u00e4rritusega.<\/li>\n<li><strong>Intuitiivne LCD-ekraan:<\/strong> Ole kursis oma aku kasutusea ja e-vedeliku tasemega \u00fche pilguga.<\/li>\n<li><strong>Kohandatavad Eco- ja turbore\u017eiimid:<\/strong> Kohandage oma aurustamiskogemus vastavalt oma eelistustele, olenemata sellest, kas eelistate pikemat aku kestvust v\u00f5i intensiivset maitset.<\/li>\n<li><strong>Kaksiknikotiini tugevused:<\/strong> Saadaval nii 2% kui ka 5% nikotiinivalikutena, et rahuldada erinevaid klientide eelistusi.<\/li>\n<li><strong>Premium metallkonstruktsioon:<\/strong> Naudi elegantset, vastupidavat ja luksuslikku vape-pliiatsit, millel on k\u00f5rgekvaliteediline metallist viimistlus.<\/li>\n<li><strong>Laialdane maitsete valik:<\/strong> Nautige mitmesuguseid hoolikalt valmistatud maitseid.<\/li>\n<\/ul>\n<p><iframe title=\"VideoPressi videom\u00e4ngija\" aria-label='VideoPressi videom\u00e4ngija' width='1020' height='574' src='https:\/\/videopress.com\/embed\/5n4svF8i?hd=0&amp;cover=1' frameborder='0' allowfullscreen allow='clipboard-write'><\/iframe><script src='https:\/\/v0.wordpress.com\/js\/next\/videopress-iframe.js?m=1739540970'><\/script><\/p>\n<h3>\u00dcksikasjalikud omadused:<\/h3>\n<h4>Kahe v\u00f5rguga m\u00e4hise tehnoloogia<\/h4>\n<p>Fizzy Nova 20000 Puffs kasutab t\u00e4iustatud topeltv\u00f5rguga m\u00e4hise tehnoloogiat, mis tagab suurema pindala, mis tagab parema maitse ja aurutootmise. See tagab j\u00e4rjepidevalt rahuldust pakkuva aurustamiskogemuse esimesest kuni viimase paugutuseni.<\/p>\n<h4>Eco &amp; Turbo re\u017eiimid<\/h4>\n<p>Kohandage oma aurutamissessioone Fizzy Nova ainulaadsete Eco- ja Turbo-re\u017eiimidega. Eco-re\u017eiim optimeerib aku kestvust ja e-vedeliku tarbimist pikemaks ajaks, samas kui Turbo-re\u017eiim pakub intensiivsemat ja j\u00f5ulisemat aurustamiskogemust.<\/p>\n<h4>850mAh laetav aku<\/h4>\n<p>Fizzy Nova 20000 Puffs on varustatud v\u00f5imsa 850mAh akuga, mis tagab pikaajalise j\u00f5udluse, v\u00f5imaldades teil nautida oma vampiiri ilma sagedase laadimiseta.<\/p>\n<h4>Indikaatoritega LCD-ekraan<\/h4>\n<p>Integreeritud LCD-ekraan annab reaalajas teavet aku kestuse ja e-vedeliku taseme kohta, tagades, et olete alati valmis ja ei j\u00e4\u00e4 kunagi ootamatult h\u00e4tta.<\/p>\n<h4>Premium metallist k\u00e4sit\u00f6\u00f6<\/h4>\n<p>Kvaliteetsest metallist valmistatud Fizzy Nova 20000 Puffs on elegantse ja stiilse disainiga, mis on nii vastupidav kui ka visuaalselt atraktiivne.<\/p>\n<h3>Tutvu meie laia maitsete valikuga:<\/h3>\n<ul>\n<li><strong>Puuviljased r\u00f5\u00f5mud:<\/strong> Sidrun Lime, segatud marjad, maasikas kiivi, arbuus, maasikas, mustikas, viinamarja, vaarikas sidrun, ananass virsik passion puuvilja, kiivi passion puuvilja guava<\/li>\n<li><strong>Magusad tunded:<\/strong> Fizzy Cherry, Pink Lemonade, Peach, Blueberry Coconut<\/li>\n<li><strong>Hapukas ja v\u00e4rskendav:<\/strong> Hapu \u00f5un<\/li>\n<\/ul>\n<h3>Miks valida AiviouVape hulgi hulgim\u00fc\u00fcgiks?<\/h3>\n<ul>\n<li><strong>Suurim veebip\u00f5hine hulgim\u00fc\u00fcgiplatvorm:<\/strong> Teenindame Madalmaades, Saksamaal, Belgias ja Hispaanias.<\/li>\n<li><strong>Konkurentsiv\u00f5imeline hulgihinnakujundus:<\/strong> Maksimeerige oma kasumimarginaalid meie atraktiivsete hulgim\u00fc\u00fcgihindadega.<\/li>\n<li><strong>Kiire ja usaldusv\u00e4\u00e4rne saatmine:<\/strong> Tagage \u00f5igeaegne tarne, et t\u00e4ita oma klientide n\u00f5udmisi.<\/li>\n<li><strong>Suurep\u00e4rane klienditugi:<\/strong> Meie meeskond on p\u00fchendunud erakordse teenuse pakkumisele.<\/li>\n<li><strong>Originaaltooted tehases:<\/strong> Tagage oma klientidele k\u00f5rgeim kvaliteet ja autentsus.<\/li>\n<\/ul>\n<p>Tere tulemast oma Fizzy Nova 20000 Puffs lahtiselt tellima sellel lehek\u00fcljel ja t\u00f5stke oma vape-toodete pakkumisi!<\/p>","protected":false},"excerpt":{"rendered":"<p>Fizzy Nova 20000 Puffs! Koos <strong data-start=\"457\" data-end=\"476\">kahe v\u00f5rguga m\u00e4hised<\/strong> t\u00e4iustatud maitse, a <strong>madala nikotiinisisaldusega valemiga<\/strong> sujuvamateks tabamusteks ja <strong data-start=\"550\" data-end=\"570\">selge LCD ekraan<\/strong> aku ja e-vedeliku taseme j\u00e4lgimiseks. See laetav \u00fchekordselt kasutatav vape sobib ideaalselt hulgiostjatele, kes otsivad kvaliteetseid ja hulgihinnaga v\u00f5imalusi.<\/p>","protected":false},"featured_media":30095,"comment_status":"open","ping_status":"closed","template":"","meta":[],"product_brand":[248],"product_cat":[129,223],"product_tag":[],"class_list":{"0":"post-30076","1":"product","2":"type-product","3":"status-publish","4":"has-post-thumbnail","6":"product_brand-fizzy","7":"product_cat-20000-puffs-disposable-vape","8":"product_cat-fizzy","10":"first","11":"instock","12":"shipping-taxable","13":"purchasable","14":"product-type-variable","15":"has-default-attributes"},"jetpack_sharing_enabled":true,"tiered_pricing_type":"fixed","tiered_pricing_fixed_rules":{"200":6.5999999999999996447286321199499070644378662109375,"500":5.9000000000000003552713678800500929355621337890625},"tiered_pricing_product_settings":{"layout":"default","base_unit_name":{"singular":null,"plural":null},"default_variation":null},"tiered_pricing_minimum_quantity":100,"tiered_pricing_roles_data":[],"tiered_pricing_percentage_rules":[],"tiered_pricing_maximum_quantity":null,"tiered_pricing_quantity_step":"10","_links":{"self":[{"href":"https:\/\/aiviouvapes.com\/et\/wp-json\/wp\/v2\/product\/30076","targetHints":{"allow":["GET"]}}],"collection":[{"href":"https:\/\/aiviouvapes.com\/et\/wp-json\/wp\/v2\/product"}],"about":[{"href":"https:\/\/aiviouvapes.com\/et\/wp-json\/wp\/v2\/types\/product"}],"replies":[{"embeddable":true,"href":"https:\/\/aiviouvapes.com\/et\/wp-json\/wp\/v2\/comments?post=30076"}],"wp:featuredmedia":[{"embeddable":true,"href":"https:\/\/aiviouvapes.com\/et\/wp-json\/wp\/v2\/media\/30095"}],"wp:attachment":[{"href":"https:\/\/aiviouvapes.com\/et\/wp-json\/wp\/v2\/media?parent=30076"}],"wp:term":[{"taxonomy":"product_brand","embeddable":true,"href":"https:\/\/aiviouvapes.com\/et\/wp-json\/wp\/v2\/product_brand?post=30076"},{"taxonomy":"product_cat","embeddable":true,"href":"https:\/\/aiviouvapes.com\/et\/wp-json\/wp\/v2\/product_cat?post=30076"},{"taxonomy":"product_tag","embeddable":true,"href":"https:\/\/aiviouvapes.com\/et\/wp-json\/wp\/v2\/product_tag?post=30076"}],"curies":[{"name":"wp","href":"https:\/\/api.w.org\/{rel}","templated":true}]}}