{"id":29120,"date":"2025-02-21T15:04:17","date_gmt":"2025-02-21T07:04:17","guid":{"rendered":"https:\/\/aiviouvapes.com\/?post_type=product&#038;p=29120"},"modified":"2026-04-24T12:54:31","modified_gmt":"2026-04-24T04:54:31","slug":"mystery-vape-blind-box","status":"publish","type":"product","link":"https:\/\/aiviouvapes.com\/et\/product\/mystery-vape-blind-box\/","title":{"rendered":"Salap\u00e4rane \u00fchekordselt kasutatav Vape Box - \u00fcllatuspakett julgeile!"},"content":{"rendered":"<p>Valmistuge p\u00f5nevaks seikluseks meie <strong>Salap\u00e4rane \u00fchekordselt kasutatav Vape Box<\/strong>, kus iga lahtipakkimine toob kaasa meeldiva \u00fcllatuse. Seest leiad hoolikalt kureeritud valiku e-sigareti maitseid, mis ulatuvad aegumatutest klassikutest julgete eksootiliste segudeni. \u00dcksk\u00f5ik, kas soovid v\u00e4rskendavaid, ergutavaid noote v\u00f5i rikkalikku, rahuldustpakkuvat intensiivsust, iga karp pakub uut maitseelamust, mis paneb sind tagasi tulema, et saada rohkem.<\/p>\n<p>Ideaalne seiklushimulisele vaperile v\u00f5i k\u00f5igile, kes armastavad \u00fcllatusostude p\u00f5nevust, on see <strong>Salap\u00e4rane \u00fchekordselt kasutatav Vape Box<\/strong> seisneb uute, juhuslikult valitud maitsete avastamise p\u00f5nevuses. Iga puff on ootamatu teekond!<\/p>\n<h3>Kuidas salap\u00e4rane kast t\u00f6\u00f6tab<\/h3>\n<p>Ole valmis \u00fclimaks vape-seikluseks meie <strong>Salap\u00e4rane \u00fchekordselt kasutatav Vape Box<\/strong>! Iga karp sisaldab 10 k\u00f5rgekvaliteedilist \u00fchekordset aurustit, mis on pakitud p\u00f5nevate ja mitmekesiste maitsetega. Kuigi me ei saa garanteerida konkreetseid maitseid, v\u00f5ite oodata p\u00f5nevat \u00fcllatust igas karbis, sealhulgas selliseid populaarseid mudeleid nagu <strong>WASPE,UWIN,ELF-WORLD,VOPK,Randm,MRVI<\/strong>\u00a0- \u00fcle 100 unikaalse maitseprofiili, mida uurida!<\/p>\n<ul>\n<li><strong>K\u00f5ik m\u00fc\u00fcgitehingud on l\u00f5plikud<\/strong>: Toote olemuse t\u00f5ttu ei saa me pakkuda tagasimakseid ega vahetusi, v\u00e4lja arvatud juhul, kui tootega on kvaliteediprobleem.<\/li>\n<li><strong>Tasuta kohaletoimetamine<\/strong>: Nautige tasuta kohaletoimetamist k\u00f5igile tellimustele <strong>Salap\u00e4rane \u00fchekordselt kasutatav Vape Box<\/strong>.<\/li>\n<li><strong>Vanuse n\u00f5ue<\/strong>: Selle toote ostmiseks ja kasutamiseks peavad kliendid olema oma jurisdiktsioonis seaduslikus suitsetamiseas.<\/li>\n<li>Ostes <strong>Salap\u00e4rane \u00fchekordselt kasutatav Vape Box<\/strong>n\u00f5ustute k\u00e4esolevate tingimustega.<\/li>\n<\/ul>\n<h3>Saatmismeetodid<\/h3>\n<p>Teeme koost\u00f6\u00f6d usaldusv\u00e4\u00e4rsete vedajatega nagu UPS, DHL, FedEx ja DPD, et tagada teie tellimuse kiire kohaletoimetamine. Kiireima ja usaldusv\u00e4\u00e4rseima teenuse tagamiseks valitakse tarneviis vastavalt teie kohaletoimetamise asukohale.<\/p>\n<ul>\n<li><strong>Euroopa riigid<\/strong>: Tavaliselt tarnitakse 12-15 p\u00e4eva jooksul.<\/li>\n<li><strong>Ameerika \u00dchendriigid<\/strong>: Tavaliselt saabub 10 p\u00e4eva jooksul.<\/li>\n<li><strong>Reaalajas j\u00e4lgimine<\/strong>: Me hoiame teid kursis logistilise teabe reaalajas igal sammul.<\/li>\n<\/ul>\n<p>V\u00f5ite olla kindel, et me tegeleme teie nimel k\u00f5igi tollivormistusprotseduuridega, tagades sujuva ja muretut asjaajamist. Lisaks ei rakendata mingeid t\u00e4iendavaid maksumakse ja me garanteerime, et <strong>100% meie tooted l\u00e4bivad tollivormistuse<\/strong>.<\/p>\n<style>.tier-pricing-summary-table {display:none !important}<br \/>.mysterybox1 {display:none}<br \/><\/style>","protected":false},"excerpt":{"rendered":"<p>Avage \u00fclim vape \u00fcllatus koos meie <strong>Salap\u00e4rane \u00fchekordselt kasutatav Vape Box<\/strong> - saadaval n\u00fc\u00fcd v\u00f5itmatu allahindlusega, kupongikoodi pole vaja! Pakitud <strong>10 premium \u00fchekordselt kasutatavat aurustit<\/strong>, igas karbis on p\u00f5nevate maitsete segu, sealhulgas sellised lemmikud nagu <strong>WASPE, UWIN, ELFWORLD, VOPK, Randm, MRVI<\/strong>. Iga puff toob uue seikluse, kus on \u00fcle 100 erineva maitseprofiili, mida avastada!<\/p>","protected":false},"featured_media":29126,"comment_status":"open","ping_status":"closed","template":"","meta":[],"product_brand":[],"product_cat":[133,280],"product_tag":[306,308,303,305,304,302],"class_list":{"0":"post-29120","1":"product","2":"type-product","3":"status-publish","4":"has-post-thumbnail","6":"product_cat-disposable-vapes-in-europe","7":"product_cat-cheap-rechargeable-disposable-vapes","8":"product_tag-best-disposable-vapes","9":"product_tag-disposable-vape-in-europe","10":"product_tag-screen-vape","11":"product_tag-vape-suppliers","12":"product_tag-wholesale-vapes","13":"product_tag-wholesale-vapor","15":"first","16":"instock","17":"sale","18":"shipping-taxable","19":"purchasable","20":"product-type-simple"},"jetpack_sharing_enabled":true,"tiered_pricing_type":"fixed","tiered_pricing_fixed_rules":[],"tiered_pricing_product_settings":{"layout":"default","base_unit_name":{"singular":null,"plural":null},"default_variation":null},"tiered_pricing_minimum_quantity":null,"tiered_pricing_roles_data":[],"tiered_pricing_percentage_rules":[],"tiered_pricing_maximum_quantity":null,"tiered_pricing_quantity_step":null,"_links":{"self":[{"href":"https:\/\/aiviouvapes.com\/et\/wp-json\/wp\/v2\/product\/29120","targetHints":{"allow":["GET"]}}],"collection":[{"href":"https:\/\/aiviouvapes.com\/et\/wp-json\/wp\/v2\/product"}],"about":[{"href":"https:\/\/aiviouvapes.com\/et\/wp-json\/wp\/v2\/types\/product"}],"replies":[{"embeddable":true,"href":"https:\/\/aiviouvapes.com\/et\/wp-json\/wp\/v2\/comments?post=29120"}],"wp:featuredmedia":[{"embeddable":true,"href":"https:\/\/aiviouvapes.com\/et\/wp-json\/wp\/v2\/media\/29126"}],"wp:attachment":[{"href":"https:\/\/aiviouvapes.com\/et\/wp-json\/wp\/v2\/media?parent=29120"}],"wp:term":[{"taxonomy":"product_brand","embeddable":true,"href":"https:\/\/aiviouvapes.com\/et\/wp-json\/wp\/v2\/product_brand?post=29120"},{"taxonomy":"product_cat","embeddable":true,"href":"https:\/\/aiviouvapes.com\/et\/wp-json\/wp\/v2\/product_cat?post=29120"},{"taxonomy":"product_tag","embeddable":true,"href":"https:\/\/aiviouvapes.com\/et\/wp-json\/wp\/v2\/product_tag?post=29120"}],"curies":[{"name":"wp","href":"https:\/\/api.w.org\/{rel}","templated":true}]}}