{"id":2719,"date":"2024-08-17T03:11:51","date_gmt":"2024-08-17T03:11:51","guid":{"rendered":"https:\/\/aiviouvapes.com\/?post_type=product&#038;p=2719"},"modified":"2026-03-17T10:47:23","modified_gmt":"2026-03-17T02:47:23","slug":"bang-vape-20000-puffs-bang-box-nicotine-led-display-rechargeable-bulk-buy-disposable-vape-wholesale","status":"publish","type":"product","link":"https:\/\/aiviouvapes.com\/et\/product\/bang-vape-20000-puffs-bang-box-nicotine-led-display-rechargeable-bulk-buy-disposable-vape-wholesale\/","title":{"rendered":"Bang King 20000 Puffs | dual mesh 0%-5% nikotiin, LED ekraan, lahtiselt \u00fchekordselt kasutatav vape"},"content":{"rendered":"<h2>Bang King Dual Mesh 20000 puffs | 0% 2% 3% 5% nikotiini LED ekraan laetav lahtiselt osta \u00fchekordselt vape hulgim\u00fc\u00fck<\/h2>\n<h3>Bang Vape 20000 Puffs \u00fclevaade ja funktsioonid<\/h3>\n<p>Kauakestvaks t\u00f6\u00f6ks loodud Bang Vape 20000 Puffs on m\u00f5eldud veipivatele, kes otsivad nii kvantiteeti kui ka kvaliteeti. Muljetavaldava 20 000 pahvi ja 25 ml e-vedeliku mahuga seade v\u00e4hendab sagedaste t\u00e4itmiste vajadust, pakkudes sujuvat ja nauditavat kogemust. 650 mAh aku toitel ja C-t\u00fc\u00fcpi laadimisega varustatud Bang Vape v\u00f5imaldab kiiret ja t\u00f5husat laadimist. Selle LED-digitaalne ekraan pakub reaalajas v\u00e4rskendusi aku t\u00f6\u00f6ea ja pahvide arvu kohta, lisades t\u00e4iendava mugavuse. Saadaval nikotiinisisaldusega 0%, 2%, 3% ja 5%, see on loodud vastama erinevatele eelistustele.<\/p>\n<ul>\n<li><strong>Kuni 20,000 puffid<\/strong>: tagab pikema kasutuse minimaalsete katkestustega.<\/li>\n<li><strong>25ml E-vedeliku maht<\/strong>: Suurep\u00e4rase suurusega, et v\u00e4hendada t\u00e4itmissagedust.<\/li>\n<li><strong>650mAh aku<\/strong>: tagab usaldusv\u00e4\u00e4rse v\u00f5imsuse ja kogu p\u00e4eva j\u00f5udluse.<\/li>\n<li><strong>Nikotiini valikud<\/strong>: Saadaval 0%, 2%, 3% ja 5%, mis on kohandatud vastavalt eelistustele.<\/li>\n<li><strong>0,8\u03a9 v\u00f5rgusilma m\u00e4his<\/strong>: Parandab maitset ja auru sujuvust.<\/li>\n<li><strong>LED ekraan<\/strong>: J\u00e4lgige h\u00f5lpsalt aku kasutusaega ja pahtelduste arvu mugavaks aurustamise kogemuseks.<\/li>\n<\/ul>\n<h3>Laos olevad Bang Vape 20000 Puffs Flavors:<\/h3>\n<p>M\u00fcnt, maasika-lit\u0161i, maasika kiivi, maasikaarbuus, Red Bull, puuviljasegud, mustikaj\u00e4\u00e4, mustikavaarikas, mustikaarbuus, viinamarjaj\u00e4\u00e4, virsikuj\u00e4\u00e4, arbuus, vaarika arbuus, maasika mango, topelt\u00f5un, mango virsiku arbuus.<\/p>\n<h3>Miks valida Bang Vape 20000 pihustid?<\/h3>\n<p>Bang Vape 20000 Puffs pakub suure v\u00f5imsusega aurutamiskogemust laia maitsevaliku ja t\u00e4iustatud funktsioonidega, nagu digitaalne ekraan ja 0,8 \u03a9 v\u00f5rgusilma m\u00e4his. Selle kompaktne, kuid v\u00f5imas disain koos C-t\u00fc\u00fcpi laadimise mugavusega teeb sellest parima valiku liikvel olles. Jaem\u00fc\u00fcjatele ja edasim\u00fc\u00fcjatele ideaalne Bang Vape pakub erakordset v\u00e4\u00e4rtust ja kvaliteeti, tagades rahulolu iga pahviga. Saadaval hulgim\u00fc\u00fcgiks, see on mitmek\u00fclgne valik nii uutele kui ka maitsestatud veipidele, kes otsivad esmaklassilist toodet.<\/p>\n<p><img data-recalc-dims=\"1\" loading=\"lazy\" decoding=\"async\" class=\"alignnone wp-image-7378 size-full\" title=\"Bang Vape 20000 Puffs 0% 2% 3% 5% Bang box nikotiini LED ekraan laetav Bulk osta \u00fchekordselt Vape hulgi\" src=\"https:\/\/i0.wp.com\/aiviouvapes.com\/wp-content\/uploads\/2024\/08\/mmexport1709033658372.jpg?resize=1020%2C2038&#038;ssl=1\" alt=\"Bang Vape 20000 Puffs 0% 2% 3% 5% Bang box nikotiini LED ekraan laetav Bulk osta \u00fchekordselt Vape hulgi\" width=\"1020\" height=\"2038\" srcset=\"https:\/\/i0.wp.com\/aiviouvapes.com\/wp-content\/uploads\/2024\/08\/mmexport1709033658372.jpg?w=1080&amp;ssl=1 1080w, https:\/\/i0.wp.com\/aiviouvapes.com\/wp-content\/uploads\/2024\/08\/mmexport1709033658372.jpg?resize=150%2C300&amp;ssl=1 150w, https:\/\/i0.wp.com\/aiviouvapes.com\/wp-content\/uploads\/2024\/08\/mmexport1709033658372.jpg?resize=512%2C1024&amp;ssl=1 512w, https:\/\/i0.wp.com\/aiviouvapes.com\/wp-content\/uploads\/2024\/08\/mmexport1709033658372.jpg?resize=768%2C1535&amp;ssl=1 768w, https:\/\/i0.wp.com\/aiviouvapes.com\/wp-content\/uploads\/2024\/08\/mmexport1709033658372.jpg?resize=769%2C1536&amp;ssl=1 769w, https:\/\/i0.wp.com\/aiviouvapes.com\/wp-content\/uploads\/2024\/08\/mmexport1709033658372.jpg?resize=1025%2C2048&amp;ssl=1 1025w, https:\/\/i0.wp.com\/aiviouvapes.com\/wp-content\/uploads\/2024\/08\/mmexport1709033658372.jpg?resize=6%2C12&amp;ssl=1 6w, https:\/\/i0.wp.com\/aiviouvapes.com\/wp-content\/uploads\/2024\/08\/mmexport1709033658372.jpg?resize=800%2C1599&amp;ssl=1 800w\" sizes=\"auto, (max-width: 1020px) 100vw, 1020px\" \/><\/p>\n<h3>Miks valida AiviouVapes?<\/h3>\n<p>Tere tulemast <a href=\"https:\/\/aiviouvapes.com\/et\/\">AiviouVapes<\/a> - teie usaldusv\u00e4\u00e4rne allikas premium, taskukohase <a href=\"https:\/\/aiviouvapes.com\/et\/shop\/\">hulgim\u00fc\u00fck \u00fchekordsed vapid<\/a> t\u00f5eliselt madalate hindadega. Omades \u00fcle viie aasta kogemust vape-t\u00f6\u00f6stuses, pakume uhkusega k\u00e4sitsi valitud valikut juhtivaid kaubam\u00e4rke, sealhulgas <a href=\"https:\/\/aiviouvapes.com\/et\/tootekategooria\/waspe\/\">WASPE<\/a>, <a href=\"https:\/\/aiviouvapes.com\/et\/tootekategooria\/bang\/\">Bang Vape<\/a>, <a href=\"https:\/\/aiviouvapes.com\/et\/tootekategooria\/vapme-vapes\/\">Vapme<\/a>ja <a href=\"https:\/\/aiviouvapes.com\/et\/tootekategooria\/mrvi\/\">MRVI<\/a>.<\/p>\n<p>Alates k\u00f5rge paisuga seadmetest nagu <a href=\"https:\/\/aiviouvapes.com\/et\/toode\/waspe-4-in-1-100000-puffs\/\">WASPE 100K 4-in-1 maitse<\/a> julgeid lemmikuid, nagu n\u00e4iteks <a href=\"https:\/\/aiviouvapes.com\/et\/toode\/bang-king-triple-flavors-85000\/\">Bang 85,000 Triple Puff<\/a>, ja isegi p\u00f5nevat <a class=\"woocommerce-LoopProduct-link woocommerce-loop-product__link\" href=\"https:\/\/aiviouvapes.com\/et\/toode\/mystery-vape-blind-box\/\">Salap\u00e4rane \u00fchekordselt kasutatav Vape Box<\/a>, iga toode on valitud parima kvaliteedi ja \u00fcletamatu hinna j\u00e4rgi. AiviouVapes'is saate nautida suurep\u00e4rast teenindust, hulgim\u00fc\u00fcgi kokkuhoidu ja kollektsiooni, mis on m\u00f5eldud teie aurutamisvajadustele.<\/p>\n<div class=\"row row-large row-full-width align-middle\"  id=\"row-1211393080\">\n\n\n\t<div id=\"col-266783797\" class=\"col medium-3 small-6 large-3\"  >\n\t\t\t\t<div class=\"col-inner text-center\"  >\n\t\t\t\n\t\t\t\n\n\n\t\t<div class=\"icon-box featured-box icon-box-top text-left\"  >\n\t\t\t\t\t<div class=\"icon-box-img\" style=\"width: 90px\">\n\t\t\t\t<div class=\"icon\">\n\t\t\t\t\t<div class=\"icon-inner\" >\n\t\t\t\t\t\t<img loading=\"lazy\" decoding=\"async\" width=\"200\" height=\"200\" src=\"https:\/\/i0.wp.com\/aiviouvapes.com\/wp-content\/uploads\/2024\/08\/vape-1-1.png?fit=200%2C200&amp;ssl=1\" class=\"attachment-medium size-medium\" alt=\"Miks valida AIVIOUVAPES\" srcset=\"https:\/\/i0.wp.com\/aiviouvapes.com\/wp-content\/uploads\/2024\/08\/vape-1-1.png?w=200&amp;ssl=1 200w, https:\/\/i0.wp.com\/aiviouvapes.com\/wp-content\/uploads\/2024\/08\/vape-1-1.png?resize=150%2C150&amp;ssl=1 150w, https:\/\/i0.wp.com\/aiviouvapes.com\/wp-content\/uploads\/2024\/08\/vape-1-1.png?resize=12%2C12&amp;ssl=1 12w, https:\/\/i0.wp.com\/aiviouvapes.com\/wp-content\/uploads\/2024\/08\/vape-1-1.png?resize=100%2C100&amp;ssl=1 100w\" sizes=\"auto, (max-width: 200px) 100vw, 200px\" title=\"\">\t\t\t\t\t<\/div>\n\t\t\t\t<\/div>\n\t\t\t<\/div>\n\t\t\t\t<div class=\"icon-box-text last-reset\">\n\t\t\t\t\t\t\t\t\t\n\n\t<div id=\"text-4205480959\" class=\"text\">\n\t\t\n\n<h3 style=\"text-align: center;\">Lai valik Vape&#039;i<\/h3>\n<p style=\"text-align: center;\">Tutvuge meie laia tootevalikuga, mis on loodud vastavalt igale eelistusele.<\/p>\n\t\t\n<style>\n#text-4205480959 {\n  font-size: 0.9rem;\n}\n<\/style>\n\t<\/div>\n\t\n\n\t\t<\/div>\n\t<\/div>\n\t\n\t\n\n\t\t<\/div>\n\t\t\t\t\t<\/div>\n\n\t\n\n\t<div id=\"col-1161332267\" class=\"col medium-3 small-6 large-3\"  >\n\t\t\t\t<div class=\"col-inner text-center\"  >\n\t\t\t\n\t\t\t\n\n\n\t\t<div class=\"icon-box featured-box icon-box-top text-left\"  >\n\t\t\t\t\t<div class=\"icon-box-img\" style=\"width: 90px\">\n\t\t\t\t<div class=\"icon\">\n\t\t\t\t\t<div class=\"icon-inner\" >\n\t\t\t\t\t\t<img loading=\"lazy\" decoding=\"async\" width=\"200\" height=\"200\" src=\"https:\/\/i0.wp.com\/aiviouvapes.com\/wp-content\/uploads\/2024\/08\/save-money-1-1-1.png?fit=200%2C200&amp;ssl=1\" class=\"attachment-medium size-medium\" alt=\"Miks valida AIVIOUVAPES\" srcset=\"https:\/\/i0.wp.com\/aiviouvapes.com\/wp-content\/uploads\/2024\/08\/save-money-1-1-1.png?w=200&amp;ssl=1 200w, https:\/\/i0.wp.com\/aiviouvapes.com\/wp-content\/uploads\/2024\/08\/save-money-1-1-1.png?resize=150%2C150&amp;ssl=1 150w, https:\/\/i0.wp.com\/aiviouvapes.com\/wp-content\/uploads\/2024\/08\/save-money-1-1-1.png?resize=12%2C12&amp;ssl=1 12w, https:\/\/i0.wp.com\/aiviouvapes.com\/wp-content\/uploads\/2024\/08\/save-money-1-1-1.png?resize=100%2C100&amp;ssl=1 100w\" sizes=\"auto, (max-width: 200px) 100vw, 200px\" title=\"\">\t\t\t\t\t<\/div>\n\t\t\t\t<\/div>\n\t\t\t<\/div>\n\t\t\t\t<div class=\"icon-box-text last-reset\">\n\t\t\t\t\t\t\t\t\t\n\n\t<div id=\"text-536450292\" class=\"text\">\n\t\t\n\n<h3 style=\"text-align: center;\">V\u00f5itmatu v\u00e4\u00e4rtus<\/h3>\n<p style=\"text-align: center;\">Nautige tippkvaliteediga tooteid teie eelarvele vastavate hindadega.<\/p>\n\t\t\n<style>\n#text-536450292 {\n  font-size: 0.9rem;\n}\n<\/style>\n\t<\/div>\n\t\n\n\t\t<\/div>\n\t<\/div>\n\t\n\t\n\n\t\t<\/div>\n\t\t\t\t\t<\/div>\n\n\t\n\n\t<div id=\"col-2062513095\" class=\"col medium-3 small-6 large-3\"  >\n\t\t\t\t<div class=\"col-inner text-center\"  >\n\t\t\t\n\t\t\t\n\n\n\t\t<div class=\"icon-box featured-box icon-box-top text-left\"  >\n\t\t\t\t\t<div class=\"icon-box-img\" style=\"width: 90px\">\n\t\t\t\t<div class=\"icon\">\n\t\t\t\t\t<div class=\"icon-inner\" >\n\t\t\t\t\t\t<img loading=\"lazy\" decoding=\"async\" width=\"200\" height=\"200\" src=\"https:\/\/i0.wp.com\/aiviouvapes.com\/wp-content\/uploads\/2024\/08\/delivery-truck-1-1.png?fit=200%2C200&amp;ssl=1\" class=\"attachment-medium size-medium\" alt=\"Miks valida AIVIOUVAPES\" srcset=\"https:\/\/i0.wp.com\/aiviouvapes.com\/wp-content\/uploads\/2024\/08\/delivery-truck-1-1.png?w=200&amp;ssl=1 200w, https:\/\/i0.wp.com\/aiviouvapes.com\/wp-content\/uploads\/2024\/08\/delivery-truck-1-1.png?resize=150%2C150&amp;ssl=1 150w, https:\/\/i0.wp.com\/aiviouvapes.com\/wp-content\/uploads\/2024\/08\/delivery-truck-1-1.png?resize=12%2C12&amp;ssl=1 12w, https:\/\/i0.wp.com\/aiviouvapes.com\/wp-content\/uploads\/2024\/08\/delivery-truck-1-1.png?resize=100%2C100&amp;ssl=1 100w\" sizes=\"auto, (max-width: 200px) 100vw, 200px\" title=\"\">\t\t\t\t\t<\/div>\n\t\t\t\t<\/div>\n\t\t\t<\/div>\n\t\t\t\t<div class=\"icon-box-text last-reset\">\n\t\t\t\t\t\t\t\t\t\n\n\t<div id=\"text-2150847661\" class=\"text\">\n\t\t\n\n<h3 style=\"text-align: center;\">Kiire \u00fclemaailmne saatmine<\/h3>\n<p style=\"text-align: center;\">Sujuva kogemuse tagamiseks tarnime kogu maailmas garanteeritud tollivormistusega.<\/p>\n\t\t\n<style>\n#text-2150847661 {\n  font-size: 0.9rem;\n}\n<\/style>\n\t<\/div>\n\t\n\n\t\t<\/div>\n\t<\/div>\n\t\n\t\n\n\t\t<\/div>\n\t\t\t\t\t<\/div>\n\n\t\n\n\t<div id=\"col-1307997900\" class=\"col medium-3 small-6 large-3\"  >\n\t\t\t\t<div class=\"col-inner text-center\"  >\n\t\t\t\n\t\t\t\n\n\n\t\t<div class=\"icon-box featured-box icon-box-top text-left\"  >\n\t\t\t\t\t<div class=\"icon-box-img\" style=\"width: 90px\">\n\t\t\t\t<div class=\"icon\">\n\t\t\t\t\t<div class=\"icon-inner\" >\n\t\t\t\t\t\t<img loading=\"lazy\" decoding=\"async\" width=\"200\" height=\"200\" src=\"https:\/\/i0.wp.com\/aiviouvapes.com\/wp-content\/uploads\/2024\/08\/support-1-1.png?fit=200%2C200&amp;ssl=1\" class=\"attachment-medium size-medium\" alt=\"Miks valida AIVIOUVAPES\" srcset=\"https:\/\/i0.wp.com\/aiviouvapes.com\/wp-content\/uploads\/2024\/08\/support-1-1.png?w=200&amp;ssl=1 200w, https:\/\/i0.wp.com\/aiviouvapes.com\/wp-content\/uploads\/2024\/08\/support-1-1.png?resize=150%2C150&amp;ssl=1 150w, https:\/\/i0.wp.com\/aiviouvapes.com\/wp-content\/uploads\/2024\/08\/support-1-1.png?resize=12%2C12&amp;ssl=1 12w, https:\/\/i0.wp.com\/aiviouvapes.com\/wp-content\/uploads\/2024\/08\/support-1-1.png?resize=100%2C100&amp;ssl=1 100w\" sizes=\"auto, (max-width: 200px) 100vw, 200px\" title=\"\">\t\t\t\t\t<\/div>\n\t\t\t\t<\/div>\n\t\t\t<\/div>\n\t\t\t\t<div class=\"icon-box-text last-reset\">\n\t\t\t\t\t\t\t\t\t\n\n\t<div id=\"text-3933204934\" class=\"text\">\n\t\t\n\n<h3 style=\"text-align: center;\">\u00d6\u00f6p\u00e4evaringne abi<\/h3>\n<p style=\"text-align: center;\">V\u00f5tke meie tugimeeskonnaga \u00fchendust igal ajal, \u00f6\u00f6p\u00e4evaringselt, WhatsAppi v\u00f5i meili teel.<\/p>\n\t\t\n<style>\n#text-3933204934 {\n  font-size: 0.9rem;\n}\n<\/style>\n\t<\/div>\n\t\n\n\t\t<\/div>\n\t<\/div>\n\t\n\t\n\n\t\t<\/div>\n\t\t\t\t\t<\/div>\n\n\t\n\n<\/div>\n<div class=\"row row-full-width align-middle\"  id=\"row-2012080222\">\n\n\n\t<div id=\"col-578961596\" class=\"col medium-6 small-12 large-6\"  >\n\t\t\t\t<div class=\"col-inner\"  >\n\t\t\t\n\t\t\t\n\n\t<div class=\"img has-hover x md-x lg-x y md-y lg-y\" id=\"image_689675791\">\n\t\t\t\t\t\t\t\t<div class=\"img-inner dark\" >\n\t\t\t<img loading=\"lazy\" decoding=\"async\" width=\"930\" height=\"1024\" src=\"https:\/\/i0.wp.com\/aiviouvapes.com\/wp-content\/uploads\/2024\/08\/%E6%8B%BC%E5%9B%BE.jpg?fit=930%2C1024&amp;ssl=1\" class=\"attachment-large size-large\" alt=\"Miks valida AIVIOUVAPES\" title=\"\">\t\t\t\t\t\t\n\t\t\t\t\t<\/div>\n\t\t\t\t\t\t\t\t\n<style>\n#image_689675791 {\n  width: 100%;\n}\n<\/style>\n\t<\/div>\n\t\n\n\n\t\t<\/div>\n\t\t\t\t\t<\/div>\n\n\t\n\n\t<div id=\"col-1833365340\" class=\"col medium-6 small-12 large-6\"  >\n\t\t\t\t<div class=\"col-inner\"  >\n\t\t\t\n\t\t\t\n\n<div class=\"container section-title-container\" ><h4 class=\"section-title section-title-normal\"><b aria-hidden=\"true\"><\/b><span class=\"section-title-main\" style=\"font-size:91%;\">Meie eelised<\/span><b aria-hidden=\"true\"><\/b><\/h4><\/div>\n\n<div class=\"accordion\">\n\n\t<div id=\"accordion-1748141548\" class=\"accordion-item\">\n\t\t<a id=\"accordion-1748141548-label\" class=\"accordion-title plain\" href=\"#accordion-item-commitment-to-quality\" aria-expanded=\"false\" aria-controls=\"accordion-1748141548-content\">\n\t\t\t<button class=\"toggle\" aria-label=\"Toggle\"><i class=\"icon-angle-down\" aria-hidden=\"true\"><\/i><\/button>\n\t\t\t<span>Kohustus kvaliteedile<\/span>\n\t\t<\/a>\n\t\t<div id=\"accordion-1748141548-content\" class=\"accordion-inner\" aria-labelledby=\"accordion-1748141548-label\">\n\t\t\t\n\n<p>Kohal <a href=\"https:\/\/aiviouvapes.com\/et\/\">AiviouVape<\/a>, kvaliteet juhib k\u00f5ike, mida me teeme. Meie \u00fchekordselt kasutatavad aurusid on hoolikalt valmistatud ja rangelt testitud, et need vastaksid k\u00f5rgeimatele standarditele, tagades iga kord sujuva ja usaldusv\u00e4\u00e4rse aurustamiskogemuse. Kui oleme p\u00fchendunud nulldefektide ja kaebuste puudumisele, v\u00f5ite usaldada, et saate parima.<\/p>\n\n\t\t<\/div>\n\t<\/div>\n\t\n\t<div id=\"accordion-3605200444\" class=\"accordion-item\">\n\t\t<a id=\"accordion-3605200444-label\" class=\"accordion-title plain\" href=\"#accordion-item-diverse-range-of-products\" aria-expanded=\"false\" aria-controls=\"accordion-3605200444-content\">\n\t\t\t<button class=\"toggle\" aria-label=\"Toggle\"><i class=\"icon-angle-down\" aria-hidden=\"true\"><\/i><\/button>\n\t\t\t<span>Mitmek\u00fclgne tootevalik<\/span>\n\t\t<\/a>\n\t\t<div id=\"accordion-3605200444-content\" class=\"accordion-inner\" aria-labelledby=\"accordion-3605200444-label\">\n\t\t\t\n\n<p>Oleme uhked, et pakume laia valikut k\u00f5rgekvaliteedilisi \u00fchekordseid aurusid, mis sobivad igale eelistusele. Meie valikus on uusimatest uuendustest kuni pikaajaliste f\u00e4nnide lemmikuteni sellised usaldusv\u00e4\u00e4rsed kaubam\u00e4rgid nagu Waspe, Vapme, RandM Tornado, Bang Box, ELF Box ja Bang King. Kas otsite Vapme'i julgeid maitseid v\u00f5i RandM Tornado elegantset disaini, meie kollektsioon on loodud selleks, et aidata teil leida teie maitsele ja elustiilile sobivaim vape.<\/p>\n\n\n\t\t<\/div>\n\t<\/div>\n\t\n\t<div id=\"accordion-2953919997\" class=\"accordion-item\">\n\t\t<a id=\"accordion-2953919997-label\" class=\"accordion-title plain\" href=\"#accordion-item-wholesale-and-retail-solutions\" aria-expanded=\"false\" aria-controls=\"accordion-2953919997-content\">\n\t\t\t<button class=\"toggle\" aria-label=\"Toggle\"><i class=\"icon-angle-down\" aria-hidden=\"true\"><\/i><\/button>\n\t\t\t<span>Hulgi- ja jaem\u00fc\u00fcgilahendused<\/span>\n\t\t<\/a>\n\t\t<div id=\"accordion-2953919997-content\" class=\"accordion-inner\" aria-labelledby=\"accordion-2953919997-label\">\n\t\t\t\n\n<p>AiviouVape vastab nii jae- kui ka hulgim\u00fc\u00fcgiklientide n\u00f5udmistele, pakkudes iga kord erakordseid tooteid ja teenuseid. Kui olete meie jaoks uus, soovitame alustada v\u00e4ikese partiiga, et meie kvaliteeti omal nahal kogeda. Konkurentsiv\u00f5imelise hinna ja esmaklassiliste standarditega oleme \u00fchekordselt kasutatavate veipide t\u00f6\u00f6stuses usaldusv\u00e4\u00e4rne valik.\u00a0<\/p>\n\n\t\t<\/div>\n\t<\/div>\n\t\n\t<div id=\"accordion-2249869019\" class=\"accordion-item\">\n\t\t<a id=\"accordion-2249869019-label\" class=\"accordion-title plain\" href=\"#accordion-item-continuous-improvement\" aria-expanded=\"false\" aria-controls=\"accordion-2249869019-content\">\n\t\t\t<button class=\"toggle\" aria-label=\"Toggle\"><i class=\"icon-angle-down\" aria-hidden=\"true\"><\/i><\/button>\n\t\t\t<span>Pidev t\u00e4iustamine<\/span>\n\t\t<\/a>\n\t\t<div id=\"accordion-2249869019-content\" class=\"accordion-inner\" aria-labelledby=\"accordion-2249869019-label\">\n\t\t\t\n\n<p>AiviouVape&#039;i eristab meie p\u00fchendumus erakordsele klienditeenindusele. \u00dcksk\u00f5ik, kas vajate enne ostmist n\u00f5u v\u00f5i abi tellimisel, on meie meeskond alati saadaval WhatsAppi v\u00f5i meili teel. P\u00fc\u00fcame luua oma klientidega p\u00fcsivaid suhteid, tagades teie rahulolu igal sammul.<\/p>\n\n\t\t<\/div>\n\t<\/div>\n\t\n\t<div id=\"accordion-389270850\" class=\"accordion-item\">\n\t\t<a id=\"accordion-389270850-label\" class=\"accordion-title plain\" href=\"#accordion-item-quality-assurance\" aria-expanded=\"false\" aria-controls=\"accordion-389270850-content\">\n\t\t\t<button class=\"toggle\" aria-label=\"Toggle\"><i class=\"icon-angle-down\" aria-hidden=\"true\"><\/i><\/button>\n\t\t\t<span>Kvaliteedi tagamine<\/span>\n\t\t<\/a>\n\t\t<div id=\"accordion-389270850-content\" class=\"accordion-inner\" aria-labelledby=\"accordion-389270850-label\">\n\t\t\t\n\n<p>Meie p\u00fchendumus kvaliteedile ei k\u00f5iguta igal etapil \u2013 tootearenduses, tootmises, turunduses ja levitamises. Meie \u00fchekordselt kasutatavad vapid l\u00e4bivad ranged testid, et tagada nende mittetoksilisus, puhas ja erakordne maitse. See tipptasemele p\u00fchendumine moodustab meie ettev\u00f5ttekultuuri selgroo.<\/p>\n\n\t\t<\/div>\n\t<\/div>\n\t\n\t<div id=\"accordion-2233913154\" class=\"accordion-item\">\n\t\t<a id=\"accordion-2233913154-label\" class=\"accordion-title plain\" href=\"#accordion-item-efficient-logistics-and-delivery\" aria-expanded=\"false\" aria-controls=\"accordion-2233913154-content\">\n\t\t\t<button class=\"toggle\" aria-label=\"Toggle\"><i class=\"icon-angle-down\" aria-hidden=\"true\"><\/i><\/button>\n\t\t\t<span>T\u00f5hus logistika ja tarne<\/span>\n\t\t<\/a>\n\t\t<div id=\"accordion-2233913154-content\" class=\"accordion-inner\" aria-labelledby=\"accordion-2233913154-label\">\n\t\t\t\n\n<p>AiviouVape pakub t\u00f5husat logistikat ja kohaletoimetamist, sealhulgas DDP (Delivered Duty Paid) teenuseid, tagades sujuva tollivormistuse ilma tasude ja maksudeta. Kiire kohaletoimetamise ja erakordse klienditoega pakume sujuvat ja usaldusv\u00e4\u00e4rset kogemust, mis teeb meist selles valdkonnas usaldusv\u00e4\u00e4rse partneri.<\/p>\n\n\t\t<\/div>\n\t<\/div>\n\t\n\t<div id=\"accordion-4175367969\" class=\"accordion-item\">\n\t\t<a id=\"accordion-4175367969-label\" class=\"accordion-title plain\" href=\"#accordion-item-odm-and-oem-services\" aria-expanded=\"false\" aria-controls=\"accordion-4175367969-content\">\n\t\t\t<button class=\"toggle\" aria-label=\"Toggle\"><i class=\"icon-angle-down\" aria-hidden=\"true\"><\/i><\/button>\n\t\t\t<span>ODM ja OEM teenused<\/span>\n\t\t<\/a>\n\t\t<div id=\"accordion-4175367969-content\" class=\"accordion-inner\" aria-labelledby=\"accordion-4175367969-label\">\n\t\t\t\n\n<p>AiviouVapes pakub t\u00e4isteenuseid ODM (Original Design Manufacturing) ja OEM (Original Equipment Manufacturing) teenuseid. Kahe suure rajatise abil aitame klientidel kujundada unikaalseid tooteid ja pilkup\u00fc\u00fcdvaid pakendamise logosid. Pakume ka tasuta pakendi kujundamise juhiseid ja toetame kliente, kes pakivad oma tooteid ise, tagades nende kaubam\u00e4rgi turul s\u00e4ramise.<\/p>\n\n\t\t<\/div>\n\t<\/div>\n\t\n\n<\/div>\n\n\t\t<\/div>\n\t\t\t\t\t<\/div>\n\n\t\n\n<\/div>","protected":false},"excerpt":{"rendered":"<p>Bang Vape 20000 Puffs pakub kuni 20 000 pihustust, 25 ml e-vedelikku ja kiiret C-t\u00fc\u00fcpi laadimist. T\u00e4nu 0,8 \u03a9 v\u00f5rgusilma m\u00e4hisele ja kohandatavatele nikotiinitugevustele tagab see esmaklassilise, kauakestva ja maitseka aurustamiskogemuse. Ideaalne jae- ja hulgim\u00fc\u00fcgiks.<\/p>","protected":false},"featured_media":2732,"comment_status":"open","ping_status":"closed","template":"","meta":[],"product_brand":[239],"product_cat":[37,129,90,117,81,76,134,135,133,136,137,146,138,139,140,141,142,143,144,145,79,132,82],"product_tag":[],"class_list":{"0":"post-2719","1":"product","2":"type-product","3":"status-publish","4":"has-post-thumbnail","6":"product_brand-bang","7":"product_cat-bang","8":"product_cat-20000-puffs-disposable-vape","9":"product_cat-big-puffs-vapes","10":"product_cat-different-puffs-of-diposable-vapes","11":"product_cat-digital-box-vapes","12":"product_cat-disposable-vape-types","13":"product_cat-disposable-vapes-in-austria","14":"product_cat-disposable-vapes-in-belgium","15":"product_cat-disposable-vapes-in-europe","16":"product_cat-disposable-vapes-in-france","17":"product_cat-disposable-vapes-in-germany","18":"product_cat-disposable-vapes-in-hungary","19":"product_cat-disposable-vapes-in-ltaly","20":"product_cat-disposable-vapes-in-netherlands","21":"product_cat-disposable-vapes-in-norway","22":"product_cat-disposable-vapes-in-poland","23":"product_cat-disposable-vapes-in-portugal","24":"product_cat-disposable-vapes-in-spain","25":"product_cat-disposable-vapes-in-sweden","26":"product_cat-disposable-vapes-in-switzerland","27":"product_cat-dual-mesh-vapes","28":"product_cat-rechargeable-vapes","29":"product_cat-smart-screen-vapes","31":"first","32":"instock","33":"shipping-taxable","34":"purchasable","35":"product-type-variable","36":"has-default-attributes"},"jetpack_sharing_enabled":true,"tiered_pricing_type":"fixed","tiered_pricing_fixed_rules":{"30":7.2599999999999997868371792719699442386627197265625,"50":6.3499999999999996447286321199499070644378662109375,"100":5.57000000000000028421709430404007434844970703125,"200":5.30999999999999960920149533194489777088165283203125,"400":4.730000000000000426325641456060111522674560546875},"tiered_pricing_product_settings":{"layout":"default","base_unit_name":{"singular":null,"plural":null},"default_variation":null},"tiered_pricing_minimum_quantity":10,"tiered_pricing_roles_data":[],"tiered_pricing_percentage_rules":[],"tiered_pricing_maximum_quantity":null,"tiered_pricing_quantity_step":"10","_links":{"self":[{"href":"https:\/\/aiviouvapes.com\/et\/wp-json\/wp\/v2\/product\/2719","targetHints":{"allow":["GET"]}}],"collection":[{"href":"https:\/\/aiviouvapes.com\/et\/wp-json\/wp\/v2\/product"}],"about":[{"href":"https:\/\/aiviouvapes.com\/et\/wp-json\/wp\/v2\/types\/product"}],"replies":[{"embeddable":true,"href":"https:\/\/aiviouvapes.com\/et\/wp-json\/wp\/v2\/comments?post=2719"}],"wp:featuredmedia":[{"embeddable":true,"href":"https:\/\/aiviouvapes.com\/et\/wp-json\/wp\/v2\/media\/2732"}],"wp:attachment":[{"href":"https:\/\/aiviouvapes.com\/et\/wp-json\/wp\/v2\/media?parent=2719"}],"wp:term":[{"taxonomy":"product_brand","embeddable":true,"href":"https:\/\/aiviouvapes.com\/et\/wp-json\/wp\/v2\/product_brand?post=2719"},{"taxonomy":"product_cat","embeddable":true,"href":"https:\/\/aiviouvapes.com\/et\/wp-json\/wp\/v2\/product_cat?post=2719"},{"taxonomy":"product_tag","embeddable":true,"href":"https:\/\/aiviouvapes.com\/et\/wp-json\/wp\/v2\/product_tag?post=2719"}],"curies":[{"name":"wp","href":"https:\/\/api.w.org\/{rel}","templated":true}]}}