{"id":24616,"date":"2024-11-09T14:42:54","date_gmt":"2024-11-09T06:42:54","guid":{"rendered":"https:\/\/aiviouvapes.com\/?post_type=product&#038;p=24616"},"modified":"2025-12-30T17:14:46","modified_gmt":"2025-12-30T09:14:46","slug":"mrvi-winning-30k-puffs-2-5-nicotine-rechargeable-bulk-buy-disposable-vape-wholesale","status":"publish","type":"product","link":"https:\/\/aiviouvapes.com\/et\/product\/mrvi-winning-30k-puffs-2-5-nicotine-rechargeable-bulk-buy-disposable-vape-wholesale\/","title":{"rendered":"MRVI WINNING 30000 Puffs | 2%-5% nikotiin, 35mL, 800mAh, lahtiselt \u00fchekordselt kasutatav vape"},"content":{"rendered":"<p><iframe title=\"VideoPressi videom\u00e4ngija\" aria-label='VideoPressi videom\u00e4ngija' width='1020' height='574' src='https:\/\/videopress.com\/embed\/13e6MPsk?hd=0&amp;cover=1' frameborder='0' allowfullscreen allow='clipboard-write'><\/iframe><script src='https:\/\/v0.wordpress.com\/js\/next\/videopress-iframe.js?m=1739540970'><\/script><\/p>\n<h2><strong>MRVI WINNING 30K - 30,000 Puff \u00fchekordselt kasutatav Vape<\/strong><\/h2>\n<p>MRVI WINNING 30K \u00fchekordse kasutusega vape on konstrueeritud v\u00f5rratu aurustamiskogemuse saavutamiseks, pakkudes kuni uskumatu 30 000 puffi. Selle t\u00e4iustatud tehnoloogia tagab pikaajalise maitsemeeleolu, mist\u00f5ttu sobib see ideaalselt nii p\u00fchendunud aurutajatele kui ka uutele tulijatele.<\/p>\n<p>Suuremahulise 35mL e-vedelikumahuga ja 800mAh akuga MRVI WINNING 30K lubab sujuvat, katkematut aurutamisr\u00f5\u00f5mu. See sihvakas, kaasaskantav seade mahub h\u00f5lpsasti taskusse, mist\u00f5ttu sobib see ideaalselt koduseks kasutamiseks v\u00f5i aurustamiseks teel olles.<\/p>\n<p>MRVI WINNING 30K on varustatud k\u00f5rgekvaliteedilise v\u00f5rkpallist, mis pakub intensiivset ja rahuldustpakkuvat maitset iga t\u00f5mbega. Kohandage oma kogemust kahe nikotiinitugevuse valikuga - 2% ja 5% - ning nautige kiirlaadimisportist C-t\u00fc\u00fcpi mugavust, et seansside vahel oleks minimaalne seisakuaeg.<\/p>\n<h3>MRVI WINNING 30000 Puff Toote tipphetked:<\/h3>\n<ul>\n<li><strong>Puffide arv:<\/strong> Kuni 30 000 puffi pikemateks aurutussessioonideks<\/li>\n<li><strong>E-vedeliku mahutavus:<\/strong> 35mL, et oleks v\u00e4hem korduvt\u00e4itmisi ja rohkem aurutamisaega<\/li>\n<li><strong>Aku mahutavus:<\/strong> 800mAh pikaajalise j\u00f5udluse tagamiseks<\/li>\n<li><strong>Nikotiini tugevus:<\/strong> Valige 2% ja 5% vahel vastavalt oma eelistustele.<\/li>\n<li><strong>Laadimisport:<\/strong> C-t\u00fc\u00fcpi kiirlaadimine kiireks laadimiseks<\/li>\n<li><strong>V\u00f5rgum\u00e4histe tehnoloogia:<\/strong> Tasane, \u00fchtlane aur koos t\u00e4iustatud maitsekvaliteediga<\/li>\n<\/ul>\n<h3>MRVI WINNING 30000 Puff Saadaolevad maitsed:<\/h3>\n<p>Mustikas-vesimelon, kirss-tsitroon, Blue Razz Ice, segatud marjad, maasika j\u00e4\u00e4, arbuusij\u00e4\u00e4, mahlakas virsik, ananass-mango, viinamarjaj\u00e4\u00e4, hapu \u00f5un.<\/p>\n<p>Tutvu p\u00f5nevate maitsete valikuga, mis rahuldavad iga maitsemeelt, alates puuviljalistest lemmikutest nagu mustikas arbuus ja mahlakas virsik kuni j\u00e4iste valikuteni nagu maasikaj\u00e4\u00e4tis ja viinamarjaj\u00e4\u00e4tis. Iga maitse on hoolikalt koostatud, et pakkuda rikkalikku ja nauditavat elamust.<\/p>\n<h3>MRVI WINNING 30000 Puff Bulk &amp; individuaalne ostuv\u00f5imalus:<\/h3>\n<p>MRVI WINNING 30000 Puff on ideaalne valik k\u00f5igile, kes otsivad pikaealisust, kvaliteeti ja laia maitsete valikut. Pakkudes kuni 30 000 puffi, kiiret Type-C laadimist ja usaldusv\u00e4\u00e4rset j\u00f5udlust, pakub see esmaklassiline vape erakordset v\u00e4\u00e4rtust ja meeldej\u00e4\u00e4vat kogemust, olenemata sellest, kas ostate hulgi \u00e4ri jaoks v\u00f5i ostate \u00fckshaaval isiklikuks nautimiseks.<\/p>\n<h4>MRVI V\u00d5IDUS 30K pahvi | 2% 5% nikotiin, 35 ml e-vedelik, v\u00f5rgusilma m\u00e4his, 800 mAh aku, C-t\u00fc\u00fcpi taaslaetav, kuni 30 000 pahvi, hulgiost \u00fchekordselt kasutatavate vape hulgim\u00fc\u00fck<\/h4>\n<p><img data-recalc-dims=\"1\" loading=\"lazy\" decoding=\"async\" class=\"alignnone size-full wp-image-24620\" title=\"MRVI WINNING 30K Puffs 2% 5% Nikotiini laetav Bulk osta \u00fchekordselt Vape hulgi\" src=\"https:\/\/i0.wp.com\/aiviouvapes.com\/wp-content\/uploads\/2024\/11\/%E5%BE%AE%E4%BF%A1%E5%9B%BE%E7%89%87_20240924171847.jpg?resize=1020%2C1020&#038;ssl=1\" alt=\"MRVI WINNING 30K Puffs 2% 5% Nikotiini laetav Bulk osta \u00fchekordselt Vape hulgi\" width=\"1020\" height=\"1020\" srcset=\"https:\/\/i0.wp.com\/aiviouvapes.com\/wp-content\/uploads\/2024\/11\/%E5%BE%AE%E4%BF%A1%E5%9B%BE%E7%89%87_20240924171847.jpg?w=1600&amp;ssl=1 1600w, https:\/\/i0.wp.com\/aiviouvapes.com\/wp-content\/uploads\/2024\/11\/%E5%BE%AE%E4%BF%A1%E5%9B%BE%E7%89%87_20240924171847.jpg?resize=300%2C300&amp;ssl=1 300w, https:\/\/i0.wp.com\/aiviouvapes.com\/wp-content\/uploads\/2024\/11\/%E5%BE%AE%E4%BF%A1%E5%9B%BE%E7%89%87_20240924171847.jpg?resize=1024%2C1024&amp;ssl=1 1024w, https:\/\/i0.wp.com\/aiviouvapes.com\/wp-content\/uploads\/2024\/11\/%E5%BE%AE%E4%BF%A1%E5%9B%BE%E7%89%87_20240924171847.jpg?resize=150%2C150&amp;ssl=1 150w, https:\/\/i0.wp.com\/aiviouvapes.com\/wp-content\/uploads\/2024\/11\/%E5%BE%AE%E4%BF%A1%E5%9B%BE%E7%89%87_20240924171847.jpg?resize=768%2C768&amp;ssl=1 768w, https:\/\/i0.wp.com\/aiviouvapes.com\/wp-content\/uploads\/2024\/11\/%E5%BE%AE%E4%BF%A1%E5%9B%BE%E7%89%87_20240924171847.jpg?resize=1536%2C1536&amp;ssl=1 1536w, https:\/\/i0.wp.com\/aiviouvapes.com\/wp-content\/uploads\/2024\/11\/%E5%BE%AE%E4%BF%A1%E5%9B%BE%E7%89%87_20240924171847.jpg?resize=12%2C12&amp;ssl=1 12w, https:\/\/i0.wp.com\/aiviouvapes.com\/wp-content\/uploads\/2024\/11\/%E5%BE%AE%E4%BF%A1%E5%9B%BE%E7%89%87_20240924171847.jpg?resize=800%2C800&amp;ssl=1 800w, https:\/\/i0.wp.com\/aiviouvapes.com\/wp-content\/uploads\/2024\/11\/%E5%BE%AE%E4%BF%A1%E5%9B%BE%E7%89%87_20240924171847.jpg?resize=100%2C100&amp;ssl=1 100w\" sizes=\"auto, (max-width: 1020px) 100vw, 1020px\" \/><\/p>\n<p>&nbsp;<\/p>","protected":false},"excerpt":{"rendered":"<p>MRVI V\u00d5ITUD 30K \u00fchekordselt kasutatav Vape pakub kuni 30 000 pahvi 35 ml e-vedeliku mahu ja 800 mAh akuga, mis tagab pikema ja sujuva aurustamise. V\u00f5rgusilma m\u00e4hise, kiire C-t\u00fc\u00fcpi laadimise ja mitmesuguste maitseainetega sobib see suurep\u00e4raselt nii tavap\u00e4raste kui ka maitsestatud veiprite jaoks.<\/p>","protected":false},"featured_media":24621,"comment_status":"open","ping_status":"closed","template":"","meta":[],"product_brand":[229],"product_cat":[33,131,320,90,117,81,76,134,135,133,136,137,146,138,139,140,141,142,143,144,145,79,132,82],"product_tag":[],"class_list":{"0":"post-24616","1":"product","2":"type-product","3":"status-publish","4":"has-post-thumbnail","6":"product_brand-mrvi","7":"product_cat-mrvi","8":"product_cat-30000-puffs-disposable-vape","9":"product_cat-best-disposable-vapes","10":"product_cat-big-puffs-vapes","11":"product_cat-different-puffs-of-diposable-vapes","12":"product_cat-digital-box-vapes","13":"product_cat-disposable-vape-types","14":"product_cat-disposable-vapes-in-austria","15":"product_cat-disposable-vapes-in-belgium","16":"product_cat-disposable-vapes-in-europe","17":"product_cat-disposable-vapes-in-france","18":"product_cat-disposable-vapes-in-germany","19":"product_cat-disposable-vapes-in-hungary","20":"product_cat-disposable-vapes-in-ltaly","21":"product_cat-disposable-vapes-in-netherlands","22":"product_cat-disposable-vapes-in-norway","23":"product_cat-disposable-vapes-in-poland","24":"product_cat-disposable-vapes-in-portugal","25":"product_cat-disposable-vapes-in-spain","26":"product_cat-disposable-vapes-in-sweden","27":"product_cat-disposable-vapes-in-switzerland","28":"product_cat-dual-mesh-vapes","29":"product_cat-rechargeable-vapes","30":"product_cat-smart-screen-vapes","32":"first","33":"instock","34":"shipping-taxable","35":"purchasable","36":"product-type-variable","37":"has-default-attributes"},"jetpack_sharing_enabled":true,"tiered_pricing_type":"fixed","tiered_pricing_fixed_rules":[],"tiered_pricing_product_settings":{"layout":"default","base_unit_name":{"singular":null,"plural":null},"default_variation":null},"tiered_pricing_minimum_quantity":1000,"tiered_pricing_roles_data":[],"tiered_pricing_percentage_rules":[],"tiered_pricing_maximum_quantity":null,"tiered_pricing_quantity_step":"10","_links":{"self":[{"href":"https:\/\/aiviouvapes.com\/et\/wp-json\/wp\/v2\/product\/24616","targetHints":{"allow":["GET"]}}],"collection":[{"href":"https:\/\/aiviouvapes.com\/et\/wp-json\/wp\/v2\/product"}],"about":[{"href":"https:\/\/aiviouvapes.com\/et\/wp-json\/wp\/v2\/types\/product"}],"replies":[{"embeddable":true,"href":"https:\/\/aiviouvapes.com\/et\/wp-json\/wp\/v2\/comments?post=24616"}],"wp:featuredmedia":[{"embeddable":true,"href":"https:\/\/aiviouvapes.com\/et\/wp-json\/wp\/v2\/media\/24621"}],"wp:attachment":[{"href":"https:\/\/aiviouvapes.com\/et\/wp-json\/wp\/v2\/media?parent=24616"}],"wp:term":[{"taxonomy":"product_brand","embeddable":true,"href":"https:\/\/aiviouvapes.com\/et\/wp-json\/wp\/v2\/product_brand?post=24616"},{"taxonomy":"product_cat","embeddable":true,"href":"https:\/\/aiviouvapes.com\/et\/wp-json\/wp\/v2\/product_cat?post=24616"},{"taxonomy":"product_tag","embeddable":true,"href":"https:\/\/aiviouvapes.com\/et\/wp-json\/wp\/v2\/product_tag?post=24616"}],"curies":[{"name":"wp","href":"https:\/\/api.w.org\/{rel}","templated":true}]}}