{"id":1542,"date":"2024-08-19T05:08:50","date_gmt":"2024-08-18T21:08:50","guid":{"rendered":"https:\/\/aiviouvapes.com\/?post_type=product&#038;p=1542"},"modified":"2026-03-18T00:01:19","modified_gmt":"2026-03-17T16:01:19","slug":"randm-digital-box-12k-disposable-wholesale","status":"publish","type":"product","link":"https:\/\/aiviouvapes.com\/et\/product\/randm-digital-box-12k-disposable-wholesale\/","title":{"rendered":"RandM Digital Box 12000 Puffs | 20mL, 850mAh, LCD ekraan, lahtiselt \u00fchekordselt kasutatav vape"},"content":{"rendered":"<p><iframe title=\"VideoPressi videom\u00e4ngija\" aria-label='VideoPressi videom\u00e4ngija' width='1020' height='574' src='https:\/\/videopress.com\/embed\/UzJBu0bw?hd=0&amp;cover=1' frameborder='0' allowfullscreen allow='clipboard-write'><\/iframe><script src='https:\/\/v0.wordpress.com\/js\/next\/videopress-iframe.js?m=1739540970'><\/script><\/p>\n<h2>RandM digiboks 12000 pahvi | 20 ml e-vedelik, 850 mAh aku, 1 \u03a9 v\u00f5rgusilma m\u00e4his, LCD ekraan, C-t\u00fc\u00fcpi laetav, hulgiost \u00fchekordselt kasutatavate vape hulgim\u00fc\u00fck<\/h2>\n<h3>Randm Digital Box 12000 Puff \u00dclevaade<\/h3>\n<ul>\n<li><strong>Laiendatud puhumisv\u00f5imsus<\/strong>: Kuni 12 000 t\u00f5mmet pikaajaliseks nautimiseks.<\/li>\n<li><strong>Suur e-vedeliku mahuti<\/strong>: 20 ml mahutavus v\u00e4hendab vajadust sagedaste korduvt\u00e4itmiste j\u00e4rele, suurendades mugavust.<\/li>\n<li><strong>Vastupidav aku<\/strong>: 850 mAh aku Type-C pordiga kiireks ja t\u00f5husaks laadimiseks.<\/li>\n<li><strong>Sujuv aurutootmine<\/strong>: 1\u03a9 v\u00f5rgusilma m\u00e4his tagab j\u00e4rjepideva maitse iga t\u00f5mbega.<\/li>\n<li><strong>T\u00e4iustatud LCD-ekraan<\/strong>: Sisseehitatud n\u00e4idik aku kestvuse ja puhumiste arvu j\u00e4lgimiseks.<\/li>\n<\/ul>\n<h3>Randm digitaalne kast 12000 Puff omadused<\/h3>\n<ul>\n<li><strong>V\u00f5rratu pikaealisus<\/strong>: 12 000 puhumist seadme kohta, mis tagab ulatusliku v\u00e4\u00e4rtuse ja vastupidavuse.<\/li>\n<li><strong>Kaasaskantav ja ergonoomiline disain<\/strong>: Kompaktne ja h\u00f5lpsasti k\u00e4sitsetav, sobib ideaalselt liikuvaks kasutamiseks.<\/li>\n<li><strong>Mugavus parimal viisil<\/strong>: Korduvkasutusega ja hooldusvaba konstruktsioon probleemivabaks nautimiseks.<\/li>\n<li><strong>Kiirlaadimine<\/strong>: C-t\u00fc\u00fcpi port kiireks laadimiseks, mis hoiab teid valmis vampiiriks.<\/li>\n<li><strong>Reaalajas j\u00e4lgimine<\/strong>: LCD-ekraan annab teavet aku ja kasutuse kohta.<\/li>\n<\/ul>\n<h3>Randm Digital Box 12000 Puff maitsete valik<\/h3>\n<p>Apple Berry Blast, Blue Razz limonaad, maasikakiivi, lahe piparm\u00fcnt, viinamarjaj\u00e4\u00e4, lopsakas j\u00e4\u00e4\u2026<\/p>\n<h3>Miks valida Randm Digital Box 12K?<\/h3>\n<p>Randm Digital Box 12K 12000 Puff pakub esmaklassilist j\u00f5udlust, mitmekesisust ja kasutusmugavust, mis teeb sellest parima valiku nii aurijate kui ka jaem\u00fc\u00fcjate jaoks. T\u00e4nu laiendatud puffimahule, laetavale akule ja laiale maitsete valikule lubab see seade tipptasemel kogemust nii uutele kui ka kogenud kasutajatele. Hulgim\u00fc\u00fcgiks saadaval olev Randm Digital Box 12K on ideaalne t\u00e4iendus igale vape'ile, pakkudes tippkvaliteeti, uuenduslikke funktsioone ja rahulolu igas puffis.<\/p>\n<p><a href=\"https:\/\/i0.wp.com\/aiviouvapes.com\/wp-content\/uploads\/2024\/08\/1-14.jpg?ssl=1\"><img data-recalc-dims=\"1\" loading=\"lazy\" decoding=\"async\" class=\"alignnone size-full wp-image-6852\" title=\"Randm Digital Box 12000 Puffs 20mL mahutavus LCD ekraan laetav Bulk osta \u00fchekordselt Vape hulgi\" src=\"https:\/\/i0.wp.com\/aiviouvapes.com\/wp-content\/uploads\/2024\/08\/1-14.jpg?resize=1020%2C654&#038;ssl=1\" alt=\"Randm Digital Box 12000 Puffs 20mL mahutavus LCD ekraan laetav Bulk osta \u00fchekordselt Vape hulgi\" width=\"1020\" height=\"654\" srcset=\"https:\/\/i0.wp.com\/aiviouvapes.com\/wp-content\/uploads\/2024\/08\/1-14.jpg?w=1920&amp;ssl=1 1920w, https:\/\/i0.wp.com\/aiviouvapes.com\/wp-content\/uploads\/2024\/08\/1-14.jpg?resize=300%2C192&amp;ssl=1 300w, https:\/\/i0.wp.com\/aiviouvapes.com\/wp-content\/uploads\/2024\/08\/1-14.jpg?resize=1024%2C657&amp;ssl=1 1024w, https:\/\/i0.wp.com\/aiviouvapes.com\/wp-content\/uploads\/2024\/08\/1-14.jpg?resize=768%2C492&amp;ssl=1 768w, https:\/\/i0.wp.com\/aiviouvapes.com\/wp-content\/uploads\/2024\/08\/1-14.jpg?resize=1536%2C985&amp;ssl=1 1536w, https:\/\/i0.wp.com\/aiviouvapes.com\/wp-content\/uploads\/2024\/08\/1-14.jpg?resize=18%2C12&amp;ssl=1 18w, https:\/\/i0.wp.com\/aiviouvapes.com\/wp-content\/uploads\/2024\/08\/1-14.jpg?resize=800%2C513&amp;ssl=1 800w\" sizes=\"auto, (max-width: 1020px) 100vw, 1020px\" \/><\/a><\/p>\n<h3>Miks valida AiviouVapes?<\/h3>\n<p>Tere tulemast <a href=\"https:\/\/aiviouvapes.com\/et\/\">AiviouVapes<\/a> - teie usaldusv\u00e4\u00e4rne allikas premium, taskukohase <a href=\"https:\/\/aiviouvapes.com\/et\/shop\/\">hulgim\u00fc\u00fck \u00fchekordsed vapid<\/a> t\u00f5eliselt madalate hindadega. Omades \u00fcle viie aasta kogemust vape-t\u00f6\u00f6stuses, pakume uhkusega k\u00e4sitsi valitud valikut juhtivaid kaubam\u00e4rke, sealhulgas <a href=\"https:\/\/aiviouvapes.com\/et\/tootekategooria\/waspe\/\">WASPE<\/a>, <a href=\"https:\/\/aiviouvapes.com\/et\/tootekategooria\/bang\/\">Bang Vape<\/a>, <a href=\"https:\/\/aiviouvapes.com\/et\/tootekategooria\/vapme-vapes\/\">Vapme<\/a>ja <a href=\"https:\/\/aiviouvapes.com\/et\/tootekategooria\/mrvi\/\">MRVI<\/a>.<\/p>\n<p>Alates k\u00f5rge paisuga seadmetest nagu <a href=\"https:\/\/aiviouvapes.com\/et\/toode\/waspe-4-in-1-100000-puffs\/\">WASPE 100K 4-in-1 maitse<\/a> julgeid lemmikuid, nagu n\u00e4iteks <a href=\"https:\/\/aiviouvapes.com\/et\/toode\/bang-king-triple-flavors-85000\/\">Bang 85,000 Triple Puff<\/a>, ja isegi p\u00f5nevat <a class=\"woocommerce-LoopProduct-link woocommerce-loop-product__link\" href=\"https:\/\/aiviouvapes.com\/et\/toode\/mystery-vape-blind-box\/\">Salap\u00e4rane \u00fchekordselt kasutatav Vape Box<\/a>, iga toode on valitud parima kvaliteedi ja \u00fcletamatu hinna j\u00e4rgi. AiviouVapes'is saate nautida suurep\u00e4rast teenindust, hulgim\u00fc\u00fcgi kokkuhoidu ja kollektsiooni, mis on m\u00f5eldud teie aurutamisvajadustele.<\/p>\n<div class=\"row row-large row-full-width align-middle\"  id=\"row-1149580433\">\n\n\n\t<div id=\"col-465852475\" class=\"col medium-3 small-6 large-3\"  >\n\t\t\t\t<div class=\"col-inner text-center\"  >\n\t\t\t\n\t\t\t\n\n\n\t\t<div class=\"icon-box featured-box icon-box-top text-left\"  >\n\t\t\t\t\t<div class=\"icon-box-img\" style=\"width: 90px\">\n\t\t\t\t<div class=\"icon\">\n\t\t\t\t\t<div class=\"icon-inner\" >\n\t\t\t\t\t\t<img loading=\"lazy\" decoding=\"async\" width=\"200\" height=\"200\" src=\"https:\/\/i0.wp.com\/aiviouvapes.com\/wp-content\/uploads\/2024\/08\/vape-1-1.png?fit=200%2C200&amp;ssl=1\" class=\"attachment-medium size-medium\" alt=\"Miks valida AIVIOUVAPES\" srcset=\"https:\/\/i0.wp.com\/aiviouvapes.com\/wp-content\/uploads\/2024\/08\/vape-1-1.png?w=200&amp;ssl=1 200w, https:\/\/i0.wp.com\/aiviouvapes.com\/wp-content\/uploads\/2024\/08\/vape-1-1.png?resize=150%2C150&amp;ssl=1 150w, https:\/\/i0.wp.com\/aiviouvapes.com\/wp-content\/uploads\/2024\/08\/vape-1-1.png?resize=12%2C12&amp;ssl=1 12w, https:\/\/i0.wp.com\/aiviouvapes.com\/wp-content\/uploads\/2024\/08\/vape-1-1.png?resize=100%2C100&amp;ssl=1 100w\" sizes=\"auto, (max-width: 200px) 100vw, 200px\" title=\"\">\t\t\t\t\t<\/div>\n\t\t\t\t<\/div>\n\t\t\t<\/div>\n\t\t\t\t<div class=\"icon-box-text last-reset\">\n\t\t\t\t\t\t\t\t\t\n\n\t<div id=\"text-2871179139\" class=\"text\">\n\t\t\n\n<h3 style=\"text-align: center;\">Lai valik Vape&#039;i<\/h3>\n<p style=\"text-align: center;\">Tutvuge meie laia tootevalikuga, mis on loodud vastavalt igale eelistusele.<\/p>\n\t\t\n<style>\n#text-2871179139 {\n  font-size: 0.9rem;\n}\n<\/style>\n\t<\/div>\n\t\n\n\t\t<\/div>\n\t<\/div>\n\t\n\t\n\n\t\t<\/div>\n\t\t\t\t\t<\/div>\n\n\t\n\n\t<div id=\"col-1328089015\" class=\"col medium-3 small-6 large-3\"  >\n\t\t\t\t<div class=\"col-inner text-center\"  >\n\t\t\t\n\t\t\t\n\n\n\t\t<div class=\"icon-box featured-box icon-box-top text-left\"  >\n\t\t\t\t\t<div class=\"icon-box-img\" style=\"width: 90px\">\n\t\t\t\t<div class=\"icon\">\n\t\t\t\t\t<div class=\"icon-inner\" >\n\t\t\t\t\t\t<img loading=\"lazy\" decoding=\"async\" width=\"200\" height=\"200\" src=\"https:\/\/i0.wp.com\/aiviouvapes.com\/wp-content\/uploads\/2024\/08\/save-money-1-1-1.png?fit=200%2C200&amp;ssl=1\" class=\"attachment-medium size-medium\" alt=\"Miks valida AIVIOUVAPES\" srcset=\"https:\/\/i0.wp.com\/aiviouvapes.com\/wp-content\/uploads\/2024\/08\/save-money-1-1-1.png?w=200&amp;ssl=1 200w, https:\/\/i0.wp.com\/aiviouvapes.com\/wp-content\/uploads\/2024\/08\/save-money-1-1-1.png?resize=150%2C150&amp;ssl=1 150w, https:\/\/i0.wp.com\/aiviouvapes.com\/wp-content\/uploads\/2024\/08\/save-money-1-1-1.png?resize=12%2C12&amp;ssl=1 12w, https:\/\/i0.wp.com\/aiviouvapes.com\/wp-content\/uploads\/2024\/08\/save-money-1-1-1.png?resize=100%2C100&amp;ssl=1 100w\" sizes=\"auto, (max-width: 200px) 100vw, 200px\" title=\"\">\t\t\t\t\t<\/div>\n\t\t\t\t<\/div>\n\t\t\t<\/div>\n\t\t\t\t<div class=\"icon-box-text last-reset\">\n\t\t\t\t\t\t\t\t\t\n\n\t<div id=\"text-390217498\" class=\"text\">\n\t\t\n\n<h3 style=\"text-align: center;\">V\u00f5itmatu v\u00e4\u00e4rtus<\/h3>\n<p style=\"text-align: center;\">Nautige tippkvaliteediga tooteid teie eelarvele vastavate hindadega.<\/p>\n\t\t\n<style>\n#text-390217498 {\n  font-size: 0.9rem;\n}\n<\/style>\n\t<\/div>\n\t\n\n\t\t<\/div>\n\t<\/div>\n\t\n\t\n\n\t\t<\/div>\n\t\t\t\t\t<\/div>\n\n\t\n\n\t<div id=\"col-611167585\" class=\"col medium-3 small-6 large-3\"  >\n\t\t\t\t<div class=\"col-inner text-center\"  >\n\t\t\t\n\t\t\t\n\n\n\t\t<div class=\"icon-box featured-box icon-box-top text-left\"  >\n\t\t\t\t\t<div class=\"icon-box-img\" style=\"width: 90px\">\n\t\t\t\t<div class=\"icon\">\n\t\t\t\t\t<div class=\"icon-inner\" >\n\t\t\t\t\t\t<img loading=\"lazy\" decoding=\"async\" width=\"200\" height=\"200\" src=\"https:\/\/i0.wp.com\/aiviouvapes.com\/wp-content\/uploads\/2024\/08\/delivery-truck-1-1.png?fit=200%2C200&amp;ssl=1\" class=\"attachment-medium size-medium\" alt=\"Miks valida AIVIOUVAPES\" srcset=\"https:\/\/i0.wp.com\/aiviouvapes.com\/wp-content\/uploads\/2024\/08\/delivery-truck-1-1.png?w=200&amp;ssl=1 200w, https:\/\/i0.wp.com\/aiviouvapes.com\/wp-content\/uploads\/2024\/08\/delivery-truck-1-1.png?resize=150%2C150&amp;ssl=1 150w, https:\/\/i0.wp.com\/aiviouvapes.com\/wp-content\/uploads\/2024\/08\/delivery-truck-1-1.png?resize=12%2C12&amp;ssl=1 12w, https:\/\/i0.wp.com\/aiviouvapes.com\/wp-content\/uploads\/2024\/08\/delivery-truck-1-1.png?resize=100%2C100&amp;ssl=1 100w\" sizes=\"auto, (max-width: 200px) 100vw, 200px\" title=\"\">\t\t\t\t\t<\/div>\n\t\t\t\t<\/div>\n\t\t\t<\/div>\n\t\t\t\t<div class=\"icon-box-text last-reset\">\n\t\t\t\t\t\t\t\t\t\n\n\t<div id=\"text-2397911336\" class=\"text\">\n\t\t\n\n<h3 style=\"text-align: center;\">Kiire \u00fclemaailmne saatmine<\/h3>\n<p style=\"text-align: center;\">Sujuva kogemuse tagamiseks tarnime kogu maailmas garanteeritud tollivormistusega.<\/p>\n\t\t\n<style>\n#text-2397911336 {\n  font-size: 0.9rem;\n}\n<\/style>\n\t<\/div>\n\t\n\n\t\t<\/div>\n\t<\/div>\n\t\n\t\n\n\t\t<\/div>\n\t\t\t\t\t<\/div>\n\n\t\n\n\t<div id=\"col-754177235\" class=\"col medium-3 small-6 large-3\"  >\n\t\t\t\t<div class=\"col-inner text-center\"  >\n\t\t\t\n\t\t\t\n\n\n\t\t<div class=\"icon-box featured-box icon-box-top text-left\"  >\n\t\t\t\t\t<div class=\"icon-box-img\" style=\"width: 90px\">\n\t\t\t\t<div class=\"icon\">\n\t\t\t\t\t<div class=\"icon-inner\" >\n\t\t\t\t\t\t<img loading=\"lazy\" decoding=\"async\" width=\"200\" height=\"200\" src=\"https:\/\/i0.wp.com\/aiviouvapes.com\/wp-content\/uploads\/2024\/08\/support-1-1.png?fit=200%2C200&amp;ssl=1\" class=\"attachment-medium size-medium\" alt=\"Miks valida AIVIOUVAPES\" srcset=\"https:\/\/i0.wp.com\/aiviouvapes.com\/wp-content\/uploads\/2024\/08\/support-1-1.png?w=200&amp;ssl=1 200w, https:\/\/i0.wp.com\/aiviouvapes.com\/wp-content\/uploads\/2024\/08\/support-1-1.png?resize=150%2C150&amp;ssl=1 150w, https:\/\/i0.wp.com\/aiviouvapes.com\/wp-content\/uploads\/2024\/08\/support-1-1.png?resize=12%2C12&amp;ssl=1 12w, https:\/\/i0.wp.com\/aiviouvapes.com\/wp-content\/uploads\/2024\/08\/support-1-1.png?resize=100%2C100&amp;ssl=1 100w\" sizes=\"auto, (max-width: 200px) 100vw, 200px\" title=\"\">\t\t\t\t\t<\/div>\n\t\t\t\t<\/div>\n\t\t\t<\/div>\n\t\t\t\t<div class=\"icon-box-text last-reset\">\n\t\t\t\t\t\t\t\t\t\n\n\t<div id=\"text-515137125\" class=\"text\">\n\t\t\n\n<h3 style=\"text-align: center;\">\u00d6\u00f6p\u00e4evaringne abi<\/h3>\n<p style=\"text-align: center;\">V\u00f5tke meie tugimeeskonnaga \u00fchendust igal ajal, \u00f6\u00f6p\u00e4evaringselt, WhatsAppi v\u00f5i meili teel.<\/p>\n\t\t\n<style>\n#text-515137125 {\n  font-size: 0.9rem;\n}\n<\/style>\n\t<\/div>\n\t\n\n\t\t<\/div>\n\t<\/div>\n\t\n\t\n\n\t\t<\/div>\n\t\t\t\t\t<\/div>\n\n\t\n\n<\/div>\n<div class=\"row row-full-width align-middle\"  id=\"row-783650665\">\n\n\n\t<div id=\"col-1305065051\" class=\"col medium-6 small-12 large-6\"  >\n\t\t\t\t<div class=\"col-inner\"  >\n\t\t\t\n\t\t\t\n\n\t<div class=\"img has-hover x md-x lg-x y md-y lg-y\" id=\"image_647695665\">\n\t\t\t\t\t\t\t\t<div class=\"img-inner dark\" >\n\t\t\t<img loading=\"lazy\" decoding=\"async\" width=\"930\" height=\"1024\" src=\"https:\/\/i0.wp.com\/aiviouvapes.com\/wp-content\/uploads\/2024\/08\/%E6%8B%BC%E5%9B%BE.jpg?fit=930%2C1024&amp;ssl=1\" class=\"attachment-large size-large\" alt=\"Miks valida AIVIOUVAPES\" title=\"\">\t\t\t\t\t\t\n\t\t\t\t\t<\/div>\n\t\t\t\t\t\t\t\t\n<style>\n#image_647695665 {\n  width: 100%;\n}\n<\/style>\n\t<\/div>\n\t\n\n\n\t\t<\/div>\n\t\t\t\t\t<\/div>\n\n\t\n\n\t<div id=\"col-1443587223\" class=\"col medium-6 small-12 large-6\"  >\n\t\t\t\t<div class=\"col-inner\"  >\n\t\t\t\n\t\t\t\n\n<div class=\"container section-title-container\" ><h4 class=\"section-title section-title-normal\"><b aria-hidden=\"true\"><\/b><span class=\"section-title-main\" style=\"font-size:91%;\">Meie eelised<\/span><b aria-hidden=\"true\"><\/b><\/h4><\/div>\n\n<div class=\"accordion\">\n\n\t<div id=\"accordion-3759690400\" class=\"accordion-item\">\n\t\t<a id=\"accordion-3759690400-label\" class=\"accordion-title plain\" href=\"#accordion-item-commitment-to-quality\" aria-expanded=\"false\" aria-controls=\"accordion-3759690400-content\">\n\t\t\t<button class=\"toggle\" aria-label=\"Toggle\"><i class=\"icon-angle-down\" aria-hidden=\"true\"><\/i><\/button>\n\t\t\t<span>Kohustus kvaliteedile<\/span>\n\t\t<\/a>\n\t\t<div id=\"accordion-3759690400-content\" class=\"accordion-inner\" aria-labelledby=\"accordion-3759690400-label\">\n\t\t\t\n\n<p>Kohal <a href=\"https:\/\/aiviouvapes.com\/et\/\">AiviouVape<\/a>, kvaliteet juhib k\u00f5ike, mida me teeme. Meie \u00fchekordselt kasutatavad aurusid on hoolikalt valmistatud ja rangelt testitud, et need vastaksid k\u00f5rgeimatele standarditele, tagades iga kord sujuva ja usaldusv\u00e4\u00e4rse aurustamiskogemuse. Kui oleme p\u00fchendunud nulldefektide ja kaebuste puudumisele, v\u00f5ite usaldada, et saate parima.<\/p>\n\n\t\t<\/div>\n\t<\/div>\n\t\n\t<div id=\"accordion-1037522453\" class=\"accordion-item\">\n\t\t<a id=\"accordion-1037522453-label\" class=\"accordion-title plain\" href=\"#accordion-item-diverse-range-of-products\" aria-expanded=\"false\" aria-controls=\"accordion-1037522453-content\">\n\t\t\t<button class=\"toggle\" aria-label=\"Toggle\"><i class=\"icon-angle-down\" aria-hidden=\"true\"><\/i><\/button>\n\t\t\t<span>Mitmek\u00fclgne tootevalik<\/span>\n\t\t<\/a>\n\t\t<div id=\"accordion-1037522453-content\" class=\"accordion-inner\" aria-labelledby=\"accordion-1037522453-label\">\n\t\t\t\n\n<p>Oleme uhked, et pakume laia valikut k\u00f5rgekvaliteedilisi \u00fchekordseid aurusid, mis sobivad igale eelistusele. Meie valikus on uusimatest uuendustest kuni pikaajaliste f\u00e4nnide lemmikuteni sellised usaldusv\u00e4\u00e4rsed kaubam\u00e4rgid nagu Waspe, Vapme, RandM Tornado, Bang Box, ELF Box ja Bang King. Kas otsite Vapme'i julgeid maitseid v\u00f5i RandM Tornado elegantset disaini, meie kollektsioon on loodud selleks, et aidata teil leida teie maitsele ja elustiilile sobivaim vape.<\/p>\n\n\n\t\t<\/div>\n\t<\/div>\n\t\n\t<div id=\"accordion-1081037566\" class=\"accordion-item\">\n\t\t<a id=\"accordion-1081037566-label\" class=\"accordion-title plain\" href=\"#accordion-item-wholesale-and-retail-solutions\" aria-expanded=\"false\" aria-controls=\"accordion-1081037566-content\">\n\t\t\t<button class=\"toggle\" aria-label=\"Toggle\"><i class=\"icon-angle-down\" aria-hidden=\"true\"><\/i><\/button>\n\t\t\t<span>Hulgi- ja jaem\u00fc\u00fcgilahendused<\/span>\n\t\t<\/a>\n\t\t<div id=\"accordion-1081037566-content\" class=\"accordion-inner\" aria-labelledby=\"accordion-1081037566-label\">\n\t\t\t\n\n<p>AiviouVape vastab nii jae- kui ka hulgim\u00fc\u00fcgiklientide n\u00f5udmistele, pakkudes iga kord erakordseid tooteid ja teenuseid. Kui olete meie jaoks uus, soovitame alustada v\u00e4ikese partiiga, et meie kvaliteeti omal nahal kogeda. Konkurentsiv\u00f5imelise hinna ja esmaklassiliste standarditega oleme \u00fchekordselt kasutatavate veipide t\u00f6\u00f6stuses usaldusv\u00e4\u00e4rne valik.\u00a0<\/p>\n\n\t\t<\/div>\n\t<\/div>\n\t\n\t<div id=\"accordion-312469957\" class=\"accordion-item\">\n\t\t<a id=\"accordion-312469957-label\" class=\"accordion-title plain\" href=\"#accordion-item-continuous-improvement\" aria-expanded=\"false\" aria-controls=\"accordion-312469957-content\">\n\t\t\t<button class=\"toggle\" aria-label=\"Toggle\"><i class=\"icon-angle-down\" aria-hidden=\"true\"><\/i><\/button>\n\t\t\t<span>Pidev t\u00e4iustamine<\/span>\n\t\t<\/a>\n\t\t<div id=\"accordion-312469957-content\" class=\"accordion-inner\" aria-labelledby=\"accordion-312469957-label\">\n\t\t\t\n\n<p>AiviouVape&#039;i eristab meie p\u00fchendumus erakordsele klienditeenindusele. \u00dcksk\u00f5ik, kas vajate enne ostmist n\u00f5u v\u00f5i abi tellimisel, on meie meeskond alati saadaval WhatsAppi v\u00f5i meili teel. P\u00fc\u00fcame luua oma klientidega p\u00fcsivaid suhteid, tagades teie rahulolu igal sammul.<\/p>\n\n\t\t<\/div>\n\t<\/div>\n\t\n\t<div id=\"accordion-4132532907\" class=\"accordion-item\">\n\t\t<a id=\"accordion-4132532907-label\" class=\"accordion-title plain\" href=\"#accordion-item-quality-assurance\" aria-expanded=\"false\" aria-controls=\"accordion-4132532907-content\">\n\t\t\t<button class=\"toggle\" aria-label=\"Toggle\"><i class=\"icon-angle-down\" aria-hidden=\"true\"><\/i><\/button>\n\t\t\t<span>Kvaliteedi tagamine<\/span>\n\t\t<\/a>\n\t\t<div id=\"accordion-4132532907-content\" class=\"accordion-inner\" aria-labelledby=\"accordion-4132532907-label\">\n\t\t\t\n\n<p>Meie p\u00fchendumus kvaliteedile ei k\u00f5iguta igal etapil \u2013 tootearenduses, tootmises, turunduses ja levitamises. Meie \u00fchekordselt kasutatavad vapid l\u00e4bivad ranged testid, et tagada nende mittetoksilisus, puhas ja erakordne maitse. See tipptasemele p\u00fchendumine moodustab meie ettev\u00f5ttekultuuri selgroo.<\/p>\n\n\t\t<\/div>\n\t<\/div>\n\t\n\t<div id=\"accordion-1546365959\" class=\"accordion-item\">\n\t\t<a id=\"accordion-1546365959-label\" class=\"accordion-title plain\" href=\"#accordion-item-efficient-logistics-and-delivery\" aria-expanded=\"false\" aria-controls=\"accordion-1546365959-content\">\n\t\t\t<button class=\"toggle\" aria-label=\"Toggle\"><i class=\"icon-angle-down\" aria-hidden=\"true\"><\/i><\/button>\n\t\t\t<span>T\u00f5hus logistika ja tarne<\/span>\n\t\t<\/a>\n\t\t<div id=\"accordion-1546365959-content\" class=\"accordion-inner\" aria-labelledby=\"accordion-1546365959-label\">\n\t\t\t\n\n<p>AiviouVape pakub t\u00f5husat logistikat ja kohaletoimetamist, sealhulgas DDP (Delivered Duty Paid) teenuseid, tagades sujuva tollivormistuse ilma tasude ja maksudeta. Kiire kohaletoimetamise ja erakordse klienditoega pakume sujuvat ja usaldusv\u00e4\u00e4rset kogemust, mis teeb meist selles valdkonnas usaldusv\u00e4\u00e4rse partneri.<\/p>\n\n\t\t<\/div>\n\t<\/div>\n\t\n\t<div id=\"accordion-1957457080\" class=\"accordion-item\">\n\t\t<a id=\"accordion-1957457080-label\" class=\"accordion-title plain\" href=\"#accordion-item-odm-and-oem-services\" aria-expanded=\"false\" aria-controls=\"accordion-1957457080-content\">\n\t\t\t<button class=\"toggle\" aria-label=\"Toggle\"><i class=\"icon-angle-down\" aria-hidden=\"true\"><\/i><\/button>\n\t\t\t<span>ODM ja OEM teenused<\/span>\n\t\t<\/a>\n\t\t<div id=\"accordion-1957457080-content\" class=\"accordion-inner\" aria-labelledby=\"accordion-1957457080-label\">\n\t\t\t\n\n<p>AiviouVapes pakub t\u00e4isteenuseid ODM (Original Design Manufacturing) ja OEM (Original Equipment Manufacturing) teenuseid. Kahe suure rajatise abil aitame klientidel kujundada unikaalseid tooteid ja pilkup\u00fc\u00fcdvaid pakendamise logosid. Pakume ka tasuta pakendi kujundamise juhiseid ja toetame kliente, kes pakivad oma tooteid ise, tagades nende kaubam\u00e4rgi turul s\u00e4ramise.<\/p>\n\n\t\t<\/div>\n\t<\/div>\n\t\n\n<\/div>\n\n\t\t<\/div>\n\t\t\t\t\t<\/div>\n\n\t\n\n<\/div>","protected":false},"excerpt":{"rendered":"<p>Randm Digital Box 12K pakub kuni 12 000 puffi koos 20ml e-vedelikureservuaari ja 850mAh akuga. T\u00e4nu sujuvale aurule, reaalajas j\u00e4lgimisele LCD-ekraani kaudu ja erinevatele maitsetele sobib see ideaalselt kauakestvaks ja probleemivabaks aurutamiseks.<\/p>","protected":false},"featured_media":1543,"comment_status":"open","ping_status":"closed","template":"","meta":[],"product_brand":[231],"product_cat":[35,124,90,117,81,76,134,135,133,136,137,146,138,139,140,141,142,143,144,145,132,82],"product_tag":[],"class_list":{"0":"post-1542","1":"product","2":"type-product","3":"status-publish","4":"has-post-thumbnail","6":"product_brand-randm","7":"product_cat-randm","8":"product_cat-12000-puffs-disposable-vape","9":"product_cat-big-puffs-vapes","10":"product_cat-different-puffs-of-diposable-vapes","11":"product_cat-digital-box-vapes","12":"product_cat-disposable-vape-types","13":"product_cat-disposable-vapes-in-austria","14":"product_cat-disposable-vapes-in-belgium","15":"product_cat-disposable-vapes-in-europe","16":"product_cat-disposable-vapes-in-france","17":"product_cat-disposable-vapes-in-germany","18":"product_cat-disposable-vapes-in-hungary","19":"product_cat-disposable-vapes-in-ltaly","20":"product_cat-disposable-vapes-in-netherlands","21":"product_cat-disposable-vapes-in-norway","22":"product_cat-disposable-vapes-in-poland","23":"product_cat-disposable-vapes-in-portugal","24":"product_cat-disposable-vapes-in-spain","25":"product_cat-disposable-vapes-in-sweden","26":"product_cat-disposable-vapes-in-switzerland","27":"product_cat-rechargeable-vapes","28":"product_cat-smart-screen-vapes","30":"first","31":"instock","32":"shipping-taxable","33":"purchasable","34":"product-type-variable","35":"has-default-attributes"},"jetpack_sharing_enabled":true,"tiered_pricing_type":"fixed","tiered_pricing_fixed_rules":{"30":8.3599999999999994315658113919198513031005859375,"50":7.19000000000000039079850466805510222911834716796875,"100":6.57000000000000028421709430404007434844970703125,"200":6.2599999999999997868371792719699442386627197265625,"400":5.8300000000000000710542735760100185871124267578125},"tiered_pricing_product_settings":{"layout":"default","base_unit_name":{"singular":null,"plural":null},"default_variation":null},"tiered_pricing_minimum_quantity":10,"tiered_pricing_roles_data":[],"tiered_pricing_percentage_rules":[],"tiered_pricing_maximum_quantity":null,"tiered_pricing_quantity_step":"10","_links":{"self":[{"href":"https:\/\/aiviouvapes.com\/et\/wp-json\/wp\/v2\/product\/1542","targetHints":{"allow":["GET"]}}],"collection":[{"href":"https:\/\/aiviouvapes.com\/et\/wp-json\/wp\/v2\/product"}],"about":[{"href":"https:\/\/aiviouvapes.com\/et\/wp-json\/wp\/v2\/types\/product"}],"replies":[{"embeddable":true,"href":"https:\/\/aiviouvapes.com\/et\/wp-json\/wp\/v2\/comments?post=1542"}],"wp:featuredmedia":[{"embeddable":true,"href":"https:\/\/aiviouvapes.com\/et\/wp-json\/wp\/v2\/media\/1543"}],"wp:attachment":[{"href":"https:\/\/aiviouvapes.com\/et\/wp-json\/wp\/v2\/media?parent=1542"}],"wp:term":[{"taxonomy":"product_brand","embeddable":true,"href":"https:\/\/aiviouvapes.com\/et\/wp-json\/wp\/v2\/product_brand?post=1542"},{"taxonomy":"product_cat","embeddable":true,"href":"https:\/\/aiviouvapes.com\/et\/wp-json\/wp\/v2\/product_cat?post=1542"},{"taxonomy":"product_tag","embeddable":true,"href":"https:\/\/aiviouvapes.com\/et\/wp-json\/wp\/v2\/product_tag?post=1542"}],"curies":[{"name":"wp","href":"https:\/\/api.w.org\/{rel}","templated":true}]}}