{"id":1398,"date":"2024-08-19T04:40:27","date_gmt":"2024-08-18T20:40:27","guid":{"rendered":"https:\/\/aiviouvapes.com\/?post_type=product&#038;p=1398"},"modified":"2026-04-17T13:01:37","modified_gmt":"2026-04-17T05:01:37","slug":"vapme-digital-12000-disposable-wholesale","status":"publish","type":"product","link":"https:\/\/aiviouvapes.com\/et\/product\/vapme-digital-12000-disposable-wholesale\/","title":{"rendered":"VAPME Digital 12000 Puffs | 2%-5% nikotiin, 20mL, lahtiselt \u00fchekordselt kasutatav vape"},"content":{"rendered":"<h2>VAPME Digital 12000 pahvi | 2% 5% nikotiin, 20 ml e-vedelik, 1 \u03a9 v\u00f5rgusilma m\u00e4his, C-t\u00fc\u00fcpi taaslaetav, hulgiost \u00fchekordselt kasutatavate vape hulgim\u00fc\u00fck<\/h2>\n<h3>VAPME DIGITAL 12000 Puff: loodud \u00fclimaks naudinguks<\/h3>\n<p>VAPME DIGITAL 12000 Puffs pakub esmaklassilist ja kauakestvat aurustamiskogemust kuni 12 000 t\u00f5mbega seadme kohta. See on m\u00f5eldud pikemaks rahuloluks ja sellel on mahukas 20mL e-vedelikureservuaar ja 850mAh aku, millel on Type-C port kiireks ja t\u00f5husaks laadimiseks. See seade on saadaval 2% ja 5% nikotiinisisaldusega, mis pakub erinevatele eelistustele kohandatud rahulolu. Selle t\u00e4iustatud 1\u03a9 v\u00f5rgusilma m\u00e4his tagab \u00fchtlase ja sujuva aurutootmise, mis tagab suurep\u00e4rase kogemuse iga t\u00f5mbega.<\/p>\n<h3>VAPME DIGITAL 12000 Puff \u00fclevaade<\/h3>\n<ul>\n<li><strong>Puff v\u00f5imsus<\/strong>: 12 000 puffi pikaajalise naudingu jaoks.<\/li>\n<li><strong>E-vedeliku mahutavus<\/strong>: 20mL mahuti v\u00e4hendab korduvt\u00e4itmist katkematu kasutamise eesm\u00e4rgil.<\/li>\n<li><strong>Aku mahutavus<\/strong>: 850mAh aku usaldusv\u00e4\u00e4rse t\u00f6\u00f6 tagamiseks.<\/li>\n<li><strong>Nikotiini tugevused<\/strong>: Saadaval 2% ja 5%.<\/li>\n<li><strong>V\u00f5rgum\u00e4hise tehnoloogia<\/strong>: 1\u03a9 vastupanu sujuva, maitsva auru saamiseks.<\/li>\n<\/ul>\n<h3>VAPME DIGITAL 12000 Puff peamised omadused<\/h3>\n<ul>\n<li><strong>Erakordne pikaealisus<\/strong>: 12 000 puffi pikendatud v\u00e4\u00e4rtuse ja rahulolu tagamiseks.<\/li>\n<li><strong>Kaasaskantav disain<\/strong>: Kompaktne ja h\u00f5lpsasti kaasaskantav, ideaalselt sobilik aurustamiseks teel olles.<\/li>\n<li><strong>Kasutajas\u00f5bralik<\/strong>: Minimaalne hooldus koos laetava, \u00fchekordselt kasutatava disainiga.<\/li>\n<li><strong>C-t\u00fc\u00fcpi laadimine<\/strong>: Kiire ja t\u00f5hus laadimine pidevaks kasutamiseks.<\/li>\n<\/ul>\n<h3>VAPME DIGITAL 12000 Pahvakas maitse valik<\/h3>\n<p>Blue Razz limonaad, maasika arbuus, arbuusij\u00e4\u00e4, virsikuj\u00e4\u00e4, marjasegu, mango virsiku ananass, maasikaj\u00e4\u00e4, kirsikoola, viinamarjaj\u00e4\u00e4, mustika vaarikas, kirsij\u00e4\u00e4, maasika kiivij\u00e4\u00e4, kiivi passionfruit guajaav, troopiliste puuviljade pun\u0161 I, maasikaj\u00e4\u00e4tis , \u00d5unamarjaj\u00e4\u00e4, Maasikadraakon Puuviljaj\u00e4\u00e4, virsiku BlueRazz j\u00e4\u00e4, virsiku mangoj\u00e4\u00e4, piparm\u00fcndij\u00e4\u00e4<\/p>\n<h3>VAPME DIGITAL 12000 Puff hulgim\u00fc\u00fcgi v\u00f5imalus<\/h3>\n<p>Pakett VAPME DIGITAL 12000 Puffs on kvaliteetne valik jaem\u00fc\u00fcjatele, kes soovivad oma varusid suurendada. T\u00e4nu muljetavaldavale puffide arvule, mitmekesistele maitsetele ja usaldusv\u00e4\u00e4rsele j\u00f5udlusele on see seade ideaalne nii kogenud aurutajatele kui ka uutele tulijatele. Paku oma klientidele tipptasemel aurustamiskogemust VAPME DIGITAL 12000 abil ja taga rahuldust pakkuvat valikut iga aurutamis-eelistusega.<\/p>\n<p><iframe title=\"VideoPressi videom\u00e4ngija\" aria-label='VideoPressi videom\u00e4ngija' width='1020' height='574' src='https:\/\/videopress.com\/embed\/Ip39Kbon?hd=0&amp;cover=1' frameborder='0' allowfullscreen allow='clipboard-write'><\/iframe><script src='https:\/\/v0.wordpress.com\/js\/next\/videopress-iframe.js?m=1739540970'><\/script><\/p>\n<p><a href=\"https:\/\/i0.wp.com\/aiviouvapes.com\/wp-content\/uploads\/2024\/08\/%E6%9C%BA%E7%94%B2%E6%AC%BE%E5%8F%A3%E5%91%B3%E8%A1%A820%E4%B8%AA%E5%8F%A3%E5%91%B34.23%E6%9B%B2%E7%BA%BF1_00.jpg?ssl=1\"><img data-recalc-dims=\"1\" loading=\"lazy\" decoding=\"async\" class=\"alignnone size-full wp-image-6741\" title=\"VAPME DIGITAL 12000 Puffs 2% 5% nikotiini laetav Bulk osta \u00fchekordselt Vape hulgim\u00fc\u00fck\" src=\"https:\/\/i0.wp.com\/aiviouvapes.com\/wp-content\/uploads\/2024\/08\/%E6%9C%BA%E7%94%B2%E6%AC%BE%E5%8F%A3%E5%91%B3%E8%A1%A820%E4%B8%AA%E5%8F%A3%E5%91%B34.23%E6%9B%B2%E7%BA%BF1_00.jpg?resize=1020%2C1442&#038;ssl=1\" alt=\"VAPME DIGITAL 12000 Puffs 2% 5% nikotiini laetav Bulk osta \u00fchekordselt Vape hulgim\u00fc\u00fck\" width=\"1020\" height=\"1442\" srcset=\"https:\/\/i0.wp.com\/aiviouvapes.com\/wp-content\/uploads\/2024\/08\/%E6%9C%BA%E7%94%B2%E6%AC%BE%E5%8F%A3%E5%91%B3%E8%A1%A820%E4%B8%AA%E5%8F%A3%E5%91%B34.23%E6%9B%B2%E7%BA%BF1_00.jpg?w=1358&amp;ssl=1 1358w, https:\/\/i0.wp.com\/aiviouvapes.com\/wp-content\/uploads\/2024\/08\/%E6%9C%BA%E7%94%B2%E6%AC%BE%E5%8F%A3%E5%91%B3%E8%A1%A820%E4%B8%AA%E5%8F%A3%E5%91%B34.23%E6%9B%B2%E7%BA%BF1_00.jpg?resize=212%2C300&amp;ssl=1 212w, https:\/\/i0.wp.com\/aiviouvapes.com\/wp-content\/uploads\/2024\/08\/%E6%9C%BA%E7%94%B2%E6%AC%BE%E5%8F%A3%E5%91%B3%E8%A1%A820%E4%B8%AA%E5%8F%A3%E5%91%B34.23%E6%9B%B2%E7%BA%BF1_00.jpg?resize=724%2C1024&amp;ssl=1 724w, https:\/\/i0.wp.com\/aiviouvapes.com\/wp-content\/uploads\/2024\/08\/%E6%9C%BA%E7%94%B2%E6%AC%BE%E5%8F%A3%E5%91%B3%E8%A1%A820%E4%B8%AA%E5%8F%A3%E5%91%B34.23%E6%9B%B2%E7%BA%BF1_00.jpg?resize=768%2C1086&amp;ssl=1 768w, https:\/\/i0.wp.com\/aiviouvapes.com\/wp-content\/uploads\/2024\/08\/%E6%9C%BA%E7%94%B2%E6%AC%BE%E5%8F%A3%E5%91%B3%E8%A1%A820%E4%B8%AA%E5%8F%A3%E5%91%B34.23%E6%9B%B2%E7%BA%BF1_00.jpg?resize=1086%2C1536&amp;ssl=1 1086w, https:\/\/i0.wp.com\/aiviouvapes.com\/wp-content\/uploads\/2024\/08\/%E6%9C%BA%E7%94%B2%E6%AC%BE%E5%8F%A3%E5%91%B3%E8%A1%A820%E4%B8%AA%E5%8F%A3%E5%91%B34.23%E6%9B%B2%E7%BA%BF1_00.jpg?resize=8%2C12&amp;ssl=1 8w, https:\/\/i0.wp.com\/aiviouvapes.com\/wp-content\/uploads\/2024\/08\/%E6%9C%BA%E7%94%B2%E6%AC%BE%E5%8F%A3%E5%91%B3%E8%A1%A820%E4%B8%AA%E5%8F%A3%E5%91%B34.23%E6%9B%B2%E7%BA%BF1_00.jpg?resize=800%2C1131&amp;ssl=1 800w\" sizes=\"auto, (max-width: 1020px) 100vw, 1020px\" \/><\/a><\/p>\n<h3>Miks valida AiviouVapes?<\/h3>\n<p>Tere tulemast <a href=\"https:\/\/aiviouvapes.com\/et\/\">AiviouVapes<\/a> - teie usaldusv\u00e4\u00e4rne allikas premium, taskukohase <a href=\"https:\/\/aiviouvapes.com\/et\/shop\/\">hulgim\u00fc\u00fck \u00fchekordsed vapid<\/a> t\u00f5eliselt madalate hindadega. Omades \u00fcle viie aasta kogemust vape-t\u00f6\u00f6stuses, pakume uhkusega k\u00e4sitsi valitud valikut juhtivaid kaubam\u00e4rke, sealhulgas <a href=\"https:\/\/aiviouvapes.com\/et\/tootekategooria\/waspe\/\">WASPE<\/a>, <a href=\"https:\/\/aiviouvapes.com\/et\/tootekategooria\/bang\/\">Bang Vape<\/a>, <a href=\"https:\/\/aiviouvapes.com\/et\/tootekategooria\/vapme-vapes\/\">Vapme<\/a>ja <a href=\"https:\/\/aiviouvapes.com\/et\/tootekategooria\/mrvi\/\">MRVI<\/a>.<\/p>\n<p>Alates k\u00f5rge paisuga seadmetest nagu <a href=\"https:\/\/aiviouvapes.com\/et\/toode\/waspe-4-in-1-100000-puffs\/\">WASPE 100K 4-in-1 maitse<\/a> julgeid lemmikuid, nagu n\u00e4iteks <a href=\"https:\/\/aiviouvapes.com\/et\/toode\/bang-king-triple-flavors-85000\/\">Bang 85,000 Triple Puff<\/a>, ja isegi p\u00f5nevat <a class=\"woocommerce-LoopProduct-link woocommerce-loop-product__link\" href=\"https:\/\/aiviouvapes.com\/et\/toode\/mystery-vape-blind-box\/\">Salap\u00e4rane \u00fchekordselt kasutatav Vape Box<\/a>, iga toode on valitud parima kvaliteedi ja \u00fcletamatu hinna j\u00e4rgi. AiviouVapes'is saate nautida suurep\u00e4rast teenindust, hulgim\u00fc\u00fcgi kokkuhoidu ja kollektsiooni, mis on m\u00f5eldud teie aurutamisvajadustele.<\/p>\n<div class=\"row row-large row-full-width align-middle\"  id=\"row-2082268554\">\n\n\n\t<div id=\"col-1308376268\" class=\"col medium-3 small-6 large-3\"  >\n\t\t\t\t<div class=\"col-inner text-center\"  >\n\t\t\t\n\t\t\t\n\n\n\t\t<div class=\"icon-box featured-box icon-box-top text-left\"  >\n\t\t\t\t\t<div class=\"icon-box-img\" style=\"width: 90px\">\n\t\t\t\t<div class=\"icon\">\n\t\t\t\t\t<div class=\"icon-inner\" >\n\t\t\t\t\t\t<img loading=\"lazy\" decoding=\"async\" width=\"200\" height=\"200\" src=\"https:\/\/i0.wp.com\/aiviouvapes.com\/wp-content\/uploads\/2024\/08\/vape-1-1.png?fit=200%2C200&amp;ssl=1\" class=\"attachment-medium size-medium\" alt=\"Miks valida AIVIOUVAPES\" srcset=\"https:\/\/i0.wp.com\/aiviouvapes.com\/wp-content\/uploads\/2024\/08\/vape-1-1.png?w=200&amp;ssl=1 200w, https:\/\/i0.wp.com\/aiviouvapes.com\/wp-content\/uploads\/2024\/08\/vape-1-1.png?resize=150%2C150&amp;ssl=1 150w, https:\/\/i0.wp.com\/aiviouvapes.com\/wp-content\/uploads\/2024\/08\/vape-1-1.png?resize=12%2C12&amp;ssl=1 12w, https:\/\/i0.wp.com\/aiviouvapes.com\/wp-content\/uploads\/2024\/08\/vape-1-1.png?resize=100%2C100&amp;ssl=1 100w\" sizes=\"auto, (max-width: 200px) 100vw, 200px\" title=\"\">\t\t\t\t\t<\/div>\n\t\t\t\t<\/div>\n\t\t\t<\/div>\n\t\t\t\t<div class=\"icon-box-text last-reset\">\n\t\t\t\t\t\t\t\t\t\n\n\t<div id=\"text-423194459\" class=\"text\">\n\t\t\n\n<h3 style=\"text-align: center;\">Lai valik Vape&#039;i<\/h3>\n<p style=\"text-align: center;\">Tutvuge meie laia tootevalikuga, mis on loodud vastavalt igale eelistusele.<\/p>\n\t\t\n<style>\n#text-423194459 {\n  font-size: 0.9rem;\n}\n<\/style>\n\t<\/div>\n\t\n\n\t\t<\/div>\n\t<\/div>\n\t\n\t\n\n\t\t<\/div>\n\t\t\t\t\t<\/div>\n\n\t\n\n\t<div id=\"col-1680854371\" class=\"col medium-3 small-6 large-3\"  >\n\t\t\t\t<div class=\"col-inner text-center\"  >\n\t\t\t\n\t\t\t\n\n\n\t\t<div class=\"icon-box featured-box icon-box-top text-left\"  >\n\t\t\t\t\t<div class=\"icon-box-img\" style=\"width: 90px\">\n\t\t\t\t<div class=\"icon\">\n\t\t\t\t\t<div class=\"icon-inner\" >\n\t\t\t\t\t\t<img loading=\"lazy\" decoding=\"async\" width=\"200\" height=\"200\" src=\"https:\/\/i0.wp.com\/aiviouvapes.com\/wp-content\/uploads\/2024\/08\/save-money-1-1-1.png?fit=200%2C200&amp;ssl=1\" class=\"attachment-medium size-medium\" alt=\"Miks valida AIVIOUVAPES\" srcset=\"https:\/\/i0.wp.com\/aiviouvapes.com\/wp-content\/uploads\/2024\/08\/save-money-1-1-1.png?w=200&amp;ssl=1 200w, https:\/\/i0.wp.com\/aiviouvapes.com\/wp-content\/uploads\/2024\/08\/save-money-1-1-1.png?resize=150%2C150&amp;ssl=1 150w, https:\/\/i0.wp.com\/aiviouvapes.com\/wp-content\/uploads\/2024\/08\/save-money-1-1-1.png?resize=12%2C12&amp;ssl=1 12w, https:\/\/i0.wp.com\/aiviouvapes.com\/wp-content\/uploads\/2024\/08\/save-money-1-1-1.png?resize=100%2C100&amp;ssl=1 100w\" sizes=\"auto, (max-width: 200px) 100vw, 200px\" title=\"\">\t\t\t\t\t<\/div>\n\t\t\t\t<\/div>\n\t\t\t<\/div>\n\t\t\t\t<div class=\"icon-box-text last-reset\">\n\t\t\t\t\t\t\t\t\t\n\n\t<div id=\"text-546428765\" class=\"text\">\n\t\t\n\n<h3 style=\"text-align: center;\">V\u00f5itmatu v\u00e4\u00e4rtus<\/h3>\n<p style=\"text-align: center;\">Nautige tippkvaliteediga tooteid teie eelarvele vastavate hindadega.<\/p>\n\t\t\n<style>\n#text-546428765 {\n  font-size: 0.9rem;\n}\n<\/style>\n\t<\/div>\n\t\n\n\t\t<\/div>\n\t<\/div>\n\t\n\t\n\n\t\t<\/div>\n\t\t\t\t\t<\/div>\n\n\t\n\n\t<div id=\"col-479965690\" class=\"col medium-3 small-6 large-3\"  >\n\t\t\t\t<div class=\"col-inner text-center\"  >\n\t\t\t\n\t\t\t\n\n\n\t\t<div class=\"icon-box featured-box icon-box-top text-left\"  >\n\t\t\t\t\t<div class=\"icon-box-img\" style=\"width: 90px\">\n\t\t\t\t<div class=\"icon\">\n\t\t\t\t\t<div class=\"icon-inner\" >\n\t\t\t\t\t\t<img loading=\"lazy\" decoding=\"async\" width=\"200\" height=\"200\" src=\"https:\/\/i0.wp.com\/aiviouvapes.com\/wp-content\/uploads\/2024\/08\/delivery-truck-1-1.png?fit=200%2C200&amp;ssl=1\" class=\"attachment-medium size-medium\" alt=\"Miks valida AIVIOUVAPES\" srcset=\"https:\/\/i0.wp.com\/aiviouvapes.com\/wp-content\/uploads\/2024\/08\/delivery-truck-1-1.png?w=200&amp;ssl=1 200w, https:\/\/i0.wp.com\/aiviouvapes.com\/wp-content\/uploads\/2024\/08\/delivery-truck-1-1.png?resize=150%2C150&amp;ssl=1 150w, https:\/\/i0.wp.com\/aiviouvapes.com\/wp-content\/uploads\/2024\/08\/delivery-truck-1-1.png?resize=12%2C12&amp;ssl=1 12w, https:\/\/i0.wp.com\/aiviouvapes.com\/wp-content\/uploads\/2024\/08\/delivery-truck-1-1.png?resize=100%2C100&amp;ssl=1 100w\" sizes=\"auto, (max-width: 200px) 100vw, 200px\" title=\"\">\t\t\t\t\t<\/div>\n\t\t\t\t<\/div>\n\t\t\t<\/div>\n\t\t\t\t<div class=\"icon-box-text last-reset\">\n\t\t\t\t\t\t\t\t\t\n\n\t<div id=\"text-1092851057\" class=\"text\">\n\t\t\n\n<h3 style=\"text-align: center;\">Kiire \u00fclemaailmne saatmine<\/h3>\n<p style=\"text-align: center;\">Sujuva kogemuse tagamiseks tarnime kogu maailmas garanteeritud tollivormistusega.<\/p>\n\t\t\n<style>\n#text-1092851057 {\n  font-size: 0.9rem;\n}\n<\/style>\n\t<\/div>\n\t\n\n\t\t<\/div>\n\t<\/div>\n\t\n\t\n\n\t\t<\/div>\n\t\t\t\t\t<\/div>\n\n\t\n\n\t<div id=\"col-2056199499\" class=\"col medium-3 small-6 large-3\"  >\n\t\t\t\t<div class=\"col-inner text-center\"  >\n\t\t\t\n\t\t\t\n\n\n\t\t<div class=\"icon-box featured-box icon-box-top text-left\"  >\n\t\t\t\t\t<div class=\"icon-box-img\" style=\"width: 90px\">\n\t\t\t\t<div class=\"icon\">\n\t\t\t\t\t<div class=\"icon-inner\" >\n\t\t\t\t\t\t<img loading=\"lazy\" decoding=\"async\" width=\"200\" height=\"200\" src=\"https:\/\/i0.wp.com\/aiviouvapes.com\/wp-content\/uploads\/2024\/08\/support-1-1.png?fit=200%2C200&amp;ssl=1\" class=\"attachment-medium size-medium\" alt=\"Miks valida AIVIOUVAPES\" srcset=\"https:\/\/i0.wp.com\/aiviouvapes.com\/wp-content\/uploads\/2024\/08\/support-1-1.png?w=200&amp;ssl=1 200w, https:\/\/i0.wp.com\/aiviouvapes.com\/wp-content\/uploads\/2024\/08\/support-1-1.png?resize=150%2C150&amp;ssl=1 150w, https:\/\/i0.wp.com\/aiviouvapes.com\/wp-content\/uploads\/2024\/08\/support-1-1.png?resize=12%2C12&amp;ssl=1 12w, https:\/\/i0.wp.com\/aiviouvapes.com\/wp-content\/uploads\/2024\/08\/support-1-1.png?resize=100%2C100&amp;ssl=1 100w\" sizes=\"auto, (max-width: 200px) 100vw, 200px\" title=\"\">\t\t\t\t\t<\/div>\n\t\t\t\t<\/div>\n\t\t\t<\/div>\n\t\t\t\t<div class=\"icon-box-text last-reset\">\n\t\t\t\t\t\t\t\t\t\n\n\t<div id=\"text-3544447731\" class=\"text\">\n\t\t\n\n<h3 style=\"text-align: center;\">\u00d6\u00f6p\u00e4evaringne abi<\/h3>\n<p style=\"text-align: center;\">V\u00f5tke meie tugimeeskonnaga \u00fchendust igal ajal, \u00f6\u00f6p\u00e4evaringselt, WhatsAppi v\u00f5i meili teel.<\/p>\n\t\t\n<style>\n#text-3544447731 {\n  font-size: 0.9rem;\n}\n<\/style>\n\t<\/div>\n\t\n\n\t\t<\/div>\n\t<\/div>\n\t\n\t\n\n\t\t<\/div>\n\t\t\t\t\t<\/div>\n\n\t\n\n<\/div>\n<div class=\"row row-full-width align-middle\"  id=\"row-1817901613\">\n\n\n\t<div id=\"col-1373536206\" class=\"col medium-6 small-12 large-6\"  >\n\t\t\t\t<div class=\"col-inner\"  >\n\t\t\t\n\t\t\t\n\n\t<div class=\"img has-hover x md-x lg-x y md-y lg-y\" id=\"image_714008902\">\n\t\t\t\t\t\t\t\t<div class=\"img-inner dark\" >\n\t\t\t<img loading=\"lazy\" decoding=\"async\" width=\"930\" height=\"1024\" src=\"https:\/\/i0.wp.com\/aiviouvapes.com\/wp-content\/uploads\/2024\/08\/%E6%8B%BC%E5%9B%BE.jpg?fit=930%2C1024&amp;ssl=1\" class=\"attachment-large size-large\" alt=\"Miks valida AIVIOUVAPES\" title=\"\">\t\t\t\t\t\t\n\t\t\t\t\t<\/div>\n\t\t\t\t\t\t\t\t\n<style>\n#image_714008902 {\n  width: 100%;\n}\n<\/style>\n\t<\/div>\n\t\n\n\n\t\t<\/div>\n\t\t\t\t\t<\/div>\n\n\t\n\n\t<div id=\"col-1431641046\" class=\"col medium-6 small-12 large-6\"  >\n\t\t\t\t<div class=\"col-inner\"  >\n\t\t\t\n\t\t\t\n\n<div class=\"container section-title-container\" ><h4 class=\"section-title section-title-normal\"><b aria-hidden=\"true\"><\/b><span class=\"section-title-main\" style=\"font-size:91%;\">Meie eelised<\/span><b aria-hidden=\"true\"><\/b><\/h4><\/div>\n\n<div class=\"accordion\">\n\n\t<div id=\"accordion-3597265317\" class=\"accordion-item\">\n\t\t<a id=\"accordion-3597265317-label\" class=\"accordion-title plain\" href=\"#accordion-item-commitment-to-quality\" aria-expanded=\"false\" aria-controls=\"accordion-3597265317-content\">\n\t\t\t<button class=\"toggle\" aria-label=\"Toggle\"><i class=\"icon-angle-down\" aria-hidden=\"true\"><\/i><\/button>\n\t\t\t<span>Kohustus kvaliteedile<\/span>\n\t\t<\/a>\n\t\t<div id=\"accordion-3597265317-content\" class=\"accordion-inner\" aria-labelledby=\"accordion-3597265317-label\">\n\t\t\t\n\n<p>Kohal <a href=\"https:\/\/aiviouvapes.com\/et\/\">AiviouVape<\/a>, kvaliteet juhib k\u00f5ike, mida me teeme. Meie \u00fchekordselt kasutatavad aurusid on hoolikalt valmistatud ja rangelt testitud, et need vastaksid k\u00f5rgeimatele standarditele, tagades iga kord sujuva ja usaldusv\u00e4\u00e4rse aurustamiskogemuse. Kui oleme p\u00fchendunud nulldefektide ja kaebuste puudumisele, v\u00f5ite usaldada, et saate parima.<\/p>\n\n\t\t<\/div>\n\t<\/div>\n\t\n\t<div id=\"accordion-47545867\" class=\"accordion-item\">\n\t\t<a id=\"accordion-47545867-label\" class=\"accordion-title plain\" href=\"#accordion-item-diverse-range-of-products\" aria-expanded=\"false\" aria-controls=\"accordion-47545867-content\">\n\t\t\t<button class=\"toggle\" aria-label=\"Toggle\"><i class=\"icon-angle-down\" aria-hidden=\"true\"><\/i><\/button>\n\t\t\t<span>Mitmek\u00fclgne tootevalik<\/span>\n\t\t<\/a>\n\t\t<div id=\"accordion-47545867-content\" class=\"accordion-inner\" aria-labelledby=\"accordion-47545867-label\">\n\t\t\t\n\n<p>Oleme uhked, et pakume laia valikut k\u00f5rgekvaliteedilisi \u00fchekordseid aurusid, mis sobivad igale eelistusele. Meie valikus on uusimatest uuendustest kuni pikaajaliste f\u00e4nnide lemmikuteni sellised usaldusv\u00e4\u00e4rsed kaubam\u00e4rgid nagu Waspe, Vapme, RandM Tornado, Bang Box, ELF Box ja Bang King. Kas otsite Vapme'i julgeid maitseid v\u00f5i RandM Tornado elegantset disaini, meie kollektsioon on loodud selleks, et aidata teil leida teie maitsele ja elustiilile sobivaim vape.<\/p>\n\n\n\t\t<\/div>\n\t<\/div>\n\t\n\t<div id=\"accordion-906609943\" class=\"accordion-item\">\n\t\t<a id=\"accordion-906609943-label\" class=\"accordion-title plain\" href=\"#accordion-item-wholesale-and-retail-solutions\" aria-expanded=\"false\" aria-controls=\"accordion-906609943-content\">\n\t\t\t<button class=\"toggle\" aria-label=\"Toggle\"><i class=\"icon-angle-down\" aria-hidden=\"true\"><\/i><\/button>\n\t\t\t<span>Hulgi- ja jaem\u00fc\u00fcgilahendused<\/span>\n\t\t<\/a>\n\t\t<div id=\"accordion-906609943-content\" class=\"accordion-inner\" aria-labelledby=\"accordion-906609943-label\">\n\t\t\t\n\n<p>AiviouVape vastab nii jae- kui ka hulgim\u00fc\u00fcgiklientide n\u00f5udmistele, pakkudes iga kord erakordseid tooteid ja teenuseid. Kui olete meie jaoks uus, soovitame alustada v\u00e4ikese partiiga, et meie kvaliteeti omal nahal kogeda. Konkurentsiv\u00f5imelise hinna ja esmaklassiliste standarditega oleme \u00fchekordselt kasutatavate veipide t\u00f6\u00f6stuses usaldusv\u00e4\u00e4rne valik.\u00a0<\/p>\n\n\t\t<\/div>\n\t<\/div>\n\t\n\t<div id=\"accordion-2066728499\" class=\"accordion-item\">\n\t\t<a id=\"accordion-2066728499-label\" class=\"accordion-title plain\" href=\"#accordion-item-continuous-improvement\" aria-expanded=\"false\" aria-controls=\"accordion-2066728499-content\">\n\t\t\t<button class=\"toggle\" aria-label=\"Toggle\"><i class=\"icon-angle-down\" aria-hidden=\"true\"><\/i><\/button>\n\t\t\t<span>Pidev t\u00e4iustamine<\/span>\n\t\t<\/a>\n\t\t<div id=\"accordion-2066728499-content\" class=\"accordion-inner\" aria-labelledby=\"accordion-2066728499-label\">\n\t\t\t\n\n<p>AiviouVape&#039;i eristab meie p\u00fchendumus erakordsele klienditeenindusele. \u00dcksk\u00f5ik, kas vajate enne ostmist n\u00f5u v\u00f5i abi tellimisel, on meie meeskond alati saadaval WhatsAppi v\u00f5i meili teel. P\u00fc\u00fcame luua oma klientidega p\u00fcsivaid suhteid, tagades teie rahulolu igal sammul.<\/p>\n\n\t\t<\/div>\n\t<\/div>\n\t\n\t<div id=\"accordion-3743582161\" class=\"accordion-item\">\n\t\t<a id=\"accordion-3743582161-label\" class=\"accordion-title plain\" href=\"#accordion-item-quality-assurance\" aria-expanded=\"false\" aria-controls=\"accordion-3743582161-content\">\n\t\t\t<button class=\"toggle\" aria-label=\"Toggle\"><i class=\"icon-angle-down\" aria-hidden=\"true\"><\/i><\/button>\n\t\t\t<span>Kvaliteedi tagamine<\/span>\n\t\t<\/a>\n\t\t<div id=\"accordion-3743582161-content\" class=\"accordion-inner\" aria-labelledby=\"accordion-3743582161-label\">\n\t\t\t\n\n<p>Meie p\u00fchendumus kvaliteedile ei k\u00f5iguta igal etapil \u2013 tootearenduses, tootmises, turunduses ja levitamises. Meie \u00fchekordselt kasutatavad vapid l\u00e4bivad ranged testid, et tagada nende mittetoksilisus, puhas ja erakordne maitse. See tipptasemele p\u00fchendumine moodustab meie ettev\u00f5ttekultuuri selgroo.<\/p>\n\n\t\t<\/div>\n\t<\/div>\n\t\n\t<div id=\"accordion-4276847559\" class=\"accordion-item\">\n\t\t<a id=\"accordion-4276847559-label\" class=\"accordion-title plain\" href=\"#accordion-item-efficient-logistics-and-delivery\" aria-expanded=\"false\" aria-controls=\"accordion-4276847559-content\">\n\t\t\t<button class=\"toggle\" aria-label=\"Toggle\"><i class=\"icon-angle-down\" aria-hidden=\"true\"><\/i><\/button>\n\t\t\t<span>T\u00f5hus logistika ja tarne<\/span>\n\t\t<\/a>\n\t\t<div id=\"accordion-4276847559-content\" class=\"accordion-inner\" aria-labelledby=\"accordion-4276847559-label\">\n\t\t\t\n\n<p>AiviouVape pakub t\u00f5husat logistikat ja kohaletoimetamist, sealhulgas DDP (Delivered Duty Paid) teenuseid, tagades sujuva tollivormistuse ilma tasude ja maksudeta. Kiire kohaletoimetamise ja erakordse klienditoega pakume sujuvat ja usaldusv\u00e4\u00e4rset kogemust, mis teeb meist selles valdkonnas usaldusv\u00e4\u00e4rse partneri.<\/p>\n\n\t\t<\/div>\n\t<\/div>\n\t\n\t<div id=\"accordion-3320917558\" class=\"accordion-item\">\n\t\t<a id=\"accordion-3320917558-label\" class=\"accordion-title plain\" href=\"#accordion-item-odm-and-oem-services\" aria-expanded=\"false\" aria-controls=\"accordion-3320917558-content\">\n\t\t\t<button class=\"toggle\" aria-label=\"Toggle\"><i class=\"icon-angle-down\" aria-hidden=\"true\"><\/i><\/button>\n\t\t\t<span>ODM ja OEM teenused<\/span>\n\t\t<\/a>\n\t\t<div id=\"accordion-3320917558-content\" class=\"accordion-inner\" aria-labelledby=\"accordion-3320917558-label\">\n\t\t\t\n\n<p>AiviouVapes pakub t\u00e4isteenuseid ODM (Original Design Manufacturing) ja OEM (Original Equipment Manufacturing) teenuseid. Kahe suure rajatise abil aitame klientidel kujundada unikaalseid tooteid ja pilkup\u00fc\u00fcdvaid pakendamise logosid. Pakume ka tasuta pakendi kujundamise juhiseid ja toetame kliente, kes pakivad oma tooteid ise, tagades nende kaubam\u00e4rgi turul s\u00e4ramise.<\/p>\n\n\t\t<\/div>\n\t<\/div>\n\t\n\n<\/div>\n\n\t\t<\/div>\n\t\t\t\t\t<\/div>\n\n\t\n\n<\/div>","protected":false},"excerpt":{"rendered":"<p>VAPME DIGITAL 12000 pihustust \u00fchekordseks kasutamiseks m\u00f5eldud vape pakub kuni 12 000 t\u00f5mmet 20 ml e-vedeliku mahuga, 850 mAh laetava aku ja 1 \u03a9 v\u00f5rgusilma m\u00e4hisega, mis tagab sujuva ja maitsva auru. Saadaval mitme nikotiini tugevuse ja 20 ainulaadse maitsega, see sobib suurep\u00e4raselt pikendatud ja kvaliteetseks aurustamiseks.<\/p>","protected":false},"featured_media":1399,"comment_status":"open","ping_status":"closed","template":"","meta":[],"product_brand":[233],"product_cat":[20,124,90,117,81,76,134,135,133,136,137,146,138,139,140,141,142,143,144,145,573,572,132,82],"product_tag":[],"class_list":{"0":"post-1398","1":"product","2":"type-product","3":"status-publish","4":"has-post-thumbnail","6":"product_brand-vapme","7":"product_cat-vapme-vapes","8":"product_cat-12000-puffs-disposable-vape","9":"product_cat-big-puffs-vapes","10":"product_cat-different-puffs-of-diposable-vapes","11":"product_cat-digital-box-vapes","12":"product_cat-disposable-vape-types","13":"product_cat-disposable-vapes-in-austria","14":"product_cat-disposable-vapes-in-belgium","15":"product_cat-disposable-vapes-in-europe","16":"product_cat-disposable-vapes-in-france","17":"product_cat-disposable-vapes-in-germany","18":"product_cat-disposable-vapes-in-hungary","19":"product_cat-disposable-vapes-in-ltaly","20":"product_cat-disposable-vapes-in-netherlands","21":"product_cat-disposable-vapes-in-norway","22":"product_cat-disposable-vapes-in-poland","23":"product_cat-disposable-vapes-in-portugal","24":"product_cat-disposable-vapes-in-spain","25":"product_cat-disposable-vapes-in-sweden","26":"product_cat-disposable-vapes-in-switzerland","27":"product_cat-new-3","28":"product_cat-new-2","29":"product_cat-rechargeable-vapes","30":"product_cat-smart-screen-vapes","32":"first","33":"instock","34":"shipping-taxable","35":"purchasable","36":"product-type-variable","37":"has-default-attributes"},"jetpack_sharing_enabled":true,"tiered_pricing_type":"fixed","tiered_pricing_fixed_rules":{"2000":4.2599999999999997868371792719699442386627197265625},"tiered_pricing_product_settings":{"layout":"default","base_unit_name":{"singular":null,"plural":null},"default_variation":null},"tiered_pricing_minimum_quantity":1000,"tiered_pricing_roles_data":[],"tiered_pricing_percentage_rules":[],"tiered_pricing_maximum_quantity":null,"tiered_pricing_quantity_step":"10","_links":{"self":[{"href":"https:\/\/aiviouvapes.com\/et\/wp-json\/wp\/v2\/product\/1398","targetHints":{"allow":["GET"]}}],"collection":[{"href":"https:\/\/aiviouvapes.com\/et\/wp-json\/wp\/v2\/product"}],"about":[{"href":"https:\/\/aiviouvapes.com\/et\/wp-json\/wp\/v2\/types\/product"}],"replies":[{"embeddable":true,"href":"https:\/\/aiviouvapes.com\/et\/wp-json\/wp\/v2\/comments?post=1398"}],"wp:featuredmedia":[{"embeddable":true,"href":"https:\/\/aiviouvapes.com\/et\/wp-json\/wp\/v2\/media\/1399"}],"wp:attachment":[{"href":"https:\/\/aiviouvapes.com\/et\/wp-json\/wp\/v2\/media?parent=1398"}],"wp:term":[{"taxonomy":"product_brand","embeddable":true,"href":"https:\/\/aiviouvapes.com\/et\/wp-json\/wp\/v2\/product_brand?post=1398"},{"taxonomy":"product_cat","embeddable":true,"href":"https:\/\/aiviouvapes.com\/et\/wp-json\/wp\/v2\/product_cat?post=1398"},{"taxonomy":"product_tag","embeddable":true,"href":"https:\/\/aiviouvapes.com\/et\/wp-json\/wp\/v2\/product_tag?post=1398"}],"curies":[{"name":"wp","href":"https:\/\/api.w.org\/{rel}","templated":true}]}}