{"id":118575,"date":"2026-03-27T09:31:45","date_gmt":"2026-03-27T01:31:45","guid":{"rendered":"https:\/\/aiviouvapes.com\/?post_type=product&#038;p=118575"},"modified":"2026-04-22T09:03:50","modified_gmt":"2026-04-22T01:03:50","slug":"uzy-crystal-star-60k","status":"publish","type":"product","link":"https:\/\/aiviouvapes.com\/et\/product\/uzy-crystal-star-60k\/","title":{"rendered":"UZY Crystal Star 60K | 60000 puffs, nutikas ekraan, dual mesh coil, 12 maitset, lahtiselt \u00fchekordselt kasutatav vape"},"content":{"rendered":"<h2>Tutvu UZY Crystal Star 60K \u2b50 \u2b50<\/h2>\n<p>Otsid \u00fchekordselt kasutatavat vape'i, mis lihtsalt j\u00e4tkab? The <strong>UZY Crystal Star 60000 Puffs<\/strong> on loodud aurajatele, kes vihkavad t\u00fchjaks jooksmist. Massiivse <strong>40ml e-vedeliku mahutavus<\/strong>, <strong>kahe v\u00f5rguga m\u00e4hise tehnoloogia<\/strong> siledaks ja rikkalikuks maitseks ning <strong>nutikas ekraan<\/strong> mis j\u00e4lgib teie aku ja mahla taset reaalajas, siis see seade vastab k\u00f5igile n\u00f5uetele. Olenemata sellest, kas te vepseerite kogu p\u00e4eva v\u00f5i varute oma klientidele riiuleid, Crystal Star 60K pakub k\u00f5ike, mis vaja.<\/p>\n<h2>Miks valida UZY Crystal Star 60K? \u2705<\/h2>\n<ul>\n<li><strong>60000 puffi<\/strong> kauakestev j\u00f5udlus - v\u00e4hem v\u00e4ljavahetamisi, rohkem naudingut \ud83d\udd25<\/li>\n<li><strong>40ml e-vedeliku mahutavus<\/strong> nii et v\u00f5ite n\u00e4dalate kaupa ilma muretsemata vampiirida.<\/li>\n<li><strong>Kahe v\u00f5rgusilma m\u00e4hise tehnoloogia<\/strong> sujuvamate tabamuste ja julgema maitse saavutamiseks \u2601\ufe0f<\/li>\n<li><strong>Nutikas ekraan<\/strong> n\u00e4itab aku ja e-vedeliku taset silmaga \ud83d\udc40<\/li>\n<li><strong>Reguleeritav \u00f5huvool<\/strong> v\u00f5imaldab teil kohandada oma t\u00f5mmet - tihe v\u00f5i \u00f5huline, teie otsustada \ud83c\udf2c\ufe0f<\/li>\n<li><strong>650mAh aku<\/strong> USB Type-C kiirlaadimisega \u26a1<\/li>\n<li><strong>12 maitsevarianti<\/strong> puuviljade, j\u00e4\u00e4, kommide ja klassikaliste profiilide katmine \ud83c\udf53<\/li>\n<li><strong>Suurep\u00e4rane kaupluste ja hulgim\u00fc\u00fcgi jaoks<\/strong> - suure n\u00f5udlusega kristalldisain, mis liigub kiiresti riiulitelt \ud83d\udce6<\/li>\n<\/ul>\n<h2>UZY Crystal Star 60K spetsifikatsioonid \ud83d\udccc<\/h2>\n<table>\n<tbody>\n<tr>\n<td><strong>Toote nimi<\/strong><\/td>\n<td>UZY Crystal Star 60000 Puffs \u00fchekordselt kasutatav Vape<\/td>\n<\/tr>\n<tr>\n<td><strong>Max Puffs<\/strong><\/td>\n<td>Kuni 60000 puffi<\/td>\n<\/tr>\n<tr>\n<td><strong>E-vedeliku mahutavus<\/strong><\/td>\n<td>40ml<\/td>\n<\/tr>\n<tr>\n<td><strong>Spiraal<\/strong><\/td>\n<td>Kahe v\u00f5rguga m\u00e4his<\/td>\n<\/tr>\n<tr>\n<td><strong>Nikotiini tugevus<\/strong><\/td>\n<td>0% \/ 2% \/ 3% \/ 5%<\/td>\n<\/tr>\n<tr>\n<td><strong>Aku<\/strong><\/td>\n<td>650mAh laetav<\/td>\n<\/tr>\n<tr>\n<td><strong>Laadimine<\/strong><\/td>\n<td>USB Type-C kiirlaadimine<\/td>\n<\/tr>\n<tr>\n<td><strong>Ekraan<\/strong><\/td>\n<td>Nutikas ekraan (aku ja e-vedeliku indikaator)<\/td>\n<\/tr>\n<tr>\n<td><strong>\u00d5huvool<\/strong><\/td>\n<td>Reguleeritav \u00f5huvoolus\u00fcsteem<\/td>\n<\/tr>\n<tr>\n<td><strong>Pakend<\/strong><\/td>\n<td>10 seadet karbis<\/td>\n<\/tr>\n<\/tbody>\n<\/table>\n<h2>UZY Crystal Star 60K maitse valikud \ud83c\udf53\ud83c\udf49\ud83e\uddca\ud83e\uddca<\/h2>\n<p>UZY Crystal Star 60000 on saadaval j\u00e4rgmises v\u00e4rvitoonis <strong>12 maitsvat maitset<\/strong>, millest iga\u00fcks on loodud sujuvaks ja rahuldust pakkuvaks vampiiriks. Siin on kogu tootevalik:<\/p>\n<ul>\n<li><strong>Mustikas Vaarikas<\/strong> - mahlakas mustikas ja kirbe vaarikas moodustavad t\u00e4iusliku marja duo \ud83e\uded0.<\/li>\n<li><strong>Kiivi Passion Fruit Guava<\/strong> - troopiline trio, mis on s\u00e4rav, magus ja v\u00e4rskendav \ud83e\udd5d\ud83c\udf48.<\/li>\n<li><strong>Kirss koola j\u00e4\u00e4<\/strong> - klassikaline kirsikoola j\u00e4ise twistiga \ud83c\udf52\ud83e\uddca\ud83e\uddca<\/li>\n<li><strong>Maasika arbuus<\/strong> - magus maasikas segatud v\u00e4rske arbuusiga \ud83c\udf53\ud83c\udf49<\/li>\n<li><strong>Segatud marjad<\/strong> - k\u00fcpsete marjade segu, tasakaalustatud ja pehme \ud83c\udf47.<\/li>\n<li><strong>Virsikuj\u00e4\u00e4tis<\/strong> - mahlakas virsik jaheda mentooliga \ud83c\udf51\u2744\ufe0f<\/li>\n<li><strong>Sidrun Laim<\/strong> - v\u00fcrtsikas tsitrusviljakombo, puhas ja karge \ud83c\udf4b<\/li>\n<li><strong>Viinamarja j\u00e4\u00e4<\/strong> - julge viinamarja maitse koos k\u00fclma l\u00f6\u00f6giga \ud83c\udf47\ud83e\uddca \ud83c\udf47\ud83e\uddca<\/li>\n<li><strong>Arbuusi j\u00e4\u00e4<\/strong> - magus arbuus j\u00e4ise v\u00e4ljahingamisega \ud83c\udf49\u2744\ufe0f<\/li>\n<li><strong>Armastus 66<\/strong> - magus, puuviljane kommisegu, mida f\u00e4nnid armastavad \ud83d\udc95<\/li>\n<li><strong>Kaks Apple<\/strong> - topelt \u00f5unap\u00f5hine headus koos vihje lahedusega \ud83c\udf4f\ud83c\udf4e\ud83c\udf4e<\/li>\n<li><strong>Mustika j\u00e4\u00e4<\/strong> - rikkalik mustikas v\u00e4rskendava j\u00e4\u00e4ga \ud83e\uded0\u2744\ufe0f<\/li>\n<\/ul>\n<h2>Valmistatud jaem\u00fc\u00fcgi + hulgim\u00fc\u00fcgi edu jaoks \ud83c\udfea\ud83d\udce6<\/h2>\n<p>The <strong>UZY Crystal Star 60K<\/strong> sobib suurep\u00e4raselt <strong>rasked aurutajad<\/strong> kes soovivad seadet, mis kestab, <strong>maitsearmastajad<\/strong> kes hindavad mitmekesisust ja <strong>vape poed<\/strong> otsides pilkup\u00fc\u00fcdvat kristalldisaini, mis m\u00fc\u00fcb ennast ise. Sest <strong>turustajad ja hulgim\u00fc\u00fcjad<\/strong>, 60000 puffi, nutika ekraani ja 12 populaarse maitse kombinatsioon teeb sellest tugeva SKU suure puffiga \u00fchekordsete tubakatoodete kategoorias.<\/p>\n<h2>UZY Crystal Star 60K KKK \u2753<\/h2>\n<h3>Mitu puffi annab UZY Crystal Star?<\/h3>\n<p>UZY Crystal Star pakub kuni <strong>60000 puffi<\/strong>, mis teeb sellest \u00fche k\u00f5ige kauem kestvaima \u00fchekordse kasutusega vapi, mis on saadaval.<\/p>\n<h3>Kas UZY Crystal Star 60K on laetav?<\/h3>\n<p>Jah! Sellel on <strong>650 mAh aku<\/strong> koos <strong>USB Type-C kiirlaadimine<\/strong>, nii et saate seda kiiresti laadida ja j\u00e4tkata aurustamist. \u26a1<\/p>\n<h3>Millised nikotiini tugevused on saadaval?<\/h3>\n<p>Saate valida j\u00e4rgmiste valikute vahel <strong>0%<\/strong>, <strong>2%<\/strong>, <strong>3%<\/strong>ja <strong>5%<\/strong> nikotiinivalikud vastavalt teie eelistustele v\u00f5i turun\u00f5uetele.<\/p>\n<h3>Kui palju e-vedelikku mahutab see?<\/h3>\n<p>Sellel on suur <strong>40ml e-vedeliku mahutavus<\/strong>, mist\u00f5ttu see suudab anda nii palju puhanguid, ilma et see kuivaks j\u00e4\u00e4ks.<\/p>\n<h3>Millist m\u00e4hist see kasutab?<\/h3>\n<p>See kasutab <strong>kahe v\u00f5rguga m\u00e4hise tehnoloogia<\/strong> sujuvama auru ja t\u00e4iustatud maitse saavutamiseks iga t\u00f5mbega. \u2601\ufe0f<\/p>\n<h3>Kui palju maitseid on olemas?<\/h3>\n<p>On olemas <strong>12 maitsevarianti<\/strong> sealhulgas puuviljased, j\u00e4ised, kommid ja klassikalised profiilid - midagi igale maitsele.<\/p>\n<h3>Kas UZY Crystal Star on hea hulgim\u00fc\u00fcgi jaoks?<\/h3>\n<p>Absoluutselt. Kristalldisain n\u00e4eb riiulitel suurep\u00e4raselt v\u00e4lja, 60-kilose puhumise arv meeldib suurtele kasutajatele ja nutikas ekraan on m\u00fc\u00fcgipunkt, mida kliendid armastavad. Pakitud <strong>10 seadet karbis<\/strong>. \ud83d\udce6<\/p>","protected":false},"excerpt":{"rendered":"<p>UZY Crystal Star 60K \u00fchekordselt kasutatav vape, millel on nutikas ekraan, kahekordsed v\u00f5rgusilma m\u00e4hised ja reguleeritav \u00f5huvool. Massiivne 40ml e-vedelik + 60000 puffi - ideaalne jae- ja hulgim\u00fc\u00fcjatele. \u2728<\/p>\n<h3>\ud83d\udc49 See toode on meie ELi laos olemas!<\/h3>\n<h4>\ud83c\udf89L\u00f5petage ootamine: <strong>5-7 p\u00e4eva tarne meie Euroopas asuvast<\/strong> ladu (vaikimisi <strong>2% nikotiini tugevus<\/strong> ainult versioon).<\/h4>\n<p><span style=\"font-size: 75%;\"><em>\ud83d\udd39 Enamik tellimusi saadetakse meie Euroopa laost, kui see on saadaval. Vahetevahel, kui see on otsas, saadame selle asemel Hiinast.<\/em><\/span><\/p>","protected":false},"featured_media":118664,"comment_status":"open","ping_status":"closed","template":"","meta":[],"product_brand":[254],"product_cat":[242,90,280,78,81,76,133,132,82,253],"product_tag":[556],"class_list":{"0":"post-118575","1":"product","2":"type-product","3":"status-publish","4":"has-post-thumbnail","6":"product_brand-uzy","7":"product_cat-60000-puffs-disposable-vape","8":"product_cat-big-puffs-vapes","9":"product_cat-cheap-rechargeable-disposable-vapes","10":"product_cat-crystal-vapes","11":"product_cat-digital-box-vapes","12":"product_cat-disposable-vape-types","13":"product_cat-disposable-vapes-in-europe","14":"product_cat-rechargeable-vapes","15":"product_cat-smart-screen-vapes","16":"product_cat-uzy","17":"product_tag-uzy-crystal-star-60000-disposable-vape","19":"first","20":"instock","21":"shipping-taxable","22":"purchasable","23":"product-type-variable","24":"has-default-attributes"},"jetpack_sharing_enabled":true,"tiered_pricing_type":"fixed","tiered_pricing_fixed_rules":{"30":8.519999999999999573674358543939888477325439453125,"50":7.2599999999999997868371792719699442386627197265625,"100":6.7400000000000002131628207280300557613372802734375,"200":6.46999999999999975131004248396493494510650634765625,"400":5.75},"tiered_pricing_product_settings":{"layout":"default","base_unit_name":{"singular":null,"plural":null},"default_variation":null},"tiered_pricing_minimum_quantity":10,"tiered_pricing_roles_data":[],"tiered_pricing_percentage_rules":[],"tiered_pricing_maximum_quantity":null,"tiered_pricing_quantity_step":"10","_links":{"self":[{"href":"https:\/\/aiviouvapes.com\/et\/wp-json\/wp\/v2\/product\/118575","targetHints":{"allow":["GET"]}}],"collection":[{"href":"https:\/\/aiviouvapes.com\/et\/wp-json\/wp\/v2\/product"}],"about":[{"href":"https:\/\/aiviouvapes.com\/et\/wp-json\/wp\/v2\/types\/product"}],"replies":[{"embeddable":true,"href":"https:\/\/aiviouvapes.com\/et\/wp-json\/wp\/v2\/comments?post=118575"}],"wp:featuredmedia":[{"embeddable":true,"href":"https:\/\/aiviouvapes.com\/et\/wp-json\/wp\/v2\/media\/118664"}],"wp:attachment":[{"href":"https:\/\/aiviouvapes.com\/et\/wp-json\/wp\/v2\/media?parent=118575"}],"wp:term":[{"taxonomy":"product_brand","embeddable":true,"href":"https:\/\/aiviouvapes.com\/et\/wp-json\/wp\/v2\/product_brand?post=118575"},{"taxonomy":"product_cat","embeddable":true,"href":"https:\/\/aiviouvapes.com\/et\/wp-json\/wp\/v2\/product_cat?post=118575"},{"taxonomy":"product_tag","embeddable":true,"href":"https:\/\/aiviouvapes.com\/et\/wp-json\/wp\/v2\/product_tag?post=118575"}],"curies":[{"name":"wp","href":"https:\/\/api.w.org\/{rel}","templated":true}]}}