{"id":117908,"date":"2026-03-26T18:57:59","date_gmt":"2026-03-26T10:57:59","guid":{"rendered":"https:\/\/aiviouvapes.com\/?post_type=product&#038;p=117908"},"modified":"2026-04-17T10:32:59","modified_gmt":"2026-04-17T02:32:59","slug":"bang-legend-geek-300k","status":"publish","type":"product","link":"https:\/\/aiviouvapes.com\/et\/product\/bang-legend-geek-300k\/","title":{"rendered":"Bang Legend Geek 300K | 8-in-1 maitse l\u00fcliti, 300000 puffs, laetav, lahtiselt \u00fchekordselt kasutatav vape"},"content":{"rendered":"<h2>Tutvuge Bang Legend Geek 300K \u26a1<\/h2>\n<p>Kas oled valmis \u00fchekordse aurutamise uueks tasemeks? The <strong>Bang Legend Geek 300K<\/strong> on metsalise pakkimisega <strong>kuni 300000 puffi<\/strong> ja uuenduslik <strong>8-in-1 maitse \u00fcmberl\u00fclitamise s\u00fcsteem<\/strong> \u00fcheks futuristlikuks seadmeks. Oma julge geek-inspireeritud disaini, v\u00f5imsa v\u00f5rgusilma m\u00e4hise ja laetava Type-C akuga on see loodud aurajatele, kes soovivad maksimaalset j\u00f5udlust ja mitmekesisust. Kaupluste ja hulgim\u00fc\u00fcjate jaoks on see megapuhuri kategoorias v\u00e4ga n\u00f5utud SKU.<\/p>\n<h2>Miks valida Bang Legend Geek 300K? \u2705<\/h2>\n<ul>\n<li><strong>8-in-1 maitse l\u00fcliti<\/strong>-kaheksa maitsere\u017eiimi \u00fches seadmes maksimaalse mitmekesisuse tagamiseks \ud83d\ude0b<\/li>\n<li><strong>Kuni 300000 puffi<\/strong> \u00fclipika kasutuse ja v\u00e4hemate seadme vahetuste jaoks \ud83d\udd25<\/li>\n<li><strong>V\u00f5rgum\u00e4hise tehnoloogia<\/strong> julge, pehme maitse ja tiheda auruga \u2601\ufe0f<\/li>\n<li><strong>Laetav C-t\u00fc\u00fcpi aku<\/strong> mugavaks igap\u00e4evaseks kasutamiseks \u26a1<\/li>\n<li><strong>Futuristlik geek-stiilis disain<\/strong>-julged tehnoloogiast inspireeritud v\u00e4limus, mis paistab silma \ud83c\udfae<\/li>\n<li><strong>Nutikas \u00f5huvoolus\u00fcsteem<\/strong> sujuvaks ja rahuldustpakkuvaks t\u00f5mbamiseks iga kord<\/li>\n<li><strong>Draw-activated<\/strong>-ei nuppe, lihtsalt sisse hingata ja nautida<\/li>\n<li><strong>Suurep\u00e4rane kaupluste ja hulgim\u00fc\u00fcgi jaoks<\/strong>-mega puffide arv + 8-in-1 funktsioon = kiire m\u00fc\u00fcja \ud83d\udce6<\/li>\n<\/ul>\n<h2>Bang Legend Geek 300K spetsifikatsioonid \ud83d\udccc<\/h2>\n<table>\n<tbody>\n<tr>\n<td><strong>Toote nimi<\/strong><\/td>\n<td>Bang Legend Geek 300K \u00fchekordselt kasutatav Vape<\/td>\n<\/tr>\n<tr>\n<td><strong>Max Puffs<\/strong><\/td>\n<td>Kuni 300000 puffi<\/td>\n<\/tr>\n<tr>\n<td><strong>Maitses\u00fcsteem<\/strong><\/td>\n<td>8-in-1 maitsekamber<\/td>\n<\/tr>\n<tr>\n<td><strong>Spiraal<\/strong><\/td>\n<td>V\u00f5rgusilma spiraal<\/td>\n<\/tr>\n<tr>\n<td><strong>Nikotiini tugevus<\/strong><\/td>\n<td>0% \/ 2% \/ 3% \/ 5%<\/td>\n<\/tr>\n<tr>\n<td><strong>Aku<\/strong><\/td>\n<td>Laetav<\/td>\n<\/tr>\n<tr>\n<td><strong>Laadimine<\/strong><\/td>\n<td>C-t\u00fc\u00fcpi USB<\/td>\n<\/tr>\n<tr>\n<td><strong>Disain<\/strong><\/td>\n<td>Futuristlik geek-stiilis<\/td>\n<\/tr>\n<tr>\n<td><strong>Aktiveerimine<\/strong><\/td>\n<td>Draw-Activated (ilma nuppudeta)<\/td>\n<\/tr>\n<\/tbody>\n<\/table>\n<h2>8-in-1 maitsekombinatsioonid (13 valikut) \ud83c\udf53\ud83c\udf49\ud83e\uddca\ud83e\uddca.<\/h2>\n<p>Iga Bang Legend Geek 300K omab uuenduslikku <strong>8-in-1 maitse \u00fcmberl\u00fclitamise s\u00fcsteem<\/strong>. Iga seade sisaldab nelja p\u00f5himaitset ja nelja automaatset segukombinatsiooni (1+2, 2+3, 3+4, 4+1), mis annab teile nii puhtaid maitseid kui ka segatud maitseid \u00fches vape'is.<\/p>\n<table>\n<thead>\n<tr>\n<th>Ei.<\/th>\n<th>Maitsekombo (4 p\u00f5himaitset)<\/th>\n<\/tr>\n<\/thead>\n<tbody>\n<tr>\n<td>1<\/td>\n<td><strong>Mamba<\/strong> \/ <strong>Virsik-mango arbuus<\/strong> \/ <strong>Energiajook<\/strong> \/ <strong>Viinamarja j\u00e4\u00e4<\/strong><\/td>\n<\/tr>\n<tr>\n<td>2<\/td>\n<td><strong>Passion Fruit Mango<\/strong> \/ <strong>Virsik ananass<\/strong> \/ <strong>Mustikas Vaarikas<\/strong> \/ <strong>Arbuusi j\u00e4\u00e4<\/strong><\/td>\n<\/tr>\n<tr>\n<td>3<\/td>\n<td><strong>Sidrun Hapukas apelsin<\/strong> \/ <strong>Mango virsik<\/strong> \/ <strong>Arbuusi j\u00e4\u00e4<\/strong> \/ <strong>Marjaj\u00e4\u00e4<\/strong><\/td>\n<\/tr>\n<tr>\n<td>4<\/td>\n<td><strong>\u00d5unapirn<\/strong> \/ <strong>Maasika Mango<\/strong> \/ <strong>Maasika arbuus<\/strong> \/ <strong>Mustika j\u00e4\u00e4<\/strong><\/td>\n<\/tr>\n<tr>\n<td>5<\/td>\n<td><strong>Arbuusi marja<\/strong> \/ <strong>Mango Virsik Aprikoos<\/strong> \/ <strong>Maasika kiivi<\/strong> \/ <strong>Virsik-mango arbuus<\/strong><\/td>\n<\/tr>\n<tr>\n<td>6<\/td>\n<td><strong>Suvine aeg<\/strong> \/ <strong>Mango Ice<\/strong> \/ <strong>Armastus 66<\/strong> \/ <strong>Hapukas mango ananass<\/strong><\/td>\n<\/tr>\n<tr>\n<td>7<\/td>\n<td><strong>Kiivi Passion Fruit Guava<\/strong> \/ <strong>Viinamarja j\u00e4\u00e4<\/strong> \/ <strong>Kirglik suudlus<\/strong> \/ <strong>Arbuus Hapukas virsik<\/strong><\/td>\n<\/tr>\n<tr>\n<td>8<\/td>\n<td><strong>Arbuusi draakonipuu<\/strong> \/ <strong>\u00d5unapirn<\/strong> \/ <strong>Passion Fruit Kiwi Lime<\/strong> \/ <strong>Mustikas virsik<\/strong><\/td>\n<\/tr>\n<tr>\n<td>9<\/td>\n<td><strong>Maasikas banaan<\/strong> \/ <strong>Arbuusi marja<\/strong> \/ <strong>Mustika j\u00e4\u00e4<\/strong> \/ <strong>Fuji Ice<\/strong><\/td>\n<\/tr>\n<tr>\n<td>10<\/td>\n<td><strong>Kummikaru<\/strong> \/ <strong>Segatud marjad<\/strong> \/ <strong>Maasika arbuus<\/strong> \/ <strong>Lime Romance<\/strong><\/td>\n<\/tr>\n<tr>\n<td>11<\/td>\n<td><strong>Arbuusimullasid<\/strong> \/ <strong>Mustika-virsikaj\u00e4\u00e4tis<\/strong> \/ <strong>Cantaloupe \u00f5un<\/strong> \/ <strong>Maasikas banaan<\/strong><\/td>\n<\/tr>\n<tr>\n<td>12<\/td>\n<td><strong>Arbuus Hapukas virsik<\/strong> \/ <strong>Mustika j\u00e4\u00e4<\/strong> \/ <strong>California Cherry<\/strong> \/ <strong>Maasika Mango<\/strong><\/td>\n<\/tr>\n<\/tbody>\n<\/table>\n<p>\ud83c\udf00 Puuviljalistest ja j\u00e4istest kuni kommide ja energiajookide profiilideni - iga maitse jaoks on olemas sobiv kombinatsioon.<\/p>\n<h2>Kuidas 8-in-1 maitses\u00fcsteem t\u00f6\u00f6tab \ud83d\udd04.<\/h2>\n<p>Bang Legend Geek 300K kasutab <strong>8-in-1 maitsekamber<\/strong> 4 s\u00fcdamiku maitsega seadme kohta. Lisaks 4 puhtale maitsele loob seade automaatselt 4 segukombinatsiooni (1+2, 2+3, 3+4, 4+1), mis annab teile j\u00e4rgmised v\u00f5imalused <strong>8 ainulaadset maitseelamust<\/strong> \u00fchest seadmest. Lihtne, l\u00f5bus ja ideaalne aurutajatele, kes igavlevad kergesti.<\/p>\n<h2>Valmistatud jaem\u00fc\u00fcgi + hulgim\u00fc\u00fcgi edu jaoks \ud83c\udfea\ud83d\udce6<\/h2>\n<p>The <strong>Bang Legend Geek 300K<\/strong> sobib ideaalselt <strong>aktiivsed kasutajad<\/strong> kes soovivad maksimaalset puhumisv\u00f5imsust, <strong>maitsej\u00e4litajad<\/strong> kes armastavad vahetada maitseid ja <strong>vape poed<\/strong> kes soovivad julge futuristliku v\u00e4limusega k\u00f5rgekvaliteedilist toodet. Sest <strong>turustajad ja hulgim\u00fc\u00fcjad<\/strong>, 300K puffide arv ja 8-in-1 funktsioon teevad sellest kategooria liidri - suur n\u00f5udlus, suured marginaalid ja tugevad kordusostud.<\/p>\n<h2>Bang Legend Geek 300K FAQ \u2753<\/h2>\n<h3>Mitu puffi pakub Bang Legend Geek 300K?<\/h3>\n<p>Kuni <strong>300000 puffid<\/strong>, mis teeb sellest \u00fche suurima mahutavusega \u00fchekordse kasutusega aurustitest, mis on saadaval.<\/p>\n<h3>Kuidas t\u00f6\u00f6tab 8-in-1 maitses\u00fcsteem?<\/h3>\n<p>Igal seadmel on <strong>4 p\u00f5himaitset<\/strong>. S\u00fcsteem loob ka 4 automaatset segukombinatsiooni (1+2, 2+3, 3+4, 4+1), kokku <strong>8 unikaalset maitsere\u017eiimi<\/strong>. \ud83d\udd04<\/p>\n<h3>Kas see seade on laetav?<\/h3>\n<p>Jah. See on varustatud laetava akuga ja <strong>C-t\u00fc\u00fcpi USB<\/strong> laadimisport. \u26a1<\/p>\n<h3>Millised nikotiini tugevused on saadaval?<\/h3>\n<p>See toetab <strong>0%<\/strong>, <strong>2%<\/strong>, <strong>3%<\/strong>ja <strong>5%<\/strong> nikotiinivalikud erinevate turgude jaoks.<\/p>\n<h3>Millist m\u00e4hise t\u00fc\u00fcpi see kasutab?<\/h3>\n<p>See kasutab <strong>v\u00f5rgusilma spiraal<\/strong> sujuvate tabamuste ja rikkaliku maitse saavutamiseks. \u2601\ufe0f<\/p>\n<h3>Kas see on hea vape-poodide ja hulgim\u00fc\u00fcgitellimuste jaoks?<\/h3>\n<p>Jah. 8-in-1 funktsioon, megapuhumisarv ja futuristlik disain muudavad selle tugevaks valikuks. <strong>jaem\u00fc\u00fcgiriiulid<\/strong> ja <strong>hulgijaotus<\/strong>. \ud83d\udce6<\/p>\n<h3>Mitu maitsekombinatsiooni on saadaval?<\/h3>\n<p>On olemas <strong>13 maitsekombinatsiooni<\/strong> valida (12 nimelist kombinatsiooni + 1 juhuslik segav\u00f5imalus kiireks tarnimiseks).<\/p>","protected":false},"excerpt":{"rendered":"<p>Bang Legend Geek 300K 8-in-1 \u00fchekordselt kasutatav vape 300000 puffiga, v\u00f5rgusilma m\u00e4hisega, C-t\u00fc\u00fcpi laadimisega ja 13 maitsekombinatsiooniga. Futuristlik geek-stiilis disain koos mitme maitse l\u00fclitamisega - ideaalne jae- ja hulgim\u00fc\u00fcjatele. \u2728<\/p>\n<h3>\ud83d\udc49 See toode on meie ELi laos olemas!<\/h3>\n<h4>\ud83c\udf89L\u00f5petage ootamine: <strong>5-7 p\u00e4eva tarne meie Euroopas asuvast<\/strong> ladu (vaikimisi <strong>2% nikotiini tugevus<\/strong> ainult versioon).<\/h4>\n<p><span style=\"font-size: 75%;\"><em>\ud83d\udd39 Enamik tellimusi saadetakse meie Euroopa laost, kui see on saadaval. Vahetevahel, kui see on otsas, saadame selle asemel Hiinast.<\/em><\/span><\/p>","protected":false},"featured_media":117909,"comment_status":"open","ping_status":"closed","template":"","meta":[],"product_brand":[239],"product_cat":[37,336,320,90,280,76,133,136,137,138,139,141,143,132],"product_tag":[493,547,544,545,546,349,478],"class_list":{"0":"post-117908","1":"product","2":"type-product","3":"status-publish","4":"has-post-thumbnail","6":"product_brand-bang","7":"product_cat-bang","8":"product_cat-100k-puffs-disposable-vape","9":"product_cat-best-disposable-vapes","10":"product_cat-big-puffs-vapes","11":"product_cat-cheap-rechargeable-disposable-vapes","12":"product_cat-disposable-vape-types","13":"product_cat-disposable-vapes-in-europe","14":"product_cat-disposable-vapes-in-france","15":"product_cat-disposable-vapes-in-germany","16":"product_cat-disposable-vapes-in-ltaly","17":"product_cat-disposable-vapes-in-netherlands","18":"product_cat-disposable-vapes-in-poland","19":"product_cat-disposable-vapes-in-spain","20":"product_cat-rechargeable-vapes","21":"product_tag-300000-puffs-vape","22":"product_tag-300k-disposable-vape","23":"product_tag-8-in-1-flavor-vape","24":"product_tag-bang-legend-geek","25":"product_tag-bang-legend-geek-300k","26":"product_tag-bulk-disposable-vape","27":"product_tag-high-puff-disposable-vape","29":"first","30":"instock","31":"shipping-taxable","32":"purchasable","33":"product-type-variable","34":"has-default-attributes"},"jetpack_sharing_enabled":true,"tiered_pricing_type":"fixed","tiered_pricing_fixed_rules":{"30":9.9000000000000003552713678800500929355621337890625,"50":8.5800000000000000710542735760100185871124267578125,"100":7.79000000000000003552713678800500929355621337890625,"200":7.4000000000000003552713678800500929355621337890625,"400":6.8499999999999996447286321199499070644378662109375},"tiered_pricing_product_settings":{"layout":"default","base_unit_name":{"singular":null,"plural":null},"default_variation":null},"tiered_pricing_minimum_quantity":10,"tiered_pricing_roles_data":[],"tiered_pricing_percentage_rules":[],"tiered_pricing_maximum_quantity":null,"tiered_pricing_quantity_step":"10","_links":{"self":[{"href":"https:\/\/aiviouvapes.com\/et\/wp-json\/wp\/v2\/product\/117908","targetHints":{"allow":["GET"]}}],"collection":[{"href":"https:\/\/aiviouvapes.com\/et\/wp-json\/wp\/v2\/product"}],"about":[{"href":"https:\/\/aiviouvapes.com\/et\/wp-json\/wp\/v2\/types\/product"}],"replies":[{"embeddable":true,"href":"https:\/\/aiviouvapes.com\/et\/wp-json\/wp\/v2\/comments?post=117908"}],"wp:featuredmedia":[{"embeddable":true,"href":"https:\/\/aiviouvapes.com\/et\/wp-json\/wp\/v2\/media\/117909"}],"wp:attachment":[{"href":"https:\/\/aiviouvapes.com\/et\/wp-json\/wp\/v2\/media?parent=117908"}],"wp:term":[{"taxonomy":"product_brand","embeddable":true,"href":"https:\/\/aiviouvapes.com\/et\/wp-json\/wp\/v2\/product_brand?post=117908"},{"taxonomy":"product_cat","embeddable":true,"href":"https:\/\/aiviouvapes.com\/et\/wp-json\/wp\/v2\/product_cat?post=117908"},{"taxonomy":"product_tag","embeddable":true,"href":"https:\/\/aiviouvapes.com\/et\/wp-json\/wp\/v2\/product_tag?post=117908"}],"curies":[{"name":"wp","href":"https:\/\/api.w.org\/{rel}","templated":true}]}}