{"id":115739,"date":"2026-03-17T09:45:58","date_gmt":"2026-03-17T01:45:58","guid":{"rendered":"https:\/\/aiviouvapes.com\/?post_type=product&#038;p=115739"},"modified":"2026-04-08T09:49:18","modified_gmt":"2026-04-08T01:49:18","slug":"happ-bar-gr100k-pro","status":"publish","type":"product","link":"https:\/\/aiviouvapes.com\/et\/product\/happ-bar-gr100k-pro\/","title":{"rendered":"Happ Bar GR100K Pro | 100000 puffs, 56ml, v\u00f5rgusilma m\u00e4his, 15 maitset, lahtiselt \u00fchekordselt kasutatav vape"},"content":{"rendered":"<h2>Tutvuge Happ Bar GR100K Pro \ud83d\udd25.<\/h2>\n<p>Otsid \u00fchekordselt kasutatavat vape'i, mis lihtsalt j\u00e4tkab? The <strong>Happ Bar GR100K Pro<\/strong> tarnib kuni <strong>100000 puffid<\/strong> tohutu suure <strong>56ml<\/strong> e-vedeliku mahutavus, mis on pakitud elegantsesse, pilkup\u00fc\u00fcdvasse disaini. See on Happ Bar GR-seeria uusim ja v\u00f5imsaim seade, mis on m\u00f5eldud aurajatele, kes ei soovi oma seadet pidevalt vahetada, ning nutikas t\u00e4iendus kauplustele ja hulgim\u00fc\u00fcjatele, kes otsivad suure n\u00f5udlusega toodet.<\/p>\n<h2>Miks valida Happ Bar GR100K Pro? \u2705<\/h2>\n<ul>\n<li><strong>Kuni 100000 puhumist<\/strong> \u00fclipikaajalise aurutamise jaoks - v\u00e4hem asendusi, rohkem naudingut \ud83d\udd25.<\/li>\n<li><strong>56ml e-vedeliku mahutavus<\/strong> et saaksite n\u00e4dalate kaupa vampiirida ilma, et see otsa saaks.<\/li>\n<li><strong>1.0\u03a9 v\u00f5rgusilma m\u00e4his<\/strong> sujuvaks, \u00fchtlaseks ja maitsek\u00fcllaseks auruks iga kord \u2601\ufe0f<\/li>\n<li><strong>650mAh aku<\/strong> Type-C laadimisega kiireks laadimiseks \u26a1<\/li>\n<li><strong>15 maitsvat maitset<\/strong> alates puuviljalistest kuni j\u00e4iste ja klassikaliste segudeni \ud83c\udf53<\/li>\n<li><strong>Nikotiini valikud: 2% ja 5%<\/strong> erinevate turgude ja eelistuste jaoks<\/li>\n<li><strong>Ikooniline GR-seeria disain<\/strong>-populaarsetest mudelitest GR30K ja GR50K uuendatud.<\/li>\n<li><strong>Suurep\u00e4rane kaupluste ja hulgim\u00fc\u00fcgi jaoks<\/strong>-k\u00f5rge n\u00f5udlusega 100K puff kategooria, mis liigub kiiresti \ud83d\udce6<\/li>\n<\/ul>\n<h2>Happ Bar GR100K Pro spetsifikatsioonid \ud83d\udccc<\/h2>\n<table>\n<tbody>\n<tr>\n<td><strong>Toote nimi<\/strong><\/td>\n<td>Happ Bar GR100K Pro \u00fchekordselt kasutatav Vape<\/td>\n<\/tr>\n<tr>\n<td><strong>Max Puffs<\/strong><\/td>\n<td>Kuni 100000 puhumist<\/td>\n<\/tr>\n<tr>\n<td><strong>E-vedeliku mahutavus<\/strong><\/td>\n<td>56ml<\/td>\n<\/tr>\n<tr>\n<td><strong>Spiraal<\/strong><\/td>\n<td>Mesh Coil 1.0\u03a9<\/td>\n<\/tr>\n<tr>\n<td><strong>Nikotiini tugevus<\/strong><\/td>\n<td>2% \/ 5%<\/td>\n<\/tr>\n<tr>\n<td><strong>Aku<\/strong><\/td>\n<td>650mAh<\/td>\n<\/tr>\n<tr>\n<td><strong>Laadimine<\/strong><\/td>\n<td>USB Type-C laetav<\/td>\n<\/tr>\n<\/tbody>\n<\/table>\n<h2>Happ Bar GR100K Pro maitseainete nimekiri \ud83c\udf53\ud83c\udf49\ud83e\uddca\ud83e\uddca<\/h2>\n<p>GR100K Pro on saadaval <strong>15 h\u00e4mmastavat maitset<\/strong>-alates v\u00e4rskendavatest j\u00e4istest puuviljadest kuni magusate kommide inspireeritud segudeni. Midagi igale maitsele!<\/p>\n<ul>\n<li><strong>Kookosp\u00e4hkli-meloni j\u00e4\u00e4<\/strong> - kreemjas kookos kohtub magusa meloniga jaheda l\u00f5puga \ud83e\udd65\ud83c\udf48<\/li>\n<li><strong>Roosa limonaad<\/strong> - magus ja hapukas roosa limonaad, s\u00e4rav ja v\u00e4rskendav \ud83c\udf4b\ud83d\udc97.<\/li>\n<li><strong>Sidrun Rahe<\/strong> - v\u00fcrtsikas sidrun koos j\u00e4ise l\u00f5hnaga \ud83c\udf4b\ud83e\uddca\ud83e\uddca<\/li>\n<li><strong>San Francisco<\/strong> - ainulaadne apelsini, sidruni ja virsiku segu \ud83c\udf4a\ud83c\udf51<\/li>\n<li><strong>Troopiliste puuviljade j\u00e4\u00e4<\/strong> - eksootilised troopilised puuviljad t\u0161illiga \ud83c\udf34\u2744\ufe0f<\/li>\n<li><strong>Sinine m\u00e4gi<\/strong> - jahe piparm\u00fcnt segatud punaste marjadega \ud83e\uded0\ud83e\uddca\ud83e\uddca<\/li>\n<li><strong>Armastus 66<\/strong> - magus, salap\u00e4rane, kommidest inspireeritud maitse \ud83d\udc9c<\/li>\n<li><strong>Maasika kiivi<\/strong> - klassikaline maasika ja kiivi kombinatsioon, v\u00e4rske ja puuviljane \ud83c\udf53\ud83e\udd5d<\/li>\n<li><strong>Arbuusi j\u00e4\u00e4<\/strong> - mahlakas arbuus, mille l\u00f5pptulemus on j\u00e4\u00e4tunud \ud83c\udf49\u2744\ufe0f<\/li>\n<li><strong>Must draakon maasika j\u00e4\u00e4<\/strong> - julge draakonipuu kohtub magusa maasikaga j\u00e4\u00e4ga \ud83d\udc09\ud83c\udf53<\/li>\n<li><strong>Maasika arbuus<\/strong> - magusa maasika ja arbuusi duo \ud83c\udf53\ud83c\udf49<\/li>\n<li><strong>Mr Blue<\/strong> - lahe, sinise vaarika klassika \ud83d\udc99<\/li>\n<li><strong>Virsik Hail<\/strong> - k\u00fcps virsik koos j\u00e4ise tormiga \ud83c\udf51\ud83e\uddca<\/li>\n<li><strong>Suvine unistus<\/strong> - pehme, puuviljane suvine segu \ud83c\udf1e<\/li>\n<li><strong>Sinine maasika j\u00e4\u00e4<\/strong> - mustika ja maasika laheda twistiga \ud83e\uded0\ud83c\udf53\u2744\ufe0f<\/li>\n<\/ul>\n<h2>Valmistatud jaem\u00fc\u00fcgi + hulgim\u00fc\u00fcgi edu jaoks \ud83c\udfea\ud83d\udce6<\/h2>\n<p>The <strong>Happ Bar GR100K Pro<\/strong> sobib ideaalselt <strong>rasked aurutajad<\/strong> kes soovivad seadet, mis kestab, <strong>maitsearmastajad<\/strong> kes naudivad 15 valikuv\u00f5imalusega mitmekesisust ja <strong>vape poed<\/strong> otsides esmaklassilist riiulite atraktiivsust koos ikoonilise GR-seeria disainiga. Sest <strong>turustajad ja hulgim\u00fc\u00fcjad<\/strong>, 100K puffide kategooria on \u00fcks k\u00f5ige kiiremini kasvavaid segmente - see seade vastab k\u00f5igile n\u00f5uetele oma suure puffide arvu, suure e-vedeliku mahutavuse ja laia maitsekomplektiga.<\/p>\n<h2>Happ Bar GR100K Pro KKK \u2753<\/h2>\n<h3>Mitu puffi annab Happ Bar GR100K Pro?<\/h3>\n<p>See annab kuni <strong>100000 puffid<\/strong>, mis teeb sellest \u00fche k\u00f5ige pikaealisema \u00fchekordse kasutusega auruti, mis on saadaval. \ud83d\udd25<\/p>\n<h3>Kas Happ Bar GR100K Pro on laetav?<\/h3>\n<p>Jah! Sellel on <strong>650mAh<\/strong> aku koos <strong>C-t\u00fc\u00fcpi USB<\/strong> laadimine kiireks ja lihtsaks laadimiseks. \u26a1<\/p>\n<h3>Millised nikotiini tugevused on saadaval?<\/h3>\n<p>See on saadaval <strong>2%<\/strong> ja <strong>5%<\/strong> nikotiinisisaldust, mis vastab erinevatele eelistustele ja turueeskirjadele.<\/p>\n<h3>Millist m\u00e4hist kasutab GR100K Pro?<\/h3>\n<p>See kasutab <strong>1.0\u03a9 v\u00f5rgusilma m\u00e4his<\/strong> sujuva, j\u00e4rjepideva ja maitsek\u00fcllase aurutootmise jaoks. \u2601\ufe0f<\/p>\n<h3>Kui palju e-vedelikku on sees?<\/h3>\n<p>See on eelt\u00e4idetud <strong>56ml<\/strong> k\u00f5rgekvaliteedilise e-vedelikuga pikemaks aurutamisajaks.<\/p>\n<h3>Kui palju maitseid on saadaval?<\/h3>\n<p>On olemas <strong>15 maitset<\/strong> mille hulgast valida, sealhulgas puuviljased, j\u00e4ised, kommid ja troopilised valikud. \ud83c\udf53<\/p>\n<h3>Kas see on hea vape-poodide ja hulgim\u00fc\u00fcgitellimuste jaoks?<\/h3>\n<p>Absoluutselt. 100-kilose puhviku kategooria on v\u00e4ga populaarne ja GR-seeria on tugevalt tuntud, mist\u00f5ttu on see suurep\u00e4rane valik. <strong>jaem\u00fc\u00fcgiriiulid<\/strong> ja <strong>hulgijaotus<\/strong>. \ud83d\udce6<\/p>","protected":false},"excerpt":{"rendered":"<p>Happ Bar GR100K Pro \u00fchekordselt kasutatav vape 100000 puffiga, 56ml e-vedelikuga, v\u00f5rgusilma m\u00e4hisega ja C-t\u00fc\u00fcpi laadimisega. 15 julget maitset, mille hulgast valida - ideaalne jae- ja hulgim\u00fc\u00fcjatele. \u2728<\/p>","protected":false},"featured_media":115780,"comment_status":"open","ping_status":"closed","template":"","meta":[],"product_brand":[531],"product_cat":[336,320,90,280,133,522,521,132],"product_tag":[428,447,446,479,523,525,524,358],"class_list":{"0":"post-115739","1":"product","2":"type-product","3":"status-publish","4":"has-post-thumbnail","6":"product_brand-happ","7":"product_cat-100k-puffs-disposable-vape","8":"product_cat-best-disposable-vapes","9":"product_cat-big-puffs-vapes","10":"product_cat-cheap-rechargeable-disposable-vapes","11":"product_cat-disposable-vapes-in-europe","12":"product_cat-happ-bar","13":"product_cat-new","14":"product_cat-rechargeable-vapes","15":"product_tag-100000-puffs-disposable-vape","16":"product_tag-100000-puffs-vape-wholesale","17":"product_tag-100k-disposable-vape","18":"product_tag-100k-puffs-vape","19":"product_tag-happ-bar","20":"product_tag-happ-bar-disposable-vape","21":"product_tag-happ-bar-gr100k-pro","22":"product_tag-rechargeable-100000-puff-disposable-vape","24":"first","25":"instock","26":"shipping-taxable","27":"purchasable","28":"product-type-variable","29":"has-default-attributes"},"jetpack_sharing_enabled":true,"tiered_pricing_type":"fixed","tiered_pricing_fixed_rules":{"100":7.38999999999999968025576890795491635799407958984375,"200":6.87000000000000010658141036401502788066864013671875,"400":6.61000000000000031974423109204508364200592041015625},"tiered_pricing_product_settings":{"layout":"default","base_unit_name":{"singular":null,"plural":null},"default_variation":null},"tiered_pricing_minimum_quantity":50,"tiered_pricing_roles_data":[],"tiered_pricing_percentage_rules":[],"tiered_pricing_maximum_quantity":null,"tiered_pricing_quantity_step":"10","_links":{"self":[{"href":"https:\/\/aiviouvapes.com\/et\/wp-json\/wp\/v2\/product\/115739","targetHints":{"allow":["GET"]}}],"collection":[{"href":"https:\/\/aiviouvapes.com\/et\/wp-json\/wp\/v2\/product"}],"about":[{"href":"https:\/\/aiviouvapes.com\/et\/wp-json\/wp\/v2\/types\/product"}],"replies":[{"embeddable":true,"href":"https:\/\/aiviouvapes.com\/et\/wp-json\/wp\/v2\/comments?post=115739"}],"wp:featuredmedia":[{"embeddable":true,"href":"https:\/\/aiviouvapes.com\/et\/wp-json\/wp\/v2\/media\/115780"}],"wp:attachment":[{"href":"https:\/\/aiviouvapes.com\/et\/wp-json\/wp\/v2\/media?parent=115739"}],"wp:term":[{"taxonomy":"product_brand","embeddable":true,"href":"https:\/\/aiviouvapes.com\/et\/wp-json\/wp\/v2\/product_brand?post=115739"},{"taxonomy":"product_cat","embeddable":true,"href":"https:\/\/aiviouvapes.com\/et\/wp-json\/wp\/v2\/product_cat?post=115739"},{"taxonomy":"product_tag","embeddable":true,"href":"https:\/\/aiviouvapes.com\/et\/wp-json\/wp\/v2\/product_tag?post=115739"}],"curies":[{"name":"wp","href":"https:\/\/api.w.org\/{rel}","templated":true}]}}