{"id":114776,"date":"2026-03-12T11:41:24","date_gmt":"2026-03-12T03:41:24","guid":{"rendered":"https:\/\/aiviouvapes.com\/?post_type=product&#038;p=114776"},"modified":"2026-03-28T12:20:07","modified_gmt":"2026-03-28T04:20:07","slug":"bang-leader-350k","status":"publish","type":"product","link":"https:\/\/aiviouvapes.com\/et\/product\/bang-leader-350k\/","title":{"rendered":"Bang Leader 350K | 8 maitset, 8-in-1, 350000 puffs, nutikas ekraan, \u00fchekordselt kasutatav lahtine vape"},"content":{"rendered":"<p><img data-recalc-dims=\"1\" loading=\"lazy\" decoding=\"async\" class=\"alignnone size-full wp-image-114792\" src=\"https:\/\/i0.wp.com\/aiviouvapes.com\/wp-content\/uploads\/2026\/03\/BANG-LEADER-350K-16.jpg?resize=1020%2C605&#038;ssl=1\" alt=\"Bang Leader 350K\" width=\"1020\" height=\"605\" title=\"\" srcset=\"https:\/\/i0.wp.com\/aiviouvapes.com\/wp-content\/uploads\/2026\/03\/BANG-LEADER-350K-16.jpg?w=1920&amp;ssl=1 1920w, https:\/\/i0.wp.com\/aiviouvapes.com\/wp-content\/uploads\/2026\/03\/BANG-LEADER-350K-16.jpg?resize=300%2C178&amp;ssl=1 300w, https:\/\/i0.wp.com\/aiviouvapes.com\/wp-content\/uploads\/2026\/03\/BANG-LEADER-350K-16.jpg?resize=1024%2C607&amp;ssl=1 1024w, https:\/\/i0.wp.com\/aiviouvapes.com\/wp-content\/uploads\/2026\/03\/BANG-LEADER-350K-16.jpg?resize=768%2C455&amp;ssl=1 768w, https:\/\/i0.wp.com\/aiviouvapes.com\/wp-content\/uploads\/2026\/03\/BANG-LEADER-350K-16.jpg?resize=1536%2C910&amp;ssl=1 1536w, https:\/\/i0.wp.com\/aiviouvapes.com\/wp-content\/uploads\/2026\/03\/BANG-LEADER-350K-16.jpg?resize=18%2C12&amp;ssl=1 18w, https:\/\/i0.wp.com\/aiviouvapes.com\/wp-content\/uploads\/2026\/03\/BANG-LEADER-350K-16.jpg?resize=800%2C474&amp;ssl=1 800w\" sizes=\"auto, (max-width: 1020px) 100vw, 1020px\" \/><\/p>\n<p>Otsid premium mega puff vape'i hulgim\u00fc\u00fcgiks? Bang Leader 350K \u00fchendab endas pika kasutusaja, sujuva maitse v\u00e4ljundi, OEM\/ODM kohandamise ja paindlikud nikotiinivalikud globaalsetele turgudele.<\/p>\n<h3>Miks valida Bang Leader 350K?<\/h3>\n<ul>\n<li>\ud83d\udd25 Kuni 350000 puhumist pikaajaliseks kasutamiseks<\/li>\n<li>\ud83c\udf08 8-in-1 maitse \u00fcmberl\u00fclitamise disain suurema mitmekesisuse saavutamiseks \u00fches seadmes<\/li>\n<li>\u26a1 Laetav C-t\u00fc\u00fcpi laadimispordiga<\/li>\n<li>\ud83d\udca8 1.0 v\u00f5rgusilma m\u00e4his sujuvama maitse ja stabiilse auru jaoks<\/li>\n<li>\ud83d\udd0b Ehitatud 17350 850mAh akuga<\/li>\n<li>\ud83d\udee0\ufe0f OEM\/ODM toetatud kohandatud br\u00e4ndiprojektide jaoks.<\/li>\n<li>\ud83c\udf0d Pakendi keelt saab kohandada inglise, vene, hispaania ja muudes keeltes.<\/li>\n<li>\ud83e\uddea Nikotiini tugevuse valikud: 0%, 2%, 3%, 5%.<\/li>\n<li>\ud83c\udfea Suurep\u00e4rane vape hulgim\u00fc\u00fcjatele, turustajatele ja jaem\u00fc\u00fcgipoodidele.<\/li>\n<\/ul>\n<h3>Bang Leader 350K \u00dclevaade<\/h3>\n<p>Bang Leader 350K on m\u00f5eldud klientidele, kes soovivad v\u00e4ga suurt puffide arvu ja rohkem maitse valikuid \u00fches \u00fchekordselt kasutatavas vape'is. 8-in-1 seadistus annab kasutajatele 4 p\u00f5himaitset ja 4 segatud maitsekombinatsiooni, mis muudab aurutamiskogemuse huvitavamaks ja paindlikumaks. See teeb seadme eriti atraktiivseks klientidele, kes naudivad maitseid vahetada, ilma et nad peaksid kaasas mitu aurustit.<\/p>\n<p>B2B-ostjate jaoks on sellel mudelil ka suur kaubanduslik v\u00e4\u00e4rtus. See toetab OEM\/ODM-teenust, mitut nikotiinivalikut ja mitmekeelset pakendit, mis aitab turustajatel kohandada toodet erinevatele turgudele. Selle julge v\u00e4limus, suur mahutavus ja maitserikas kontseptsioon muudavad selle sobilikuks lipulaevaks k\u00f5rge puhumisv\u00f5imsusega tooteks vape-poodides ja hulgim\u00fc\u00fcgikataloogides.<\/p>\n<p>Bang Leader 350K on julge megapuff \u00fchekordselt kasutatav vape, mis on loodud klientidele, kes soovivad pikka kasutusiga, rikkalikumat valikut ja tugevat turupakkumist. T\u00e4nu 8-in-1 maitsekombinatsioonile, laetavale Type-C disainile, v\u00f5rgusilma m\u00e4hise v\u00e4ljundile ja OEM\/ODM toele on see v\u00f5imas valik raskekasutajatele, maitsejahtijatele, vape-poodidele ja \u00fclemaailmsetele hulgim\u00fc\u00fcjatele. Kui soovite oma kataloogi tugevdamiseks k\u00f5rgekvaliteedilist k\u00f5rgkvaliteedilist toodet, on Bang Leader 350K tugev lipulaevakandidaat.<\/p>\n<h3>Bang Leader 350K spetsifikatsioonid<\/h3>\n<table>\n<tbody>\n<tr>\n<th>Funktsioon<\/th>\n<th>\u00dcksikasjad<\/th>\n<\/tr>\n<tr>\n<td>Toote nimi<\/td>\n<td>Bang Leader 350K<\/td>\n<\/tr>\n<tr>\n<td>Seadme t\u00fc\u00fcp<\/td>\n<td>8-in-1 \u00fchekordselt kasutatav vape<\/td>\n<\/tr>\n<tr>\n<td>Puffide arv<\/td>\n<td>Kuni 350000 puffi<\/td>\n<\/tr>\n<tr>\n<td>Aku<\/td>\n<td>17350 850mAh<\/td>\n<\/tr>\n<tr>\n<td>M\u00e4hise t\u00fc\u00fcp<\/td>\n<td>1,0 v\u00f5rgusilma spiraal<\/td>\n<\/tr>\n<tr>\n<td>Laadimisport<\/td>\n<td>Type-C<\/td>\n<\/tr>\n<tr>\n<td>Nikotiini tugevus<\/td>\n<td>0% \/ 2% \/ 3% \/ 5%<\/td>\n<\/tr>\n<tr>\n<td>Kohandamine<\/td>\n<td>OEM \/ ODM toetatud<\/td>\n<\/tr>\n<tr>\n<td>Pakendikeeled<\/td>\n<td>inglise \/ vene \/ hispaania \/ kohandatud keeled<\/td>\n<\/tr>\n<tr>\n<td>\u00dche seadme kaal<\/td>\n<td>140g<\/td>\n<\/tr>\n<tr>\n<td>10 Seadme kaal<\/td>\n<td>1400g<\/td>\n<\/tr>\n<tr>\n<td>Kartongi kogus<\/td>\n<td>200 tk<\/td>\n<\/tr>\n<tr>\n<td>Karbi suurus<\/td>\n<td>51,5 \u00d7 51,5 \u00d7 30,5 cm<\/td>\n<\/tr>\n<tr>\n<td>Karbi kaal<\/td>\n<td>28kg (ilma karbi v\u00e4liskaaluta)<\/td>\n<\/tr>\n<tr>\n<td>MOQ<\/td>\n<td>10 tk \u00fche maitsekomplekti kohta<\/td>\n<\/tr>\n<\/tbody>\n<\/table>\n<h3><img data-recalc-dims=\"1\" loading=\"lazy\" decoding=\"async\" class=\"alignnone size-full wp-image-114777\" src=\"https:\/\/i0.wp.com\/aiviouvapes.com\/wp-content\/uploads\/2026\/03\/BANG-LEADER-350K-1.jpg?resize=1020%2C372&#038;ssl=1\" alt=\"Bang Leader 350K\" width=\"1020\" height=\"372\" title=\"\" srcset=\"https:\/\/i0.wp.com\/aiviouvapes.com\/wp-content\/uploads\/2026\/03\/BANG-LEADER-350K-1.jpg?w=1920&amp;ssl=1 1920w, https:\/\/i0.wp.com\/aiviouvapes.com\/wp-content\/uploads\/2026\/03\/BANG-LEADER-350K-1.jpg?resize=300%2C109&amp;ssl=1 300w, https:\/\/i0.wp.com\/aiviouvapes.com\/wp-content\/uploads\/2026\/03\/BANG-LEADER-350K-1.jpg?resize=1024%2C373&amp;ssl=1 1024w, https:\/\/i0.wp.com\/aiviouvapes.com\/wp-content\/uploads\/2026\/03\/BANG-LEADER-350K-1.jpg?resize=768%2C280&amp;ssl=1 768w, https:\/\/i0.wp.com\/aiviouvapes.com\/wp-content\/uploads\/2026\/03\/BANG-LEADER-350K-1.jpg?resize=1536%2C560&amp;ssl=1 1536w, https:\/\/i0.wp.com\/aiviouvapes.com\/wp-content\/uploads\/2026\/03\/BANG-LEADER-350K-1.jpg?resize=18%2C7&amp;ssl=1 18w, https:\/\/i0.wp.com\/aiviouvapes.com\/wp-content\/uploads\/2026\/03\/BANG-LEADER-350K-1.jpg?resize=800%2C292&amp;ssl=1 800w\" sizes=\"auto, (max-width: 1020px) 100vw, 1020px\" \/><\/h3>\n<h3>Maitsekombinatsioonid<\/h3>\n<p>Bang Leader 350K kasutab uuenduslikku <strong>8-in-1 maitse \u00fcmberl\u00fclitamise s\u00fcsteem<\/strong>. Igas seadmes on neli p\u00f5himaitset ja neli automaatset segukombinatsiooni (1+2, 2+3, 3+4 ja 4+1), mis v\u00f5imaldab kasutajatel nautida nii puhtaid maitseid kui ka segatud maitseid \u00fches aurustamisel.<\/p>\n<p>Maitsekomplektid h\u00f5lmavad laia valikut populaarseid profiile. M\u00f5ned keskenduvad <strong>lahe puuviljaklassika<\/strong> nagu Blue Razz Ice, Watermelon Ice, Strawberry Ice ja Lemon Lime. Teised toovad <strong>magusad marjad ja troopilised segud<\/strong> nagu mustika j\u00e4\u00e4, troopilised puuviljad, \u00f5unakiivi j\u00e4\u00e4 ja sinine kirss.<\/p>\n<p>On ka rohkem m\u00e4ngulisi kombinatsioone, mis on inspireeritud jookidest ja magustoitudest, sealhulgas Cherry Cola, Pink Lemonade, Mango Passion Fruit ja Lemon Peach. Troopikaarmastajatele pakuvad eksootilisemat maitset sellised maitsed nagu Pineapple Coconut Ice, Kiwi Passion Fruit Guava ja Peach Mango Watermelon.<\/p>\n<p>Paljud komplektid t\u00f5stavad esile populaarseid marja- ja arbuusisegusid, nagu maasika arbuus, vaarikas arbuus, mustikas vaarikas ja maasikabanaan, samas kui teised sisaldavad unikaalseid maitseid, nagu Dragonfruit Ice, Cherry Pomegranate, Love 66 ja tuntud Fucking Fab profiil.<\/p>\n<p>\u00dcldiselt on Bang Leader 350K maitsekomplekt loodud nii, et see hoiab kogemuse v\u00e4rskena ja huvitavana. Olenemata sellest, kas kasutajad eelistavad j\u00e4iseid puuvilju, troopilisi segusid, magusaid marju v\u00f5i joogilaadseid maitseid, v\u00f5imaldab mitme maitse \u00fcmberl\u00fclitamise s\u00fcsteem h\u00f5lpsasti uurida erinevaid maitseid ilma seadmeid vahetamata.<\/p>\n<h3>Kellele on see Vape parim?<\/h3>\n<ul>\n<li>Raskekasutajad, kes soovivad kauakestvat k\u00f5rge puhumisv\u00f5imsusega seadet<\/li>\n<li>Maitsejahtijad, kes naudivad mitme maitse vahel vahetamist<\/li>\n<li>Vape poed, mis soovivad silmapaistvat lipulaeva \u00fchekordset vape'i<\/li>\n<li>Hulgim\u00fc\u00fcjad ja turustajad, kes otsivad OEM-valmis mega-puff tooteid<\/li>\n<li>Ekspordiostjad, kes vajavad paindlikke nikotiini- ja pakendamisv\u00f5imalusi<\/li>\n<\/ul>\n<h3>KKK<\/h3>\n<h4>1. Mitu puffi pakub Bang Leader 350K?<\/h4>\n<p>Bang Leader 350K pakub kuni 350000 puffi, mis teeb sellest \u00fclimalt suure mahutavusega \u00fchekordse vape'i pikaajaliseks kasutamiseks.<\/p>\n<h4>2. Kas Bang Leader 350K on laetav?<\/h4>\n<p>Jah. See toetab Type-C laadimist, mis aitab kasutajatel seadme t\u00e4ielikku v\u00f5imsust mugavamalt kasutada.<\/p>\n<h4>3. Millist akut see seade kasutab?<\/h4>\n<p>Seade kasutab 17350 850mAh akut.<\/p>\n<h4>4. Millist m\u00e4hist kasutatakse Bang Leader 350K-s?<\/h4>\n<p>See kasutab 1,0 v\u00f5rgusilma m\u00e4hist, mis tagab stabiilse kuumutamise, sujuvama auru ja parema maitseomaduste saavutamise.<\/p>\n<h4>5. Millised nikotiinitugevused on saadaval?<\/h4>\n<p>Nikotiini tugevuse valikud on 0%, 2%, 3% ja 5%.<\/p>\n<h4>6. Kas see toode toetab OEM v\u00f5i ODM?<\/h4>\n<p>Jah. Bang Leader 350K toetab OEM ja ODM kohandamist, mis sobib ideaalselt eram\u00fc\u00fcgi- ja hulgim\u00fc\u00fcgiprojektide jaoks.<\/p>\n<h4>7. Millised pakendikeeled on saadaval?<\/h4>\n<p>Pakendeid saab kohandada inglise, vene, hispaania ja muudes keeltes vastavalt turu vajadustele.<\/p>\n<h4>8. Kui palju maitse valikuid on \u00fches seadmes?<\/h4>\n<p>Iga Bang Leader 350K seade on m\u00f5eldud 8-in-1 vape'ina, millel on 4 p\u00f5himaitset ja 4 segatud kombinatsiooni.<\/p>\n<h4>9. Mis on MOQ?<\/h4>\n<p>Minimaalne tellimuse kogus on 10 t\u00fckki \u00fche maitsekomplekti jaoks.<\/p>\n<h4>10. Kas Bang Leader 350K sobib hulgim\u00fc\u00fcgiks?<\/h4>\n<p>Jah. Selle suur puffide arv, kohandamise tugi, ekspordis\u00f5bralikud pakendamisv\u00f5imalused ja silmatorkav maitses\u00fcsteem teevad sellest tugeva valiku hulgim\u00fc\u00fcgiks.<\/p>\n<h3><img data-recalc-dims=\"1\" loading=\"lazy\" decoding=\"async\" class=\"alignnone size-full wp-image-114793\" src=\"https:\/\/i0.wp.com\/aiviouvapes.com\/wp-content\/uploads\/2026\/03\/BANG-LEADER-350K-17.jpg?resize=800%2C1920&#038;ssl=1\" alt=\"Bang Leader 350K\" width=\"800\" height=\"1920\" title=\"\" srcset=\"https:\/\/i0.wp.com\/aiviouvapes.com\/wp-content\/uploads\/2026\/03\/BANG-LEADER-350K-17.jpg?w=800&amp;ssl=1 800w, https:\/\/i0.wp.com\/aiviouvapes.com\/wp-content\/uploads\/2026\/03\/BANG-LEADER-350K-17.jpg?resize=125%2C300&amp;ssl=1 125w, https:\/\/i0.wp.com\/aiviouvapes.com\/wp-content\/uploads\/2026\/03\/BANG-LEADER-350K-17.jpg?resize=427%2C1024&amp;ssl=1 427w, https:\/\/i0.wp.com\/aiviouvapes.com\/wp-content\/uploads\/2026\/03\/BANG-LEADER-350K-17.jpg?resize=768%2C1843&amp;ssl=1 768w, https:\/\/i0.wp.com\/aiviouvapes.com\/wp-content\/uploads\/2026\/03\/BANG-LEADER-350K-17.jpg?resize=640%2C1536&amp;ssl=1 640w, https:\/\/i0.wp.com\/aiviouvapes.com\/wp-content\/uploads\/2026\/03\/BANG-LEADER-350K-17.jpg?resize=5%2C12&amp;ssl=1 5w\" sizes=\"auto, (max-width: 800px) 100vw, 800px\" \/><\/h3>","protected":false},"excerpt":{"rendered":"<p>Bang Leader 350K on suure mahutavusega 8-in-1 \u00fchekordselt kasutatav vape, mis on m\u00f5eldud suurtele kasutajatele, maitsearmastajatele ja hulgim\u00fc\u00fcjatele. Kuni 350000 puffi, laetav Type-C laadimine, v\u00f5rgusilma m\u00e4hise j\u00f5udlus ja 8 maitsere\u017eiimi \u00fches seadmes, on see tugev valik vape-poodidele ja turustajatele.<\/p>","protected":false},"featured_media":114785,"comment_status":"open","ping_status":"closed","template":"","meta":[],"product_brand":[239],"product_cat":[37],"product_tag":[],"class_list":{"0":"post-114776","1":"product","2":"type-product","3":"status-publish","4":"has-post-thumbnail","6":"product_brand-bang","7":"product_cat-bang","9":"first","10":"instock","11":"shipping-taxable","12":"product-type-simple"},"jetpack_sharing_enabled":true,"tiered_pricing_type":"fixed","tiered_pricing_fixed_rules":[],"tiered_pricing_product_settings":{"layout":"default","base_unit_name":{"singular":null,"plural":null},"default_variation":null},"tiered_pricing_minimum_quantity":null,"tiered_pricing_roles_data":[],"tiered_pricing_percentage_rules":[],"tiered_pricing_maximum_quantity":null,"tiered_pricing_quantity_step":null,"_links":{"self":[{"href":"https:\/\/aiviouvapes.com\/et\/wp-json\/wp\/v2\/product\/114776","targetHints":{"allow":["GET"]}}],"collection":[{"href":"https:\/\/aiviouvapes.com\/et\/wp-json\/wp\/v2\/product"}],"about":[{"href":"https:\/\/aiviouvapes.com\/et\/wp-json\/wp\/v2\/types\/product"}],"replies":[{"embeddable":true,"href":"https:\/\/aiviouvapes.com\/et\/wp-json\/wp\/v2\/comments?post=114776"}],"wp:featuredmedia":[{"embeddable":true,"href":"https:\/\/aiviouvapes.com\/et\/wp-json\/wp\/v2\/media\/114785"}],"wp:attachment":[{"href":"https:\/\/aiviouvapes.com\/et\/wp-json\/wp\/v2\/media?parent=114776"}],"wp:term":[{"taxonomy":"product_brand","embeddable":true,"href":"https:\/\/aiviouvapes.com\/et\/wp-json\/wp\/v2\/product_brand?post=114776"},{"taxonomy":"product_cat","embeddable":true,"href":"https:\/\/aiviouvapes.com\/et\/wp-json\/wp\/v2\/product_cat?post=114776"},{"taxonomy":"product_tag","embeddable":true,"href":"https:\/\/aiviouvapes.com\/et\/wp-json\/wp\/v2\/product_tag?post=114776"}],"curies":[{"name":"wp","href":"https:\/\/api.w.org\/{rel}","templated":true}]}}