{"id":111831,"date":"2026-02-28T11:05:29","date_gmt":"2026-02-28T03:05:29","guid":{"rendered":"https:\/\/aiviouvapes.com\/?post_type=product&#038;p=111831"},"modified":"2026-03-19T14:48:38","modified_gmt":"2026-03-19T06:48:38","slug":"bang-king-250k","status":"publish","type":"product","link":"https:\/\/aiviouvapes.com\/et\/product\/bang-king-250k\/","title":{"rendered":"Bang King 250K | 4-in-1 quad maitse, 250000 puffs, kauakestev, lahtine \u00fchekordselt kasutatav vape"},"content":{"rendered":"<h2>Bang King 250K | 4-in-1 quad maitse 250000 puffs suure v\u00f5imsusega lahtiselt \u00fchekordselt kasutatav vape<\/h2>\n<p><strong>Bang King 250K neljakordne maitse 4-in-1 \u00fchekordselt kasutatav vape<\/strong> on loodud maksimaalse j\u00f5udluse ja mitmekesisuse saavutamiseks. T\u00e4nu 4 sisseehitatud maitsele \u00fches seadmes, massiivsele e-vedelikumahule ja v\u00f5imsatele neljale 1,0\u03a9 m\u00e4hisele on see suure puhumisv\u00f5imsusega \u00fchekordselt kasutatav seade ideaalne vape-poodidele, turustajatele ja suurtele kasutajatele, kes soovivad pikaajalist v\u00e4\u00e4rtust ja p\u00f5nevat maitsete rotatsiooni. \ud83d\udd25\ud83d\udca8<\/p>\n<h3>Miks valida Bang King 250K nelja maitsega 4-in-1 \u00fchekordselt kasutatav vape? \ud83d\ude80<\/h3>\n<ul>\n<li><strong>Kuni 250 000 puffi:<\/strong> V\u00e4ga suur puffide arv, mis on m\u00f5eldud pikaajaliseks kasutamiseks ja tugevaks jaem\u00fc\u00fcgiks.<\/li>\n<li><strong>4-in-1 Quad Flavor System:<\/strong> Vahetage nelja maitse vahel \u00fches seadmes - rohkem r\u00f5\u00f5mu, rohkem mitmekesisust! \ud83c\udf53\ud83c\udf49\ud83c\udf4b<\/li>\n<li><strong>4 x 15ml e-vedeliku mahutavus:<\/strong> Kokku 60ml pikemaks aurutamiseks ilma sagedase asendamiseta.<\/li>\n<li><strong>650mAh sisseehitatud aku:<\/strong> Stabiilne v\u00f5imsus sujuvaks ja j\u00e4rjepidevaks t\u00f6\u00f6ks.<\/li>\n<li><strong>1.0\u03a9 x4 v\u00f5rgusilma m\u00e4hised:<\/strong> Tugev maitse ja tihe aurutootmine.<\/li>\n<li><strong>Hulgim\u00fc\u00fck Valmis pakend:<\/strong> Optimeeritud pakendi suurus puistevedude ja jaotamise jaoks.<\/li>\n<li><strong>Raskekaaluline Premium Feel:<\/strong> 130 g seadme kohta, mis tagab kindla ja kvaliteetse k\u00e4etunde.<\/li>\n<\/ul>\n<h3>Bang King 250K spetsifikatsioonid \ud83d\udcca<\/h3>\n<table>\n<tbody>\n<tr>\n<td><strong>Toote nimi<\/strong><\/td>\n<td>Bang King 250K neljakordne maitse 4-in-1 \u00fchekordselt kasutatav vape<\/td>\n<\/tr>\n<tr>\n<td><strong>Puffide arv<\/strong><\/td>\n<td>Kuni 250 000 puffi<\/td>\n<\/tr>\n<tr>\n<td><strong>Aku mahutavus<\/strong><\/td>\n<td>650mAh sisseehitatud aku<\/td>\n<\/tr>\n<tr>\n<td><strong>E-vedeliku mahutavus<\/strong><\/td>\n<td>15ml x 4 (kokku 60ml)<\/td>\n<\/tr>\n<tr>\n<td><strong>Spiraal<\/strong><\/td>\n<td>1.0\u03a9 x4 m\u00e4hised<\/td>\n<\/tr>\n<tr>\n<td><strong>Seadme kaal<\/strong><\/td>\n<td>130g \u00fchiku kohta<\/td>\n<\/tr>\n<tr>\n<td><strong>10 \u00fchikut Kaal<\/strong><\/td>\n<td>1300g<\/td>\n<\/tr>\n<tr>\n<td><strong>200 \u00fchikut Kaal<\/strong><\/td>\n<td>27kg<\/td>\n<\/tr>\n<tr>\n<td><strong>Karbi suurus<\/strong><\/td>\n<td>227 x 92 x 128 mm<\/td>\n<\/tr>\n<tr>\n<td><strong>Karbi suurus<\/strong><\/td>\n<td>48 x 47 x 28 cm<\/td>\n<\/tr>\n<\/tbody>\n<\/table>\n<h3>Maitsekomplektid - 4 maitset 1 seadmes \ud83c\udf79\ud83c\udf53<\/h3>\n<p><strong>Sidrun Laim \/ Arbuusij\u00e4\u00e4 \/ Black Ice Draakonipuu maasikas \/ Love66<\/strong><br \/>\nV\u00e4rske tsitrusel\u00f5hn, j\u00e4ine arbuusijahutus, eksootiline draakonipuu segu ja klassikaline Love66 shisha stiilis segu.<\/p>\n<p><strong>Sidrun Laim \/ Maasikas J\u00e4\u00e4 \/ Vaarikas Arbuus \/ Fizy Kirss<\/strong><br \/>\nMagus maasika jahedus, mahlakas vaarikas arbuus ja s\u00e4delev kirsine l\u00f5puosa.<\/p>\n<p><strong>Vanilje Cola \/ Sidruni Virsik \/ Maasika Vaarika Kirsi J\u00e4\u00e4 \/ Viinamarja J\u00e4\u00e4<\/strong><br \/>\nKreemjas koolamagusus, puuviljane virsiku-sidruni tasakaal, kolmekordne marjane j\u00e4\u00e4l\u00f5hn ja jahe viinamarja.<\/p>\n<p><strong>Roosa limonaad \/ Kiivi Passionivili Guajaav \/ Virsik marja \/ Maasikas banaan<\/strong><br \/>\nTroopiline magusus koos sujuva banaani ja v\u00e4rskendava tsitrusviljaga.<\/p>\n<p><strong>Viinamarjaplahvatus \/ Lit\u0161i J\u00e4\u00e4 \/ Virsik Mari \/ Kiivi Passionivili Guajaav<\/strong><br \/>\nJulged viinamarjakommid, j\u00e4ine lit\u0161i v\u00e4rskus ja troopiliste puuviljade fusion.<\/p>\n<p><strong>Maasika-mango \/ Sinine Vaarikas limonaad \/ Vanillij\u00e4\u00e4tis \/ Hapukas kolmekordne marja<\/strong><br \/>\nMagus mangosegu, kirbe sinise razi limonaad, kreemjas magustoidutoon ja hapu marjapunch.<\/p>\n<p><strong>Arbuusij\u00e4\u00e4tis \/ Maasika-mango \/ Mustikaj\u00e4\u00e4tis \/ Fizy Kirss<\/strong><br \/>\nKlassikalised j\u00e4\u00e4puuviljad magusate marjade s\u00e4delusega.<\/p>\n<p><strong>Segatud marjad \/ Kirsia sidrun \/ Maasikas kiivi \/ Maasikas arbuus N\u00e4rimiskumm<\/strong><br \/>\nKommi stiilis puuviljakombinatsioonid koos v\u00e4rskendavate tsitrusviljakihidega.<\/p>\n<p><strong>Maasika arbuus \/ Kirsikoola \/ Mahlane virsikuj\u00e4\u00e4tis \/ Greibi v\u00e4rskendaja<\/strong><br \/>\nMagusad duo puuviljad, kokakoola, virsikuj\u00e4\u00e4 siledus ja tsitrusviljade greibi l\u00f6\u00f6k.<\/p>\n<p><strong>Mojito \/ Monster Mango \/ Lady Killer \/ Roosa Limonaad<\/strong><br \/>\nM\u00fcndi mojito v\u00e4rskus, julge mango energia, esmaklassiline shisha-segu ja h\u00f5rgu roosa limonaad.<\/p>\n<h3>Ideaalne jae- ja hulgim\u00fc\u00fcgile \ud83c\udfea\ud83d\udce6<\/h3>\n<p>Bang King 250K on m\u00f5eldud suurtele kasutajatele, kes soovivad kauakestvat aurustamist, maitsejahtijatele, kes armastavad maitseid vahetada, ja vape-poodidele, kes otsivad suure marginaaliga \u00fchekordseid lahtiseid seadmeid. Selle tugev puffide arv ja mitme maitsega s\u00fcsteem muudavad selle v\u00e4ga atraktiivseks jaem\u00fc\u00fcgi v\u00e4ljapanekuks ja hulgim\u00fc\u00fcgiks kogu maailmas.<\/p>\n<h3>FAQ\u2753 Bang King 250K<\/h3>\n<p><strong>K1: Kas Bang King 250K on laetav?<\/strong><br \/>\nSeadmel on sisseehitatud 650 mAh aku, mis on m\u00f5eldud toetama selle suurt e-vedelikumahtu pika kasutuse jaoks.<\/p>\n<p><strong>2. k\u00fcsimus: Kuidas t\u00f6\u00f6tab 4-in-1 maitses\u00fcsteem?<\/strong><br \/>\nIgas seadmes on neli eraldi 15 ml maitsekambrit, mis v\u00f5imaldab kasutajatel vahetada maitseid, et saada igal ajal v\u00e4rske kogemus.<\/p>\n<p><strong>3. k\u00fcsimus: Kas see toode sobib hulgim\u00fc\u00fcgitellimustele?<\/strong><br \/>\nJah. T\u00e4nu optimeeritud kartongisuurusele ja pakendamata pakendile (200 \u00fchikut kartongi kohta) on see ideaalne turustajatele ja suurtes kogustes ostjatele.<\/p>\n<p><strong>K4: Kellele on see seade parim?<\/strong><br \/>\nSee sobib ideaalselt suurtele kasutajatele, maitsearmastajatele, vapipoodide jaem\u00fc\u00fcjatele ja \u00fclemaailmsetele hulgim\u00fc\u00fcjatele, kes otsivad k\u00f5rgekvaliteedilisi \u00fchekordseid tooteid.<\/p>\n<p><strong>K5: Mis teeb selle mudeli turul eriliseks?<\/strong><br \/>\nSelle \u00fclik\u00f5rge puffide arv, neljakordne maitse l\u00fclituss\u00fcsteem ja tugev maitse v\u00e4ljund 1,0\u03a9 m\u00e4histelt teevad sellest konkurentsiv\u00f5imelise bestselleri \u00fchekordsete vape'ide turul. \ud83d\udca8\ud83d\udd25<\/p>\n<h3><img data-recalc-dims=\"1\" loading=\"lazy\" decoding=\"async\" class=\"alignnone size-full wp-image-111896\" src=\"https:\/\/i0.wp.com\/aiviouvapes.com\/wp-content\/uploads\/2026\/02\/Bang-King-250k-11.jpg?resize=774%2C1920&#038;ssl=1\" alt=\"Bang King 250k\" width=\"774\" height=\"1920\" title=\"\" srcset=\"https:\/\/i0.wp.com\/aiviouvapes.com\/wp-content\/uploads\/2026\/02\/Bang-King-250k-11.jpg?w=774&amp;ssl=1 774w, https:\/\/i0.wp.com\/aiviouvapes.com\/wp-content\/uploads\/2026\/02\/Bang-King-250k-11.jpg?resize=121%2C300&amp;ssl=1 121w, https:\/\/i0.wp.com\/aiviouvapes.com\/wp-content\/uploads\/2026\/02\/Bang-King-250k-11.jpg?resize=413%2C1024&amp;ssl=1 413w, https:\/\/i0.wp.com\/aiviouvapes.com\/wp-content\/uploads\/2026\/02\/Bang-King-250k-11.jpg?resize=768%2C1905&amp;ssl=1 768w, https:\/\/i0.wp.com\/aiviouvapes.com\/wp-content\/uploads\/2026\/02\/Bang-King-250k-11.jpg?resize=619%2C1536&amp;ssl=1 619w, https:\/\/i0.wp.com\/aiviouvapes.com\/wp-content\/uploads\/2026\/02\/Bang-King-250k-11.jpg?resize=5%2C12&amp;ssl=1 5w\" sizes=\"auto, (max-width: 774px) 100vw, 774px\" \/><\/h3>","protected":false},"excerpt":{"rendered":"<p>Bang King 250K nelja maitsega 4-in-1 \u00fchekordselt kasutatav vape kuni 250000 puffiga, 650mAh aku, 4x15ml e-vedelik ja 1.0\u03a9 quad coils. Ideaalne hulgim\u00fc\u00fcjatele, turustajatele ja rasketele vape-kasutajatele, kes otsivad suure puffide hulgi seadmeid.<\/p>","protected":false},"featured_media":112376,"comment_status":"open","ping_status":"closed","template":"","meta":[],"product_brand":[239],"product_cat":[37,336],"product_tag":[517,408,349,478,518],"class_list":{"0":"post-111831","1":"product","2":"type-product","3":"status-publish","4":"has-post-thumbnail","6":"product_brand-bang","7":"product_cat-bang","8":"product_cat-100k-puffs-disposable-vape","9":"product_tag-250k-disposable-vape","10":"product_tag-4-in-1-disposable-vape","11":"product_tag-bulk-disposable-vape","12":"product_tag-high-puff-disposable-vape","13":"product_tag-quad-flavor-vape","15":"first","16":"instock","17":"shipping-taxable","18":"purchasable","19":"product-type-variable","20":"has-default-attributes"},"jetpack_sharing_enabled":true,"tiered_pricing_type":"fixed","tiered_pricing_fixed_rules":{"30":9.589999999999999857891452847979962825775146484375,"50":7.9900000000000002131628207280300557613372802734375,"100":7.519999999999999573674358543939888477325439453125,"200":6.87000000000000010658141036401502788066864013671875,"400":6.3499999999999996447286321199499070644378662109375},"tiered_pricing_product_settings":{"layout":"default","base_unit_name":{"singular":null,"plural":null},"default_variation":null},"tiered_pricing_minimum_quantity":10,"tiered_pricing_roles_data":[],"tiered_pricing_percentage_rules":[],"tiered_pricing_maximum_quantity":null,"tiered_pricing_quantity_step":"10","_links":{"self":[{"href":"https:\/\/aiviouvapes.com\/et\/wp-json\/wp\/v2\/product\/111831","targetHints":{"allow":["GET"]}}],"collection":[{"href":"https:\/\/aiviouvapes.com\/et\/wp-json\/wp\/v2\/product"}],"about":[{"href":"https:\/\/aiviouvapes.com\/et\/wp-json\/wp\/v2\/types\/product"}],"replies":[{"embeddable":true,"href":"https:\/\/aiviouvapes.com\/et\/wp-json\/wp\/v2\/comments?post=111831"}],"wp:featuredmedia":[{"embeddable":true,"href":"https:\/\/aiviouvapes.com\/et\/wp-json\/wp\/v2\/media\/112376"}],"wp:attachment":[{"href":"https:\/\/aiviouvapes.com\/et\/wp-json\/wp\/v2\/media?parent=111831"}],"wp:term":[{"taxonomy":"product_brand","embeddable":true,"href":"https:\/\/aiviouvapes.com\/et\/wp-json\/wp\/v2\/product_brand?post=111831"},{"taxonomy":"product_cat","embeddable":true,"href":"https:\/\/aiviouvapes.com\/et\/wp-json\/wp\/v2\/product_cat?post=111831"},{"taxonomy":"product_tag","embeddable":true,"href":"https:\/\/aiviouvapes.com\/et\/wp-json\/wp\/v2\/product_tag?post=111831"}],"curies":[{"name":"wp","href":"https:\/\/api.w.org\/{rel}","templated":true}]}}