{"id":111650,"date":"2026-02-28T10:30:51","date_gmt":"2026-02-28T02:30:51","guid":{"rendered":"https:\/\/aiviouvapes.com\/?post_type=product&#038;p=111650"},"modified":"2026-04-07T09:59:22","modified_gmt":"2026-04-07T01:59:22","slug":"bang-king-200k","status":"publish","type":"product","link":"https:\/\/aiviouvapes.com\/et\/product\/bang-king-200k\/","title":{"rendered":"Bang King 200K | 8-in-1 200000 puffs, quad tank, 8 maitse, suure mahutavusega, lahtiselt \u00fchekordselt kasutatav vape"},"content":{"rendered":"<h2>Bang King 200K | 8-in-1 200000 puffs megamahutavusega quad coil \u00fchekordselt kasutatav vape<\/h2>\n<h3>\ud83d\udd25 Bang King 200K 8-in-1 \u00fchekordselt kasutatav vape - massiivsed puffs, massiivsed maitsed<\/h3>\n<p>The <strong>Bang King 200K 8-in-1 \u00fchekordselt kasutatav vape<\/strong> on ehitatud t\u00f5sise j\u00f5udluse jaoks. Mis uskumatu <strong>200000 puffide v\u00f5imsus<\/strong>, neli 16ml e-vedelikupaaki ja 1,0\u03a9 m\u00e4hised, see seade on m\u00f5eldud kauakestva maitse ja tugeva aurutootmise jaoks. \ud83d\udca8<\/p>\n<p>Olenemata sellest, kas olete vapipoe omanik, edasim\u00fc\u00fcja v\u00f5i suurkasutaja, kes soovib pikemat aurutamisaega, pakub Bang King 200K v\u00f5imsust, maitsete mitmekesisust ja suurep\u00e4rast hulgim\u00fc\u00fcgiv\u00e4\u00e4rtust \u00fches k\u00f5rgekvaliteedilises seadmes.<\/p>\n<h3>\u2705 Miks valida Bang King 200K?<\/h3>\n<ul>\n<li>\ud83d\udd25 Kuni 200000 pauku - \u00fclimalt suure mahutavusega \u00fchekordselt kasutatav vape pikaajaliseks kasutamiseks<\/li>\n<li>\ud83c\udfaf 8-in-1 maitsete vahetamine - mitu maitsekombinatsiooni \u00fches seadmes<\/li>\n<li>\ud83d\udca7 16ml x 4 E-nafta mahutit - Kokku 64ml mahutavus mahla mahuga<\/li>\n<li>\u26a1 650mAh sisseehitatud aku - stabiilne v\u00e4ljund ja sujuv j\u00f5udlus<\/li>\n<li>\ud83c\udf00 1.0\u03a9 Quad Coil System - tugev maitse, sujuv kurguhoob<\/li>\n<li>\ud83d\udce6 Pakend, mis on m\u00f5eldud hulgim\u00fc\u00fcgiks ja turustamiseks<\/li>\n<li>\ud83d\udcbc K\u00f5rge kasumimarginaal - ideaalne vapi turustajatele ja B2B ostjatele<\/li>\n<\/ul>\n<h3>\ud83d\udcca Bang King 200K spetsifikatsioonid<\/h3>\n<table>\n<tbody>\n<tr>\n<td><strong>Puffide arv<\/strong><\/td>\n<td>Kuni 200000 puffi<\/td>\n<\/tr>\n<tr>\n<td><strong>E-vedeliku mahutavus<\/strong><\/td>\n<td>16ml x 4 (kokku 64ml)<\/td>\n<\/tr>\n<tr>\n<td><strong>Aku<\/strong><\/td>\n<td>650mAh sisseehitatud aku<\/td>\n<\/tr>\n<tr>\n<td><strong>M\u00e4hise vastupanu<\/strong><\/td>\n<td>1.0\u03a9 x 4<\/td>\n<\/tr>\n<tr>\n<td><strong>Seadme kaal<\/strong><\/td>\n<td>150g (\u00fcks \u00fchik)<\/td>\n<\/tr>\n<tr>\n<td><strong>Karbi suurus (6tk)<\/strong><\/td>\n<td>137 \u00d7 91 \u00d7 127,5 mm<\/td>\n<\/tr>\n<tr>\n<td><strong>Karbi suurus<\/strong><\/td>\n<td>57 \u00d7 48 \u00d7 15 cm<\/td>\n<\/tr>\n<tr>\n<td><strong>Karbi kaal<\/strong><\/td>\n<td>120 tk \/ 20 kg<\/td>\n<\/tr>\n<\/tbody>\n<\/table>\n<h3>\ud83c\udf53 Maitsekombinatsioonid - 8-in-1 maitseelamus<\/h3>\n<p><strong>Sinine Vaarikas J\u00e4\u00e4 \/ Virsikuj\u00e4\u00e4t \/ Viinamarjaj\u00e4\u00e4t \/ Mangoj\u00e4\u00e4t<\/strong> - Jahe puuviljasegu v\u00e4rskendava j\u00e4\u00e4ga \u2744\ufe0f<\/p>\n<p><strong>Virsik-mango arbuus \/ Red Bull \/ maasikas Red Bull \/ maasikas kiivi<\/strong> - Magusa energiajoogi stiilis troopiliste puuviljadega \u26a1<\/p>\n<p><strong>Maasika-mango \/ maasika j\u00e4\u00e4tis \/ banaanij\u00e4\u00e4tis \/ maasika-lit\u0161ee<\/strong> - Kreemjas ja puuviljane magustoidukollektsioon \ud83c\udf68<\/p>\n<p><strong>Topelt\u00f5un \/ Mango Virsik \/ Maasikas Arbuus \/ Maasikas Vanill Koola<\/strong> - Klassikalised puuviljad sooda twistiga \ud83e\udd64<\/p>\n<p><strong>Must Draakon J\u00e4\u00e4 \/ Armastus 66 \/ H\u00e4rra Sinine \/ Maasika Limonaad<\/strong> - Premium marjade ja tsitrusviljade segu \ud83c\udf4b<\/p>\n<p><strong>Kiivi Passionivili Guajaav \/ Kummikarukas \/ Vikerkaarekompvek \/ Suhkruvatt<\/strong> - Eksootiline ja kommi stiilis magusus \ud83c\udf6c<\/p>\n<p><strong>Arbuusij\u00e4\u00e4tis \/ Sidrun ja Piparm\u00fcnt \/ Maasikaj\u00e4\u00e4tis \/ Sinine Vaarikas Kirss<\/strong> - V\u00e4rske ja jahutav maitse kogu p\u00e4eva \ud83c\udf3f<\/p>\n<p><strong>Kolmik Marja \/ Troopiline Puuvili \/ Maasikas Banaan \/ Roosa Limonaad<\/strong> - Tasakaalustatud magushapu puuviljasegu \ud83c\udf53<\/p>\n<p><strong>Kolmekordne melon \/ Mustika j\u00e4\u00e4 \/ Kirsipomm \/ Ananass-kookos<\/strong> - Julge troopiliste ja marjade fusion \ud83c\udf34<\/p>\n<p><strong>Arbuus N\u00e4rimiskumm \/ Mustikas Vaarikas \/ Vaarikas Arbuus \/ Arbuus Mustikas<\/strong> - Magus mahlakas marjaplahvatus \ud83d\udca5<\/p>\n<p><strong>Jahe M\u00fcnt \/ Virsik Kirss \/ Virsik Marja Sidrun \/ Kiivi Arbuusi J\u00e4\u00e4<\/strong> - V\u00e4rskendav ja sujuv jahutus tabab \u2744\ufe0f<\/p>\n<p><strong>Kihisev Sidrun &amp; Laim \/ \u00d5una Mojito \/ Ananassi J\u00e4\u00e4 \/ Koola J\u00e4\u00e4<\/strong> - Vahuveini ja j\u00e4iste tsitrusviljade kollektsioon \ud83e\uddca<\/p>\n<h3>\ud83d\ude80 Ideaalne raskekasutajatele ja hulgim\u00fc\u00fcjatele<\/h3>\n<p>Bang King 200K \u00fchekordselt kasutatav vape sobib ideaalselt <strong>rasked aurutajad<\/strong> kes soovivad pikaajalist j\u00f5udlust ilma sagedase v\u00e4ljavahetamiseta. See sobib ideaalselt ka <strong>maitsej\u00e4litajad<\/strong> kes naudivad mitme maitse vahel vahetamist \u00fches seadmes.<\/p>\n<p>Sest <strong>vape poed, turustajad ja hulgim\u00fc\u00fcjad<\/strong>, see suure mahutavusega \u00fchekordselt kasutatav vape pakub tugevat turun\u00f5udlust, atraktiivseid marginaale ja lahtise pakendamise t\u00f5husust. V\u00f5imas valik teie \u00fchekordselt kasutatava vapi tootesarja laiendamiseks.<\/p>\n<h3>\u2753 KKK - Bang King 200K \u00fchekordselt kasutatav Vape<\/h3>\n<p><strong>K1: Kas Bang King 200K on laetav?<\/strong><br \/>\nV: Seade sisaldab 650mAh sisseehitatud akut, mis on m\u00f5eldud pikemaajalise kasutamise toetamiseks selle suure puhumisv\u00f5imsuse jaoks.<\/p>\n<p><strong>K2: Mitu maitset on \u00fches seadmes?<\/strong><br \/>\nV: Igal seadmel on 8-in-1 maitses\u00fcsteem, mis v\u00f5imaldab kasutajatel nautida mitut maitsekombinatsiooni \u00fches aurustamisel.<\/p>\n<p><strong>3. k\u00fcsimus: Kas see toode sobib hulgim\u00fc\u00fcgitellimustele?<\/strong><br \/>\nV: Jah. Bang King 200K on pakendatud lahtiseks turustamiseks, 120 t\u00fckki karbis, mist\u00f5ttu on see ideaalne B2B ostjatele ja turustajatele.<\/p>\n<p><strong>K4: Kellele on see seade parim?<\/strong><br \/>\nV: See sobib suurtele kasutajatele, pikaajalistele aurutajatele, maitsearmastajatele, vapi jaem\u00fc\u00fcjatele ja hulgim\u00fc\u00fcjatele, kes otsivad suure mahutavusega \u00fchekordseid seadmeid.<\/p>\n<p><strong>K5: Mille poolest erineb see standardsetest \u00fchekordsetest vapidest?<\/strong><br \/>\nV: T\u00e4nu \u00fclik\u00f5rgele puffide arvule, neljale e-vedeliku paagile ja 8-in-1 maitsete vahetamise s\u00fcsteemile eristub see suure mahutavusega \u00fchekordsete vapside turul.<\/p>","protected":false},"excerpt":{"rendered":"<p>Bang King 200K 8-in-1 \u00fchekordselt kasutatav vape pakub kuni 200000 puffi nelja 16ml paagiga, 650mAh akuga ja 1.0\u03a9 v\u00f5rgusilmaga m\u00e4histega. T\u00e4iuslik suure mahutavusega lahtine \u00fchekordselt kasutatav vape turustajatele ja suurtele kasutajatele.<\/p>","protected":false},"featured_media":111677,"comment_status":"open","ping_status":"closed","template":"","meta":[],"product_brand":[239],"product_cat":[37,336],"product_tag":[519,500,463,478,520],"class_list":{"0":"post-111650","1":"product","2":"type-product","3":"status-publish","4":"has-post-thumbnail","6":"product_brand-bang","7":"product_cat-bang","8":"product_cat-100k-puffs-disposable-vape","9":"product_tag-200k-disposable-vape","10":"product_tag-8-in-1-disposable-vape","11":"product_tag-bulk-disposable-vape-wholesale","12":"product_tag-high-puff-disposable-vape","13":"product_tag-quad-tank-vape-device","15":"first","16":"instock","17":"shipping-taxable","18":"purchasable","19":"product-type-variable","20":"has-default-attributes"},"jetpack_sharing_enabled":true,"tiered_pricing_type":"fixed","tiered_pricing_fixed_rules":{"30":9.589999999999999857891452847979962825775146484375,"50":8.1699999999999999289457264239899814128875732421875,"100":7.519999999999999573674358543939888477325439453125,"200":6.9900000000000002131628207280300557613372802734375,"400":6.480000000000000426325641456060111522674560546875},"tiered_pricing_product_settings":{"layout":"default","base_unit_name":{"singular":null,"plural":null},"default_variation":null},"tiered_pricing_minimum_quantity":10,"tiered_pricing_roles_data":[],"tiered_pricing_percentage_rules":[],"tiered_pricing_maximum_quantity":null,"tiered_pricing_quantity_step":"10","_links":{"self":[{"href":"https:\/\/aiviouvapes.com\/et\/wp-json\/wp\/v2\/product\/111650","targetHints":{"allow":["GET"]}}],"collection":[{"href":"https:\/\/aiviouvapes.com\/et\/wp-json\/wp\/v2\/product"}],"about":[{"href":"https:\/\/aiviouvapes.com\/et\/wp-json\/wp\/v2\/types\/product"}],"replies":[{"embeddable":true,"href":"https:\/\/aiviouvapes.com\/et\/wp-json\/wp\/v2\/comments?post=111650"}],"wp:featuredmedia":[{"embeddable":true,"href":"https:\/\/aiviouvapes.com\/et\/wp-json\/wp\/v2\/media\/111677"}],"wp:attachment":[{"href":"https:\/\/aiviouvapes.com\/et\/wp-json\/wp\/v2\/media?parent=111650"}],"wp:term":[{"taxonomy":"product_brand","embeddable":true,"href":"https:\/\/aiviouvapes.com\/et\/wp-json\/wp\/v2\/product_brand?post=111650"},{"taxonomy":"product_cat","embeddable":true,"href":"https:\/\/aiviouvapes.com\/et\/wp-json\/wp\/v2\/product_cat?post=111650"},{"taxonomy":"product_tag","embeddable":true,"href":"https:\/\/aiviouvapes.com\/et\/wp-json\/wp\/v2\/product_tag?post=111650"}],"curies":[{"name":"wp","href":"https:\/\/api.w.org\/{rel}","templated":true}]}}