{"id":111052,"date":"2026-02-27T00:02:11","date_gmt":"2026-02-26T16:02:11","guid":{"rendered":"https:\/\/aiviouvapes.com\/?post_type=product&#038;p=111052"},"modified":"2026-03-17T11:19:06","modified_gmt":"2026-03-17T03:19:06","slug":"fihp-90k","status":"publish","type":"product","link":"https:\/\/aiviouvapes.com\/et\/product\/fihp-90k\/","title":{"rendered":"FIHP 90K 3-in-1 | 90,000 puff, 42ml, kolmekordne maitse, LED ekraan, \u00fchekordne vape"},"content":{"rendered":"<p><!-- Short SEO Description --><\/p>\n<h2>FIHP 90000 3-in-1 90,000 puffs | kolmekordne maitse LED ekraaniga laetav \u00fchekordselt kasutatav vape<\/h2>\n<p>\ud83d\udd25 <strong>Kolmekordne maitsej\u00f5ud. Massiivne 90K j\u00f5udlus. Nutikas LED-juhtimine.<\/strong> \ud83d\udd25<\/p>\n<p><strong>FIHP 90000 90K puffs \u00fchekordselt kasutatav vape<\/strong> on loodud t\u00f5sistele aurutajatele, kes n\u00f5uavad \u00e4\u00e4rmist pikaealisust, julget maitseomadusi ja arukat kasutatavust. Uuendusliku <strong>3-in-1 kolmekordne maitses\u00fcsteem<\/strong>, see seade integreerib kolm esmaklassilist maitset \u00fchte v\u00f5imsasse seadmesse, mille massiivne <strong>42mL e-vedeliku mahutavus<\/strong>.<\/p>\n<p>See on m\u00f5eldud suurtarbijatele ja hulgiturgudele, pakkudes kuni <strong>90,000 puffid<\/strong> s\u00e4ilitades samal ajal \u00fchtlase ja p\u00fcsiva auru alates esimesest t\u00f5mbamisest kuni viimase t\u00f5mbamiseni. Varustatud <strong>0,9\u03a9 kahekordse v\u00f5rgusilma m\u00e4his<\/strong> ja <strong>650mAh aku<\/strong> koos C-t\u00fc\u00fcpi kiirlaadimisega tagab see t\u00e4iustatud \u00fchekordselt kasutatav seade iga kord tihedad pilved ja suurep\u00e4rase maitse selguse.<\/p>\n<h3>FIHP 90K \u00fclevaade ja omadused<\/h3>\n<p>- Kuni 90,000 puffi \u00fclipikk j\u00f5udlus<br \/>\n- 3-in-1 kolmekordse maitsega s\u00fcsteem (42mL koguv\u00f5imsus)<br \/>\n- 0.9\u03a9 Dual Mesh Coil t\u00e4iustatud aurutiheduse saavutamiseks<br \/>\n- 650mAh aku<br \/>\n- Type-C kiirlaadimise tugi<br \/>\n- Nutikas LED-ekraan reaalajas aku protsendiga<br \/>\n- Saadaval 2% ja 5% nikotiinisisaldusega.<br \/>\n- 10 esmaklassilist maitsekombinatsiooni<br \/>\n- 10 tk karbis - hulgim\u00fc\u00fcgile sobiv pakend<\/p>\n<h3>FIHP 90K spetsifikatsioonid<\/h3>\n<table>\n<tbody>\n<tr>\n<th>Funktsioon<\/th>\n<th>\u00dcksikasjad<\/th>\n<\/tr>\n<tr>\n<td>Puffide arv<\/td>\n<td>Kuni 90,000 puffid<\/td>\n<\/tr>\n<tr>\n<td>E-vedeliku mahutavus<\/td>\n<td>42mL (kolmekordse maitsega s\u00fcsteem)<\/td>\n<\/tr>\n<tr>\n<td>Spiraal<\/td>\n<td>0.9\u03a9 Dual Mesh Coil<\/td>\n<\/tr>\n<tr>\n<td>Aku<\/td>\n<td>650mAh laetav<\/td>\n<\/tr>\n<tr>\n<td>Laadimine<\/td>\n<td>C-t\u00fc\u00fcpi kiirlaadimine<\/td>\n<\/tr>\n<tr>\n<td>Ekraan<\/td>\n<td>Smart LED (reaalajas aku %)<\/td>\n<\/tr>\n<tr>\n<td>Nikotiini tugevus<\/td>\n<td>2% \/ 5%<\/td>\n<\/tr>\n<tr>\n<td>Pakend<\/td>\n<td>10 tk karbis<\/td>\n<\/tr>\n<\/tbody>\n<\/table>\n<h3>FIHP 90K maitsekombinatsioonid (3-in-1 s\u00fcsteem)<\/h3>\n<table>\n<tbody>\n<tr>\n<th>Maitsekombinatsioon<\/th>\n<th>Kolmekordne segu<\/th>\n<\/tr>\n<tr>\n<td>Kombinatsioon 1<\/td>\n<td>Fizzy Cherry | Lady Killer | Gummy Bear<\/td>\n<\/tr>\n<tr>\n<td>Combo 2<\/td>\n<td>Mustikas Vaarikas | Love 666 | Virsikuj\u00e4\u00e4tis<\/td>\n<\/tr>\n<tr>\n<td>Combo 3<\/td>\n<td>Vaarika arbuus | Segatud marjad | Mango virsik<\/td>\n<\/tr>\n<tr>\n<td>Combo 4<\/td>\n<td>Blue Razz Lemonade | Strawberry Raspberry | Rainbow Candy<\/td>\n<\/tr>\n<tr>\n<td>Kombinatsioon 5<\/td>\n<td>Arbuusimull | Viinamarjaj\u00e4\u00e4tis | Must draakonij\u00e4\u00e4tis<\/td>\n<\/tr>\n<tr>\n<td>Kombinatsioon 6<\/td>\n<td>Ananass-kookos | Segatud puuviljad | Sidrun-persikuni<\/td>\n<\/tr>\n<tr>\n<td>Kombinatsioon 7<\/td>\n<td>Topelt\u00f5un | Maasikas-Banaan | Vaarikas-Arbuus<\/td>\n<\/tr>\n<tr>\n<td>Combo 8<\/td>\n<td>Arbuusij\u00e4\u00e4tis | Red Bull | Maasika-Kiwi<\/td>\n<\/tr>\n<tr>\n<td>Kombinatsioon 9<\/td>\n<td>Mustikaj\u00e4\u00e4tis | Maasikas arbuus | Lemon Lime<\/td>\n<\/tr>\n<tr>\n<td>Combo 10<\/td>\n<td>Virsikamarja | Kolmekordne melon | Arbuusij\u00e4\u00e4tis<\/td>\n<\/tr>\n<\/tbody>\n<\/table>\n<h3>FIHP 90K saadaval olevad maitsed<\/h3>\n<p>Fizzy Cherry &amp; Lady Killer &amp; Gummy Bear<br \/>\nMustikas Vaarikas &amp; Love 666 &amp; Virsikuj\u00e4\u00e4tis<br \/>\nVaarika arbuus &amp; segatud marjad &amp; mango virsik<br \/>\nBlue Razz Lemonade &amp; Strawberry Raspberry &amp; Rainbow Candy<br \/>\nArbuusimull &amp; viinamarjaj\u00e4\u00e4tis &amp; must draakonij\u00e4\u00e4tis<br \/>\nAnanass-kookos &amp; puuviljasegu &amp; sidruni-virsikookos<br \/>\nDouble Apple &amp; Strawberry Banana &amp; Vaarika Arbuus<br \/>\nArbuusij\u00e4\u00e4tis &amp; Red Bull &amp; maasika-kiivi<br \/>\nMustika j\u00e4\u00e4 &amp; maasikas arbuus &amp; sidrun-laim<br \/>\nVirsikamarja &amp; kolmekordne melon &amp; arbuusij\u00e4\u00e4tis<\/p>\n<h3>Miks valida FIHP 90000 3-in-1 90K?<\/h3>\n<ul>\n<li>\ud83d\ude80 Ekstreemne 90,000 puffide v\u00f5imsus v\u00e4hendab asendamise sagedust<\/li>\n<li>\ud83c\udf53 Kolmekordne maitsete \u00fcmberl\u00fclitamine suurema mitmekesisuse jaoks<\/li>\n<li>\ud83d\udca8 Kahekordne v\u00f5rgusilma m\u00e4his massiivsete pilvede ja rikkaliku maitse jaoks<\/li>\n<li>\ud83d\udd0b Laetav LED aku j\u00e4lgimisega<\/li>\n<li>\u26a1 C-t\u00fc\u00fcpi kiirlaadimise mugavus<\/li>\n<li>\ud83d\udce6 Hulgim\u00fc\u00fck valmis 10 tk\/karp pakendisse<\/li>\n<li>\ud83c\udfea Ideaalne vape-poodidele, turustajatele ja hulgiostjatele<\/li>\n<\/ul>\n<p><strong>FIHP 90000 3-in-1 \u00fchekordselt kasutatav vape<\/strong> on m\u00f5eldud suurtele kasutajatele, maitsejahtijatele ja hulgim\u00fc\u00fcjatele, kes otsivad suure v\u00f5imsusega ja suure j\u00f5udlusega seadmeid. Kolmekordse maitseinnovatsiooni, tohutu puhumisv\u00f5imsuse ja nutika LED-juhtimise abil on see v\u00f5imas t\u00e4iendus igale vape-poe varule v\u00f5i suuremahulisele turustusportfellile.<\/p>\n<h3>FIHP 90K KKK<\/h3>\n<p><strong>K1: Kui kaua kestab FIHP 90000?<\/strong><br \/>\nV: S\u00f5ltuvalt kasutusharjumustest annab see kuni 90 000 puhumist, mis v\u00e4hendab oluliselt vahetamise sagedust.<\/p>\n<p><strong>K2: Kas seade on laetav?<\/strong><br \/>\nV: Jah, sellel on 650 mAh aku koos Type-C kiirlaadimisega.<\/p>\n<p><strong>3. k\u00fcsimus: Kas kasutajad saavad maitsete vahel vahetada?<\/strong><br \/>\nV: Jah, 3-in-1-s\u00fcsteem \u00fchendab \u00fchte seadmesse kolm maitset, mis tagab d\u00fcnaamilise aurutamiselamuse.<\/p>\n<p><strong>K4: Millised nikotiini tugevused on saadaval?<\/strong><br \/>\nV: See on saadaval 2% ja 5% nikotiinivalikutena.<\/p>\n<p><strong>K5: Kas see sobib hulgim\u00fc\u00fcgiks?<\/strong><br \/>\nV: Absoluutselt. Seda on 10 tk karbis, mis muudab selle ideaalseks vape-poodide ja lahtise turustamise jaoks.<\/p>","protected":false},"excerpt":{"rendered":"<p><strong>FIHP 90000 3-in-1 \u00fchekordselt kasutatav vape<\/strong> pakub kuni 90 000 puffi kolmekordse maitsega, 42mL e-vedelikuga, LED-ekraan ja laetav v\u00f5imsus, kahekordne v\u00f5rgusilma m\u00e4his, massiivsed pilved, hulgim\u00fc\u00fck valmis pakend.<\/p>","protected":false},"featured_media":111131,"comment_status":"open","ping_status":"closed","template":"","meta":[],"product_brand":[236],"product_cat":[18],"product_tag":[513,516,512,349,330,511,515,331,514,497],"class_list":{"0":"post-111052","1":"product","2":"type-product","3":"status-publish","4":"has-post-thumbnail","6":"product_brand-fihp","7":"product_cat-fihp","8":"product_tag-3-in-1-vape","9":"product_tag-90000-puffs-vape","10":"product_tag-90k-disposable-vape","11":"product_tag-bulk-disposable-vape","12":"product_tag-dual-mesh-coil-vape","13":"product_tag-fihp-90000","14":"product_tag-led-screen-disposable-vape","15":"product_tag-rechargeable-disposable-vape","16":"product_tag-triple-flavor-vape","17":"product_tag-wholesale-vape-supplier","19":"first","20":"instock","21":"shipping-taxable","22":"purchasable","23":"product-type-variable","24":"has-default-attributes"},"jetpack_sharing_enabled":true,"tiered_pricing_type":"fixed","tiered_pricing_fixed_rules":{"30":9.589999999999999857891452847979962825775146484375,"50":7.910000000000000142108547152020037174224853515625,"100":7.38999999999999968025576890795491635799407958984375,"200":6.7400000000000002131628207280300557613372802734375,"400":6.21999999999999975131004248396493494510650634765625},"tiered_pricing_product_settings":{"layout":"default","base_unit_name":{"singular":null,"plural":null},"default_variation":null},"tiered_pricing_minimum_quantity":10,"tiered_pricing_roles_data":[],"tiered_pricing_percentage_rules":[],"tiered_pricing_maximum_quantity":null,"tiered_pricing_quantity_step":"10","_links":{"self":[{"href":"https:\/\/aiviouvapes.com\/et\/wp-json\/wp\/v2\/product\/111052","targetHints":{"allow":["GET"]}}],"collection":[{"href":"https:\/\/aiviouvapes.com\/et\/wp-json\/wp\/v2\/product"}],"about":[{"href":"https:\/\/aiviouvapes.com\/et\/wp-json\/wp\/v2\/types\/product"}],"replies":[{"embeddable":true,"href":"https:\/\/aiviouvapes.com\/et\/wp-json\/wp\/v2\/comments?post=111052"}],"wp:featuredmedia":[{"embeddable":true,"href":"https:\/\/aiviouvapes.com\/et\/wp-json\/wp\/v2\/media\/111131"}],"wp:attachment":[{"href":"https:\/\/aiviouvapes.com\/et\/wp-json\/wp\/v2\/media?parent=111052"}],"wp:term":[{"taxonomy":"product_brand","embeddable":true,"href":"https:\/\/aiviouvapes.com\/et\/wp-json\/wp\/v2\/product_brand?post=111052"},{"taxonomy":"product_cat","embeddable":true,"href":"https:\/\/aiviouvapes.com\/et\/wp-json\/wp\/v2\/product_cat?post=111052"},{"taxonomy":"product_tag","embeddable":true,"href":"https:\/\/aiviouvapes.com\/et\/wp-json\/wp\/v2\/product_tag?post=111052"}],"curies":[{"name":"wp","href":"https:\/\/api.w.org\/{rel}","templated":true}]}}