{"id":110979,"date":"2026-02-26T23:47:30","date_gmt":"2026-02-26T15:47:30","guid":{"rendered":"https:\/\/aiviouvapes.com\/?post_type=product&#038;p=110979"},"modified":"2026-04-07T09:59:54","modified_gmt":"2026-04-07T01:59:54","slug":"bang-box-50k","status":"publish","type":"product","link":"https:\/\/aiviouvapes.com\/et\/product\/bang-box-50k\/","title":{"rendered":"Bang Box 50K | 50ml 50000 puffs, dual flavor, LCD ekraan, 850mAh laetav, hulgi hulgim\u00fc\u00fck \u00fchekordselt kasutatav vape"},"content":{"rendered":"<h3>\ud83d\udd25Bang Box 50K 50000 puffs | kahe maitsega lahtiselt \u00fchekordselt kasutatav vape koos LCD ekraaniga<\/h3>\n<p><strong>Bang Box 50K \u00fchekordselt kasutatav vape<\/strong> on m\u00f5eldud t\u00f5sistele aurutajatele ja hulgiostjatele, kes n\u00f5uavad v\u00f5imsust, pikaealisust ja maitseinnovatsiooni. Annab kuni <strong>50,000 puffid<\/strong>, see suure v\u00f5imsusega kahemaitseline seade \u00fchendab j\u00f5udluse ja mugavuse \u00fches elegantses seadmes.<\/p>\n<p>Varustatud <strong>1.0\u03a9 v\u00f5rgusilma m\u00e4his<\/strong>, <strong>50ml premium e-vedelik<\/strong>ja <strong>taaslaetav 850 mAh aku<\/strong>, tagab Bang Box 50K sujuva aurutootmise ja \u00fchtlase aroomi v\u00e4ljundi esimesest kuni viimaseni. Sisseehitatud <strong>digitaalne LCD-ekraan<\/strong> n\u00e4itab selgelt aku ja e-vedeliku taset, andes kasutajatele t\u00e4ieliku kontrolli.<\/p>\n<p>Koos <strong>reguleeritav \u00f5huvool<\/strong> ja mitu nikotiini tugevust (0%, 2%, 3%, 5%), rahuldab see nii pilvejahtijaid kui ka nikotiinitarbijaid. Sobib ideaalselt jaem\u00fc\u00fcgiriiulitele, vape-poodidesse ja hulgim\u00fc\u00fcgikanalitesse.<\/p>\n<h3>\u2699 Bang Box 50K spetsifikatsioonid<\/h3>\n<table>\n<tbody>\n<tr>\n<th>Funktsioon<\/th>\n<th>\u00dcksikasjad<\/th>\n<\/tr>\n<tr>\n<td>Puffide arv<\/td>\n<td>Kuni 50,000 puffid<\/td>\n<\/tr>\n<tr>\n<td>E-vedeliku mahutavus<\/td>\n<td>50ml<\/td>\n<\/tr>\n<tr>\n<td>Aku<\/td>\n<td>850mAh laetav<\/td>\n<\/tr>\n<tr>\n<td>Spiraal<\/td>\n<td>1,0\u03a9 v\u00f5rgusilma m\u00e4his<\/td>\n<\/tr>\n<tr>\n<td>Nikotiini tugevus<\/td>\n<td>0% \/ 2% \/ 3% \/ 5%<\/td>\n<\/tr>\n<tr>\n<td>Ekraan<\/td>\n<td>LCD-ekraan (aku + vedeliku indikaator)<\/td>\n<\/tr>\n<tr>\n<td>\u00d5huvool<\/td>\n<td>Reguleeritav<\/td>\n<\/tr>\n<tr>\n<td>Maitse valikud<\/td>\n<td>12 kahekordset maitsekombinatsiooni<\/td>\n<\/tr>\n<\/tbody>\n<\/table>\n<h3>\ud83c\udf53 Bang Box 50K maitsekombinatsioonid (kaksikmaitse)<\/h3>\n<table>\n<tbody>\n<tr>\n<th>Maitse A<\/th>\n<th>Maitse B<\/th>\n<\/tr>\n<tr>\n<td>Maasika kiivi<\/td>\n<td>Double Grape<\/td>\n<\/tr>\n<tr>\n<td>Virsiku mahl<\/td>\n<td>Blue Razz limonaad<\/td>\n<\/tr>\n<tr>\n<td>Ananass Mango Virsik<\/td>\n<td>Maasika-kirss<\/td>\n<\/tr>\n<tr>\n<td>Mustikas Hapukas vaarika j\u00e4\u00e4<\/td>\n<td>Segatud puuviljad<\/td>\n<\/tr>\n<tr>\n<td>Mustika j\u00e4\u00e4<\/td>\n<td>Sidrun-koola Soda<\/td>\n<\/tr>\n<tr>\n<td>Maasika vaarika kommid<\/td>\n<td>Love 666<\/td>\n<\/tr>\n<tr>\n<td>Maasika j\u00e4\u00e4<\/td>\n<td>Maracuja<\/td>\n<\/tr>\n<tr>\n<td>Arbuus Bubblegum<\/td>\n<td>Maasika arbuus<\/td>\n<\/tr>\n<tr>\n<td>Musta draakoni j\u00e4\u00e4<\/td>\n<td>Mango virsik arbuus<\/td>\n<\/tr>\n<tr>\n<td>\u00d5unapirn<\/td>\n<td>Kiivi Passion Fruit Guava<\/td>\n<\/tr>\n<tr>\n<td>Sinine Razz Ice<\/td>\n<td>Sidrun Laim<\/td>\n<\/tr>\n<tr>\n<td>Red Bull<\/td>\n<td>Arbuusi j\u00e4\u00e4<\/td>\n<\/tr>\n<\/tbody>\n<\/table>\n<h3>\ud83c\udf08 Bang Box 50K saadaval olevad maitsed<\/h3>\n<p>Strawberry Kiwi &amp; Double Grape | Peach Juice &amp; Blue Razz Lemonade | Pineapple Mango Peach &amp; Strawberry Cherry | Blueberry Sour Raspberry Ice &amp; Mixed Fruit | Blueberry Ice &amp; Lemon Cola Soda | Strawberry Raspberry Candy &amp; Love 666 | Strawberry Ice &amp; Passion Fruit | Watermelon Bubblegum &amp; Strawberry Watermelon | Black Dragon Ice &amp; Mango Peach Watermelon | Apple Pear &amp; Kiwi Passion Fruit Guava | Blue Razz Ice &amp; Lemon Lime | Red Bull &amp; Watermelon Ice<\/p>\n<h3>\ud83d\ude80 Miks valida Bang Box 50K?<\/h3>\n<ul>\n<li>\u2714 Massiivne 50,000 puff v\u00f5imsus pikaajaliseks kasutamiseks<\/li>\n<li>\u2714 D\u00fcnaamilise aurustamiskogemuse jaoks on kaks maitse l\u00fclitamist<\/li>\n<li>\u2714 LCD-ekraan nutika aku ja vedeliku j\u00e4lgimiseks<\/li>\n<li>\u2714 Reguleeritav \u00f5huvool kohandatavaks t\u00f5mbamiseks<\/li>\n<li>\u2714 V\u00f5rgum\u00e4his sujuvama, rikkalikuma auru jaoks<\/li>\n<li>\u2714 Mitu nikotiini tugevust erinevate turgude jaoks<\/li>\n<li>\u2714 Ideaalne hulgim\u00fc\u00fcgile, turustajatele ja vape-poodidele<\/li>\n<\/ul>\n<p>Olenemata sellest, kas olete <strong>raskekasutajale, kes soovib pikemat j\u00f5udlust<\/strong>, a <strong>maitsejahtija, kes soovib mitmekesisust<\/strong>, v\u00f5i <strong>vape shop, mis hangib k\u00f5rge marginaaliga bestsellereid<\/strong>, Bang Box 50K pakub esmaklassilist kvaliteeti, tugevat riiulit\u00f5mmet ja usaldusv\u00e4\u00e4rset hulgim\u00fc\u00fcgiv\u00e4\u00e4rtust. See on loodud suurte m\u00fc\u00fcgimahtude ja korduvklientide jaoks.<\/p>\n<h3>\u2753 Bang Box 50K FAQ<\/h3>\n<p><strong>K1: Kas Bang Box 50K on laetav?<\/strong><br \/>\nJah, sellel on 850mAh aku, mis tagab 50ml e-vedeliku t\u00e4ieliku kasutamise.<\/p>\n<p><strong>2. k\u00fcsimus: Kuidas kasutajad teavad, millal tuleb laadida?<\/strong><br \/>\nDigitaalne LCD-ekraan kuvab selgelt aku protsendi ja e-vedeliku taseme.<\/p>\n<p><strong>3. k\u00fcsimus: Kas kliendid saavad maitsete vahel vahetada?<\/strong><br \/>\nJah, see on kahesuguse maitsega \u00fchekordselt kasutatav vape, mis v\u00f5imaldab kasutajatel nautida kahte maitset \u00fches seadmes.<\/p>\n<p><strong>K4: Millised nikotiini tugevused on saadaval?<\/strong><br \/>\n0%, 2%, 3% ja 5% nikotiinivalikud on saadaval erinevate turun\u00f5uete jaoks.<\/p>\n<p><strong>K5: Kas see toode sobib hulgim\u00fc\u00fcgitellimustele?<\/strong><br \/>\nAbsoluutselt. K\u00f5rge puffide arv, kahesugune maitse ja tugev jaem\u00fc\u00fcgiedu muudavad selle ideaalseks hulgiostuks ja turustamiseks.<\/p>","protected":false},"excerpt":{"rendered":"<p>Bang Box 50000 puffs kahesuguse maitsega \u00fchekordselt kasutatav vape 50ml e-vedelikuga, LCD ekraan, 850mAh aku, reguleeritav \u00f5huvool, hulgim\u00fc\u00fcgivalmis.<\/p>","protected":false},"featured_media":110981,"comment_status":"open","ping_status":"closed","template":"","meta":[],"product_brand":[239],"product_cat":[37],"product_tag":[508,510,394,509],"class_list":{"0":"post-110979","1":"product","2":"type-product","3":"status-publish","4":"has-post-thumbnail","6":"product_brand-bang","7":"product_cat-bang","8":"product_tag-50ml-rechargeable-vape-850mah","9":"product_tag-bulk-wholesale-disposable-vape","10":"product_tag-dual-flavor-disposable-vape","11":"product_tag-lcd-screen-disposable-vape","13":"first","14":"instock","15":"shipping-taxable","16":"purchasable","17":"product-type-variable","18":"has-default-attributes"},"jetpack_sharing_enabled":true,"tiered_pricing_type":"fixed","tiered_pricing_fixed_rules":{"30":8.8100000000000004973799150320701301097869873046875,"50":7.2599999999999997868371792719699442386627197265625,"100":6.7400000000000002131628207280300557613372802734375,"200":6.089999999999999857891452847979962825775146484375,"400":5.57000000000000028421709430404007434844970703125},"tiered_pricing_product_settings":{"layout":"default","base_unit_name":{"singular":null,"plural":null},"default_variation":null},"tiered_pricing_minimum_quantity":10,"tiered_pricing_roles_data":[],"tiered_pricing_percentage_rules":[],"tiered_pricing_maximum_quantity":null,"tiered_pricing_quantity_step":"10","_links":{"self":[{"href":"https:\/\/aiviouvapes.com\/et\/wp-json\/wp\/v2\/product\/110979","targetHints":{"allow":["GET"]}}],"collection":[{"href":"https:\/\/aiviouvapes.com\/et\/wp-json\/wp\/v2\/product"}],"about":[{"href":"https:\/\/aiviouvapes.com\/et\/wp-json\/wp\/v2\/types\/product"}],"replies":[{"embeddable":true,"href":"https:\/\/aiviouvapes.com\/et\/wp-json\/wp\/v2\/comments?post=110979"}],"wp:featuredmedia":[{"embeddable":true,"href":"https:\/\/aiviouvapes.com\/et\/wp-json\/wp\/v2\/media\/110981"}],"wp:attachment":[{"href":"https:\/\/aiviouvapes.com\/et\/wp-json\/wp\/v2\/media?parent=110979"}],"wp:term":[{"taxonomy":"product_brand","embeddable":true,"href":"https:\/\/aiviouvapes.com\/et\/wp-json\/wp\/v2\/product_brand?post=110979"},{"taxonomy":"product_cat","embeddable":true,"href":"https:\/\/aiviouvapes.com\/et\/wp-json\/wp\/v2\/product_cat?post=110979"},{"taxonomy":"product_tag","embeddable":true,"href":"https:\/\/aiviouvapes.com\/et\/wp-json\/wp\/v2\/product_tag?post=110979"}],"curies":[{"name":"wp","href":"https:\/\/api.w.org\/{rel}","templated":true}]}}