{"id":110883,"date":"2026-02-26T23:42:34","date_gmt":"2026-02-26T15:42:34","guid":{"rendered":"https:\/\/aiviouvapes.com\/?post_type=product&#038;p=110883"},"modified":"2026-03-17T11:12:02","modified_gmt":"2026-03-17T03:12:02","slug":"bang-box-160k","status":"publish","type":"product","link":"https:\/\/aiviouvapes.com\/et\/product\/bang-box-160k\/","title":{"rendered":"Bang Box 160K | 4-in-1 160000 puffs, quad maitse, 1.0\u03a9 v\u00f5rgusilma m\u00e4his, LCD ekraan, 0%-5% nikotiin, laetav lahtine \u00fchekordne vape"},"content":{"rendered":"<h3>\ud83d\udd25 Bang Box 160K 4-in-1 \u00fchekordselt kasutatav Vape \u00dclevaade<\/h3>\n<p>Tutvuge <strong>Bang Box 160K 4-in-1 \u00fchekordselt kasutatav Vape<\/strong> - v\u00f5imsat seadet, mis on loodud \u00e4\u00e4rmiselt pikaealiseks, julgeks maitseomadusteks ja kaubanduslikuks atraktiivsuseks. Disainitud koos <strong>neli maitset \u00fches seadmes<\/strong>, see suure mahutavusega \u00fchekordselt kasutatav seade annab kuni <strong>160 000 puhki<\/strong> sujuva v\u00e4ljundi ja \u00fchtlase aurutootmisega.<\/p>\n<p>Varustatud <strong>1.0\u03a9 v\u00f5rgusilma m\u00e4his<\/strong>, <strong>LCD-ekraan<\/strong>ja <strong>650mAh laetav C-t\u00fc\u00fcpi aku<\/strong>, Bang Box 160K \u00fchendab endas tipptasemel tehnoloogia ja maitse mitmek\u00fclgsuse. Sobib ideaalselt suurtele kasutajatele, vape-poodidele, turustajatele ja hulgiostjatele, kes otsivad k\u00f5rgekvaliteedilist, k\u00f5rge marginaaliga toodet. \ud83d\udca8\u26a1<\/p>\n<h3>\u2699\ufe0f Bang Box 160K 4-in-1 spetsifikatsioonid<\/h3>\n<table>\n<tbody>\n<tr>\n<td><strong>Seadme nimi<\/strong><\/td>\n<td>Bang Box 160K 4-in-1 \u00fchekordselt kasutatav Vape<\/td>\n<\/tr>\n<tr>\n<td><strong>Puffide arv<\/strong><\/td>\n<td>Kuni 160,000 puffid<\/td>\n<\/tr>\n<tr>\n<td><strong>Maitses\u00fcsteem<\/strong><\/td>\n<td>4 maitset 1 seadmes<\/td>\n<\/tr>\n<tr>\n<td><strong>Nikotiini tugevus<\/strong><\/td>\n<td>0% \/ 2% \/ 3% \/ 5%<\/td>\n<\/tr>\n<tr>\n<td><strong>Aku mahutavus<\/strong><\/td>\n<td>650mAh laetav<\/td>\n<\/tr>\n<tr>\n<td><strong>Laadimisport<\/strong><\/td>\n<td>Type-C<\/td>\n<\/tr>\n<tr>\n<td><strong>M\u00e4hise t\u00fc\u00fcp<\/strong><\/td>\n<td>1,0\u03a9 v\u00f5rgusilma m\u00e4his<\/td>\n<\/tr>\n<tr>\n<td><strong>Ekraan<\/strong><\/td>\n<td>LCD ekraan<\/td>\n<\/tr>\n<tr>\n<td><strong>Maitse valikud<\/strong><\/td>\n<td>10 Nelja-maitselised v\u00e4ljaanded<\/td>\n<\/tr>\n<\/tbody>\n<\/table>\n<h3>\ud83c\udf53 Bang Box 160K 4-in-1 maitsekombinatsioonid (4-in-1 v\u00e4ljaanded)<\/h3>\n<table>\n<tbody>\n<tr>\n<td><strong>V\u00e4ljaanne<\/strong><\/td>\n<td><strong>Maitse 1<\/strong><\/td>\n<td><strong>Maitse 2<\/strong><\/td>\n<td><strong>Maitse 3<\/strong><\/td>\n<td><strong>Maitse 4<\/strong><\/td>\n<\/tr>\n<tr>\n<td>01<\/td>\n<td>Kirsika j\u00f5hvikas<\/td>\n<td>Kolmekordne marja<\/td>\n<td>Maasika Pitaya<\/td>\n<td>Arbuus Bubblegum<\/td>\n<\/tr>\n<tr>\n<td>02<\/td>\n<td>Viinamarja j\u00e4\u00e4<\/td>\n<td>Lit\u0161i j\u00e4\u00e4<\/td>\n<td>Virsik marja<\/td>\n<td>Kiivi Passion Fruit Guava<\/td>\n<\/tr>\n<tr>\n<td>03<\/td>\n<td>Sidrun Laim<\/td>\n<td>Maasika j\u00e4\u00e4<\/td>\n<td>Vaarika arbuus<\/td>\n<td>Mango virsik<\/td>\n<\/tr>\n<tr>\n<td>04<\/td>\n<td>Sidrun Laim<\/td>\n<td>Arbuusi j\u00e4\u00e4<\/td>\n<td>Black Ice Dragon Fruit maasikas<\/td>\n<td>Love66<\/td>\n<\/tr>\n<tr>\n<td>05<\/td>\n<td>Maasika arbuus<\/td>\n<td>Roosa limonaad<\/td>\n<td>Kolmekordne mesimari<\/td>\n<td>Musta draakoni j\u00e4\u00e4<\/td>\n<\/tr>\n<tr>\n<td>06<\/td>\n<td>Hapukas mango ananass<\/td>\n<td>Sidrun-koola Soda<\/td>\n<td>Virsik marja<\/td>\n<td>Maasikas banaan<\/td>\n<\/tr>\n<tr>\n<td>07<\/td>\n<td>Maasika Mango<\/td>\n<td>Maasika-vanilli-koola<\/td>\n<td>Sinine Razz Ice<\/td>\n<td>Maasika kiivi<\/td>\n<\/tr>\n<tr>\n<td>08<\/td>\n<td>Maasika arbuus<\/td>\n<td>Red Bull<\/td>\n<td>Mahlane virsikuj\u00e4\u00e4<\/td>\n<td>Greibi v\u00e4rskendaja<\/td>\n<\/tr>\n<tr>\n<td>09<\/td>\n<td>Vanilla Cola<\/td>\n<td>Sidrunist virsik<\/td>\n<td>Maasika vaarika-kirsi j\u00e4\u00e4<\/td>\n<td>Viinamarja j\u00e4\u00e4<\/td>\n<\/tr>\n<tr>\n<td>10<\/td>\n<td>Arbuusi j\u00e4\u00e4<\/td>\n<td>Maasika Mango<\/td>\n<td>Mustika j\u00e4\u00e4<\/td>\n<td>Fizzy Cherry<\/td>\n<\/tr>\n<\/tbody>\n<\/table>\n<h3>\ud83d\udc8e Miks valida Bang Box 160K?<\/h3>\n<ul>\n<li>\ud83d\udd25 Massiivne <strong>160,000 puff<\/strong> pikaajalise kasutamise v\u00f5ime<\/li>\n<li>\ud83c\udfaf 4-in-1 multimaitse l\u00fclitamine maksimaalse mitmekesisuse tagamiseks<\/li>\n<li>\u26a1 Laetav 650mAh aku Type-C kiirlaadimisega<\/li>\n<li>\ud83d\udcca Nutikas LCD-ekraan aku ja kasutamise j\u00e4lgimiseks<\/li>\n<li>\ud83d\udca8 1.0\u03a9 v\u00f5rgusilma m\u00e4his sujuvaks, tihedaks aurutootmiseks<\/li>\n<li>\ud83d\udce6 Ideaalne hulgim\u00fc\u00fcgiks ja k\u00f5rge marginaaliga jaem\u00fc\u00fcgiks<\/li>\n<li>\ud83c\udf0d Mitu nikotiinivalikut, mis vastavad turu n\u00f5udlusele<\/li>\n<\/ul>\n<h3>\ud83d\ude80 T\u00e4iuslik jae- ja hulgim\u00fc\u00fcgiettev\u00f5tjatele<\/h3>\n<p>Bang Box 160K on ehitatud j\u00e4rgmisteks eesm\u00e4rkideks <strong>aktiivsed kasutajad<\/strong> kes n\u00f5uavad vastupidavust, <strong>maitsej\u00e4litajad<\/strong> kes ihkavad vaheldust ja <strong>vape poed ja turustajad<\/strong> kes otsivad esmaklassilist suure mahutavusega seadet, mis paistab riiulitel silma. Selle neljakandiline s\u00fcsteem, pikk kasutusiga ja kaasaegne LCD-ekraan muudavad selle v\u00f5imsaks t\u00e4ienduseks igale hulgiavarule.<\/p>\n<p>Kui olete suunatud suure mahuga \u00fchekordselt kasutatavatele vape-klientidele v\u00f5i laiendate oma hulgim\u00fc\u00fcgikataloogi j\u00e4rgmise taseme seadmega, siis Bang Box 160K 4-in-1 on loodud korduvm\u00fc\u00fcgi ja suure kasumimarginaali saavutamiseks. \ud83d\udcbc\ud83d\udca8<\/p>\n<h3>\u2753 KKK<\/h3>\n<p><strong>K1: Kui kaua kestab Bang Box 160K?<\/strong><br \/>\nS\u00f5ltuvalt kasutusharjumustest ja nikotiinitugevuse valikust annab see kuni 160 000 t\u00f5mmet.<\/p>\n<p><strong>K2: Kas seade on laetav?<\/strong><br \/>\nJah. Sellel on 650 mAh aku koos Type-C laadimistoega.<\/p>\n<p><strong>3. k\u00fcsimus: Kas kasutajad saavad maitsete vahel vahetada?<\/strong><br \/>\nJah. Iga seade sisaldab nelja integreeritud maitseainet \u00fches seadmes.<\/p>\n<p><strong>K4: Millised nikotiini tugevused on saadaval?<\/strong><br \/>\nSaadaval 0%, 2%, 3% ja 5% nikotiinivalikutena.<\/p>\n<p><strong>K5: Kas see sobib hulgim\u00fc\u00fcgitellimustele?<\/strong><br \/>\nAbsoluutselt. Bang Box 160K on m\u00f5eldud hulgiostjatele, edasim\u00fc\u00fcjatele ja vapi jaem\u00fc\u00fcjatele, kes otsivad suure mahutavusega ja suure n\u00f5udlusega \u00fchekordseid seadmeid.<\/p>","protected":false},"excerpt":{"rendered":"<p>Bang Box 160K 4-in-1 \u00fchekordselt kasutatav vape pakub 160000 puffi, neli maitset, v\u00f5rgusilma m\u00e4hise v\u00f5imsust ja laetavat mugavust jae- ja hulgim\u00fc\u00fcjatele.<\/p>","protected":false},"featured_media":110978,"comment_status":"open","ping_status":"closed","template":"","meta":[],"product_brand":[239],"product_cat":[37,126,127],"product_tag":[506,351,507,468],"class_list":{"0":"post-110883","1":"product","2":"type-product","3":"status-publish","4":"has-post-thumbnail","6":"product_brand-bang","7":"product_cat-bang","8":"product_cat-15000-puffs-disposable-vape","9":"product_cat-16000-puffs-disposable-vape","10":"product_tag-160000-puffs-disposable-vape","11":"product_tag-4-in-1-flavor-vape","12":"product_tag-high-capacity-mesh-coil-vape","13":"product_tag-rechargeable-bulk-disposable-vape","15":"first","16":"instock","17":"shipping-taxable","18":"purchasable","19":"product-type-variable","20":"has-default-attributes"},"jetpack_sharing_enabled":true,"tiered_pricing_type":"fixed","tiered_pricing_fixed_rules":{"30":9.4000000000000003552713678800500929355621337890625,"50":7.839999999999999857891452847979962825775146484375,"100":7.32000000000000028421709430404007434844970703125,"200":6.79999999999999982236431605997495353221893310546875,"400":6.160000000000000142108547152020037174224853515625},"tiered_pricing_product_settings":{"layout":"default","base_unit_name":{"singular":null,"plural":null},"default_variation":null},"tiered_pricing_minimum_quantity":10,"tiered_pricing_roles_data":[],"tiered_pricing_percentage_rules":[],"tiered_pricing_maximum_quantity":null,"tiered_pricing_quantity_step":"10","_links":{"self":[{"href":"https:\/\/aiviouvapes.com\/et\/wp-json\/wp\/v2\/product\/110883","targetHints":{"allow":["GET"]}}],"collection":[{"href":"https:\/\/aiviouvapes.com\/et\/wp-json\/wp\/v2\/product"}],"about":[{"href":"https:\/\/aiviouvapes.com\/et\/wp-json\/wp\/v2\/types\/product"}],"replies":[{"embeddable":true,"href":"https:\/\/aiviouvapes.com\/et\/wp-json\/wp\/v2\/comments?post=110883"}],"wp:featuredmedia":[{"embeddable":true,"href":"https:\/\/aiviouvapes.com\/et\/wp-json\/wp\/v2\/media\/110978"}],"wp:attachment":[{"href":"https:\/\/aiviouvapes.com\/et\/wp-json\/wp\/v2\/media?parent=110883"}],"wp:term":[{"taxonomy":"product_brand","embeddable":true,"href":"https:\/\/aiviouvapes.com\/et\/wp-json\/wp\/v2\/product_brand?post=110883"},{"taxonomy":"product_cat","embeddable":true,"href":"https:\/\/aiviouvapes.com\/et\/wp-json\/wp\/v2\/product_cat?post=110883"},{"taxonomy":"product_tag","embeddable":true,"href":"https:\/\/aiviouvapes.com\/et\/wp-json\/wp\/v2\/product_tag?post=110883"}],"curies":[{"name":"wp","href":"https:\/\/api.w.org\/{rel}","templated":true}]}}