{"id":102365,"date":"2026-01-23T12:09:52","date_gmt":"2026-01-23T04:09:52","guid":{"rendered":"https:\/\/aiviouvapes.com\/?post_type=product&#038;p=102365"},"modified":"2026-03-17T11:12:43","modified_gmt":"2026-03-17T03:12:43","slug":"bang-box-200k","status":"publish","type":"product","link":"https:\/\/aiviouvapes.com\/et\/product\/bang-box-200k\/","title":{"rendered":"BANG BOX 200K | 8-in-1 200000 puffs, quad coil, power display, lahtine \u00fchekordselt kasutatav vape"},"content":{"rendered":"<p>Tutvuge <strong>BANG BOX 200K<\/strong> - t\u00f5eline hiiglane \u00fchekordselt kasutatava vape'i turul. See seade on loodud vastupidavuse, maitse mitmekesisuse ja professionaalse jaotuse jaoks ning pakub uskumatut <strong>200 000 puffi<\/strong> \u00fches v\u00f5imsas seadmes. T\u00e4iustatud <strong>neljakandiline m\u00e4histe tehnoloogia<\/strong>, a <strong>nutikas v\u00f5imsuse n\u00e4idik<\/strong>, ja ainulaadne <strong>8-in-1 maitses\u00fcsteem<\/strong>, see on ideaalne kasutajatele, kes tahavad rohkem, ja ettev\u00f5tetele, kes n\u00f5uavad usaldusv\u00e4\u00e4rsust ja v\u00e4\u00e4rtust \ud83d\udce6<\/p>\n<h2>Miks valida BANG BOX 200K?<\/h2>\n<ul>\n<li>\ud83d\udd25 Massiivne kuni <strong>200 000 puffi<\/strong> - \u00fcks seade kestab n\u00e4dalaid<\/li>\n<li>\ud83c\udfa8 <strong>8-in-1 maitsekujundus<\/strong> - mitu maitset \u00fches \u00fchekordselt kasutatavas<\/li>\n<li>\u26a1 <strong>Nelja v\u00f5rgusilma spiraals\u00fcsteem<\/strong> sileda auru ja rikkaliku maitse saavutamiseks<\/li>\n<li>\ud83d\udcfa <strong>Nutikas vooluekraan<\/strong> n\u00e4itab selgelt aku ja e-vedeliku olekut<\/li>\n<li>\ud83d\udd0b Kvaliteetne <strong>850mAh puhas koobalt aku<\/strong><\/li>\n<li>\ud83d\udca7 Hiiglaslik <strong>100ml kogumaht<\/strong> (4 \u00d7 25 ml kambrit)<\/li>\n<li>\ud83d\ude9a Sobib ideaalselt <strong>lahtised tellimused, vape-poed ja hulgim\u00fc\u00fcjad<\/strong><\/li>\n<\/ul>\n<h2>BANG BOX 200K spetsifikatsioonid<\/h2>\n<table>\n<tbody>\n<tr>\n<th>Funktsioon<\/th>\n<th>\u00dcksikasjad<\/th>\n<\/tr>\n<tr>\n<td>Puffide arv<\/td>\n<td>Kuni 200,000 puffi<\/td>\n<\/tr>\n<tr>\n<td>Maitses\u00fcsteem<\/td>\n<td>8-\u00fches-1 multimaitseline \u00fchekordselt kasutatav<\/td>\n<\/tr>\n<tr>\n<td>Aku<\/td>\n<td>850mAh puhas koobalt (laetav)<\/td>\n<\/tr>\n<tr>\n<td>E-vedeliku kogumaht<\/td>\n<td>100ml (4 \u00d7 25ml)<\/td>\n<\/tr>\n<tr>\n<td>Spiraaltehnoloogia<\/td>\n<td>Quad Mesh Coil<\/td>\n<\/tr>\n<tr>\n<td>Laadimisport<\/td>\n<td>C-t\u00fc\u00fcpi kiirlaadimine<\/td>\n<\/tr>\n<tr>\n<td>Nikotiini tugevus<\/td>\n<td>Hulgim\u00fc\u00fcgi jaoks on saadaval kohandatud valikud<\/td>\n<\/tr>\n<\/tbody>\n<\/table>\n<figure class=\"wp-block-videopress-video wp-block-jetpack-videopress jetpack-videopress-player\"><div class=\"jetpack-videopress-player__wrapper\"><iframe title=\"VideoPressi videom\u00e4ngija\" aria-label=\"VideoPressi videom\u00e4ngija\" src=\"https:\/\/videopress.com\/embed\/Szf0xBf7?at=0&#038;controls=1&#038;preloadContent=metadata\" width=\"640\"height=\"360\" frameborder=\"0\" allowfullscreen data-resize-to-parent=\"true\" allow=\"clipboard-write\"><\/iframe><\/div><\/figure>\n<h2><img data-recalc-dims=\"1\" loading=\"lazy\" decoding=\"async\" class=\"alignnone size-full wp-image-102369\" src=\"https:\/\/i0.wp.com\/aiviouvapes.com\/wp-content\/uploads\/2026\/01\/BANG-BOX-200K-1.jpg?resize=1020%2C572&#038;ssl=1\" alt=\"BANG BOX 200K\" width=\"1020\" height=\"572\" title=\"\" srcset=\"https:\/\/i0.wp.com\/aiviouvapes.com\/wp-content\/uploads\/2026\/01\/BANG-BOX-200K-1.jpg?w=1600&amp;ssl=1 1600w, https:\/\/i0.wp.com\/aiviouvapes.com\/wp-content\/uploads\/2026\/01\/BANG-BOX-200K-1.jpg?resize=300%2C168&amp;ssl=1 300w, https:\/\/i0.wp.com\/aiviouvapes.com\/wp-content\/uploads\/2026\/01\/BANG-BOX-200K-1.jpg?resize=1024%2C574&amp;ssl=1 1024w, https:\/\/i0.wp.com\/aiviouvapes.com\/wp-content\/uploads\/2026\/01\/BANG-BOX-200K-1.jpg?resize=768%2C431&amp;ssl=1 768w, https:\/\/i0.wp.com\/aiviouvapes.com\/wp-content\/uploads\/2026\/01\/BANG-BOX-200K-1.jpg?resize=1536%2C861&amp;ssl=1 1536w, https:\/\/i0.wp.com\/aiviouvapes.com\/wp-content\/uploads\/2026\/01\/BANG-BOX-200K-1.jpg?resize=18%2C10&amp;ssl=1 18w, https:\/\/i0.wp.com\/aiviouvapes.com\/wp-content\/uploads\/2026\/01\/BANG-BOX-200K-1.jpg?resize=800%2C449&amp;ssl=1 800w\" sizes=\"auto, (max-width: 1020px) 100vw, 1020px\" \/><\/h2>\n<h2>Saadaolevad maitsekombinatsioonid<\/h2>\n<p>Iga <a href=\"https:\/\/aiviouvapes.com\/et\/tootekategooria\/bang\/\">BANG BOX<\/a> 200K pakub p\u00f5nevaid maitsepaare, et hoida iga puff v\u00e4rskena ja l\u00f5busana \ud83d\ude0b<\/p>\n<ul>\n<li><strong>Mustikasari:<\/strong> Mustika j\u00e4\u00e4, mustikas arbuus, vaarikas, sidruni laim<\/li>\n<li><strong>Arbuus ja kommid:<\/strong> Arbuusij\u00e4\u00e4, Bubblegum, Cherry Ice<\/li>\n<li><strong>J\u00e4\u00e4 ja piparm\u00fcnt:<\/strong> M\u00fcndij\u00e4\u00e4tis, mustikaviinamarjaj\u00e4\u00e4tis, viinamarjaj\u00e4\u00e4tis, Nerdz Candy<\/li>\n<li><strong>Eksootilised puuviljad:<\/strong> Passion Fruit, Ananass-kookosj\u00e4\u00e4tis, LOVE 66, Triple Honeydew<\/li>\n<li><strong>\u00d5un ja marjad:<\/strong> Double Apple, Sour Apple Raspberry, Blackberry Ice<\/li>\n<li><strong>Maasikasegu:<\/strong> Maasikaj\u00e4\u00e4tis, maasikakiivi, roosa limonaad<\/li>\n<li><strong>Cola ja tsitrusviljad:<\/strong> Cherry Cola, Cranberry, Strawberry Vaarika<\/li>\n<li><strong>Troopiline mango:<\/strong> Triple Mango, Mango Passion Fruit, Ananass Ice<\/li>\n<\/ul>\n<p>Alates j\u00e4isest v\u00e4rskusest kuni magusate kommide ja troopiliste segudeni on maitsesortiment loodud nii juhuslike kasutajate kui ka t\u00f5siste maitsejahtijate rahuldamiseks \ud83c\udf08<\/p>\n<h2>Ideaalne kasutajatele ja ettev\u00f5tetele<\/h2>\n<p>The <strong>BANG BOX 200K<\/strong> on suurep\u00e4rane valik <strong>aktiivsed kasutajad<\/strong> kes soovivad v\u00e4hem asendajaid, <strong>maitsearmastajad<\/strong> kes naudivad mitmekesisust ja <strong>vape poed v\u00f5i turustajad<\/strong> kes otsivad k\u00f5rgetasemelist, pilkup\u00fc\u00fcdvat toodet. Selle pikk kasutusiga, k\u00f5rgekvaliteediline ehitus ja lahtiselt pakutav disain muudavad selle ideaalseks hulgim\u00fc\u00fcgiks ja edasim\u00fc\u00fcgiks kogu maailmas.<\/p>\n<h2>Korduma kippuvad k\u00fcsimused (KKK)<\/h2>\n<p><strong>K: Kas BANG BOX 200K on laetav?<\/strong><br \/>\nV: Jah \ud83d\udc4d Sellel on C-t\u00fc\u00fcpi laadimisport, nii et saate akut laadida, kuni kogu e-vedelik on t\u00e4ielikult \u00e4ra kasutatud.<\/p>\n<p><strong>K: Kuidas ma tean, kui aku v\u00f5i vedelik on t\u00fchi?<\/strong><br \/>\nV: Nutikas aku n\u00e4idik n\u00e4itab selgelt aku j\u00e4\u00e4kmahtu ja kasutusseisundit.<\/p>\n<p><strong>K: Kas see sobib hulgim\u00fc\u00fcgiks v\u00f5i hulgiostuks?<\/strong><br \/>\nV: Absoluutselt. See mudel on m\u00f5eldud hulgiostuks ja on v\u00e4ga populaarne vapi turustajate ja jaem\u00fc\u00fcgipoodide seas.<\/p>\n<p><strong>K: Kas neljakandiline m\u00e4his t\u00f5esti muudab midagi?<\/strong><br \/>\nV: Jah! Quad coil tehnoloogia pakub \u00fchtlasemat kuumutamist, tugevamat maitset ja \u00fchtlasemat auru, millel on v\u00e4hem k\u00f5rvetatud maitset.<\/p>\n<p><strong>K: Kas see on algaja-s\u00f5bralik?<\/strong><br \/>\nV: Jah \ud83d\ude0a Ei mingeid nuppe, ei mingit t\u00e4itmist, ei mingit seadistamist. Lihtsalt hinga sisse ja naudi.<\/p>","protected":false},"excerpt":{"rendered":"<p>Osta mega 200,000 puffs BANG BOX 200K \u00fchekordselt kasutatav vape 8-in-1 multimaitses\u00fcsteemiga, quad-coil v\u00f5imsusega ja nutika ekraaniga. Ehitatud raskekasutajatele, vape-poodidele ja hulgim\u00fc\u00fcjatele, kes otsivad pikaajalist j\u00f5udlust \ud83d\udca8.<\/p>","protected":false},"featured_media":102374,"comment_status":"open","ping_status":"closed","template":"","meta":[],"product_brand":[239],"product_cat":[37,129],"product_tag":[490,349,456,331,459],"class_list":{"0":"post-102365","1":"product","2":"type-product","3":"status-publish","4":"has-post-thumbnail","6":"product_brand-bang","7":"product_cat-bang","8":"product_cat-20000-puffs-disposable-vape","9":"product_tag-200000-puffs-vape","10":"product_tag-bulk-disposable-vape","11":"product_tag-disposable-vape","12":"product_tag-rechargeable-disposable-vape","13":"product_tag-wholesale-vape-device","15":"first","16":"instock","17":"shipping-taxable","18":"purchasable","19":"product-type-variable","20":"has-default-attributes"},"jetpack_sharing_enabled":true,"tiered_pricing_type":"fixed","tiered_pricing_fixed_rules":{"30":10.2400000000000002131628207280300557613372802734375,"50":8.8100000000000004973799150320701301097869873046875,"100":8.03999999999999914734871708787977695465087890625,"200":7.6500000000000003552713678800500929355621337890625,"400":7.12999999999999989341858963598497211933135986328125},"tiered_pricing_product_settings":{"layout":"default","base_unit_name":{"singular":null,"plural":null},"default_variation":null},"tiered_pricing_minimum_quantity":10,"tiered_pricing_roles_data":[],"tiered_pricing_percentage_rules":[],"tiered_pricing_maximum_quantity":null,"tiered_pricing_quantity_step":"10","_links":{"self":[{"href":"https:\/\/aiviouvapes.com\/et\/wp-json\/wp\/v2\/product\/102365","targetHints":{"allow":["GET"]}}],"collection":[{"href":"https:\/\/aiviouvapes.com\/et\/wp-json\/wp\/v2\/product"}],"about":[{"href":"https:\/\/aiviouvapes.com\/et\/wp-json\/wp\/v2\/types\/product"}],"replies":[{"embeddable":true,"href":"https:\/\/aiviouvapes.com\/et\/wp-json\/wp\/v2\/comments?post=102365"}],"wp:featuredmedia":[{"embeddable":true,"href":"https:\/\/aiviouvapes.com\/et\/wp-json\/wp\/v2\/media\/102374"}],"wp:attachment":[{"href":"https:\/\/aiviouvapes.com\/et\/wp-json\/wp\/v2\/media?parent=102365"}],"wp:term":[{"taxonomy":"product_brand","embeddable":true,"href":"https:\/\/aiviouvapes.com\/et\/wp-json\/wp\/v2\/product_brand?post=102365"},{"taxonomy":"product_cat","embeddable":true,"href":"https:\/\/aiviouvapes.com\/et\/wp-json\/wp\/v2\/product_cat?post=102365"},{"taxonomy":"product_tag","embeddable":true,"href":"https:\/\/aiviouvapes.com\/et\/wp-json\/wp\/v2\/product_tag?post=102365"}],"curies":[{"name":"wp","href":"https:\/\/api.w.org\/{rel}","templated":true}]}}