{"id":9135,"date":"2024-08-21T10:54:29","date_gmt":"2024-08-21T10:54:29","guid":{"rendered":"https:\/\/aiviouvapes.com\/?page_id=9135"},"modified":"2024-12-02T02:32:31","modified_gmt":"2024-12-01T18:32:31","slug":"buy-vapes-in-belgium-with-bancontact","status":"publish","type":"page","link":"https:\/\/aiviouvapes.com\/et\/buy-vapes-in-belgium-with-bancontact\/","title":{"rendered":"Osta Vapes Belgias koos Bancontactiga"},"content":{"rendered":"<p>Bancontact on Belgias populaarne elektrooniline makses\u00fcsteem, mis pakub turvalist, t\u00f5husat ja kasutajas\u00f5bralikku meetodit tehingute tegemiseks nii internetis kui ka v\u00e4ljaspool seda. Bancontact on riiklikult tunnustatud maksev\u00f5imalus, mis v\u00f5imaldab Belgia tarbijatele ja ettev\u00f5tetele sujuvat ja usaldusv\u00e4\u00e4rset maksetehingut. S\u00fcsteem toetab mitmesuguseid maksestsenaariume, alates kontaktivabadest ja mobiilimaksetest kuni veebip\u00f5histe ostudeni, mis teeb sellest mitmek\u00fclgse ja mugava valiku igap\u00e4evaseks kasutamiseks.<\/p>\n<h3>Miks valida Bancontact?<\/h3>\n<p><strong>1. Lihtsad ja paindlikud maksed k\u00f5igi summade puhul<\/strong><br \/>\nBancontact on loodud igas suuruses tehingute tegemiseks, olenemata sellest, kas tegemist on v\u00e4ikese ostu v\u00f5i suurema maksega. Bancontacti abil saavad kasutajad oma kaarti julgelt kasutada mis tahes summa eest, mis teeb sellest mugava v\u00f5imaluse igat liiki kulutuste tegemiseks, alates toidukaupadest kuni suurte ostude tegemiseni.<\/p>\n<p><strong>2. Kiired kontaktivaba maksed<\/strong><br \/>\nNeile, kes hindavad kiirust ja mugavust, pakub Bancontact kontaktivaba maksev\u00f5imalust. Hoidke Bancontacti kaarti lihtsalt kontaktivaba terminali l\u00e4hedal ja makse sooritatakse kohe. See funktsioon sobib ideaalselt kiireteks ostudeks, muutes kassas\u00fcsteemid kiiremaks ja t\u00f5husamaks.<\/p>\n<p><strong>3. Turvaline veebip\u00f5hine ostlemine<\/strong><br \/>\nBancontact on laialdaselt aktsepteeritud veebip\u00f5histe jaem\u00fc\u00fcjate poolt, mis v\u00f5imaldab Belgia tarbijatel h\u00f5lpsasti erinevates veebipoodides oste teha. Bancontacti sujuv integreerimine e-kaubanduse platvormidesse pakub turvalist ja t\u00f5husat makseviisi veebiostude tegemiseks, mis v\u00f5imaldab tarbijatel kindlalt kodust sisseoste teha.<\/p>\n<p><strong>4. Mobiilimaksed lihtsaks tehtud<\/strong><br \/>\nPayconiq by Bancontact'i rakenduse kaudu saavad kasutajad teha mobiilimakseid kauplustes, internetis ja isegi restoranides. See rakendus laiendab Bancontacti kasutatavust veelgi, v\u00f5imaldades tarbijatel teha makseid mobiilsete seadmete abil k\u00f5ikjal, kus Bancontact v\u00f5i Payconiq aktsepteeritakse.<\/p>\n<p><strong>5. Mugav sularaha v\u00e4ljav\u00f5tmine<\/strong><br \/>\nBancontact v\u00f5imaldab kasutajatel ka turvaliselt ja lihtsalt sularaha v\u00e4lja v\u00f5tta, andes neile igal ajal juurdep\u00e4\u00e4su oma rahalistele vahenditele. See paindlikkus on eriti kasulik neile, kes eelistavad teatavate ostude jaoks sularaha olemasolu.<\/p>\n<hr \/>\n<h2>Osta \u00fchekordselt kasutatavaid Vapes koos Bancontactiga AiviouVapes'is<\/h2>\n<p>AiviouVapes on p\u00f5nevil teatada, et n\u00fc\u00fcd aktsepteerime \u00fchekordsete aurude ostmisel makseviisina Bancontacti. See uus lisandumine on koosk\u00f5las meie kohustusega pakkuda paindlikke ja mugavaid maksev\u00f5imalusi meie Belgia klientidele. Siin on, miks Bancontact on suurep\u00e4rane valik AiviouVapes'i \u00fchekordsete vapide ostmiseks:<\/p>\n<p><strong>1. Probleemivabad tehingud<\/strong><br \/>\nBancontacti kasutamine AiviouVapes'is tagab sujuva ja t\u00f5husa ostukogemuse. Olenemata sellest, kas te ostate \u00fche vapi v\u00f5i varute oma lemmikmaitseid, Bancontact teostab makseid turvaliselt ja kiiresti.<\/p>\n<p><strong>2. Turvalised ja usaldusv\u00e4\u00e4rsed maksed<\/strong><br \/>\nBancontact kasutab t\u00e4iustatud turvameetmeid, mis kaitsevad kasutajate finantsteavet ja kaitsevad tehinguid pettuste eest. See meelerahu v\u00f5imaldab meie klientidel julgelt meie saidil oste teha.<\/p>\n<p><strong>3. Kohene maksekinnitus<\/strong><br \/>\nBancontacti tehinguid t\u00f6\u00f6deldakse koheselt, tagades, et teie tellimus kinnitatakse ja valmistatakse viivitamatult ette saatmiseks. See kohene kinnitus on ideaalne klientidele, kes soovivad, et nende vapid kiiresti kohale toimetataks.<\/p>\n<hr \/>\n<h3>Kuidas kasutada Bancontacti AiviouVapes'is<\/h3>\n<p><strong>Bancontactiga maksmise samm-sammuline juhend:<\/strong><\/p>\n<ol>\n<li><strong>Lisa tooted ostukorvi:<\/strong>\n<ul>\n<li>Sirvige meie \u00fchekordsete vapide valikut ja valige tooted, mida soovite osta.<\/li>\n<\/ul>\n<\/li>\n<li><strong>J\u00e4tkake kassasse:<\/strong>\n<ul>\n<li>Kui olete oma tooted v\u00e4lja valinud, minge kassasse.<\/li>\n<\/ul>\n<\/li>\n<li><strong>Valige Bancontact:<\/strong>\n<ul>\n<li>Valige maksev\u00f5imalustes oma eelistatud makseviisiks Bancontact.<\/li>\n<\/ul>\n<\/li>\n<li><strong>Sisestage makse \u00fcksikasjad:<\/strong>\n<ul>\n<li>J\u00e4rgige juhiseid, et sisestada oma Bancontacti kaardi andmed v\u00f5i kasutage mobiilimaksete tegemiseks Payconiq by Bancontacti rakendust.<\/li>\n<\/ul>\n<\/li>\n<li><strong>Kinnitage oma makse:<\/strong>\n<ul>\n<li>Tehingu l\u00f5puleviimiseks l\u00f5petage makse. Saate koheselt kinnituse oma tellimuse kohta.<\/li>\n<\/ul>\n<\/li>\n<li><strong>Tellimuse t\u00f6\u00f6tlemine:<\/strong>\n<ul>\n<li>Teie tellimus t\u00f6\u00f6deldakse ja saadetakse teie valitud aadressile. Nautige oma AiviouVapes \u00fchekordsete aurude kasutamist!<\/li>\n<\/ul>\n<\/li>\n<\/ol>\n<p>Vaata vapse siit:<\/p>\n<p><a href=\"https:\/\/aiviouvapes.com\/et\/shop\/\">https:\/\/aiviouvapes.com\/shop\/<\/a><\/p>","protected":false},"excerpt":{"rendered":"<p>Bancontact is a popular electronic payment system in Belgium, providing a secure, efficient, and user-friendly method for completing transactions both online and offline. As a nationally recognized payment option, Bancontact enables seamless and reliable transactions for Belgian consumers and businesses alike. The system supports a wide range of payment scenarios, from contactless and mobile payments [&#8230;]\n","protected":false},"author":1,"featured_media":0,"parent":0,"menu_order":0,"comment_status":"closed","ping_status":"closed","template":"page-blank-title-center.php","meta":{"footnotes":""},"class_list":["post-9135","page","type-page","status-publish","hentry"],"jetpack_sharing_enabled":true,"_links":{"self":[{"href":"https:\/\/aiviouvapes.com\/et\/wp-json\/wp\/v2\/pages\/9135","targetHints":{"allow":["GET"]}}],"collection":[{"href":"https:\/\/aiviouvapes.com\/et\/wp-json\/wp\/v2\/pages"}],"about":[{"href":"https:\/\/aiviouvapes.com\/et\/wp-json\/wp\/v2\/types\/page"}],"author":[{"embeddable":true,"href":"https:\/\/aiviouvapes.com\/et\/wp-json\/wp\/v2\/users\/1"}],"replies":[{"embeddable":true,"href":"https:\/\/aiviouvapes.com\/et\/wp-json\/wp\/v2\/comments?post=9135"}],"version-history":[{"count":0,"href":"https:\/\/aiviouvapes.com\/et\/wp-json\/wp\/v2\/pages\/9135\/revisions"}],"wp:attachment":[{"href":"https:\/\/aiviouvapes.com\/et\/wp-json\/wp\/v2\/media?parent=9135"}],"curies":[{"name":"wp","href":"https:\/\/api.w.org\/{rel}","templated":true}]}}